{"id":1100044922,"date":"2025-01-08T10:43:16","date_gmt":"2025-01-08T09:43:16","guid":{"rendered":"https:\/\/www.group-indigo.com\/share-ownership\/"},"modified":"2026-01-06T09:38:16","modified_gmt":"2026-01-06T08:38:16","slug":"share-ownership","status":"publish","type":"page","link":"https:\/\/www.group-indigo.com\/en\/share-ownership\/","title":{"rendered":"Share ownership"},"content":{"rendered":"\r\n<section class=\"gut-block gut-hero-simple type-classique\" >\r\n\t<div class=\"bg\">\r\n\t\t<div class=\"wrap\"><\/div>\r\n\t<\/div>\r\n\r\n\t<div class=\"wrap\">\r\n\t\t\r\n\t\t\t\t\t<div class=\"grid-container\">\r\n\t\t\t\t<div class=\"grid-el-tb-12\">\r\n\t\t\t\t\t<nav class=\"breadcrumb\" role=\"navigation\" aria-label=\"Fil d\u2019Arianne :\">\r\n\t<ul class=\"breadcrumb-list\">\r\n\t\t<li class=\"breadcrumb-item\">\r\n\t\t\t<a href=\"https:\/\/www.group-indigo.com\/en\/\">Home<\/a>\r\n\t\t<\/li>\r\n\r\n\t\t\t\t\t\t\t\t\t\t\t<li class=\"breadcrumb-item\" aria-current=\"page\">\r\n\t\t\t\t\t\tShare ownership\t\t\t\t\t<\/li>\r\n\t\t\t\t\t\t\t\t\t\t<\/ul>\r\n<\/nav>\t\t\t\t<\/div>\r\n\r\n\t\t\t\t<div class=\"content-part grid-container\">\r\n\t\t\t\t\t<div class=\"grid-el-tb-6\">\r\n\t\t\t\t\t\t\r\n\t\t\t\t\t\t\t\t\t\t\t\t\t<h1 class=\"block-title titre-h2\">INDIGO GROUP S.A. SHAREHOLDERS<\/h1>\r\n\t\t\t\t\t\t\t\t\t\t\t<\/div>\r\n\r\n\t\t\t\t\t<div class=\"textes grid-el-tb-5 grid-el-md-4\">\r\n\t\t\t\t\t\t\r\n\t\t\t\t\t\t\r\n\t\t\t\t\t\t\t\t\t\t\t<\/div>\r\n\t\t\t\t<\/div>\r\n\t\t\t<\/div>\r\n\t\t\t<\/div>\r\n<\/section>\r\n\n\n<section class=\"gut-block gut-texte bg-color-blanc\" >\n\t<div class=\"wrap\">\n\t\t<div class=\"texte wysiwyg-content\">\n\t\t\t<p>The company <strong>Indigo Group S.A.<\/strong> holds 100% of<strong> Indigo Infra S.A.S.<\/strong> (previously names VINCI Park S.A.), is itself held 99.56% by <strong>Infra Foch Topco S.A.S.<\/strong> (the remainder being held by a Fonds Commun de Placement d\u2019Entreprise held by the Indigo Group employees).<\/p>\n<p>The share capital of Infra Foch Topco is held by <strong>Cr\u00e9dit Agricole Assurance<\/strong>s, holding 49.49% through <strong>PREDICA<\/strong> and <strong>Cr\u00e9dit Agricole Assurances Retraite<\/strong>, by <strong>Vauban Infrastructure Partners<\/strong>, holding 34.54%, by <strong>MR Infrastructure Investment GmbH<\/strong> (MEAG) holding 14.95%, and by <strong>Infra Foch Topco<\/strong> itself with treasury shares representing 0.07%, the remainder being held by the Group&#8217;s management.<\/p>\n<h2>ABOUT CR\u00c9DIT AGRICOLE ASSURANCES<\/h2>\n<p>Cr\u00e9dit Agricole Assurances, France&#8217;s largest insurer, is the company of the Cr\u00e9dit Agricole group, which brings together all the insurance businesses of Cr\u00e9dit Agricole S.A. Cr\u00e9dit Agricole Assurances offers a range of products and services in savings, retirement, health, personal protection and property insurance products and services. They are distributed by Cr\u00e9dit Agricole\u2019s banks in France and in 9 countries worldwide, and are aimed at individual, professional, agricultural and business customers. Cr\u00e9dit Agricole Assurances has 5,800 employees. Its premium income (non-GAAP) to the end of 2023 amounted 37.2 billion euros.<\/p>\n<p><a href=\"http:\/\/www.ca-assurances.com\" target=\"_blank\" rel=\"noopener\">www.ca-assurances.com<\/a><\/p>\n<h2>ABOUT VAUBAN INFRASTRUCTURE PARTNERS<\/h2>\n<p>Vauban Infrastructure Partners is a leading infrastructure asset manager focused on the core infrastructure market. Headquartered in Paris with a subsidiary in Luxembourg, it employs 75 professionals, the majority of whom have been working together for over a decade. Vauban targets predominantly European brownfield mid-market assets pursuing a long-term yield-driven strategy matching the underlying nature of assets and long-term commitment to all stakeholders\u2019 interests through a strong focus on creating sustainable value. Vauban has raised c.\u20ac10 billion across 8 funds in core infrastructure from over 100 investors within 19 different countries and has invested in over 80 assets in mobility, energy transition, social &amp; digital infrastructure across 15 different geographies.<\/p>\n<p><a href=\"https:\/\/vauban-ip.com\/\" target=\"_blank\" rel=\"noopener\">https:\/\/vauban-ip.com\/<\/a><\/p>\n<h2>ABOUT MEAG<\/h2>\n<p>MEAG is a Munich Re Company and the asset manager of Munich Re and ERGO. It also offers its extensive know-how to institutional investors and private clients from outside the company group. Across its locations in Europe, Asia and North America, MEAG currently manages total investments of around \u20ac354bn, \u20ac63bn of which for non-Group investors. Since 2010, MEAG has been building a strong diversified infrastructure equity and debt portfolio with teams based in Munich and New York City.<\/p>\n<p><a href=\"https:\/\/www.meag.com\/\" target=\"_blank\" rel=\"noopener\">https:\/\/www.meag.com\/<\/a><\/p>\n\t\t<\/div>\n\t<\/div>\n<\/section>","protected":false},"excerpt":{"rendered":"","protected":false},"author":1,"featured_media":0,"parent":0,"menu_order":0,"comment_status":"closed","ping_status":"closed","template":"","meta":{"_acf_changed":false,"inline_featured_image":false,"footnotes":""},"class_list":["post-1100044922","page","type-page","status-publish","hentry"],"acf":[],"yoast_head":"<!-- This site is optimized with the Yoast SEO plugin v27.2 - https:\/\/yoast.com\/product\/yoast-seo-wordpress\/ -->\n<title>Share ownership - INDIGO Group<\/title>\n<meta name=\"robots\" content=\"index, follow, max-snippet:-1, max-image-preview:large, max-video-preview:-1\" \/>\n<link rel=\"canonical\" href=\"https:\/\/www.group-indigo.com\/en\/share-ownership\/\" \/>\n<meta property=\"og:locale\" content=\"en_US\" \/>\n<meta property=\"og:type\" content=\"article\" \/>\n<meta property=\"og:title\" content=\"Share ownership - INDIGO Group\" \/>\n<meta property=\"og:url\" content=\"https:\/\/www.group-indigo.com\/en\/share-ownership\/\" \/>\n<meta property=\"og:site_name\" content=\"INDIGO Group\" \/>\n<meta property=\"article:modified_time\" content=\"2026-01-06T08:38:16+00:00\" \/>\n<meta name=\"twitter:card\" content=\"summary_large_image\" \/>\n<script type=\"application\/ld+json\" class=\"yoast-schema-graph\">{\"@context\":\"https:\/\/schema.org\",\"@graph\":[{\"@type\":\"WebPage\",\"@id\":\"https:\/\/www.group-indigo.com\/en\/share-ownership\/\",\"url\":\"https:\/\/www.group-indigo.com\/en\/share-ownership\/\",\"name\":\"Share ownership - INDIGO Group\",\"isPartOf\":{\"@id\":\"https:\/\/www.group-indigo.com\/en\/#website\"},\"datePublished\":\"2025-01-08T09:43:16+00:00\",\"dateModified\":\"2026-01-06T08:38:16+00:00\",\"breadcrumb\":{\"@id\":\"https:\/\/www.group-indigo.com\/en\/share-ownership\/#breadcrumb\"},\"inLanguage\":\"en-US\",\"potentialAction\":[{\"@type\":\"ReadAction\",\"target\":[\"https:\/\/www.group-indigo.com\/en\/share-ownership\/\"]}]},{\"@type\":\"BreadcrumbList\",\"@id\":\"https:\/\/www.group-indigo.com\/en\/share-ownership\/#breadcrumb\",\"itemListElement\":[{\"@type\":\"ListItem\",\"position\":1,\"name\":\"Home\",\"item\":\"https:\/\/www.group-indigo.com\/en\/\"},{\"@type\":\"ListItem\",\"position\":2,\"name\":\"Share ownership\"}]},{\"@type\":\"WebSite\",\"@id\":\"https:\/\/www.group-indigo.com\/en\/#website\",\"url\":\"https:\/\/www.group-indigo.com\/en\/\",\"name\":\"INDIGO Group\",\"description\":\"\",\"publisher\":{\"@id\":\"https:\/\/www.group-indigo.com\/en\/#organization\"},\"potentialAction\":[{\"@type\":\"SearchAction\",\"target\":{\"@type\":\"EntryPoint\",\"urlTemplate\":\"https:\/\/www.group-indigo.com\/en\/?s={search_term_string}\"},\"query-input\":{\"@type\":\"PropertyValueSpecification\",\"valueRequired\":true,\"valueName\":\"search_term_string\"}}],\"inLanguage\":\"en-US\"},{\"@type\":\"Organization\",\"@id\":\"https:\/\/www.group-indigo.com\/en\/#organization\",\"name\":\"INDIGO Group\",\"url\":\"https:\/\/www.group-indigo.com\/en\/\",\"logo\":{\"@type\":\"ImageObject\",\"inLanguage\":\"en-US\",\"@id\":\"https:\/\/www.group-indigo.com\/en\/#\/schema\/logo\/image\/\",\"url\":\"https:\/\/www.group-indigo.com\/wp-content\/uploads\/2026\/03\/login-logo.svg\",\"contentUrl\":\"https:\/\/www.group-indigo.com\/wp-content\/uploads\/2026\/03\/login-logo.svg\",\"caption\":\"INDIGO Group\"},\"image\":{\"@id\":\"https:\/\/www.group-indigo.com\/en\/#\/schema\/logo\/image\/\"}}]}<\/script>\n<!-- \/ Yoast SEO plugin. -->","yoast_head_json":{"title":"Share ownership - INDIGO Group","robots":{"index":"index","follow":"follow","max-snippet":"max-snippet:-1","max-image-preview":"max-image-preview:large","max-video-preview":"max-video-preview:-1"},"canonical":"https:\/\/www.group-indigo.com\/en\/share-ownership\/","og_locale":"en_US","og_type":"article","og_title":"Share ownership - INDIGO Group","og_url":"https:\/\/www.group-indigo.com\/en\/share-ownership\/","og_site_name":"INDIGO Group","article_modified_time":"2026-01-06T08:38:16+00:00","twitter_card":"summary_large_image","schema":{"@context":"https:\/\/schema.org","@graph":[{"@type":"WebPage","@id":"https:\/\/www.group-indigo.com\/en\/share-ownership\/","url":"https:\/\/www.group-indigo.com\/en\/share-ownership\/","name":"Share ownership - INDIGO Group","isPartOf":{"@id":"https:\/\/www.group-indigo.com\/en\/#website"},"datePublished":"2025-01-08T09:43:16+00:00","dateModified":"2026-01-06T08:38:16+00:00","breadcrumb":{"@id":"https:\/\/www.group-indigo.com\/en\/share-ownership\/#breadcrumb"},"inLanguage":"en-US","potentialAction":[{"@type":"ReadAction","target":["https:\/\/www.group-indigo.com\/en\/share-ownership\/"]}]},{"@type":"BreadcrumbList","@id":"https:\/\/www.group-indigo.com\/en\/share-ownership\/#breadcrumb","itemListElement":[{"@type":"ListItem","position":1,"name":"Home","item":"https:\/\/www.group-indigo.com\/en\/"},{"@type":"ListItem","position":2,"name":"Share ownership"}]},{"@type":"WebSite","@id":"https:\/\/www.group-indigo.com\/en\/#website","url":"https:\/\/www.group-indigo.com\/en\/","name":"INDIGO Group","description":"","publisher":{"@id":"https:\/\/www.group-indigo.com\/en\/#organization"},"potentialAction":[{"@type":"SearchAction","target":{"@type":"EntryPoint","urlTemplate":"https:\/\/www.group-indigo.com\/en\/?s={search_term_string}"},"query-input":{"@type":"PropertyValueSpecification","valueRequired":true,"valueName":"search_term_string"}}],"inLanguage":"en-US"},{"@type":"Organization","@id":"https:\/\/www.group-indigo.com\/en\/#organization","name":"INDIGO Group","url":"https:\/\/www.group-indigo.com\/en\/","logo":{"@type":"ImageObject","inLanguage":"en-US","@id":"https:\/\/www.group-indigo.com\/en\/#\/schema\/logo\/image\/","url":"https:\/\/www.group-indigo.com\/wp-content\/uploads\/2026\/03\/login-logo.svg","contentUrl":"https:\/\/www.group-indigo.com\/wp-content\/uploads\/2026\/03\/login-logo.svg","caption":"INDIGO Group"},"image":{"@id":"https:\/\/www.group-indigo.com\/en\/#\/schema\/logo\/image\/"}}]}},"_links":{"self":[{"href":"https:\/\/www.group-indigo.com\/en\/wp-json\/wp\/v2\/pages\/1100044922","targetHints":{"allow":["GET"]}}],"collection":[{"href":"https:\/\/www.group-indigo.com\/en\/wp-json\/wp\/v2\/pages"}],"about":[{"href":"https:\/\/www.group-indigo.com\/en\/wp-json\/wp\/v2\/types\/page"}],"author":[{"embeddable":true,"href":"https:\/\/www.group-indigo.com\/en\/wp-json\/wp\/v2\/users\/1"}],"replies":[{"embeddable":true,"href":"https:\/\/www.group-indigo.com\/en\/wp-json\/wp\/v2\/comments?post=1100044922"}],"version-history":[{"count":12,"href":"https:\/\/www.group-indigo.com\/en\/wp-json\/wp\/v2\/pages\/1100044922\/revisions"}],"predecessor-version":[{"id":1100103731,"href":"https:\/\/www.group-indigo.com\/en\/wp-json\/wp\/v2\/pages\/1100044922\/revisions\/1100103731"}],"wp:attachment":[{"href":"https:\/\/www.group-indigo.com\/en\/wp-json\/wp\/v2\/media?parent=1100044922"}],"curies":[{"name":"wp","href":"https:\/\/api.w.org\/{rel}","templated":true}]}}