{"id":1100082039,"date":"2025-01-08T10:43:16","date_gmt":"2025-01-08T09:43:16","guid":{"rendered":"https:\/\/www.group-indigo.com\/accionariado\/"},"modified":"2026-01-21T13:38:16","modified_gmt":"2026-01-21T12:38:16","slug":"accionariado","status":"publish","type":"page","link":"https:\/\/www.group-indigo.com\/es\/accionariado\/","title":{"rendered":"Accionariado"},"content":{"rendered":"\r\n<section class=\"gut-block gut-hero-simple type-classique\" >\r\n\t<div class=\"bg\">\r\n\t\t<div class=\"wrap\"><\/div>\r\n\t<\/div>\r\n\r\n\t<div class=\"wrap\">\r\n\t\t\r\n\t\t\t\t\t<div class=\"grid-container\">\r\n\t\t\t\t<div class=\"grid-el-tb-12\">\r\n\t\t\t\t\t<nav class=\"breadcrumb\" role=\"navigation\" aria-label=\"Rastro de migas de pan :\">\r\n\t<ul class=\"breadcrumb-list\">\r\n\t\t<li class=\"breadcrumb-item\">\r\n\t\t\t<a href=\"https:\/\/www.group-indigo.com\/es\/\">Inicio<\/a>\r\n\t\t<\/li>\r\n\r\n\t\t\t\t\t\t\t\t\t\t\t<li class=\"breadcrumb-item\" aria-current=\"page\">\r\n\t\t\t\t\t\tAccionariado\t\t\t\t\t<\/li>\r\n\t\t\t\t\t\t\t\t\t\t<\/ul>\r\n<\/nav>\t\t\t\t<\/div>\r\n\r\n\t\t\t\t<div class=\"content-part grid-container\">\r\n\t\t\t\t\t<div class=\"grid-el-tb-6\">\r\n\t\t\t\t\t\t\r\n\t\t\t\t\t\t\t\t\t\t\t\t\t<h1 class=\"block-title titre-h2\">ESTRUCTURA ACCIONARIAL DE INDIGO GROUP S.A.<\/h1>\r\n\t\t\t\t\t\t\t\t\t\t\t<\/div>\r\n\r\n\t\t\t\t\t<div class=\"textes grid-el-tb-5 grid-el-md-4\">\r\n\t\t\t\t\t\t\r\n\t\t\t\t\t\t\r\n\t\t\t\t\t\t\t\t\t\t\t<\/div>\r\n\t\t\t\t<\/div>\r\n\t\t\t<\/div>\r\n\t\t\t<\/div>\r\n<\/section>\r\n\n\n<section class=\"gut-block gut-texte bg-color-blanc\" >\n\t<div class=\"wrap\">\n\t\t<div class=\"texte wysiwyg-content\">\n\t\t\t<p>El Grupo Indigo <strong>S.A.<\/strong> posee el 100% del capital de <strong>Indigo Infra S.A.S.<\/strong> (antes VINCI Park S.A.) y a su vez es propiedad en un 99,56% de <strong>Infra Foch Topco S.A.S.<\/strong> (el resto est\u00e1 en manos de un Fonds Commun de Placement d&#8217;Entreprise propiedad de empleados del Grupo Indigo).<\/p>\n<p><strong>Infra Foch Topco<\/strong> est\u00e1 participada por <strong>Cr\u00e9dit Agricole Assurances <\/strong>(49,41% a trav\u00e9s de <strong>PREDICA<\/strong> y <strong>Cr\u00e9dit Agricole Assurances Retraite<\/strong>), <strong>Vauban Infrastructure Partners<\/strong> (34,49%), <strong>MR Infrastructure Investment GmbH<\/strong> (MEAG) (14,92%) y la propia <strong>Infra Foch Topco<\/strong> (0,12%), mientras que el resto est\u00e1 en manos de la direcci\u00f3n del Grupo.<\/p>\n<h2>SOBRE CR\u00c9DIT AGRICOLE ASSURANCES<\/h2>\n<p>Cr\u00e9dit Agricole Assurances, primera aseguradora de Francia, es la sociedad del grupo Cr\u00e9dit Agricole que agrupa todas las actividades aseguradoras de Cr\u00e9dit Agricole S.A. Cr\u00e9dit Agricole Assurances ofrece una gama de productos y servicios de ahorro, jubilaci\u00f3n, salud, protecci\u00f3n personal y seguros patrimoniales. Los distribuyen los bancos del grupo Cr\u00e9dit Agricole en Francia y en 9 pa\u00edses del mundo, y se dirigen a clientes particulares, profesionales, agricultores y empresas. Cr\u00e9dit Agricole Assurances cuenta con 5.800 empleados. Su volumen de negocio (no-GAAP) hasta finales de 2023 ser\u00e1 de 37.200 millones de euros.<\/p>\n<p><a href=\"http:\/\/www.ca-assurances.com\" target=\"_blank\" rel=\"noopener\">www.ca-assurances.com<\/a><\/p>\n<h2>ACERCA DE VAUBAN INFRASTRUCTURE PARTNERS<\/h2>\n<p>Vauban Infrastructure Partners es una sociedad de gesti\u00f3n de activos especializada en inversiones en infraestructuras b\u00e1sicas. Con sede en Par\u00eds, Vauban tiene equipos en Luxemburgo y Nueva York, as\u00ed como una sucursal en M\u00fanich. Su equipo est\u00e1 formado por 75 profesionales, con directivos que trabajan juntos desde hace m\u00e1s de una d\u00e9cada. Vauban Infrastructure Partners persigue una estrategia centrada principalmente en inversiones en activos europeos abandonados, con rendimientos a largo plazo acordes con su naturaleza subyacente, y en la creaci\u00f3n de valor sostenible en inter\u00e9s de todas las partes interesadas. Hasta la fecha, Vauban Infrastructure Partners gestiona casi 10.000 millones de euros, principalmente en 8 fondos de infraestructuras por cuenta de m\u00e1s de 100 inversores de 19 pa\u00edses distintos, y ha invertido en m\u00e1s de 80 activos de los sectores de la movilidad, la transici\u00f3n energ\u00e9tica, las infraestructuras sociales y digitales de 15 pa\u00edses diferentes.<\/p>\n<p><a href=\"https:\/\/vauban-ip.com\/\" target=\"_blank\" rel=\"noopener\">https:\/\/vauban-ip.com\/<\/a><\/p>\n<h2>SOBRE MEAG<\/h2>\n<p>\u00abMEAG es una empresa de Munich Re y la gestora de fondos de Munich Re y ERGO. Tambi\u00e9n ofrece su amplia experiencia a inversores institucionales y clientes privados ajenos al grupo. A trav\u00e9s de sus oficinas en Europa, Asia y Norteam\u00e9rica, MEAG gestiona actualmente inversiones totales valoradas en unos 354.000 millones de euros, incluidos 63.000 millones de euros para inversores ajenos al grupo. Desde 2010, MEAG ha creado una s\u00f3lida y diversificada cartera de inversiones en el sector de las infraestructuras, con equipos basados en M\u00fanich y Nueva York.<\/p>\n<p><a href=\"https:\/\/www.meag.com\/\" target=\"_blank\" rel=\"noopener\">www.meag.com\/<\/a><\/p>\n\t\t<\/div>\n\t<\/div>\n<\/section>","protected":false},"excerpt":{"rendered":"","protected":false},"author":1,"featured_media":0,"parent":0,"menu_order":0,"comment_status":"closed","ping_status":"closed","template":"","meta":{"_acf_changed":false,"inline_featured_image":false,"footnotes":""},"class_list":["post-1100082039","page","type-page","status-publish","hentry"],"acf":[],"yoast_head":"<!-- This site is optimized with the Yoast SEO plugin v27.2 - https:\/\/yoast.com\/product\/yoast-seo-wordpress\/ -->\n<title>Accionariado - Groupe INDIGO<\/title>\n<meta name=\"robots\" content=\"index, follow, max-snippet:-1, max-image-preview:large, max-video-preview:-1\" \/>\n<link rel=\"canonical\" href=\"https:\/\/www.group-indigo.com\/es\/accionariado\/\" \/>\n<meta property=\"og:locale\" content=\"es_ES\" \/>\n<meta property=\"og:type\" content=\"article\" \/>\n<meta property=\"og:title\" content=\"Accionariado - Groupe INDIGO\" \/>\n<meta property=\"og:url\" content=\"https:\/\/www.group-indigo.com\/es\/accionariado\/\" \/>\n<meta property=\"og:site_name\" content=\"Groupe INDIGO\" \/>\n<meta property=\"article:modified_time\" content=\"2026-01-21T12:38:16+00:00\" \/>\n<meta name=\"twitter:card\" content=\"summary_large_image\" \/>\n<script type=\"application\/ld+json\" class=\"yoast-schema-graph\">{\"@context\":\"https:\/\/schema.org\",\"@graph\":[{\"@type\":\"WebPage\",\"@id\":\"https:\/\/www.group-indigo.com\/es\/accionariado\/\",\"url\":\"https:\/\/www.group-indigo.com\/es\/accionariado\/\",\"name\":\"Accionariado - Groupe INDIGO\",\"isPartOf\":{\"@id\":\"https:\/\/www.group-indigo.com\/es\/#website\"},\"datePublished\":\"2025-01-08T09:43:16+00:00\",\"dateModified\":\"2026-01-21T12:38:16+00:00\",\"breadcrumb\":{\"@id\":\"https:\/\/www.group-indigo.com\/es\/accionariado\/#breadcrumb\"},\"inLanguage\":\"es\",\"potentialAction\":[{\"@type\":\"ReadAction\",\"target\":[\"https:\/\/www.group-indigo.com\/es\/accionariado\/\"]}]},{\"@type\":\"BreadcrumbList\",\"@id\":\"https:\/\/www.group-indigo.com\/es\/accionariado\/#breadcrumb\",\"itemListElement\":[{\"@type\":\"ListItem\",\"position\":1,\"name\":\"Home\",\"item\":\"https:\/\/www.group-indigo.com\/es\/\"},{\"@type\":\"ListItem\",\"position\":2,\"name\":\"Accionariado\"}]},{\"@type\":\"WebSite\",\"@id\":\"https:\/\/www.group-indigo.com\/es\/#website\",\"url\":\"https:\/\/www.group-indigo.com\/es\/\",\"name\":\"Groupe INDIGO\",\"description\":\"\",\"publisher\":{\"@id\":\"https:\/\/www.group-indigo.com\/es\/#organization\"},\"potentialAction\":[{\"@type\":\"SearchAction\",\"target\":{\"@type\":\"EntryPoint\",\"urlTemplate\":\"https:\/\/www.group-indigo.com\/es\/?s={search_term_string}\"},\"query-input\":{\"@type\":\"PropertyValueSpecification\",\"valueRequired\":true,\"valueName\":\"search_term_string\"}}],\"inLanguage\":\"es\"},{\"@type\":\"Organization\",\"@id\":\"https:\/\/www.group-indigo.com\/es\/#organization\",\"name\":\"Groupe INDIGO\",\"url\":\"https:\/\/www.group-indigo.com\/es\/\",\"logo\":{\"@type\":\"ImageObject\",\"inLanguage\":\"es\",\"@id\":\"https:\/\/www.group-indigo.com\/es\/#\/schema\/logo\/image\/\",\"url\":\"https:\/\/www.group-indigo.com\/wp-content\/uploads\/2026\/03\/login-logo.svg\",\"contentUrl\":\"https:\/\/www.group-indigo.com\/wp-content\/uploads\/2026\/03\/login-logo.svg\",\"width\":223,\"height\":49,\"caption\":\"Groupe INDIGO\"},\"image\":{\"@id\":\"https:\/\/www.group-indigo.com\/es\/#\/schema\/logo\/image\/\"}}]}<\/script>\n<!-- \/ Yoast SEO plugin. -->","yoast_head_json":{"title":"Accionariado - Groupe INDIGO","robots":{"index":"index","follow":"follow","max-snippet":"max-snippet:-1","max-image-preview":"max-image-preview:large","max-video-preview":"max-video-preview:-1"},"canonical":"https:\/\/www.group-indigo.com\/es\/accionariado\/","og_locale":"es_ES","og_type":"article","og_title":"Accionariado - Groupe INDIGO","og_url":"https:\/\/www.group-indigo.com\/es\/accionariado\/","og_site_name":"Groupe INDIGO","article_modified_time":"2026-01-21T12:38:16+00:00","twitter_card":"summary_large_image","schema":{"@context":"https:\/\/schema.org","@graph":[{"@type":"WebPage","@id":"https:\/\/www.group-indigo.com\/es\/accionariado\/","url":"https:\/\/www.group-indigo.com\/es\/accionariado\/","name":"Accionariado - Groupe INDIGO","isPartOf":{"@id":"https:\/\/www.group-indigo.com\/es\/#website"},"datePublished":"2025-01-08T09:43:16+00:00","dateModified":"2026-01-21T12:38:16+00:00","breadcrumb":{"@id":"https:\/\/www.group-indigo.com\/es\/accionariado\/#breadcrumb"},"inLanguage":"es","potentialAction":[{"@type":"ReadAction","target":["https:\/\/www.group-indigo.com\/es\/accionariado\/"]}]},{"@type":"BreadcrumbList","@id":"https:\/\/www.group-indigo.com\/es\/accionariado\/#breadcrumb","itemListElement":[{"@type":"ListItem","position":1,"name":"Home","item":"https:\/\/www.group-indigo.com\/es\/"},{"@type":"ListItem","position":2,"name":"Accionariado"}]},{"@type":"WebSite","@id":"https:\/\/www.group-indigo.com\/es\/#website","url":"https:\/\/www.group-indigo.com\/es\/","name":"Groupe INDIGO","description":"","publisher":{"@id":"https:\/\/www.group-indigo.com\/es\/#organization"},"potentialAction":[{"@type":"SearchAction","target":{"@type":"EntryPoint","urlTemplate":"https:\/\/www.group-indigo.com\/es\/?s={search_term_string}"},"query-input":{"@type":"PropertyValueSpecification","valueRequired":true,"valueName":"search_term_string"}}],"inLanguage":"es"},{"@type":"Organization","@id":"https:\/\/www.group-indigo.com\/es\/#organization","name":"Groupe INDIGO","url":"https:\/\/www.group-indigo.com\/es\/","logo":{"@type":"ImageObject","inLanguage":"es","@id":"https:\/\/www.group-indigo.com\/es\/#\/schema\/logo\/image\/","url":"https:\/\/www.group-indigo.com\/wp-content\/uploads\/2026\/03\/login-logo.svg","contentUrl":"https:\/\/www.group-indigo.com\/wp-content\/uploads\/2026\/03\/login-logo.svg","width":223,"height":49,"caption":"Groupe INDIGO"},"image":{"@id":"https:\/\/www.group-indigo.com\/es\/#\/schema\/logo\/image\/"}}]}},"_links":{"self":[{"href":"https:\/\/www.group-indigo.com\/es\/wp-json\/wp\/v2\/pages\/1100082039","targetHints":{"allow":["GET"]}}],"collection":[{"href":"https:\/\/www.group-indigo.com\/es\/wp-json\/wp\/v2\/pages"}],"about":[{"href":"https:\/\/www.group-indigo.com\/es\/wp-json\/wp\/v2\/types\/page"}],"author":[{"embeddable":true,"href":"https:\/\/www.group-indigo.com\/es\/wp-json\/wp\/v2\/users\/1"}],"replies":[{"embeddable":true,"href":"https:\/\/www.group-indigo.com\/es\/wp-json\/wp\/v2\/comments?post=1100082039"}],"version-history":[{"count":3,"href":"https:\/\/www.group-indigo.com\/es\/wp-json\/wp\/v2\/pages\/1100082039\/revisions"}],"predecessor-version":[{"id":1100103961,"href":"https:\/\/www.group-indigo.com\/es\/wp-json\/wp\/v2\/pages\/1100082039\/revisions\/1100103961"}],"wp:attachment":[{"href":"https:\/\/www.group-indigo.com\/es\/wp-json\/wp\/v2\/media?parent=1100082039"}],"curies":[{"name":"wp","href":"https:\/\/api.w.org\/{rel}","templated":true}]}}