{"id":1100082044,"date":"2025-01-08T10:42:59","date_gmt":"2025-01-08T09:42:59","guid":{"rendered":"https:\/\/www.group-indigo.com\/estrategia\/"},"modified":"2025-07-04T13:36:11","modified_gmt":"2025-07-04T11:36:11","slug":"estrategia","status":"publish","type":"page","link":"https:\/\/www.group-indigo.com\/es\/estrategia\/","title":{"rendered":"Estrategia"},"content":{"rendered":"\r\n<section class=\"gut-block gut-hero-simple type-image\" >\r\n\t<div class=\"bg\">\r\n\t\t<div class=\"wrap\"><\/div>\r\n\t<\/div>\r\n\r\n\t<div class=\"wrap\">\r\n\t\t\t\t\t<div class=\"grid-container\">\r\n\t\t\t\t<div class=\"grid-el-md-5 contents\">\r\n\t\t\t\t\t<nav class=\"breadcrumb\" role=\"navigation\" aria-label=\"Rastro de migas de pan :\">\r\n\t<ul class=\"breadcrumb-list\">\r\n\t\t<li class=\"breadcrumb-item\">\r\n\t\t\t<a href=\"https:\/\/www.group-indigo.com\/es\/\">Inicio<\/a>\r\n\t\t<\/li>\r\n\r\n\t\t\t\t\t\t\t\t\t\t\t<li class=\"breadcrumb-item\" aria-current=\"page\">\r\n\t\t\t\t\t\tEstrategia\t\t\t\t\t<\/li>\r\n\t\t\t\t\t\t\t\t\t\t<\/ul>\r\n<\/nav>\r\n\t\t\t\t\t<div class=\"content-part\">\r\n\t\t\t\t\t\t\r\n\t\t\t\t\t\t\t\t\t\t\t\t\t<h1 class=\"block-title titre-h2\">Estrategia<\/h1>\r\n\t\t\t\t\t\t\r\n\t\t\t\t\t\t<div class=\"textes\">\r\n\t\t\t\t\t\t\t\t\t\t\t\t\t\t\t<div class=\"texte wysiwyg-content\">\r\n\t\t\t\t\t\t\t\t\t<p>L\u00edder mundial en aparcamiento y movilidad individual y actor local, INDIGO ayuda a las autoridades locales a afrontar los retos de la gesti\u00f3n de los flujos de personas y mercanc\u00edas.<\/p>\r\n\t\t\t\t\t\t\t\t<\/div>\r\n\t\t\t\t\t\t\t\r\n\t\t\t\t\t\t\t\t\t\t\t\t\t<\/div>\r\n\r\n\t\t\t\t\t\t\t\t\t\t\t<\/div>\r\n\t\t\t\t<\/div>\r\n\r\n\t\t\t\t\t\t\t\t\t<div class=\"img-part grid-el-md-6\">\r\n\t\t\t\t\t\t<figure class=\"img\">\r\n\t\t\t\t\t\t\t<img decoding=\"async\" width=\"864\" height=\"1080\" src=\"https:\/\/www.group-indigo.com\/wp-content\/uploads\/2025\/03\/Couv-OK_retouche_V3-Personnalise-Grand-jpeg.jpg\" class=\"attachment-banner size-banner\" alt=\"\" srcset=\"https:\/\/www.group-indigo.com\/wp-content\/uploads\/2025\/03\/Couv-OK_retouche_V3-Personnalise-Grand-jpeg.jpg 864w, https:\/\/www.group-indigo.com\/wp-content\/uploads\/2025\/03\/Couv-OK_retouche_V3-Personnalise-Grand-jpeg-240x300.jpg 240w, https:\/\/www.group-indigo.com\/wp-content\/uploads\/2025\/03\/Couv-OK_retouche_V3-Personnalise-Grand-jpeg-819x1024.jpg 819w, https:\/\/www.group-indigo.com\/wp-content\/uploads\/2025\/03\/Couv-OK_retouche_V3-Personnalise-Grand-jpeg-768x960.jpg 768w\" sizes=\"(max-width: 864px) 100vw, 864px\" \/>\t\t\t\t\t\t<\/figure>\r\n\t\t\t\t\t<\/div>\r\n\t\t\t\t\r\n\t\t\t\t\t\t\t<\/div>\r\n\t\t\r\n\t\t\t<\/div>\r\n<\/section>\r\n\n\n<section class=\"gut-block gut-texte bg-color-blanc\" >\n\t<div class=\"wrap\">\n\t\t<div class=\"texte wysiwyg-content\">\n\t\t\t<p>La cuesti\u00f3n de la calidad de vida est\u00e1 en el centro de los problemas a los que se enfrentan las metr\u00f3polis y las ciudades medianas. En beneficio de los residentes y del desarrollo econ\u00f3mico sostenible, aplican pol\u00edticas activas para descongestionar los centros urbanos, mejorar la calidad del aire y compartir mejor los espacios p\u00fablicos.<\/p>\n<p>INDIGO apoya estas transformaciones. Ponemos nuestra experiencia, nuestros conocimientos y nuestra visi\u00f3n innovadora al servicio de las autoridades locales y regionales. \u00bfEl objetivo? Ofrecer a las ciudades soluciones operativas a la necesidad de rotaci\u00f3n de veh\u00edculos en los centros urbanos, la remodelaci\u00f3n urbana y el desarrollo de servicios urbanos locales.<\/p>\n<p>INDIGO reinventa espacios para<a href=\"https:\/\/www.group-indigo.com\/es\/razon-de-ser\/\"> centros urbanos tranquilos y en movimiento<\/a>.<\/p>\n\t\t<\/div>\n\t<\/div>\n<\/section>\r\n\n\n<section class=\"gut-block gut-fifty-fifty position-left bg-color-blanc\" id=\"Lib\u00e9rerEspace\" >\n\t<div class=\"wrap grid-container\">\n\t\t\t\t\t<div class=\"img-part grid-el-tb-4 grid-el-md-5\">\n\t\t\t\t<figure class=\"img \">\n\t\t\t\t\t<img decoding=\"async\" width=\"1000\" height=\"562\" src=\"https:\/\/www.group-indigo.com\/wp-content\/uploads\/2025\/02\/shutterstock_1608345562-Personnalise.jpg\" class=\"attachment-banner size-banner\" alt=\"\" srcset=\"https:\/\/www.group-indigo.com\/wp-content\/uploads\/2025\/02\/shutterstock_1608345562-Personnalise.jpg 1000w, https:\/\/www.group-indigo.com\/wp-content\/uploads\/2025\/02\/shutterstock_1608345562-Personnalise-300x169.jpg 300w, https:\/\/www.group-indigo.com\/wp-content\/uploads\/2025\/02\/shutterstock_1608345562-Personnalise-768x432.jpg 768w\" sizes=\"(max-width: 1000px) 100vw, 1000px\" \/>\t\t\t\t<\/figure>\n\t\t\t<\/div>\n\t\t\n\t\t<div class=\"content-part grid-el-tb-7 grid-el-md-5\">\n\t\t\t\t\t\t\t<h2 class=\"block-title titre-h2\">LIBERAR ESPACIO URBANO Y MEJORAR LA FLUIDEZ DEL TR\u00c1FICO<\/h2>\n\t\t\t\n\t\t\t\t\t\t\t<div class=\"texte wysiwyg-content\">\n\t\t\t\t\t<p>La preocupaci\u00f3n por la salud p\u00fablica, los cambios en los usos y las necesidades log\u00edsticas asociadas al auge del comercio en l\u00ednea est\u00e1n transformando los h\u00e1bitos en cuanto a la circulaci\u00f3n de bienes y personas. Tambi\u00e9n est\u00e1n desafiando a las ciudades a regular los desplazamientos urbanos.<\/p>\n<p>En las ciudades, el aparcamiento y la <a href=\"https:\/\/www.group-indigo.com\/es\/metier\/aparcamiento-en-la-calle\/\">regulaci\u00f3n de los flujos de tr\u00e1fico en la v\u00eda p\u00fablica<\/a> mejoran la fluidez del tr\u00e1fico y proporcionan mejores conexiones entre las distintas formas de movilidad. Para los residentes, fomenta la libertad de movimientos, gracias sobre todo a las soluciones digitales. Y, sobre todo, les permite vivir en una ciudad m\u00e1s accesible y agradable.<\/p>\n<p>El desarrollo de los espacios p\u00fablicos y las nuevas restricciones al uso del coche en las ciudades han aumentado la necesidad de regulaci\u00f3n y control. Asesoramos y apoyamos a las autoridades locales en la gesti\u00f3n del aparcamiento en la v\u00eda p\u00fablica, proporcion\u00e1ndoles herramientas para dirigir su estrategia de movilidad y tecnolog\u00edas para mejorar continuamente la experiencia del cliente, en particular mediante la<a href=\"https:\/\/www.group-indigo.com\/es\/solution\/la-solucion-indigo-neo\/\"> soluci\u00f3n digital Indigo Neo<\/a>.<\/p>\n\t\t\t\t<\/div>\n\t\t\t\n\t\t\t\n\t\t\t\n\t\t\t\t\t<\/div>\n\t<\/div>\n<\/section>\r\n\n\n<section class=\"gut-block gut-texte bg-color-blanc\" >\n\t<div class=\"wrap\">\n\t\t<div class=\"texte wysiwyg-content\">\n\t\t\t<h2>DESCARBONIZAR LA CIUDAD Y LA MOVILIDAD<\/h2>\n<p>En INDIGO estamos profundamente convencidos de que el aparcamiento en la v\u00eda p\u00fablica y fuera de ella tiene un papel esencial en la b\u00fasqueda de una movilidad individual fluida y baja en carbono. Esta visi\u00f3n din\u00e1mica del aparcamiento nos lleva a <a href=\"https:\/\/www.group-indigo.com\/es\/metier\/logistica-y-servicios-urbanos\/\">reinventar nuestras instalaciones<\/a> para crear espacios para nuevos servicios.<\/p>\n<p>Estamos abriendo y transformando aparcamientos subterr\u00e1neos en el centro de las ciudades en espacios multifuncionales capaces de albergar centros log\u00edsticos urbanos, fomentando as\u00ed la entrega con bajas emisiones de carbono.<\/p>\n<p>En consonancia con el concepto de \u201cciudad del cuarto de hora\u201d, donde los servicios esenciales son accesibles a pie o en bici en menos de 15 minutos, las estructuras tambi\u00e9n pueden ofrecer servicios locales a los residentes: puntos de recarga el\u00e9ctrica, zonas \u201cclick &amp; collect\u201d, soluciones de almacenamiento, etc.<\/p>\n\t\t<\/div>\n\t<\/div>\n<\/section>\r\n\n\n<section class=\"gut-block gut-fifty-fifty position-right bg-color-blanc\" >\n\t<div class=\"wrap grid-container\">\n\t\t\t\t\t<div class=\"img-part grid-el-tb-4 grid-el-md-5\">\n\t\t\t\t<figure class=\"img \">\n\t\t\t\t\t<img decoding=\"async\" width=\"720\" height=\"1080\" src=\"https:\/\/www.group-indigo.com\/wp-content\/uploads\/2025\/03\/BRVE-14-720x1080.jpg\" class=\"attachment-banner size-banner\" alt=\"\" srcset=\"https:\/\/www.group-indigo.com\/wp-content\/uploads\/2025\/03\/BRVE-14-720x1080.jpg 720w, https:\/\/www.group-indigo.com\/wp-content\/uploads\/2025\/03\/BRVE-14-200x300.jpg 200w, https:\/\/www.group-indigo.com\/wp-content\/uploads\/2025\/03\/BRVE-14-683x1024.jpg 683w, https:\/\/www.group-indigo.com\/wp-content\/uploads\/2025\/03\/BRVE-14-768x1152.jpg 768w, https:\/\/www.group-indigo.com\/wp-content\/uploads\/2025\/03\/BRVE-14-1024x1536.jpg 1024w, https:\/\/www.group-indigo.com\/wp-content\/uploads\/2025\/03\/BRVE-14-scaled.jpg 1365w\" sizes=\"(max-width: 720px) 100vw, 720px\" \/>\t\t\t\t<\/figure>\n\t\t\t<\/div>\n\t\t\n\t\t<div class=\"content-part grid-el-tb-7 grid-el-md-5\">\n\t\t\t\t\t\t\t<h2 class=\"block-title titre-h2\">Las infraestructuras en el centro de la transici\u00f3n ecol\u00f3gica y las nuevas formas de movilidad<\/h2>\n\t\t\t\n\t\t\t\t\t\t\t<div class=\"texte wysiwyg-content\">\n\t\t\t\t\t<p>Se prev\u00e9 que los veh\u00edculos el\u00e9ctricos representen entre el 15 y el 20% del parque automovil\u00edstico en 2030*. Este despliegue significa que las instalaciones de recarga tendr\u00e1n que adaptarse, dando a las instalaciones subterr\u00e1neas un papel clave en los centros urbanos. Con 10.380 <a href=\"https:\/\/www.group-indigo.com\/es\/metier\/lider-en-recarga-electrica-urbana\/\">puntos de recarga para coches el\u00e9ctricos<\/a> en los aparcamientos INDIGO, ofrecemos la red l\u00edder en el entorno urbano.<\/p>\n<p>Tambi\u00e9n apoyamos la intermodalidad y el despliegue de la movilidad blanda. Desde aparcamientos para bicicletas en los parkings de INDIGO hasta marquesinas para bicicletas con control de acceso en las carreteras, nuestras instalaciones <a href=\"https:\/\/www.group-indigo.com\/es\/metier\/cicloparque-aparcamiento-exclusivo-para-bicicletas\/\">Cyclopark <\/a>ofrecen casi 6.800 plazas para bicicletas en m\u00e1s de 55 ciudades. INDIGO tambi\u00e9n apoya el desarrollo de la movilidad blanda a trav\u00e9s de <a href=\"https:\/\/www.group-indigo.com\/es\/metier\/smovengo\/\">Smovengo<\/a><strong>,<\/strong> de la que es accionista. Con una flota de 20.000 bicicletas sobre el terreno, Smovengo es el operador franc\u00e9s de una de las mayores redes de bicicletas de autoservicio del mundo: V\u00e9lib.<\/p>\n<p>Liberar espacio, facilitar el flujo de personas y mercanc\u00edas, apoyar la movilidad blanda&#8230; INDIGO trabaja para que nuestras regiones sean m\u00e1s accesibles, sostenibles y din\u00e1micas.<\/p>\n<p class=\"note\" style=\"font-style: italic\"><em>*Fuente: EY-Parthenon y Delta-EE \u201cRecarga de veh\u00edculos el\u00e9ctricos en Francia\u201d, septiembre de 2021.<\/em><\/p>\n\t\t\t\t<\/div>\n\t\t\t\n\t\t\t\n\t\t\t\n\t\t\t\t\t<\/div>\n\t<\/div>\n<\/section>\r\n\n\n<section class=\"gut-block gut-citation bg-color-blanc\" >\n\t<div class=\"wrap grid-container\">\n\t\t<div class=\"grid-el-tb-10 grid-el-centered\">\n\t\t\t<blockquote class=\"citation\">\n\t\t\t\t<p>Abierto a su entorno y albergando una amplia gama de servicios, el aparcamiento es un elemento clave del ecosistema urbano.<\/p>\n\t\t\t<\/blockquote>\n\n\t\t\t\t\t\t\t<p class=\"auteur\">S\u00e9bastien Fraisse<\/p>\n\t\t\t\n\t\t\t\t\t\t\t<p class=\"poste\">Presidente del Consejo de Administraci\u00f3n<\/p>\n\t\t\t\t\t<\/div>\n\t<\/div>\n<\/section>","protected":false},"excerpt":{"rendered":"","protected":false},"author":1,"featured_media":0,"parent":0,"menu_order":0,"comment_status":"closed","ping_status":"closed","template":"","meta":{"_acf_changed":false,"inline_featured_image":false,"footnotes":""},"class_list":["post-1100082044","page","type-page","status-publish","hentry"],"acf":[],"yoast_head":"<!-- This site is optimized with the Yoast SEO plugin v27.2 - https:\/\/yoast.com\/product\/yoast-seo-wordpress\/ -->\n<title>Estrategia - Groupe INDIGO<\/title>\n<meta name=\"description\" content=\"INDIGO ofrece soluciones para responder a los nuevos retos de las ciudades: agilizar el tr\u00e1fico, liberar espacio y descarbonizar la ciudad y la movilidad.\" \/>\n<meta name=\"robots\" content=\"index, follow, max-snippet:-1, max-image-preview:large, max-video-preview:-1\" \/>\n<link rel=\"canonical\" href=\"https:\/\/www.group-indigo.com\/es\/estrategia\/\" \/>\n<meta property=\"og:locale\" content=\"es_ES\" \/>\n<meta property=\"og:type\" content=\"article\" \/>\n<meta property=\"og:title\" content=\"Estrategia - Groupe INDIGO\" \/>\n<meta property=\"og:description\" content=\"INDIGO ofrece soluciones para responder a los nuevos retos de las ciudades: agilizar el tr\u00e1fico, liberar espacio y descarbonizar la ciudad y la movilidad.\" \/>\n<meta property=\"og:url\" content=\"https:\/\/www.group-indigo.com\/es\/estrategia\/\" \/>\n<meta property=\"og:site_name\" content=\"Groupe INDIGO\" \/>\n<meta property=\"article:modified_time\" content=\"2025-07-04T11:36:11+00:00\" \/>\n<meta name=\"twitter:card\" content=\"summary_large_image\" \/>\n<script type=\"application\/ld+json\" class=\"yoast-schema-graph\">{\"@context\":\"https:\/\/schema.org\",\"@graph\":[{\"@type\":\"WebPage\",\"@id\":\"https:\/\/www.group-indigo.com\/es\/estrategia\/\",\"url\":\"https:\/\/www.group-indigo.com\/es\/estrategia\/\",\"name\":\"Estrategia - Groupe INDIGO\",\"isPartOf\":{\"@id\":\"https:\/\/www.group-indigo.com\/es\/#website\"},\"datePublished\":\"2025-01-08T09:42:59+00:00\",\"dateModified\":\"2025-07-04T11:36:11+00:00\",\"description\":\"INDIGO ofrece soluciones para responder a los nuevos retos de las ciudades: agilizar el tr\u00e1fico, liberar espacio y descarbonizar la ciudad y la movilidad.\",\"breadcrumb\":{\"@id\":\"https:\/\/www.group-indigo.com\/es\/estrategia\/#breadcrumb\"},\"inLanguage\":\"es\",\"potentialAction\":[{\"@type\":\"ReadAction\",\"target\":[\"https:\/\/www.group-indigo.com\/es\/estrategia\/\"]}]},{\"@type\":\"BreadcrumbList\",\"@id\":\"https:\/\/www.group-indigo.com\/es\/estrategia\/#breadcrumb\",\"itemListElement\":[{\"@type\":\"ListItem\",\"position\":1,\"name\":\"Home\",\"item\":\"https:\/\/www.group-indigo.com\/es\/\"},{\"@type\":\"ListItem\",\"position\":2,\"name\":\"Estrategia\"}]},{\"@type\":\"WebSite\",\"@id\":\"https:\/\/www.group-indigo.com\/es\/#website\",\"url\":\"https:\/\/www.group-indigo.com\/es\/\",\"name\":\"Groupe INDIGO\",\"description\":\"\",\"publisher\":{\"@id\":\"https:\/\/www.group-indigo.com\/es\/#organization\"},\"potentialAction\":[{\"@type\":\"SearchAction\",\"target\":{\"@type\":\"EntryPoint\",\"urlTemplate\":\"https:\/\/www.group-indigo.com\/es\/?s={search_term_string}\"},\"query-input\":{\"@type\":\"PropertyValueSpecification\",\"valueRequired\":true,\"valueName\":\"search_term_string\"}}],\"inLanguage\":\"es\"},{\"@type\":\"Organization\",\"@id\":\"https:\/\/www.group-indigo.com\/es\/#organization\",\"name\":\"Groupe INDIGO\",\"url\":\"https:\/\/www.group-indigo.com\/es\/\",\"logo\":{\"@type\":\"ImageObject\",\"inLanguage\":\"es\",\"@id\":\"https:\/\/www.group-indigo.com\/es\/#\/schema\/logo\/image\/\",\"url\":\"https:\/\/www.group-indigo.com\/wp-content\/uploads\/2026\/03\/login-logo.svg\",\"contentUrl\":\"https:\/\/www.group-indigo.com\/wp-content\/uploads\/2026\/03\/login-logo.svg\",\"width\":223,\"height\":49,\"caption\":\"Groupe INDIGO\"},\"image\":{\"@id\":\"https:\/\/www.group-indigo.com\/es\/#\/schema\/logo\/image\/\"}}]}<\/script>\n<!-- \/ Yoast SEO plugin. -->","yoast_head_json":{"title":"Estrategia - Groupe INDIGO","description":"INDIGO ofrece soluciones para responder a los nuevos retos de las ciudades: agilizar el tr\u00e1fico, liberar espacio y descarbonizar la ciudad y la movilidad.","robots":{"index":"index","follow":"follow","max-snippet":"max-snippet:-1","max-image-preview":"max-image-preview:large","max-video-preview":"max-video-preview:-1"},"canonical":"https:\/\/www.group-indigo.com\/es\/estrategia\/","og_locale":"es_ES","og_type":"article","og_title":"Estrategia - Groupe INDIGO","og_description":"INDIGO ofrece soluciones para responder a los nuevos retos de las ciudades: agilizar el tr\u00e1fico, liberar espacio y descarbonizar la ciudad y la movilidad.","og_url":"https:\/\/www.group-indigo.com\/es\/estrategia\/","og_site_name":"Groupe INDIGO","article_modified_time":"2025-07-04T11:36:11+00:00","twitter_card":"summary_large_image","schema":{"@context":"https:\/\/schema.org","@graph":[{"@type":"WebPage","@id":"https:\/\/www.group-indigo.com\/es\/estrategia\/","url":"https:\/\/www.group-indigo.com\/es\/estrategia\/","name":"Estrategia - Groupe INDIGO","isPartOf":{"@id":"https:\/\/www.group-indigo.com\/es\/#website"},"datePublished":"2025-01-08T09:42:59+00:00","dateModified":"2025-07-04T11:36:11+00:00","description":"INDIGO ofrece soluciones para responder a los nuevos retos de las ciudades: agilizar el tr\u00e1fico, liberar espacio y descarbonizar la ciudad y la movilidad.","breadcrumb":{"@id":"https:\/\/www.group-indigo.com\/es\/estrategia\/#breadcrumb"},"inLanguage":"es","potentialAction":[{"@type":"ReadAction","target":["https:\/\/www.group-indigo.com\/es\/estrategia\/"]}]},{"@type":"BreadcrumbList","@id":"https:\/\/www.group-indigo.com\/es\/estrategia\/#breadcrumb","itemListElement":[{"@type":"ListItem","position":1,"name":"Home","item":"https:\/\/www.group-indigo.com\/es\/"},{"@type":"ListItem","position":2,"name":"Estrategia"}]},{"@type":"WebSite","@id":"https:\/\/www.group-indigo.com\/es\/#website","url":"https:\/\/www.group-indigo.com\/es\/","name":"Groupe INDIGO","description":"","publisher":{"@id":"https:\/\/www.group-indigo.com\/es\/#organization"},"potentialAction":[{"@type":"SearchAction","target":{"@type":"EntryPoint","urlTemplate":"https:\/\/www.group-indigo.com\/es\/?s={search_term_string}"},"query-input":{"@type":"PropertyValueSpecification","valueRequired":true,"valueName":"search_term_string"}}],"inLanguage":"es"},{"@type":"Organization","@id":"https:\/\/www.group-indigo.com\/es\/#organization","name":"Groupe INDIGO","url":"https:\/\/www.group-indigo.com\/es\/","logo":{"@type":"ImageObject","inLanguage":"es","@id":"https:\/\/www.group-indigo.com\/es\/#\/schema\/logo\/image\/","url":"https:\/\/www.group-indigo.com\/wp-content\/uploads\/2026\/03\/login-logo.svg","contentUrl":"https:\/\/www.group-indigo.com\/wp-content\/uploads\/2026\/03\/login-logo.svg","width":223,"height":49,"caption":"Groupe INDIGO"},"image":{"@id":"https:\/\/www.group-indigo.com\/es\/#\/schema\/logo\/image\/"}}]}},"_links":{"self":[{"href":"https:\/\/www.group-indigo.com\/es\/wp-json\/wp\/v2\/pages\/1100082044","targetHints":{"allow":["GET"]}}],"collection":[{"href":"https:\/\/www.group-indigo.com\/es\/wp-json\/wp\/v2\/pages"}],"about":[{"href":"https:\/\/www.group-indigo.com\/es\/wp-json\/wp\/v2\/types\/page"}],"author":[{"embeddable":true,"href":"https:\/\/www.group-indigo.com\/es\/wp-json\/wp\/v2\/users\/1"}],"replies":[{"embeddable":true,"href":"https:\/\/www.group-indigo.com\/es\/wp-json\/wp\/v2\/comments?post=1100082044"}],"version-history":[{"count":2,"href":"https:\/\/www.group-indigo.com\/es\/wp-json\/wp\/v2\/pages\/1100082044\/revisions"}],"predecessor-version":[{"id":1100092023,"href":"https:\/\/www.group-indigo.com\/es\/wp-json\/wp\/v2\/pages\/1100082044\/revisions\/1100092023"}],"wp:attachment":[{"href":"https:\/\/www.group-indigo.com\/es\/wp-json\/wp\/v2\/media?parent=1100082044"}],"curies":[{"name":"wp","href":"https:\/\/api.w.org\/{rel}","templated":true}]}}