{"id":1100082046,"date":"2025-01-08T10:42:47","date_gmt":"2025-01-08T09:42:47","guid":{"rendered":"https:\/\/www.group-indigo.com\/razon-de-ser\/"},"modified":"2025-07-04T13:08:43","modified_gmt":"2025-07-04T11:08:43","slug":"razon-de-ser","status":"publish","type":"page","link":"https:\/\/www.group-indigo.com\/es\/razon-de-ser\/","title":{"rendered":"Raz\u00f3n de ser"},"content":{"rendered":"\r\n<section class=\"gut-block gut-hero-simple type-image\" >\r\n\t<div class=\"bg\">\r\n\t\t<div class=\"wrap\"><\/div>\r\n\t<\/div>\r\n\r\n\t<div class=\"wrap\">\r\n\t\t\t\t\t<div class=\"grid-container\">\r\n\t\t\t\t<div class=\"grid-el-md-5 contents\">\r\n\t\t\t\t\t<nav class=\"breadcrumb\" role=\"navigation\" aria-label=\"Rastro de migas de pan :\">\r\n\t<ul class=\"breadcrumb-list\">\r\n\t\t<li class=\"breadcrumb-item\">\r\n\t\t\t<a href=\"https:\/\/www.group-indigo.com\/es\/\">Inicio<\/a>\r\n\t\t<\/li>\r\n\r\n\t\t\t\t\t\t\t\t\t\t\t<li class=\"breadcrumb-item\" aria-current=\"page\">\r\n\t\t\t\t\t\tRaz\u00f3n de ser\t\t\t\t\t<\/li>\r\n\t\t\t\t\t\t\t\t\t\t<\/ul>\r\n<\/nav>\r\n\t\t\t\t\t<div class=\"content-part\">\r\n\t\t\t\t\t\t\r\n\t\t\t\t\t\t\t\t\t\t\t\t\t<h1 class=\"block-title titre-h2\">Nuestra raz\u00f3n de ser<\/h1>\r\n\t\t\t\t\t\t\r\n\t\t\t\t\t\t<div class=\"textes\">\r\n\t\t\t\t\t\t\t\t\t\t\t\t\t\t\t<div class=\"texte wysiwyg-content\">\r\n\t\t\t\t\t\t\t\t\t<p>Como la movilidad y el aparcamiento son prioritarios para las ciudades, estamos creando espacios para facilitar el flujo de personas y mercanc\u00edas.<\/p>\r\n\t\t\t\t\t\t\t\t<\/div>\r\n\t\t\t\t\t\t\t\r\n\t\t\t\t\t\t\t\t\t\t\t\t\t<\/div>\r\n\r\n\t\t\t\t\t\t\t\t\t\t\t<\/div>\r\n\t\t\t\t<\/div>\r\n\r\n\t\t\t\t\t\t\t\t\t<div class=\"img-part grid-el-md-6\">\r\n\t\t\t\t\t\t<figure class=\"img\">\r\n\t\t\t\t\t\t\t<img decoding=\"async\" width=\"1619\" height=\"1080\" src=\"https:\/\/www.group-indigo.com\/wp-content\/uploads\/2025\/02\/Template-bloc-de-Rebond-Indigo.com-1-1619x1080.png\" class=\"attachment-banner size-banner\" alt=\"\" srcset=\"https:\/\/www.group-indigo.com\/wp-content\/uploads\/2025\/02\/Template-bloc-de-Rebond-Indigo.com-1-1619x1080.png 1619w, https:\/\/www.group-indigo.com\/wp-content\/uploads\/2025\/02\/Template-bloc-de-Rebond-Indigo.com-1-300x200.png 300w, https:\/\/www.group-indigo.com\/wp-content\/uploads\/2025\/02\/Template-bloc-de-Rebond-Indigo.com-1-1024x683.png 1024w, https:\/\/www.group-indigo.com\/wp-content\/uploads\/2025\/02\/Template-bloc-de-Rebond-Indigo.com-1-768x512.png 768w, https:\/\/www.group-indigo.com\/wp-content\/uploads\/2025\/02\/Template-bloc-de-Rebond-Indigo.com-1-1536x1024.png 1536w, https:\/\/www.group-indigo.com\/wp-content\/uploads\/2025\/02\/Template-bloc-de-Rebond-Indigo.com-1-2048x1366.png 2048w\" sizes=\"(max-width: 1619px) 100vw, 1619px\" \/>\t\t\t\t\t\t<\/figure>\r\n\t\t\t\t\t<\/div>\r\n\t\t\t\t\r\n\t\t\t\t\t\t\t<\/div>\r\n\t\t\r\n\t\t\t<\/div>\r\n<\/section>\r\n\n\n<section class=\"gut-block gut-texte bg-color-blanc\" id=\"RaisonEtre\" >\n\t<div class=\"wrap\">\n\t\t<div class=\"texte wysiwyg-content\">\n\t\t\t<p>Ante la evoluci\u00f3n de las expectativas de nuestros interlocutores, nuestros empleados, los habitantes de las ciudades y nuestros clientes de las administraciones locales y del sector privado, nuestro Grupo se ha preguntado qu\u00e9 papel desea desempe\u00f1ar en su entorno, hoy y ma\u00f1ana. Esta es la finalidad de nuestro planteamiento y la creaci\u00f3n de nuestra raz\u00f3n de ser\u00a0: <\/p>\n<p><strong>\u201cCrear espacio para una ciudad pac\u00edfica en movimiento\u201d.<\/strong><\/p>\n<p>La raz\u00f3n de ser del Grupo INDIGO gu\u00eda las acciones de nuestros empleados a diario y transforma la visi\u00f3n estrat\u00e9gica de la empresa a largo plazo.<\/p>\n\t\t<\/div>\n\t<\/div>\n<\/section>\r\n\n\n<section class=\"gut-block gut-video bg-color-blanc\" >\n\t\t\t<div class=\"wrap\">\n\t\t\t\n\t\t\t<div class=\"video-plyr\">\n\t\t\t\t<div class=\"player\" data-plyr-provider=\"vimeo\" data-plyr-embed-id=\"503446967\"  data-poster=\"https:\/\/www.group-indigo.com\/wp-content\/uploads\/2025\/02\/Capture-de\u0301cran-2025-02-28-a\u0300-17.22.28.png\" ><\/div>\n\t\t\t<\/div>\n\t\t<\/div>\n\t<\/section>\r\n\n\n<section class=\"gut-block gut-texte bg-color-blanc\" >\n\t<div class=\"wrap\">\n\t\t<div class=\"texte wysiwyg-content\">\n\t\t\t<h2>EL APARCAMIENTO, UN PILAR ESENCIAL PARA LAS CIUDADES<\/h2>\n<p>Entre la emergencia medioambiental y el aumento constante de la poblaci\u00f3n urbana, las ciudades se enfrentan a un doble reto.<\/p>\n<p>La transici\u00f3n a los coches el\u00e9ctricos, el despliegue de la movilidad suave, la restricci\u00f3n de los coches en la ciudad, los cambios de uso ligados al comercio electr\u00f3nico&#8230; los h\u00e1bitos en cuanto a la circulaci\u00f3n de bienes y personas est\u00e1n cambiando. INDIGO est\u00e1 convencido de que las plazas de aparcamiento desempe\u00f1an un papel central en esta b\u00fasqueda de \u201cla ciudad en un cuarto de hora\u201d, de la hiperproximidad y los servicios accesibles las 24 horas del d\u00eda. M\u00e1s que un espacio est\u00e1tico, el aparcamiento se est\u00e1 convirtiendo en un elemento clave del ecosistema urbano. Fomenta la accesibilidad, la sostenibilidad y el dinamismo regional.<\/p>\n<h2>EL \u00cdNDIGO, PROTAGONISTA HIST\u00d3RICO DE LA TRANSFORMACI\u00d3N URBANA<\/h2>\n<p>Desde la invenci\u00f3n del modelo de concesi\u00f3n en Par\u00eds en 1964, el grupo INDIGO ha desarrollado su experiencia anticip\u00e1ndose al cambio. Experiencias de aparcamiento cada vez m\u00e1s fluidas, nuevos servicios digitales, aparcamientos del futuro, nuevas formas de movilidad&#8230; acompa\u00f1amos las transformaciones urbanas en el coraz\u00f3n de las regiones, lo m\u00e1s cerca posible de los habitantes de las ciudades.<\/p>\n<p>Clientes, autoridades locales, empresas, instituciones p\u00fablicas, habitantes de la ciudad&#8230; INDIGO se compromete a satisfacer las nuevas expectativas de todas nuestras partes interesadas. Nuestra visi\u00f3n es la de una ciudad en la que la movilidad signifique fluidez, sostenibilidad y conectividad. Combinamos la experiencia de nuestros empleados con nuestra fuerza innovadora para contribuir cada d\u00eda a la transformaci\u00f3n urbana. \u00bfNuestro objetivo? Crear espacios donde las personas puedan vivir, trabajar y viajar en <strong>ciudades tranquilas, pero siempre en movimiento.<\/strong><\/p>\n<h2>UNA VISI\u00d3N DIN\u00c1MICA DEL APARCAMIENTO<\/h2>\n<p>Las infraestructuras proporcionan espacios estrat\u00e9gicos en el coraz\u00f3n de las ciudades. Al reinventarlos, estamos creando aut\u00e9nticos centros de servicios urbanos que no s\u00f3lo ayudan a afrontar el reto de la transici\u00f3n energ\u00e9tica, sino que tambi\u00e9n facilitan el flujo de personas y mercanc\u00edas. Con estaciones de carga el\u00e9ctrica, servicios de movilidad suave, zonas <span lang=\"en\">Click &amp; Collect<\/span>, zonas de almacenamiento y espacios log\u00edsticos, apoyamos la intermodalidad y participamos activamente en el desarrollo de una log\u00edstica urbana baja en carbono.<\/p>\n<p>INDIGO es un socio comprometido con las ciudades, que ayuda a mejorar la calidad de la vida urbana. Ofrecemos una interfaz digital sin fisuras gracias a <a href=\"https:\/\/www.group-indigo.com\/es\/solution\/la-solucion-indigo-neo\/\"><strong>Indigo Neo<\/strong><\/a> y soluciones de movilidad suave a trav\u00e9s de <a href=\"https:\/\/www.group-indigo.com\/es\/metier\/cicloparque-aparcamiento-exclusivo-para-bicicletas\/\"><strong>Ciclopark <\/strong><\/a>y<a href=\"https:\/\/www.group-indigo.com\/es\/metier\/smovengo\/\"><strong> Smovengo<\/strong><\/a>. <strong>Aparcamientos que mueven la ciudad.<\/strong><\/p>\n\t\t<\/div>\n\t<\/div>\n<\/section>","protected":false},"excerpt":{"rendered":"","protected":false},"author":1,"featured_media":0,"parent":0,"menu_order":0,"comment_status":"closed","ping_status":"closed","template":"","meta":{"_acf_changed":false,"inline_featured_image":false,"footnotes":""},"class_list":["post-1100082046","page","type-page","status-publish","hentry"],"acf":[],"yoast_head":"<!-- This site is optimized with the Yoast SEO plugin v27.2 - https:\/\/yoast.com\/product\/yoast-seo-wordpress\/ -->\n<title>Raz\u00f3n de ser - Groupe INDIGO<\/title>\n<meta name=\"description\" content=\"Como protagonista de las transformaciones urbanas, INDIGO tiene una visi\u00f3n din\u00e1mica del aparcamiento, para ciudades tranquilas y siempre en movimiento.\" \/>\n<meta name=\"robots\" content=\"index, follow, max-snippet:-1, max-image-preview:large, max-video-preview:-1\" \/>\n<link rel=\"canonical\" href=\"https:\/\/www.group-indigo.com\/es\/razon-de-ser\/\" \/>\n<meta property=\"og:locale\" content=\"es_ES\" \/>\n<meta property=\"og:type\" content=\"article\" \/>\n<meta property=\"og:title\" content=\"Raz\u00f3n de ser - Groupe INDIGO\" \/>\n<meta property=\"og:description\" content=\"Como protagonista de las transformaciones urbanas, INDIGO tiene una visi\u00f3n din\u00e1mica del aparcamiento, para ciudades tranquilas y siempre en movimiento.\" \/>\n<meta property=\"og:url\" content=\"https:\/\/www.group-indigo.com\/es\/razon-de-ser\/\" \/>\n<meta property=\"og:site_name\" content=\"Groupe INDIGO\" \/>\n<meta property=\"article:modified_time\" content=\"2025-07-04T11:08:43+00:00\" \/>\n<meta name=\"twitter:card\" content=\"summary_large_image\" \/>\n<script type=\"application\/ld+json\" class=\"yoast-schema-graph\">{\"@context\":\"https:\/\/schema.org\",\"@graph\":[{\"@type\":\"WebPage\",\"@id\":\"https:\/\/www.group-indigo.com\/es\/razon-de-ser\/\",\"url\":\"https:\/\/www.group-indigo.com\/es\/razon-de-ser\/\",\"name\":\"Raz\u00f3n de ser - Groupe INDIGO\",\"isPartOf\":{\"@id\":\"https:\/\/www.group-indigo.com\/es\/#website\"},\"datePublished\":\"2025-01-08T09:42:47+00:00\",\"dateModified\":\"2025-07-04T11:08:43+00:00\",\"description\":\"Como protagonista de las transformaciones urbanas, INDIGO tiene una visi\u00f3n din\u00e1mica del aparcamiento, para ciudades tranquilas y siempre en movimiento.\",\"breadcrumb\":{\"@id\":\"https:\/\/www.group-indigo.com\/es\/razon-de-ser\/#breadcrumb\"},\"inLanguage\":\"es\",\"potentialAction\":[{\"@type\":\"ReadAction\",\"target\":[\"https:\/\/www.group-indigo.com\/es\/razon-de-ser\/\"]}]},{\"@type\":\"BreadcrumbList\",\"@id\":\"https:\/\/www.group-indigo.com\/es\/razon-de-ser\/#breadcrumb\",\"itemListElement\":[{\"@type\":\"ListItem\",\"position\":1,\"name\":\"Home\",\"item\":\"https:\/\/www.group-indigo.com\/es\/\"},{\"@type\":\"ListItem\",\"position\":2,\"name\":\"Raz\u00f3n de ser\"}]},{\"@type\":\"WebSite\",\"@id\":\"https:\/\/www.group-indigo.com\/es\/#website\",\"url\":\"https:\/\/www.group-indigo.com\/es\/\",\"name\":\"Groupe INDIGO\",\"description\":\"\",\"publisher\":{\"@id\":\"https:\/\/www.group-indigo.com\/es\/#organization\"},\"potentialAction\":[{\"@type\":\"SearchAction\",\"target\":{\"@type\":\"EntryPoint\",\"urlTemplate\":\"https:\/\/www.group-indigo.com\/es\/?s={search_term_string}\"},\"query-input\":{\"@type\":\"PropertyValueSpecification\",\"valueRequired\":true,\"valueName\":\"search_term_string\"}}],\"inLanguage\":\"es\"},{\"@type\":\"Organization\",\"@id\":\"https:\/\/www.group-indigo.com\/es\/#organization\",\"name\":\"Groupe INDIGO\",\"url\":\"https:\/\/www.group-indigo.com\/es\/\",\"logo\":{\"@type\":\"ImageObject\",\"inLanguage\":\"es\",\"@id\":\"https:\/\/www.group-indigo.com\/es\/#\/schema\/logo\/image\/\",\"url\":\"https:\/\/www.group-indigo.com\/wp-content\/uploads\/2026\/03\/login-logo.svg\",\"contentUrl\":\"https:\/\/www.group-indigo.com\/wp-content\/uploads\/2026\/03\/login-logo.svg\",\"width\":223,\"height\":49,\"caption\":\"Groupe INDIGO\"},\"image\":{\"@id\":\"https:\/\/www.group-indigo.com\/es\/#\/schema\/logo\/image\/\"}}]}<\/script>\n<!-- \/ Yoast SEO plugin. -->","yoast_head_json":{"title":"Raz\u00f3n de ser - Groupe INDIGO","description":"Como protagonista de las transformaciones urbanas, INDIGO tiene una visi\u00f3n din\u00e1mica del aparcamiento, para ciudades tranquilas y siempre en movimiento.","robots":{"index":"index","follow":"follow","max-snippet":"max-snippet:-1","max-image-preview":"max-image-preview:large","max-video-preview":"max-video-preview:-1"},"canonical":"https:\/\/www.group-indigo.com\/es\/razon-de-ser\/","og_locale":"es_ES","og_type":"article","og_title":"Raz\u00f3n de ser - Groupe INDIGO","og_description":"Como protagonista de las transformaciones urbanas, INDIGO tiene una visi\u00f3n din\u00e1mica del aparcamiento, para ciudades tranquilas y siempre en movimiento.","og_url":"https:\/\/www.group-indigo.com\/es\/razon-de-ser\/","og_site_name":"Groupe INDIGO","article_modified_time":"2025-07-04T11:08:43+00:00","twitter_card":"summary_large_image","schema":{"@context":"https:\/\/schema.org","@graph":[{"@type":"WebPage","@id":"https:\/\/www.group-indigo.com\/es\/razon-de-ser\/","url":"https:\/\/www.group-indigo.com\/es\/razon-de-ser\/","name":"Raz\u00f3n de ser - Groupe INDIGO","isPartOf":{"@id":"https:\/\/www.group-indigo.com\/es\/#website"},"datePublished":"2025-01-08T09:42:47+00:00","dateModified":"2025-07-04T11:08:43+00:00","description":"Como protagonista de las transformaciones urbanas, INDIGO tiene una visi\u00f3n din\u00e1mica del aparcamiento, para ciudades tranquilas y siempre en movimiento.","breadcrumb":{"@id":"https:\/\/www.group-indigo.com\/es\/razon-de-ser\/#breadcrumb"},"inLanguage":"es","potentialAction":[{"@type":"ReadAction","target":["https:\/\/www.group-indigo.com\/es\/razon-de-ser\/"]}]},{"@type":"BreadcrumbList","@id":"https:\/\/www.group-indigo.com\/es\/razon-de-ser\/#breadcrumb","itemListElement":[{"@type":"ListItem","position":1,"name":"Home","item":"https:\/\/www.group-indigo.com\/es\/"},{"@type":"ListItem","position":2,"name":"Raz\u00f3n de ser"}]},{"@type":"WebSite","@id":"https:\/\/www.group-indigo.com\/es\/#website","url":"https:\/\/www.group-indigo.com\/es\/","name":"Groupe INDIGO","description":"","publisher":{"@id":"https:\/\/www.group-indigo.com\/es\/#organization"},"potentialAction":[{"@type":"SearchAction","target":{"@type":"EntryPoint","urlTemplate":"https:\/\/www.group-indigo.com\/es\/?s={search_term_string}"},"query-input":{"@type":"PropertyValueSpecification","valueRequired":true,"valueName":"search_term_string"}}],"inLanguage":"es"},{"@type":"Organization","@id":"https:\/\/www.group-indigo.com\/es\/#organization","name":"Groupe INDIGO","url":"https:\/\/www.group-indigo.com\/es\/","logo":{"@type":"ImageObject","inLanguage":"es","@id":"https:\/\/www.group-indigo.com\/es\/#\/schema\/logo\/image\/","url":"https:\/\/www.group-indigo.com\/wp-content\/uploads\/2026\/03\/login-logo.svg","contentUrl":"https:\/\/www.group-indigo.com\/wp-content\/uploads\/2026\/03\/login-logo.svg","width":223,"height":49,"caption":"Groupe INDIGO"},"image":{"@id":"https:\/\/www.group-indigo.com\/es\/#\/schema\/logo\/image\/"}}]}},"_links":{"self":[{"href":"https:\/\/www.group-indigo.com\/es\/wp-json\/wp\/v2\/pages\/1100082046","targetHints":{"allow":["GET"]}}],"collection":[{"href":"https:\/\/www.group-indigo.com\/es\/wp-json\/wp\/v2\/pages"}],"about":[{"href":"https:\/\/www.group-indigo.com\/es\/wp-json\/wp\/v2\/types\/page"}],"author":[{"embeddable":true,"href":"https:\/\/www.group-indigo.com\/es\/wp-json\/wp\/v2\/users\/1"}],"replies":[{"embeddable":true,"href":"https:\/\/www.group-indigo.com\/es\/wp-json\/wp\/v2\/comments?post=1100082046"}],"version-history":[{"count":2,"href":"https:\/\/www.group-indigo.com\/es\/wp-json\/wp\/v2\/pages\/1100082046\/revisions"}],"predecessor-version":[{"id":1100091994,"href":"https:\/\/www.group-indigo.com\/es\/wp-json\/wp\/v2\/pages\/1100082046\/revisions\/1100091994"}],"wp:attachment":[{"href":"https:\/\/www.group-indigo.com\/es\/wp-json\/wp\/v2\/media?parent=1100082046"}],"curies":[{"name":"wp","href":"https:\/\/api.w.org\/{rel}","templated":true}]}}