{"id":1100082051,"date":"2025-01-08T10:11:04","date_gmt":"2025-01-08T09:11:04","guid":{"rendered":"https:\/\/www.group-indigo.com\/candidatos\/"},"modified":"2025-07-04T12:07:42","modified_gmt":"2025-07-04T10:07:42","slug":"candidatos","status":"publish","type":"page","link":"https:\/\/www.group-indigo.com\/es\/candidatos\/","title":{"rendered":"Candidatos"},"content":{"rendered":"\r\n<section class=\"gut-block gut-hero-simple type-image\" >\r\n\t<div class=\"bg\">\r\n\t\t<div class=\"wrap\"><\/div>\r\n\t<\/div>\r\n\r\n\t<div class=\"wrap\">\r\n\t\t\t\t\t<div class=\"grid-container\">\r\n\t\t\t\t<div class=\"grid-el-md-5 contents\">\r\n\t\t\t\t\t<nav class=\"breadcrumb\" role=\"navigation\" aria-label=\"Rastro de migas de pan :\">\r\n\t<ul class=\"breadcrumb-list\">\r\n\t\t<li class=\"breadcrumb-item\">\r\n\t\t\t<a href=\"https:\/\/www.group-indigo.com\/es\/\">Inicio<\/a>\r\n\t\t<\/li>\r\n\r\n\t\t\t\t\t\t\t\t\t\t\t<li class=\"breadcrumb-item\" aria-current=\"page\">\r\n\t\t\t\t\t\tCandidatos\t\t\t\t\t<\/li>\r\n\t\t\t\t\t\t\t\t\t\t<\/ul>\r\n<\/nav>\r\n\t\t\t\t\t<div class=\"content-part\">\r\n\t\t\t\t\t\t\r\n\t\t\t\t\t\t\t\t\t\t\t\t\t<h1 class=\"block-title titre-h2\">\u00danete a<br><\/h1>\r\n\t\t\t\t\t\t\r\n\t\t\t\t\t\t<div class=\"textes\">\r\n\t\t\t\t\t\t\t\t\t\t\t\t\t\t\t<div class=\"texte wysiwyg-content\">\r\n\t\t\t\t\t\t\t\t\t<p>Sea cual sea tu formaci\u00f3n y experiencia, INDIGO da la bienvenida a todos los talentos con una amplia variedad de trabajos y puestos disponibles. En INDIGO, hay un lugar para ti.   <\/p>\r\n\t\t\t\t\t\t\t\t<\/div>\r\n\t\t\t\t\t\t\t\r\n\t\t\t\t\t\t\t\t\t\t\t\t\t<\/div>\r\n\r\n\t\t\t\t\t\t\t\t\t\t\t\t\t\t<form action=\"#\" class=\"select-offres\">\n\t\t<fieldset class=\"fieldset\">\n\t\t\t<legend>Descubre nuestras ofertas de empleo<\/legend>\n\t\t\t<div class=\"controls\">\n\t\t\t\t<div class=\"field\">\n\t\t\t\t\t<label for=\"country\">Selecciona tu pa\u00eds<\/label>\n\t\t\t\t\t<select name=\"country\" id=\"country\">\n\t\t\t\t\t\t<option value>Selecciona tu pa\u00eds<\/option>\n\t\t\t\t\t\t\t\t\t\t\t\t\t\t\t\t\t\t\t\t<option value=\"https:\/\/parkindigo.careersite.be\/fr\">B\u00e9lgica<\/option>\n\t\t\t\t\t\t\t\t\t\t\t\t\t\t\t\t\t\t\t\t\t<option value=\"https:\/\/jobsindigo.gupy.io\/\">Brasil<\/option>\n\t\t\t\t\t\t\t\t\t\t\t\t\t\t\t\t\t\t\t\t\t<option value=\"https:\/\/indigoneo.ca\/fr\/careers\">Canad\u00e1<\/option>\n\t\t\t\t\t\t\t\t\t\t\t\t\t\t\t\t\t\t\t\t\t<option value=\"https:\/\/cityparking.pandape.computrabajo.com\/\">Colombia<\/option>\n\t\t\t\t\t\t\t\t\t\t\t\t\t\t\t\t\t\t\t\t\t\t\t\t\t\t\t<option value=\"https:\/\/carriere.group-indigo.com\/\">Francia<\/option>\n\t\t\t\t\t\t\t\t\t\t\t\t\t\t\t\t\t\t\t\t\t\t\t\t\t\t\t\t\t\t\t\t\t\t\t\t\t\t\t\t\t\t<\/select>\n\t\t\t\t<\/div>\n\t\t\t\t<button type=\"submit\" class=\"btn-primary-alt\">Ver las ofertas<\/button>\n\t\t\t<\/div>\n\t\t<\/fieldset>\n\t<\/form>\n\t\t\t\t\t\t\t\t\t\t\t<\/div>\r\n\t\t\t\t<\/div>\r\n\r\n\t\t\t\t\t\t\t\t\t<div class=\"img-part grid-el-md-6\">\r\n\t\t\t\t\t\t<figure class=\"img\">\r\n\t\t\t\t\t\t\t<img decoding=\"async\" width=\"704\" height=\"672\" src=\"https:\/\/www.group-indigo.com\/wp-content\/uploads\/2025\/02\/equipe-indigo.jpg\" class=\"attachment-banner size-banner\" alt=\"\" srcset=\"https:\/\/www.group-indigo.com\/wp-content\/uploads\/2025\/02\/equipe-indigo.jpg 704w, https:\/\/www.group-indigo.com\/wp-content\/uploads\/2025\/02\/equipe-indigo-300x286.jpg 300w\" sizes=\"(max-width: 704px) 100vw, 704px\" \/>\t\t\t\t\t\t<\/figure>\r\n\t\t\t\t\t<\/div>\r\n\t\t\t\t\r\n\t\t\t\t\t\t\t<\/div>\r\n\t\t\r\n\t\t\t<\/div>\r\n<\/section>\r\n\n\n<section class=\"gut-block gut-fifty-fifty position-left bg-color-blanc\" >\n\t<div class=\"wrap grid-container\">\n\t\t\t\t\t<div class=\"img-part grid-el-tb-4 grid-el-md-5\">\n\t\t\t\t<figure class=\"img \">\n\t\t\t\t\t<img decoding=\"async\" width=\"584\" height=\"688\" src=\"https:\/\/www.group-indigo.com\/wp-content\/uploads\/2025\/02\/Img-small-p-e1740735014902.jpg\" class=\"attachment-banner size-banner\" alt=\"\" srcset=\"https:\/\/www.group-indigo.com\/wp-content\/uploads\/2025\/02\/Img-small-p-e1740735014902.jpg 584w, https:\/\/www.group-indigo.com\/wp-content\/uploads\/2025\/02\/Img-small-p-e1740735014902-255x300.jpg 255w\" sizes=\"(max-width: 584px) 100vw, 584px\" \/>\t\t\t\t<\/figure>\n\t\t\t<\/div>\n\t\t\n\t\t<div class=\"content-part grid-el-tb-7 grid-el-md-5\">\n\t\t\t\t\t\t\t<h2 class=\"block-title titre-h2\">Nuestras actividades sobre el terreno<\/h2>\n\t\t\t\n\t\t\t\t\t\t\t<div class=\"texte wysiwyg-content\">\n\t\t\t\t\t<p>Vigilantes de aparcamientos, t\u00e9cnicos, jefes de obra, jefes de mantenimiento, comerciales y administrativos&#8230; Descubre nuestras distintas profesiones, que garantizan el buen funcionamiento de nuestros equipos y operaciones, mejoran la experiencia del aparcamiento y dan la bienvenida a nuestros clientes.<\/p>\n\t\t\t\t<\/div>\n\t\t\t\n\t\t\t\n\t\t\t\n\t\t\t\t\t\t\t\t\t\t\t\t\t\t\t\t\t<div class=\"btn-container\">\n\t\t\t\t\t\t<a href=\"https:\/\/www.group-indigo.com\/es\/nuestras-actividades-sobre-el-terreno\/\" target=\"_self\" class=\"btn-primary\">M\u00e1s informaci\u00f3n<\/a>\n\t\t\t\t\t<\/div>\n\t\t\t\t\n\t\t\t\t\t\t\t\t\t<\/div>\n\t<\/div>\n<\/section>\r\n\n\n<section class=\"gut-block gut-fifty-fifty position-right bg-color-gris\" >\n\t<div class=\"wrap grid-container\">\n\t\t\t\t\t<div class=\"img-part grid-el-tb-4 grid-el-md-5\">\n\t\t\t\t<figure class=\"img \">\n\t\t\t\t\t<img decoding=\"async\" width=\"855\" height=\"1080\" src=\"https:\/\/www.group-indigo.com\/wp-content\/uploads\/2025\/02\/Corpo-068-scaled-e1739802312924-855x1080.jpg\" class=\"attachment-banner size-banner\" alt=\"\" srcset=\"https:\/\/www.group-indigo.com\/wp-content\/uploads\/2025\/02\/Corpo-068-scaled-e1739802312924-855x1080.jpg 855w, https:\/\/www.group-indigo.com\/wp-content\/uploads\/2025\/02\/Corpo-068-scaled-e1739802312924-237x300.jpg 237w, https:\/\/www.group-indigo.com\/wp-content\/uploads\/2025\/02\/Corpo-068-scaled-e1739802312924-810x1024.jpg 810w, https:\/\/www.group-indigo.com\/wp-content\/uploads\/2025\/02\/Corpo-068-scaled-e1739802312924-768x971.jpg 768w, https:\/\/www.group-indigo.com\/wp-content\/uploads\/2025\/02\/Corpo-068-scaled-e1739802312924.jpg 1080w\" sizes=\"(max-width: 855px) 100vw, 855px\" \/>\t\t\t\t<\/figure>\n\t\t\t<\/div>\n\t\t\n\t\t<div class=\"content-part grid-el-tb-7 grid-el-md-5\">\n\t\t\t\t\t\t\t<h2 class=\"block-title titre-h2\">Funciones de apoyo e interfuncionales<\/h2>\n\t\t\t\n\t\t\t\t\t\t\t<div class=\"texte wysiwyg-content\">\n\t\t\t\t\t<p>Digital, datos, sistemas de informaci\u00f3n, finanzas, recursos humanos, comunicaciones, jur\u00eddico&#8230; estamos contratando personal para apoyar nuestras funciones operativas, desarrollar nuestras soluciones digitales y gestionar nuestras infraestructuras t\u00e9cnicas y herramientas empresariales.<\/p>\n\t\t\t\t<\/div>\n\t\t\t\n\t\t\t\n\t\t\t\n\t\t\t\t\t\t\t\t\t\t\t\t\t\t\t\t\t<div class=\"btn-container\">\n\t\t\t\t\t\t<a href=\"https:\/\/www.group-indigo.com\/es\/nuestras-actividades-transversales-y-de-apoyo\/\" target=\"_self\" class=\"btn-primary\">M\u00e1s informaci\u00f3n<\/a>\n\t\t\t\t\t<\/div>\n\t\t\t\t\n\t\t\t\t\t\t\t\t\t<\/div>\n\t<\/div>\n<\/section>\r\n\n\n<section class=\"gut-block gut-cards bg-color-blanc\" >\n\t<div class=\"wrap\">\n\t\t\t<div class=\"block-intro grid-container\">\n\t\t\t\t\t<h2 class=\"block-title titre-h2 grid-el-tb-8 grid-el-md-6 \">En \u00edndigo, hay un lugar para ti<\/h2>\n\t\t\n\t\t\t\t\t<div class=\"right grid-el-tb-8 grid-el-md-4\">\n\t\t\t\t\t\t\t\t\t<div class=\"texte wysiwyg-content\">\n\t\t\t\t\t\t<p>En INDIGO, favorecemos un estilo de gesti\u00f3n que deja espacio para la individualidad y te permite prosperar en un entorno afectuoso.<\/p>\n\t\t\t\t\t<\/div>\n\t\t\t\t\n\t\t\t\t\n\t\t\t\t\t\t\t<\/div>\n\t\t\t<\/div>\n\n\t\t<div class=\"slider-container\">\n\t\t\t<div class=\"swiper\">\n\t\t\t\t<div class=\"swiper-wrapper\">\n\t\t\t\t\t\t\t\t\t\t\t<div class=\"swiper-slide\">\n\t\t\t\t\t\t\t\t\t\t\t\t\t\t\t<div class=\"card color-morado\">\n\t\t\t\t\t\t\t\n\t\t\t\t\t\t\t\t\t\t\t\t\t\t\t\t\t<h3 class=\"titre\">Integraci\u00f3n y carrera profesional<\/h3>\n\t\t\t\t\t\t\t\t\n\t\t\t\t\t\t\t\t\t\t\t\t\t\t\t\t\t<div class=\"description wysiwyg-content\">\n\t\t\t\t\t\t\t\t\t\t<p>INDIGO ofrece un programa de iniciaci\u00f3n y oportunidades de desarrollo profesional.<\/p>\n\t\t\t\t\t\t\t\t\t<\/div>\n\t\t\t\t\t\t\t\t\n\t\t\t\t\t\t\t\t\n\t\t\t\t\t\t\t\t\n\t\t\t\t\t\t\t\t\t\t\t\t\t\t\t<\/div>\n\t\t\t\t\t\t\t\t\t\t\t\t\t<\/div>\n\t\t\t\t\t\t\t\t\t\t\t<div class=\"swiper-slide\">\n\t\t\t\t\t\t\t\t\t\t\t\t\t\t\t<div class=\"card color-morado\">\n\t\t\t\t\t\t\t\n\t\t\t\t\t\t\t\t\t\t\t\t\t\t\t\t\t<h3 class=\"titre\">Gesti\u00f3n local<\/h3>\n\t\t\t\t\t\t\t\t\n\t\t\t\t\t\t\t\t\t\t\t\t\t\t\t\t\t<div class=\"description wysiwyg-content\">\n\t\t\t\t\t\t\t\t\t\t<p>Gesti\u00f3n local basada en la confianza, la autonom\u00eda y el empoderamiento de los empleados.<\/p>\n\t\t\t\t\t\t\t\t\t<\/div>\n\t\t\t\t\t\t\t\t\n\t\t\t\t\t\t\t\t\n\t\t\t\t\t\t\t\t\n\t\t\t\t\t\t\t\t\t\t\t\t\t\t\t<\/div>\n\t\t\t\t\t\t\t\t\t\t\t\t\t<\/div>\n\t\t\t\t\t\t\t\t\t\t\t<div class=\"swiper-slide\">\n\t\t\t\t\t\t\t\t\t\t\t\t\t\t\t<div class=\"card color-morado\">\n\t\t\t\t\t\t\t\n\t\t\t\t\t\t\t\t\t\t\t\t\t\t\t\t\t<h3 class=\"titre\">Diversidad<\/h3>\n\t\t\t\t\t\t\t\t\n\t\t\t\t\t\t\t\t\t\t\t\t\t\t\t\t\t<div class=\"description wysiwyg-content\">\n\t\t\t\t\t\t\t\t\t\t<p>Cada d\u00eda, hombres y mujeres de diversas procedencias contribuyen al \u00e9xito de INDIGO.<\/p>\n\t\t\t\t\t\t\t\t\t<\/div>\n\t\t\t\t\t\t\t\t\n\t\t\t\t\t\t\t\t\n\t\t\t\t\t\t\t\t\n\t\t\t\t\t\t\t\t\t\t\t\t\t\t\t<\/div>\n\t\t\t\t\t\t\t\t\t\t\t\t\t<\/div>\n\t\t\t\t\t\t\t\t\t<\/div>\n\t\t\t<\/div>\n\t\t<\/div>\n\t<\/div>\n<\/section>\r\n\n\n<section class=\"gut-block gut-titre-et-texte bg-color-blanc\" >\n\t<div class=\"wrap\">\n\t\t\t<div class=\"block-intro grid-container\">\n\t\t\t\t\t<h2 class=\"block-title titre-h2 grid-el-tb-8 grid-el-md-6 \">Formaci\u00f3n y campus INDIGO<\/h2>\n\t\t\n\t\t\t\t\t<div class=\"right grid-el-tb-8 grid-el-md-4\">\n\t\t\t\t\t\t\t\t\t<div class=\"texte wysiwyg-content\">\n\t\t\t\t\t\t<p>INDIGO concede especial importancia al desarrollo profesional de sus empleados y contribuye a su evoluci\u00f3n a trav\u00e9s de su pol\u00edtica de formaci\u00f3n. Creado en 2004, el Campus INDIGO es el primer instituto de formaci\u00f3n dedicado a la industria del aparcamiento. \u00bfSu objetivo? Valorizar y fidelizar a nuestros empleados, desarrollando al mismo tiempo sus competencias.   <\/p>\n\t\t\t\t\t<\/div>\n\t\t\t\t\n\t\t\t\t\t\t\t\t\t\t\t\t\t\t<div class=\"btn-container\">\n\t\t\t\t\t\t<a href=\"https:\/\/www.group-indigo.com\/es\/formacion-y-campus-indigo\/\" target=\"_self\" class=\"btn-secondary\">M\u00e1s informaci\u00f3n<\/a>\n\t\t\t\t\t<\/div>\n\t\t\t\t\n\t\t\t\t\t\t\t<\/div>\n\t\t\t<\/div>\n\t<\/div>\n<\/section>\r\n\n\n<section class=\"gut-block gut-fifty-fifty position-left bg-color-blanc\" >\n\t<div class=\"wrap grid-container\">\n\t\t\t\t\t<div class=\"img-part grid-el-tb-4 grid-el-md-5\">\n\t\t\t\t<figure class=\"img parking\">\n\t\t\t\t\t<img decoding=\"async\" width=\"584\" height=\"776\" src=\"https:\/\/www.group-indigo.com\/wp-content\/uploads\/2025\/02\/Img-small-o.jpg\" class=\"attachment-banner size-banner\" alt=\"\" srcset=\"https:\/\/www.group-indigo.com\/wp-content\/uploads\/2025\/02\/Img-small-o.jpg 584w, https:\/\/www.group-indigo.com\/wp-content\/uploads\/2025\/02\/Img-small-o-226x300.jpg 226w\" sizes=\"(max-width: 584px) 100vw, 584px\" \/>\t\t\t\t<\/figure>\n\t\t\t<\/div>\n\t\t\n\t\t<div class=\"content-part grid-el-tb-7 grid-el-md-5\">\n\t\t\t\t\t\t\t<h2 class=\"block-title titre-h2\">\u00bfC\u00f3mo hacemos que la ciudad se mueva?<\/h2>\n\t\t\t\n\t\t\t\t\t\t\t<div class=\"texte wysiwyg-content\">\n\t\t\t\t\t<p>Como l\u00edderes de nuestro sector y actores locales, facilitamos la transici\u00f3n ecol\u00f3gica de las ciudades ofreciendo servicios para una movilidad m\u00e1s fluida y sostenible. Trabajamos con una amplia gama de clientes para los que el aparcamiento y la movilidad son cuestiones importantes: autoridades locales, hospitales, estaciones, centros comerciales, lugares de turismo y ocio, aeropuertos y empresas. <\/p>\n\t\t\t\t<\/div>\n\t\t\t\n\t\t\t\n\t\t\t\n\t\t\t\t\t<\/div>\n\t<\/div>\n<\/section>\r\n\n\n<section class=\"gut-block gut-cards bg-color-blanc\" >\n\t<div class=\"wrap\">\n\t\t\t<div class=\"block-intro grid-container\">\n\t\t\t\t\t<h2 class=\"block-title titre-h2 grid-el-tb-8 grid-el-md-6 \">Nuestros valores<\/h2>\n\t\t\n\t\t\t<\/div>\n\n\t\t<div class=\"slider-container\">\n\t\t\t<div class=\"swiper\">\n\t\t\t\t<div class=\"swiper-wrapper\">\n\t\t\t\t\t\t\t\t\t\t\t<div class=\"swiper-slide\">\n\t\t\t\t\t\t\t\t\t\t\t\t\t\t\t<div class=\"card color-rose\">\n\t\t\t\t\t\t\t\n\t\t\t\t\t\t\t\t\t\t\t\t\t\t\t\t\t<h3 class=\"titre\">Esp\u00edritu de conquista e innovaci\u00f3n<\/h3>\n\t\t\t\t\t\t\t\t\n\t\t\t\t\t\t\t\t\t\t\t\t\t\t\t\t\t<div class=\"description wysiwyg-content\">\n\t\t\t\t\t\t\t\t\t\t<p>Compartimos el gusto por los retos y el deseo de ir m\u00e1s all\u00e1.<\/p>\n\t\t\t\t\t\t\t\t\t<\/div>\n\t\t\t\t\t\t\t\t\n\t\t\t\t\t\t\t\t\n\t\t\t\t\t\t\t\t\n\t\t\t\t\t\t\t\t\t\t\t\t\t\t\t<\/div>\n\t\t\t\t\t\t\t\t\t\t\t\t\t<\/div>\n\t\t\t\t\t\t\t\t\t\t\t<div class=\"swiper-slide\">\n\t\t\t\t\t\t\t\t\t\t\t\t\t\t\t<div class=\"card color-rose\">\n\t\t\t\t\t\t\t\n\t\t\t\t\t\t\t\t\t\t\t\t\t\t\t\t\t<h3 class=\"titre\">Respeto y solidaridad<\/h3>\n\t\t\t\t\t\t\t\t\n\t\t\t\t\t\t\t\t\t\t\t\t\t\t\t\t\t<div class=\"description wysiwyg-content\">\n\t\t\t\t\t\t\t\t\t\t<p>Damos cabida a cada individuo, al tiempo que concedemos la mayor importancia al colectivo.<\/p>\n\t\t\t\t\t\t\t\t\t<\/div>\n\t\t\t\t\t\t\t\t\n\t\t\t\t\t\t\t\t\n\t\t\t\t\t\t\t\t\n\t\t\t\t\t\t\t\t\t\t\t\t\t\t\t<\/div>\n\t\t\t\t\t\t\t\t\t\t\t\t\t<\/div>\n\t\t\t\t\t\t\t\t\t\t\t<div class=\"swiper-slide\">\n\t\t\t\t\t\t\t\t\t\t\t\t\t\t\t<div class=\"card color-rose\">\n\t\t\t\t\t\t\t\n\t\t\t\t\t\t\t\t\t\t\t\t\t\t\t\t\t<h3 class=\"titre\">Compromiso y responsabilidad<\/h3>\n\t\t\t\t\t\t\t\t\n\t\t\t\t\t\t\t\t\t\t\t\t\t\t\t\t\t<div class=\"description wysiwyg-content\">\n\t\t\t\t\t\t\t\t\t\t<p>Tenemos en cuenta el mundo que nos rodea y actuamos para contribuir a su transformaci\u00f3n.<\/p>\n\t\t\t\t\t\t\t\t\t<\/div>\n\t\t\t\t\t\t\t\t\n\t\t\t\t\t\t\t\t\n\t\t\t\t\t\t\t\t\n\t\t\t\t\t\t\t\t\t\t\t\t\t\t\t<\/div>\n\t\t\t\t\t\t\t\t\t\t\t\t\t<\/div>\n\t\t\t\t\t\t\t\t\t<\/div>\n\t\t\t<\/div>\n\t\t<\/div>\n\t<\/div>\n<\/section>\r\n\n\n<section class=\"gut-block gut-fifty-fifty position-right bg-color-blanc\" >\n\t<div class=\"wrap grid-container\">\n\t\t\t\t\t<div class=\"img-part grid-el-tb-4 grid-el-md-5\">\n\t\t\t\t<figure class=\"img \">\n\t\t\t\t\t<img decoding=\"async\" width=\"1650\" height=\"1080\" src=\"https:\/\/www.group-indigo.com\/wp-content\/uploads\/2025\/02\/Fotos_RutaFucsia24-08-1650x1080.jpg\" class=\"attachment-banner size-banner\" alt=\"\" srcset=\"https:\/\/www.group-indigo.com\/wp-content\/uploads\/2025\/02\/Fotos_RutaFucsia24-08-1650x1080.jpg 1650w, https:\/\/www.group-indigo.com\/wp-content\/uploads\/2025\/02\/Fotos_RutaFucsia24-08-300x196.jpg 300w, https:\/\/www.group-indigo.com\/wp-content\/uploads\/2025\/02\/Fotos_RutaFucsia24-08-1024x670.jpg 1024w, https:\/\/www.group-indigo.com\/wp-content\/uploads\/2025\/02\/Fotos_RutaFucsia24-08-768x503.jpg 768w, https:\/\/www.group-indigo.com\/wp-content\/uploads\/2025\/02\/Fotos_RutaFucsia24-08-1536x1005.jpg 1536w, https:\/\/www.group-indigo.com\/wp-content\/uploads\/2025\/02\/Fotos_RutaFucsia24-08-scaled.jpg 2048w\" sizes=\"(max-width: 1650px) 100vw, 1650px\" \/>\t\t\t\t<\/figure>\n\t\t\t<\/div>\n\t\t\n\t\t<div class=\"content-part grid-el-tb-7 grid-el-md-5\">\n\t\t\t\t\t\t\t<h2 class=\"block-title titre-h2\">Una fundaci\u00f3n que perdura gracias a los empleados de INDIGO<\/h2>\n\t\t\t\n\t\t\t\t\t\t\t<div class=\"texte wysiwyg-content\">\n\t\t\t\t\t<p>La Fundaci\u00f3n INDIGO trabaja por una ciudad m\u00e1s solidaria, agradable y sostenible. Apoya proyectos de inter\u00e9s general que fomentan iniciativas destinadas a mejorar la calidad de vida de todos, ya sea en el \u00e1mbito del deporte o de la cultura. La Fundaci\u00f3n INDIGO vive gracias al compromiso de los empleados de INDIGO. Todos los proyectos apoyados son propuestos por un empleado del Grupo INDIGO, que act\u00faa como coordinador del proyecto y realiza su seguimiento.   <\/p>\n\t\t\t\t<\/div>\n\t\t\t\n\t\t\t\n\t\t\t\n\t\t\t\t\t\t\t\t\t\t\t\t\t\t\t\t\t<div class=\"btn-container\">\n\t\t\t\t\t\t<a href=\"https:\/\/www.group-indigo.com\/es\/fundacion-indigo\/\" target=\"_self\" class=\"btn-primary\">Descubre<\/a>\n\t\t\t\t\t<\/div>\n\t\t\t\t\n\t\t\t\t\t\t\t\t\t<\/div>\n\t<\/div>\n<\/section>\r\n\n\n<section class=\"gut-block gut-rebond bg-color-blanc\" >\n\t<div class=\"container\">\n\t\t<div class=\"wrap grid-container\">\n\t\t\t<figure class=\"img\">\n\t\t\t\t<img decoding=\"async\" width=\"1520\" height=\"915\" src=\"https:\/\/www.group-indigo.com\/wp-content\/uploads\/2025\/01\/Modules-Image-7.jpg\" class=\"attachment-banner size-banner\" alt=\"\" srcset=\"https:\/\/www.group-indigo.com\/wp-content\/uploads\/2025\/01\/Modules-Image-7.jpg 1520w, https:\/\/www.group-indigo.com\/wp-content\/uploads\/2025\/01\/Modules-Image-7-300x181.jpg 300w, https:\/\/www.group-indigo.com\/wp-content\/uploads\/2025\/01\/Modules-Image-7-1024x616.jpg 1024w, https:\/\/www.group-indigo.com\/wp-content\/uploads\/2025\/01\/Modules-Image-7-768x462.jpg 768w\" sizes=\"(max-width: 1520px) 100vw, 1520px\" \/>\t\t\t<\/figure>\n\n\t\t\t\t\t\t\t<h2 class=\"block-title titre-h2 grid-el-tb-8 grid-el-md-6\">INDIGO apuesta por ciudades m\u00e1s sostenibles<\/h2>\n\t\t\t\n\t\t\t\t\t\t\t<div class=\"texte wysiwyg-content grid-el-tb-7 grid-el-md-5 grid-el-lg-4\">\n\t\t\t\t\t<p>Al apoyar el desarrollo de la movilidad blanda y ofrecer servicios urbanos, INDIGO contribuye a transformar las ciudades.<\/p>\n\t\t\t\t<\/div>\n\t\t\t\n\t\t\t\t\t\t\t<div class=\"btn-container grid-el-tb-6 grid-el-md-4\">\n\t\t\t\t\t<a href=\"https:\/\/www.group-indigo.com\/es\/movilidad-sostenible\/\" target=\"_self\" class=\"btn-primary\">M\u00e1s informaci\u00f3n<\/a>\n\t\t\t\t<\/div>\n\t\t\t\n\t\t\t\t\t<\/div>\n\t<\/div>\n<\/section>","protected":false},"excerpt":{"rendered":"","protected":false},"author":1,"featured_media":0,"parent":0,"menu_order":0,"comment_status":"closed","ping_status":"closed","template":"","meta":{"_acf_changed":false,"inline_featured_image":false,"footnotes":""},"class_list":["post-1100082051","page","type-page","status-publish","hentry"],"acf":[],"yoast_head":"<!-- This site is optimized with the Yoast SEO plugin v27.2 - https:\/\/yoast.com\/product\/yoast-seo-wordpress\/ -->\n<title>Candidatos - Groupe INDIGO<\/title>\n<meta name=\"robots\" content=\"index, follow, max-snippet:-1, max-image-preview:large, max-video-preview:-1\" \/>\n<link rel=\"canonical\" href=\"https:\/\/www.group-indigo.com\/es\/candidatos\/\" \/>\n<meta property=\"og:locale\" content=\"es_ES\" \/>\n<meta property=\"og:type\" content=\"article\" \/>\n<meta property=\"og:title\" content=\"Candidatos - Groupe INDIGO\" \/>\n<meta property=\"og:url\" content=\"https:\/\/www.group-indigo.com\/es\/candidatos\/\" \/>\n<meta property=\"og:site_name\" content=\"Groupe INDIGO\" \/>\n<meta property=\"article:modified_time\" content=\"2025-07-04T10:07:42+00:00\" \/>\n<meta name=\"twitter:card\" content=\"summary_large_image\" \/>\n<script type=\"application\/ld+json\" class=\"yoast-schema-graph\">{\"@context\":\"https:\/\/schema.org\",\"@graph\":[{\"@type\":\"WebPage\",\"@id\":\"https:\/\/www.group-indigo.com\/es\/candidatos\/\",\"url\":\"https:\/\/www.group-indigo.com\/es\/candidatos\/\",\"name\":\"Candidatos - Groupe INDIGO\",\"isPartOf\":{\"@id\":\"https:\/\/www.group-indigo.com\/es\/#website\"},\"datePublished\":\"2025-01-08T09:11:04+00:00\",\"dateModified\":\"2025-07-04T10:07:42+00:00\",\"breadcrumb\":{\"@id\":\"https:\/\/www.group-indigo.com\/es\/candidatos\/#breadcrumb\"},\"inLanguage\":\"es\",\"potentialAction\":[{\"@type\":\"ReadAction\",\"target\":[\"https:\/\/www.group-indigo.com\/es\/candidatos\/\"]}]},{\"@type\":\"BreadcrumbList\",\"@id\":\"https:\/\/www.group-indigo.com\/es\/candidatos\/#breadcrumb\",\"itemListElement\":[{\"@type\":\"ListItem\",\"position\":1,\"name\":\"Home\",\"item\":\"https:\/\/www.group-indigo.com\/es\/\"},{\"@type\":\"ListItem\",\"position\":2,\"name\":\"Candidatos\"}]},{\"@type\":\"WebSite\",\"@id\":\"https:\/\/www.group-indigo.com\/es\/#website\",\"url\":\"https:\/\/www.group-indigo.com\/es\/\",\"name\":\"Groupe INDIGO\",\"description\":\"\",\"publisher\":{\"@id\":\"https:\/\/www.group-indigo.com\/es\/#organization\"},\"potentialAction\":[{\"@type\":\"SearchAction\",\"target\":{\"@type\":\"EntryPoint\",\"urlTemplate\":\"https:\/\/www.group-indigo.com\/es\/?s={search_term_string}\"},\"query-input\":{\"@type\":\"PropertyValueSpecification\",\"valueRequired\":true,\"valueName\":\"search_term_string\"}}],\"inLanguage\":\"es\"},{\"@type\":\"Organization\",\"@id\":\"https:\/\/www.group-indigo.com\/es\/#organization\",\"name\":\"Groupe INDIGO\",\"url\":\"https:\/\/www.group-indigo.com\/es\/\",\"logo\":{\"@type\":\"ImageObject\",\"inLanguage\":\"es\",\"@id\":\"https:\/\/www.group-indigo.com\/es\/#\/schema\/logo\/image\/\",\"url\":\"https:\/\/www.group-indigo.com\/wp-content\/uploads\/2026\/03\/login-logo.svg\",\"contentUrl\":\"https:\/\/www.group-indigo.com\/wp-content\/uploads\/2026\/03\/login-logo.svg\",\"width\":223,\"height\":49,\"caption\":\"Groupe INDIGO\"},\"image\":{\"@id\":\"https:\/\/www.group-indigo.com\/es\/#\/schema\/logo\/image\/\"}}]}<\/script>\n<!-- \/ Yoast SEO plugin. -->","yoast_head_json":{"title":"Candidatos - Groupe INDIGO","robots":{"index":"index","follow":"follow","max-snippet":"max-snippet:-1","max-image-preview":"max-image-preview:large","max-video-preview":"max-video-preview:-1"},"canonical":"https:\/\/www.group-indigo.com\/es\/candidatos\/","og_locale":"es_ES","og_type":"article","og_title":"Candidatos - Groupe INDIGO","og_url":"https:\/\/www.group-indigo.com\/es\/candidatos\/","og_site_name":"Groupe INDIGO","article_modified_time":"2025-07-04T10:07:42+00:00","twitter_card":"summary_large_image","schema":{"@context":"https:\/\/schema.org","@graph":[{"@type":"WebPage","@id":"https:\/\/www.group-indigo.com\/es\/candidatos\/","url":"https:\/\/www.group-indigo.com\/es\/candidatos\/","name":"Candidatos - Groupe INDIGO","isPartOf":{"@id":"https:\/\/www.group-indigo.com\/es\/#website"},"datePublished":"2025-01-08T09:11:04+00:00","dateModified":"2025-07-04T10:07:42+00:00","breadcrumb":{"@id":"https:\/\/www.group-indigo.com\/es\/candidatos\/#breadcrumb"},"inLanguage":"es","potentialAction":[{"@type":"ReadAction","target":["https:\/\/www.group-indigo.com\/es\/candidatos\/"]}]},{"@type":"BreadcrumbList","@id":"https:\/\/www.group-indigo.com\/es\/candidatos\/#breadcrumb","itemListElement":[{"@type":"ListItem","position":1,"name":"Home","item":"https:\/\/www.group-indigo.com\/es\/"},{"@type":"ListItem","position":2,"name":"Candidatos"}]},{"@type":"WebSite","@id":"https:\/\/www.group-indigo.com\/es\/#website","url":"https:\/\/www.group-indigo.com\/es\/","name":"Groupe INDIGO","description":"","publisher":{"@id":"https:\/\/www.group-indigo.com\/es\/#organization"},"potentialAction":[{"@type":"SearchAction","target":{"@type":"EntryPoint","urlTemplate":"https:\/\/www.group-indigo.com\/es\/?s={search_term_string}"},"query-input":{"@type":"PropertyValueSpecification","valueRequired":true,"valueName":"search_term_string"}}],"inLanguage":"es"},{"@type":"Organization","@id":"https:\/\/www.group-indigo.com\/es\/#organization","name":"Groupe INDIGO","url":"https:\/\/www.group-indigo.com\/es\/","logo":{"@type":"ImageObject","inLanguage":"es","@id":"https:\/\/www.group-indigo.com\/es\/#\/schema\/logo\/image\/","url":"https:\/\/www.group-indigo.com\/wp-content\/uploads\/2026\/03\/login-logo.svg","contentUrl":"https:\/\/www.group-indigo.com\/wp-content\/uploads\/2026\/03\/login-logo.svg","width":223,"height":49,"caption":"Groupe INDIGO"},"image":{"@id":"https:\/\/www.group-indigo.com\/es\/#\/schema\/logo\/image\/"}}]}},"_links":{"self":[{"href":"https:\/\/www.group-indigo.com\/es\/wp-json\/wp\/v2\/pages\/1100082051","targetHints":{"allow":["GET"]}}],"collection":[{"href":"https:\/\/www.group-indigo.com\/es\/wp-json\/wp\/v2\/pages"}],"about":[{"href":"https:\/\/www.group-indigo.com\/es\/wp-json\/wp\/v2\/types\/page"}],"author":[{"embeddable":true,"href":"https:\/\/www.group-indigo.com\/es\/wp-json\/wp\/v2\/users\/1"}],"replies":[{"embeddable":true,"href":"https:\/\/www.group-indigo.com\/es\/wp-json\/wp\/v2\/comments?post=1100082051"}],"version-history":[{"count":2,"href":"https:\/\/www.group-indigo.com\/es\/wp-json\/wp\/v2\/pages\/1100082051\/revisions"}],"predecessor-version":[{"id":1100091921,"href":"https:\/\/www.group-indigo.com\/es\/wp-json\/wp\/v2\/pages\/1100082051\/revisions\/1100091921"}],"wp:attachment":[{"href":"https:\/\/www.group-indigo.com\/es\/wp-json\/wp\/v2\/media?parent=1100082051"}],"curies":[{"name":"wp","href":"https:\/\/api.w.org\/{rel}","templated":true}]}}