{"id":1100082076,"date":"2025-01-07T14:50:41","date_gmt":"2025-01-07T13:50:41","guid":{"rendered":"https:\/\/www.group-indigo.com\/informacion-legal\/"},"modified":"2025-07-04T12:31:53","modified_gmt":"2025-07-04T10:31:53","slug":"informacion-legal","status":"publish","type":"page","link":"https:\/\/www.group-indigo.com\/es\/informacion-legal\/","title":{"rendered":"Informaci\u00f3n legal"},"content":{"rendered":"\r\n<section class=\"gut-block gut-hero-simple type-classique\" >\r\n\t<div class=\"bg\">\r\n\t\t<div class=\"wrap\"><\/div>\r\n\t<\/div>\r\n\r\n\t<div class=\"wrap\">\r\n\t\t\r\n\t\t\t\t\t<div class=\"grid-container\">\r\n\t\t\t\t<div class=\"grid-el-tb-12\">\r\n\t\t\t\t\t<nav class=\"breadcrumb\" role=\"navigation\" aria-label=\"Rastro de migas de pan :\">\r\n\t<ul class=\"breadcrumb-list\">\r\n\t\t<li class=\"breadcrumb-item\">\r\n\t\t\t<a href=\"https:\/\/www.group-indigo.com\/es\/\">Inicio<\/a>\r\n\t\t<\/li>\r\n\r\n\t\t\t\t\t\t\t\t\t\t\t<li class=\"breadcrumb-item\" aria-current=\"page\">\r\n\t\t\t\t\t\tInformaci\u00f3n legal\t\t\t\t\t<\/li>\r\n\t\t\t\t\t\t\t\t\t\t<\/ul>\r\n<\/nav>\t\t\t\t<\/div>\r\n\r\n\t\t\t\t<div class=\"content-part grid-container\">\r\n\t\t\t\t\t<div class=\"grid-el-tb-6\">\r\n\t\t\t\t\t\t\r\n\t\t\t\t\t\t\t\t\t\t\t\t\t<h1 class=\"block-title titre-h2\">Informaci\u00f3n legal<\/h1>\r\n\t\t\t\t\t\t\t\t\t\t\t<\/div>\r\n\r\n\t\t\t\t\t<div class=\"textes grid-el-tb-5 grid-el-md-4\">\r\n\t\t\t\t\t\t\r\n\t\t\t\t\t\t\r\n\t\t\t\t\t\t\t\t\t\t\t<\/div>\r\n\t\t\t\t<\/div>\r\n\t\t\t<\/div>\r\n\t\t\t<\/div>\r\n<\/section>\r\n\n\n<section class=\"gut-block gut-texte bg-color-blanc\" >\n\t<div class=\"wrap\">\n\t\t<div class=\"texte wysiwyg-content\">\n\t\t\t<p><strong>Editor:<br \/>\n<\/strong>El sitio web <a href=\"http:\/\/www.group-indigo.com\/\">www.group-indigo.com<\/a> (el \u201cSitio\u201d) es publicado por <strong>INDIGO GROUP<\/strong>, sociedad an\u00f3nima con un Consejo de Administraci\u00f3n y un Consejo de Supervisi\u00f3n y un capital de 183.021.628 euros, con domicilio social en Immeuble The Curve 48-50 Avenue du G\u00e9n\u00e9ral de Gaulle 92800 PUTEAUX, inscrita en el Registro Mercantil y de Sociedades de Nanterre con el n\u00famero 800 348 146.<\/p>\n<p><strong>Director de la publicaci\u00f3n:<\/strong><br \/>\nS\u00e9bastien FRAISSE, Presidente del Consejo de Administraci\u00f3n del Grupo Indigo<\/p>\n<p><strong>Ponte en contacto con<br \/>\n<\/strong><a href=\"mailto:communication.fr@group-indigo.com\">communication.fr@group-indigo.com<\/a><\/p>\n<p><strong>Alojamiento:<\/strong><br \/>\nEl Sitio est\u00e1 alojado en los servidores de Microsoft Irlanda, cuyo domicilio social se encuentra en Atrium Building &#8211; Block B &#8211; Carmanhall Road &#8211; Sandyford Industrial Estate &#8211; Dubl\u00edn 18 &#8211; Irlanda, registrado en Irlanda con el n\u00famero 256 796.<\/p>\n<p><strong>Dise\u00f1o y producci\u00f3n\u00a0:<\/strong><br \/>\n<strong>BRAINSONIC<\/strong>, sociedad por acciones simplificada con un capital de 181.073,00 euros, inscrita en el Registro Mercantil y de Sociedades de Par\u00eds con el n\u00famero 448 567 867, con domicilio social en 45 rue Sedaine 75011 Par\u00eds.<\/p>\n<p><strong>Informaci\u00f3n general:<\/strong><br \/>\nLa visita a este Sitio est\u00e1 sujeta al cumplimiento de las <a href=\"https:\/\/www.group-indigo.com\/es\/cgu\/\">Condiciones Generales de Uso<\/a>.<br \/>\nSe informa a los usuarios de Internet de que la informaci\u00f3n que aparece en el Sitio puede ser modificada y\/o actualizada en cualquier momento, sin previo aviso.<br \/>\nIndigo no se hace responsable de los da\u00f1os o perjuicios de cualquier naturaleza sufridos por un usuario de Internet como consecuencia de\u00a0:<\/p>\n<ul>\n<li>uso del Sitio,<\/li>\n<li>la imposibilidad de acceder al Sitio,<\/li>\n<li>omisiones, modificaciones y\/o actualizaciones del Sitio.<\/li>\n<li>De conformidad con la Ley francesa de Protecci\u00f3n de Datos de 6 de enero de 1978, modificada peri\u00f3dicamente, tienes derecho de acceso, rectificaci\u00f3n, oposici\u00f3n y supresi\u00f3n de los datos que te conciernen, que puedes ejercer:\n<ul>\n<li>por escrito a la siguiente direcci\u00f3n GRUPO INDIGO &#8211; DPO &#8211; Immeuble The Curve 48-50 Avenue du G\u00e9n\u00e9ral de Gaulle TSA 43214 &#8211; 92919 PARIS LA DEFENSE CEDEX<\/li>\n<li>por correo electr\u00f3nico a <a href=\"mailto:dpo.fr@group-indigo.com\">dpo.fr@group-indigo.com.<\/a><\/li>\n<\/ul>\n<\/li>\n<\/ul>\n<p>Para obtener informaci\u00f3n completa sobre el tratamiento de Datos Personales, Indigo invita al Usuario a consultar su <a href=\"https:\/\/www.group-indigo.com\/es\/politica-de-privacidad\/\">Pol\u00edtica de Privacidad<\/a>, disponible en el Sitio.<\/p>\n<p><strong>Cr\u00e9ditos de las fotos\u00a0:<\/strong><\/p>\n<ul>\n<li>Antoine Legond<\/li>\n<li>Patrick Sordoillet<\/li>\n<li><span data-contrast=\"auto\">Estudio HECQUET<\/span><\/li>\n<li><span data-contrast=\"auto\">GagnePark<\/span><\/li>\n<li><span data-contrast=\"auto\">Electra<\/span><\/li>\n<li><span data-contrast=\"auto\">Corsalis<\/span><\/li>\n<li>Damien Antoni arquitecto<\/li>\n<li><span data-contrast=\"auto\">EIVP<\/span><\/li>\n<li><span data-contrast=\"auto\">Mourad Mokrani<\/span><\/li>\n<li><span data-contrast=\"auto\">Ligia Contin Guimar\u00e3es<\/span><\/li>\n<li><span data-contrast=\"auto\">Ciudad de Toulouse, Slot-B<\/span><\/li>\n<li><span data-contrast=\"auto\">Luca Andreucci<\/span><\/li>\n<li><span data-contrast=\"auto\">V\u00e9lib&#8217; M\u00e9tropole<\/span><\/li>\n<li>Banco de im\u00e1genes I-stock<\/li>\n<li>Banco de im\u00e1genes Shutterstock<\/li>\n<li><span data-contrast=\"auto\">Silvan Bachmann -Banque<\/span>d&#8217;images Shutterstock<\/li>\n<li><span data-contrast=\"auto\">Vitormarigo &#8211; Banco de im\u00e1genes Shutterstock<\/span><\/li>\n<li><span data-contrast=\"auto\">Maxime75 &#8211; Banco de im\u00e1genes Shutterstock<\/span><\/li>\n<li><span data-contrast=\"auto\">Valery Bareta &#8211; Banco de im\u00e1genes Shutterstock<\/span><\/li>\n<li><span data-contrast=\"auto\">Nueva \u00c1frica &#8211; Banco de im\u00e1genes Shutterstock<\/span><\/li>\n<li><span data-contrast=\"auto\">Mathieu LeMoal &#8211; Banco de im\u00e1genes Shutterstock<\/span><\/li>\n<li><span data-contrast=\"auto\">Dean Drobot &#8211; Banco de im\u00e1genes Shutterstock<\/span><\/li>\n<li><span data-contrast=\"auto\">Roman Chazov &#8211; Banco de im\u00e1genes Shutterstock<\/span><\/li>\n<li><span data-contrast=\"auto\">Kzenon &#8211; Banco de im\u00e1genes Shutterstock<\/span><\/li>\n<li><span data-contrast=\"auto\">Perekrestov &#8211; Banco de im\u00e1genes Shutterstock<\/span><\/li>\n<li><span data-contrast=\"auto\">Patryk Kosmider &#8211; Banco de im\u00e1genes Shutterstock<\/span><\/li>\n<li><span data-contrast=\"auto\">Unai Huizi Fotograf\u00eda &#8211; Banco de im\u00e1genes Shutterstock<\/span><\/li>\n<li><span data-contrast=\"auto\">Bbernard &#8211; Banco de im\u00e1genes Shutterstock<\/span><\/li>\n<li><span data-contrast=\"auto\">Andrey_Popov &#8211; Banco de im\u00e1genes Shutterstock<\/span><\/li>\n<li><span data-contrast=\"auto\">Fuyu liu &#8211; Banco de im\u00e1genes Shutterstock<\/span><\/li>\n<li><span data-contrast=\"auto\">Jaromir Chalabala &#8211; Banco de im\u00e1genes Shutterstock<\/span><\/li>\n<li><span data-contrast=\"auto\">Geber86 &#8211; Banco de im\u00e1genes Shutterstock<\/span><\/li>\n<li><span data-contrast=\"auto\">AnnaStills &#8211; Banco de im\u00e1genes Shutterstock<\/span><\/li>\n<li><span data-contrast=\"auto\">Eminaldo -banco de<\/span> <span data-contrast=\"auto\">im\u00e1genes iStock<\/span><\/li>\n<li><span data-contrast=\"auto\">Joyt &#8211; Banco de im\u00e1genes iStock<\/span><\/li>\n<li><span data-contrast=\"auto\">Leonid Andronov &#8211; Banco de im\u00e1genes iStock<\/span><\/li>\n<li><span data-contrast=\"auto\">R. M. Nunes &#8211;<\/span><span data-contrast=\"auto\">Banco de im\u00e1genes iStock<\/span><\/li>\n<li><span data-contrast=\"auto\">Fotorince &#8211; <\/span><span data-contrast=\"auto\">Banco de im\u00e1genes iStock<\/span><\/li>\n<\/ul>\n\t\t<\/div>\n\t<\/div>\n<\/section>","protected":false},"excerpt":{"rendered":"","protected":false},"author":1,"featured_media":0,"parent":0,"menu_order":0,"comment_status":"closed","ping_status":"closed","template":"","meta":{"_acf_changed":false,"inline_featured_image":false,"footnotes":""},"class_list":["post-1100082076","page","type-page","status-publish","hentry"],"acf":[],"yoast_head":"<!-- This site is optimized with the Yoast SEO plugin v27.2 - https:\/\/yoast.com\/product\/yoast-seo-wordpress\/ -->\n<title>Informaci\u00f3n legal - Groupe INDIGO<\/title>\n<meta name=\"robots\" content=\"index, follow, max-snippet:-1, max-image-preview:large, max-video-preview:-1\" \/>\n<link rel=\"canonical\" href=\"https:\/\/www.group-indigo.com\/es\/informacion-legal\/\" \/>\n<meta property=\"og:locale\" content=\"es_ES\" \/>\n<meta property=\"og:type\" content=\"article\" \/>\n<meta property=\"og:title\" content=\"Informaci\u00f3n legal - Groupe INDIGO\" \/>\n<meta property=\"og:url\" content=\"https:\/\/www.group-indigo.com\/es\/informacion-legal\/\" \/>\n<meta property=\"og:site_name\" content=\"Groupe INDIGO\" \/>\n<meta property=\"article:modified_time\" content=\"2025-07-04T10:31:53+00:00\" \/>\n<meta name=\"twitter:card\" content=\"summary_large_image\" \/>\n<script type=\"application\/ld+json\" class=\"yoast-schema-graph\">{\"@context\":\"https:\/\/schema.org\",\"@graph\":[{\"@type\":\"WebPage\",\"@id\":\"https:\/\/www.group-indigo.com\/es\/informacion-legal\/\",\"url\":\"https:\/\/www.group-indigo.com\/es\/informacion-legal\/\",\"name\":\"Informaci\u00f3n legal - Groupe INDIGO\",\"isPartOf\":{\"@id\":\"https:\/\/www.group-indigo.com\/es\/#website\"},\"datePublished\":\"2025-01-07T13:50:41+00:00\",\"dateModified\":\"2025-07-04T10:31:53+00:00\",\"breadcrumb\":{\"@id\":\"https:\/\/www.group-indigo.com\/es\/informacion-legal\/#breadcrumb\"},\"inLanguage\":\"es\",\"potentialAction\":[{\"@type\":\"ReadAction\",\"target\":[\"https:\/\/www.group-indigo.com\/es\/informacion-legal\/\"]}]},{\"@type\":\"BreadcrumbList\",\"@id\":\"https:\/\/www.group-indigo.com\/es\/informacion-legal\/#breadcrumb\",\"itemListElement\":[{\"@type\":\"ListItem\",\"position\":1,\"name\":\"Home\",\"item\":\"https:\/\/www.group-indigo.com\/es\/\"},{\"@type\":\"ListItem\",\"position\":2,\"name\":\"Informaci\u00f3n legal\"}]},{\"@type\":\"WebSite\",\"@id\":\"https:\/\/www.group-indigo.com\/es\/#website\",\"url\":\"https:\/\/www.group-indigo.com\/es\/\",\"name\":\"Groupe INDIGO\",\"description\":\"\",\"publisher\":{\"@id\":\"https:\/\/www.group-indigo.com\/es\/#organization\"},\"potentialAction\":[{\"@type\":\"SearchAction\",\"target\":{\"@type\":\"EntryPoint\",\"urlTemplate\":\"https:\/\/www.group-indigo.com\/es\/?s={search_term_string}\"},\"query-input\":{\"@type\":\"PropertyValueSpecification\",\"valueRequired\":true,\"valueName\":\"search_term_string\"}}],\"inLanguage\":\"es\"},{\"@type\":\"Organization\",\"@id\":\"https:\/\/www.group-indigo.com\/es\/#organization\",\"name\":\"Groupe INDIGO\",\"url\":\"https:\/\/www.group-indigo.com\/es\/\",\"logo\":{\"@type\":\"ImageObject\",\"inLanguage\":\"es\",\"@id\":\"https:\/\/www.group-indigo.com\/es\/#\/schema\/logo\/image\/\",\"url\":\"https:\/\/www.group-indigo.com\/wp-content\/uploads\/2026\/03\/login-logo.svg\",\"contentUrl\":\"https:\/\/www.group-indigo.com\/wp-content\/uploads\/2026\/03\/login-logo.svg\",\"width\":223,\"height\":49,\"caption\":\"Groupe INDIGO\"},\"image\":{\"@id\":\"https:\/\/www.group-indigo.com\/es\/#\/schema\/logo\/image\/\"}}]}<\/script>\n<!-- \/ Yoast SEO plugin. -->","yoast_head_json":{"title":"Informaci\u00f3n legal - Groupe INDIGO","robots":{"index":"index","follow":"follow","max-snippet":"max-snippet:-1","max-image-preview":"max-image-preview:large","max-video-preview":"max-video-preview:-1"},"canonical":"https:\/\/www.group-indigo.com\/es\/informacion-legal\/","og_locale":"es_ES","og_type":"article","og_title":"Informaci\u00f3n legal - Groupe INDIGO","og_url":"https:\/\/www.group-indigo.com\/es\/informacion-legal\/","og_site_name":"Groupe INDIGO","article_modified_time":"2025-07-04T10:31:53+00:00","twitter_card":"summary_large_image","schema":{"@context":"https:\/\/schema.org","@graph":[{"@type":"WebPage","@id":"https:\/\/www.group-indigo.com\/es\/informacion-legal\/","url":"https:\/\/www.group-indigo.com\/es\/informacion-legal\/","name":"Informaci\u00f3n legal - Groupe INDIGO","isPartOf":{"@id":"https:\/\/www.group-indigo.com\/es\/#website"},"datePublished":"2025-01-07T13:50:41+00:00","dateModified":"2025-07-04T10:31:53+00:00","breadcrumb":{"@id":"https:\/\/www.group-indigo.com\/es\/informacion-legal\/#breadcrumb"},"inLanguage":"es","potentialAction":[{"@type":"ReadAction","target":["https:\/\/www.group-indigo.com\/es\/informacion-legal\/"]}]},{"@type":"BreadcrumbList","@id":"https:\/\/www.group-indigo.com\/es\/informacion-legal\/#breadcrumb","itemListElement":[{"@type":"ListItem","position":1,"name":"Home","item":"https:\/\/www.group-indigo.com\/es\/"},{"@type":"ListItem","position":2,"name":"Informaci\u00f3n legal"}]},{"@type":"WebSite","@id":"https:\/\/www.group-indigo.com\/es\/#website","url":"https:\/\/www.group-indigo.com\/es\/","name":"Groupe INDIGO","description":"","publisher":{"@id":"https:\/\/www.group-indigo.com\/es\/#organization"},"potentialAction":[{"@type":"SearchAction","target":{"@type":"EntryPoint","urlTemplate":"https:\/\/www.group-indigo.com\/es\/?s={search_term_string}"},"query-input":{"@type":"PropertyValueSpecification","valueRequired":true,"valueName":"search_term_string"}}],"inLanguage":"es"},{"@type":"Organization","@id":"https:\/\/www.group-indigo.com\/es\/#organization","name":"Groupe INDIGO","url":"https:\/\/www.group-indigo.com\/es\/","logo":{"@type":"ImageObject","inLanguage":"es","@id":"https:\/\/www.group-indigo.com\/es\/#\/schema\/logo\/image\/","url":"https:\/\/www.group-indigo.com\/wp-content\/uploads\/2026\/03\/login-logo.svg","contentUrl":"https:\/\/www.group-indigo.com\/wp-content\/uploads\/2026\/03\/login-logo.svg","width":223,"height":49,"caption":"Groupe INDIGO"},"image":{"@id":"https:\/\/www.group-indigo.com\/es\/#\/schema\/logo\/image\/"}}]}},"_links":{"self":[{"href":"https:\/\/www.group-indigo.com\/es\/wp-json\/wp\/v2\/pages\/1100082076","targetHints":{"allow":["GET"]}}],"collection":[{"href":"https:\/\/www.group-indigo.com\/es\/wp-json\/wp\/v2\/pages"}],"about":[{"href":"https:\/\/www.group-indigo.com\/es\/wp-json\/wp\/v2\/types\/page"}],"author":[{"embeddable":true,"href":"https:\/\/www.group-indigo.com\/es\/wp-json\/wp\/v2\/users\/1"}],"replies":[{"embeddable":true,"href":"https:\/\/www.group-indigo.com\/es\/wp-json\/wp\/v2\/comments?post=1100082076"}],"version-history":[{"count":2,"href":"https:\/\/www.group-indigo.com\/es\/wp-json\/wp\/v2\/pages\/1100082076\/revisions"}],"predecessor-version":[{"id":1100091957,"href":"https:\/\/www.group-indigo.com\/es\/wp-json\/wp\/v2\/pages\/1100082076\/revisions\/1100091957"}],"wp:attachment":[{"href":"https:\/\/www.group-indigo.com\/es\/wp-json\/wp\/v2\/media?parent=1100082076"}],"curies":[{"name":"wp","href":"https:\/\/api.w.org\/{rel}","templated":true}]}}