{"id":1100082094,"date":"2025-04-11T08:45:23","date_gmt":"2025-04-11T06:45:23","guid":{"rendered":"https:\/\/www.group-indigo.com\/alerta-de-incidente-cibernetico-del-grupo-indigo\/"},"modified":"2025-06-23T10:14:57","modified_gmt":"2025-06-23T08:14:57","slug":"alerta-de-incidente-cibernetico-del-grupo-indigo","status":"publish","type":"page","link":"https:\/\/www.group-indigo.com\/es\/alerta-de-incidente-cibernetico-del-grupo-indigo\/","title":{"rendered":"ALERTA DE INCIDENTE CIBERN\u00c9TICO DEL GRUPO INDIGO"},"content":{"rendered":"\n\n<section class=\"gut-block gut-texte bg-color-blanc\" >\n\t<div class=\"wrap\">\n\t\t<div class=\"texte wysiwyg-content\">\n\t\t\t<h3>ALERTA DE INCIDENTE CIBERN\u00c9TICO DEL GRUPO INDIGO<\/h3>\n<p>Actualizado el 24 de abril de 2025<\/p>\n<p>El Grupo INDIGO ha sido v\u00edctima de un incidente de seguridad que ha permitido a personas malintencionadas acceder a su sistema de informaci\u00f3n.<br \/>\nEste acto il\u00edcito ha podido dar lugar al acceso no autorizado a los datos personales de algunos de sus clientes. Hasta la fecha, no se ha detectado ning\u00fan uso fraudulento de estos datos. Las investigaciones siguen en curso.  <\/p>\n<p>En cuanto se descubri\u00f3 el incidente, adoptamos inmediatamente las medidas t\u00e9cnicas y de informaci\u00f3n adecuadas. El Grupo present\u00f3 una denuncia ante la fiscal\u00eda y notific\u00f3 el incidente a la CNIL, de acuerdo con sus obligaciones legales. Tambi\u00e9n inform\u00f3 individualmente a sus clientes de una posible filtraci\u00f3n de datos personales y de los riesgos asociados.<br \/>\nEsta comunicaci\u00f3n se acompa\u00f1\u00f3 de consejos y mensajes de prevenci\u00f3n, siguiendo las recomendaciones de los expertos, la CNIL y la ANSSI.  <\/p>\n<p>Presta atenci\u00f3n a los correos electr\u00f3nicos, cartas, mensajes de texto y llamadas que recibas. No respondas a ninguno que te parezca sospechoso. Destr\u00fayelos inmediatamente. Nunca hagas clic en enlaces contenidos en mensajes si no est\u00e1s seguro de su origen.   <\/p>\n<p>Te recomendamos que prestes especial atenci\u00f3n a cualquier posible indicio de usurpaci\u00f3n de identidad, como:<br \/>\n&#8211; Actividad sospechosa en tus cuentas bancarias<br \/>\n&#8211; Reenv\u00edo de correo no autorizado<br \/>\n&#8211; Portabilidad no autorizada de tu tel\u00e9fono m\u00f3vil<br \/>\n&#8211; Recepci\u00f3n de bienes o servicios que no has pedido<\/p>\n<p>Si sospechas de un uso fraudulento de tus datos personales, conserva todas las pruebas (mensajes, direcci\u00f3n del sitio web, capturas de pantalla, etc.).<\/p>\n<p>En general, ten cuidado cuando introduzcas datos en la web o recibas correos electr\u00f3nicos en los que se te pida que facilites o actualices informaci\u00f3n sobre ti.<br \/>\nPara protegerte contra la ingenier\u00eda social (intentos de manipularte para que compartas tu informaci\u00f3n personal):<br \/>\n&#8211; Desconf\u00eda de cualquiera que se ponga en contacto contigo y te pida informaci\u00f3n personal o autorizaciones de acceso, aunque parezca conocer otros detalles sobre ti<br \/>\n&#8211; No respondas a correos electr\u00f3nicos o mensajes de texto en los que te pidan informaci\u00f3n personal &#8211; pocas organizaciones leg\u00edtimas te pedir\u00e1n informaci\u00f3n personal por correo electr\u00f3nico o mensaje de texto<br \/>\n&#8211; Ten cuidado con las llamadas telef\u00f3nicas no solicitadas que afirmen proceder de una autoridad administrativa, de la seguridad social o de una empresa.<\/p>\n<p>INDIGO nunca se pondr\u00e1 en contacto contigo por tel\u00e9fono para obtener dicha informaci\u00f3n. Si necesitas m\u00e1s consejos sobre c\u00f3mo proteger tu informaci\u00f3n personal, tambi\u00e9n te invitamos a consultar la siguiente p\u00e1gina: https: <a href=\"https:\/\/www.cybermalveillance.gouv.fr\/cybermenaces\">\/\/www.cybermalveillance.gouv.fr\/cybermenaces<\/a> <\/p>\n\t\t<\/div>\n\t<\/div>\n<\/section>","protected":false},"excerpt":{"rendered":"","protected":false},"author":10,"featured_media":0,"parent":0,"menu_order":0,"comment_status":"closed","ping_status":"closed","template":"","meta":{"_acf_changed":false,"inline_featured_image":false,"footnotes":""},"class_list":["post-1100082094","page","type-page","status-publish","hentry"],"acf":[],"yoast_head":"<!-- This site is optimized with the Yoast SEO plugin v27.2 - https:\/\/yoast.com\/product\/yoast-seo-wordpress\/ -->\n<title>ALERTA DE INCIDENTE CIBERN\u00c9TICO DEL GRUPO INDIGO - Groupe INDIGO<\/title>\n<meta name=\"robots\" content=\"index, follow, max-snippet:-1, max-image-preview:large, max-video-preview:-1\" \/>\n<link rel=\"canonical\" href=\"https:\/\/www.group-indigo.com\/es\/alerta-de-incidente-cibernetico-del-grupo-indigo\/\" \/>\n<meta property=\"og:locale\" content=\"es_ES\" \/>\n<meta property=\"og:type\" content=\"article\" \/>\n<meta property=\"og:title\" content=\"ALERTA DE INCIDENTE CIBERN\u00c9TICO DEL GRUPO INDIGO - Groupe INDIGO\" \/>\n<meta property=\"og:url\" content=\"https:\/\/www.group-indigo.com\/es\/alerta-de-incidente-cibernetico-del-grupo-indigo\/\" \/>\n<meta property=\"og:site_name\" content=\"Groupe INDIGO\" \/>\n<meta property=\"article:modified_time\" content=\"2025-06-23T08:14:57+00:00\" \/>\n<meta name=\"twitter:card\" content=\"summary_large_image\" \/>\n<script type=\"application\/ld+json\" class=\"yoast-schema-graph\">{\"@context\":\"https:\/\/schema.org\",\"@graph\":[{\"@type\":\"WebPage\",\"@id\":\"https:\/\/www.group-indigo.com\/es\/alerta-de-incidente-cibernetico-del-grupo-indigo\/\",\"url\":\"https:\/\/www.group-indigo.com\/es\/alerta-de-incidente-cibernetico-del-grupo-indigo\/\",\"name\":\"ALERTA DE INCIDENTE CIBERN\u00c9TICO DEL GRUPO INDIGO - Groupe INDIGO\",\"isPartOf\":{\"@id\":\"https:\/\/www.group-indigo.com\/es\/#website\"},\"datePublished\":\"2025-04-11T06:45:23+00:00\",\"dateModified\":\"2025-06-23T08:14:57+00:00\",\"breadcrumb\":{\"@id\":\"https:\/\/www.group-indigo.com\/es\/alerta-de-incidente-cibernetico-del-grupo-indigo\/#breadcrumb\"},\"inLanguage\":\"es\",\"potentialAction\":[{\"@type\":\"ReadAction\",\"target\":[\"https:\/\/www.group-indigo.com\/es\/alerta-de-incidente-cibernetico-del-grupo-indigo\/\"]}]},{\"@type\":\"BreadcrumbList\",\"@id\":\"https:\/\/www.group-indigo.com\/es\/alerta-de-incidente-cibernetico-del-grupo-indigo\/#breadcrumb\",\"itemListElement\":[{\"@type\":\"ListItem\",\"position\":1,\"name\":\"Home\",\"item\":\"https:\/\/www.group-indigo.com\/es\/\"},{\"@type\":\"ListItem\",\"position\":2,\"name\":\"ALERTA DE INCIDENTE CIBERN\u00c9TICO DEL GRUPO INDIGO\"}]},{\"@type\":\"WebSite\",\"@id\":\"https:\/\/www.group-indigo.com\/es\/#website\",\"url\":\"https:\/\/www.group-indigo.com\/es\/\",\"name\":\"Groupe INDIGO\",\"description\":\"\",\"publisher\":{\"@id\":\"https:\/\/www.group-indigo.com\/es\/#organization\"},\"potentialAction\":[{\"@type\":\"SearchAction\",\"target\":{\"@type\":\"EntryPoint\",\"urlTemplate\":\"https:\/\/www.group-indigo.com\/es\/?s={search_term_string}\"},\"query-input\":{\"@type\":\"PropertyValueSpecification\",\"valueRequired\":true,\"valueName\":\"search_term_string\"}}],\"inLanguage\":\"es\"},{\"@type\":\"Organization\",\"@id\":\"https:\/\/www.group-indigo.com\/es\/#organization\",\"name\":\"Groupe INDIGO\",\"url\":\"https:\/\/www.group-indigo.com\/es\/\",\"logo\":{\"@type\":\"ImageObject\",\"inLanguage\":\"es\",\"@id\":\"https:\/\/www.group-indigo.com\/es\/#\/schema\/logo\/image\/\",\"url\":\"https:\/\/www.group-indigo.com\/wp-content\/uploads\/2026\/03\/login-logo.svg\",\"contentUrl\":\"https:\/\/www.group-indigo.com\/wp-content\/uploads\/2026\/03\/login-logo.svg\",\"width\":223,\"height\":49,\"caption\":\"Groupe INDIGO\"},\"image\":{\"@id\":\"https:\/\/www.group-indigo.com\/es\/#\/schema\/logo\/image\/\"}}]}<\/script>\n<!-- \/ Yoast SEO plugin. -->","yoast_head_json":{"title":"ALERTA DE INCIDENTE CIBERN\u00c9TICO DEL GRUPO INDIGO - Groupe INDIGO","robots":{"index":"index","follow":"follow","max-snippet":"max-snippet:-1","max-image-preview":"max-image-preview:large","max-video-preview":"max-video-preview:-1"},"canonical":"https:\/\/www.group-indigo.com\/es\/alerta-de-incidente-cibernetico-del-grupo-indigo\/","og_locale":"es_ES","og_type":"article","og_title":"ALERTA DE INCIDENTE CIBERN\u00c9TICO DEL GRUPO INDIGO - Groupe INDIGO","og_url":"https:\/\/www.group-indigo.com\/es\/alerta-de-incidente-cibernetico-del-grupo-indigo\/","og_site_name":"Groupe INDIGO","article_modified_time":"2025-06-23T08:14:57+00:00","twitter_card":"summary_large_image","schema":{"@context":"https:\/\/schema.org","@graph":[{"@type":"WebPage","@id":"https:\/\/www.group-indigo.com\/es\/alerta-de-incidente-cibernetico-del-grupo-indigo\/","url":"https:\/\/www.group-indigo.com\/es\/alerta-de-incidente-cibernetico-del-grupo-indigo\/","name":"ALERTA DE INCIDENTE CIBERN\u00c9TICO DEL GRUPO INDIGO - Groupe INDIGO","isPartOf":{"@id":"https:\/\/www.group-indigo.com\/es\/#website"},"datePublished":"2025-04-11T06:45:23+00:00","dateModified":"2025-06-23T08:14:57+00:00","breadcrumb":{"@id":"https:\/\/www.group-indigo.com\/es\/alerta-de-incidente-cibernetico-del-grupo-indigo\/#breadcrumb"},"inLanguage":"es","potentialAction":[{"@type":"ReadAction","target":["https:\/\/www.group-indigo.com\/es\/alerta-de-incidente-cibernetico-del-grupo-indigo\/"]}]},{"@type":"BreadcrumbList","@id":"https:\/\/www.group-indigo.com\/es\/alerta-de-incidente-cibernetico-del-grupo-indigo\/#breadcrumb","itemListElement":[{"@type":"ListItem","position":1,"name":"Home","item":"https:\/\/www.group-indigo.com\/es\/"},{"@type":"ListItem","position":2,"name":"ALERTA DE INCIDENTE CIBERN\u00c9TICO DEL GRUPO INDIGO"}]},{"@type":"WebSite","@id":"https:\/\/www.group-indigo.com\/es\/#website","url":"https:\/\/www.group-indigo.com\/es\/","name":"Groupe INDIGO","description":"","publisher":{"@id":"https:\/\/www.group-indigo.com\/es\/#organization"},"potentialAction":[{"@type":"SearchAction","target":{"@type":"EntryPoint","urlTemplate":"https:\/\/www.group-indigo.com\/es\/?s={search_term_string}"},"query-input":{"@type":"PropertyValueSpecification","valueRequired":true,"valueName":"search_term_string"}}],"inLanguage":"es"},{"@type":"Organization","@id":"https:\/\/www.group-indigo.com\/es\/#organization","name":"Groupe INDIGO","url":"https:\/\/www.group-indigo.com\/es\/","logo":{"@type":"ImageObject","inLanguage":"es","@id":"https:\/\/www.group-indigo.com\/es\/#\/schema\/logo\/image\/","url":"https:\/\/www.group-indigo.com\/wp-content\/uploads\/2026\/03\/login-logo.svg","contentUrl":"https:\/\/www.group-indigo.com\/wp-content\/uploads\/2026\/03\/login-logo.svg","width":223,"height":49,"caption":"Groupe INDIGO"},"image":{"@id":"https:\/\/www.group-indigo.com\/es\/#\/schema\/logo\/image\/"}}]}},"_links":{"self":[{"href":"https:\/\/www.group-indigo.com\/es\/wp-json\/wp\/v2\/pages\/1100082094","targetHints":{"allow":["GET"]}}],"collection":[{"href":"https:\/\/www.group-indigo.com\/es\/wp-json\/wp\/v2\/pages"}],"about":[{"href":"https:\/\/www.group-indigo.com\/es\/wp-json\/wp\/v2\/types\/page"}],"author":[{"embeddable":true,"href":"https:\/\/www.group-indigo.com\/es\/wp-json\/wp\/v2\/users\/10"}],"replies":[{"embeddable":true,"href":"https:\/\/www.group-indigo.com\/es\/wp-json\/wp\/v2\/comments?post=1100082094"}],"version-history":[{"count":1,"href":"https:\/\/www.group-indigo.com\/es\/wp-json\/wp\/v2\/pages\/1100082094\/revisions"}],"predecessor-version":[{"id":1100082095,"href":"https:\/\/www.group-indigo.com\/es\/wp-json\/wp\/v2\/pages\/1100082094\/revisions\/1100082095"}],"wp:attachment":[{"href":"https:\/\/www.group-indigo.com\/es\/wp-json\/wp\/v2\/media?parent=1100082094"}],"curies":[{"name":"wp","href":"https:\/\/api.w.org\/{rel}","templated":true}]}}