{"id":1100082109,"date":"2025-03-12T17:04:30","date_gmt":"2025-03-12T16:04:30","guid":{"rendered":"https:\/\/www.group-indigo.com\/informacion-sobre-datos-publicados\/"},"modified":"2025-06-23T10:17:10","modified_gmt":"2025-06-23T08:17:10","slug":"informacion-sobre-datos-publicados","status":"publish","type":"page","link":"https:\/\/www.group-indigo.com\/es\/informacion-sobre-datos-publicados\/","title":{"rendered":"Informaci\u00f3n sobre datos publicados"},"content":{"rendered":"\r\n<section class=\"gut-block gut-hero-simple type-classique\" >\r\n\t<div class=\"bg\">\r\n\t\t<div class=\"wrap\"><\/div>\r\n\t<\/div>\r\n\r\n\t<div class=\"wrap\">\r\n\t\t\r\n\t\t\t\t\t<div class=\"grid-container\">\r\n\t\t\t\t<div class=\"grid-el-tb-12\">\r\n\t\t\t\t\t<nav class=\"breadcrumb\" role=\"navigation\" aria-label=\"Rastro de migas de pan :\">\r\n\t<ul class=\"breadcrumb-list\">\r\n\t\t<li class=\"breadcrumb-item\">\r\n\t\t\t<a href=\"https:\/\/www.group-indigo.com\/es\/\">Inicio<\/a>\r\n\t\t<\/li>\r\n\r\n\t\t\t\t\t\t\t\t\t\t\t<li class=\"breadcrumb-item\" aria-current=\"page\">\r\n\t\t\t\t\t\tInformaci\u00f3n sobre datos publicados\t\t\t\t\t<\/li>\r\n\t\t\t\t\t\t\t\t\t\t<\/ul>\r\n<\/nav>\t\t\t\t<\/div>\r\n\r\n\t\t\t\t<div class=\"content-part grid-container\">\r\n\t\t\t\t\t<div class=\"grid-el-tb-6\">\r\n\t\t\t\t\t\t\r\n\t\t\t\t\t\t\t\t\t\t\t\t\t<h1 class=\"block-title titre-h2\">Detalles de los datos presentados por el Grupo INDIGO<\/h1>\r\n\t\t\t\t\t\t\t\t\t\t\t<\/div>\r\n\r\n\t\t\t\t\t<div class=\"textes grid-el-tb-5 grid-el-md-4\">\r\n\t\t\t\t\t\t\r\n\t\t\t\t\t\t\r\n\t\t\t\t\t\t\t\t\t\t\t<\/div>\r\n\t\t\t\t<\/div>\r\n\t\t\t<\/div>\r\n\t\t\t<\/div>\r\n<\/section>\n\n<section class=\"gut-block gut-texte bg-color-blanc\" >\n\t<div class=\"wrap\">\n\t\t<div class=\"texte wysiwyg-content\">\n\t\t\t<p>El Grupo Indigo S.A. (la \u201cEmpresa\u201d) presenta datos financieros, operativos, sociales y medioambientales consolidados en diferentes formatos y alcances como parte de sus comunicaciones a trav\u00e9s de diversos medios, incluida su p\u00e1gina web www.indigo-group.com. Estas diferencias, motivadas por el deseo de ofrecer una imagen m\u00e1s completa de las actividades del Grupo INDIGO (el \u201cGrupo\u201d), est\u00e1n relacionadas, en particular, con la existencia de empresas conjuntas en las que el Grupo posee una participaci\u00f3n significativa en el capital, no superior al 50%, pero sobre las que no ejerce un control exclusivo, como en Suiza (con la empresa Parking du Centre &#8211; Flon S.A. &#8211; anteriormente denominada Indigo Suisse S.A.). Smovengo S.A.S y ParcBrux, hist\u00f3ricamente participadas al 40,49% y al 50% respectivamente, pasar\u00e1n a consolidarse plenamente tras su adquisici\u00f3n al 100% durante 2024.  <\/p>\n<p>Esta nota resume la forma en que se trata este tema en los distintos medios de comunicaci\u00f3n del Grupo. Para m\u00e1s detalles, se invita a los lectores a consultar los documentos en cuesti\u00f3n, y en particular las notas a los estados financieros consolidados de la empresa y su informe de sostenibilidad. <\/p>\n<p>\u00a0<\/p>\n<p><strong>Datos financieros<\/strong><\/p>\n<p>Los estados financieros consolidados estatutarios del Grupo se preparan de acuerdo con las NIIF, y las empresas conjuntas se consolidan utilizando el m\u00e9todo de puesta en equivalencia. Para complementar estos datos con una visi\u00f3n m\u00e1s econ\u00f3mica de la esencia del Grupo, la Sociedad tambi\u00e9n divulga determinados datos financieros (como las ventas, el EBITDA o la deuda neta) en un formato conocido como \u201cProporcional Global\u201d, definido como los datos consolidados conforme a las NIIF ajustados por la contribuci\u00f3n proporcional de las actividades del Grupo en las empresas conjuntas, como si \u00e9stas se consolidaran proporcionalmente. <\/p>\n<p>\u00a0<\/p>\n<p><strong>Datos operativos<\/strong><\/p>\n<p>El Grupo presenta cierta cantidad de datos operativos (como el n\u00famero de pa\u00edses y ciudades en los que est\u00e1 presente, o el n\u00famero de plazas de aparcamiento y aparcamientos que gestiona) sobre la base de una visi\u00f3n global que incluye el 100% de los datos relativos a las empresas conjuntas, como si estuvieran consolidadas por integraci\u00f3n global y no se contabilizaran por el m\u00e9todo de puesta en equivalencia o el m\u00e9todo de consolidaci\u00f3n proporcional. Es dif\u00edcil reducir los datos correspondientes a la participaci\u00f3n del Grupo en estas empresas conjuntas. <\/p>\n<p>\u00a0<\/p>\n<p><strong>Datos sociales<\/strong><\/p>\n<p>La plantilla se contabiliza en su totalidad, sobre la base de una visi\u00f3n global que incluye el 100% de los datos relativos a las empresas conjuntas. Tal y como se indica en las notas a los estados financieros consolidados de la empresa y en el informe de sostenibilidad, la plantilla total del Grupo a 31 de diciembre de 2024 era de 10.201 empleados. El Informe de sostenibilidad incluye otros datos sociales y especifica para cada uno de ellos el alcance utilizado si difiere del indicado anteriormente.  <\/p>\n<p>\u00a0<\/p>\n<p><strong>Datos medioambientales<\/strong><\/p>\n<p>El alcance de los informes medioambientales abarca todas las filiales controladas de la Divisi\u00f3n de Aparcamientos del Grupo, es decir, un total de 10 pa\u00edses: Andorra, B\u00e9lgica, Brasil, Canad\u00e1, Colombia, Espa\u00f1a, Francia, Luxemburgo, Polonia y Suiza.<\/p>\n\t\t<\/div>\n\t<\/div>\n<\/section>","protected":false},"excerpt":{"rendered":"","protected":false},"author":5,"featured_media":0,"parent":0,"menu_order":0,"comment_status":"closed","ping_status":"closed","template":"","meta":{"_acf_changed":false,"inline_featured_image":false,"footnotes":""},"class_list":["post-1100082109","page","type-page","status-publish","hentry"],"acf":[],"yoast_head":"<!-- This site is optimized with the Yoast SEO plugin v27.2 - https:\/\/yoast.com\/product\/yoast-seo-wordpress\/ -->\n<title>Informaci\u00f3n sobre datos publicados - Groupe INDIGO<\/title>\n<meta name=\"robots\" content=\"index, follow, max-snippet:-1, max-image-preview:large, max-video-preview:-1\" \/>\n<link rel=\"canonical\" href=\"https:\/\/www.group-indigo.com\/es\/informacion-sobre-datos-publicados\/\" \/>\n<meta property=\"og:locale\" content=\"es_ES\" \/>\n<meta property=\"og:type\" content=\"article\" \/>\n<meta property=\"og:title\" content=\"Informaci\u00f3n sobre datos publicados - Groupe INDIGO\" \/>\n<meta property=\"og:url\" content=\"https:\/\/www.group-indigo.com\/es\/informacion-sobre-datos-publicados\/\" \/>\n<meta property=\"og:site_name\" content=\"Groupe INDIGO\" \/>\n<meta property=\"article:modified_time\" content=\"2025-06-23T08:17:10+00:00\" \/>\n<meta name=\"twitter:card\" content=\"summary_large_image\" \/>\n<script type=\"application\/ld+json\" class=\"yoast-schema-graph\">{\"@context\":\"https:\/\/schema.org\",\"@graph\":[{\"@type\":\"WebPage\",\"@id\":\"https:\/\/www.group-indigo.com\/es\/informacion-sobre-datos-publicados\/\",\"url\":\"https:\/\/www.group-indigo.com\/es\/informacion-sobre-datos-publicados\/\",\"name\":\"Informaci\u00f3n sobre datos publicados - Groupe INDIGO\",\"isPartOf\":{\"@id\":\"https:\/\/www.group-indigo.com\/es\/#website\"},\"datePublished\":\"2025-03-12T16:04:30+00:00\",\"dateModified\":\"2025-06-23T08:17:10+00:00\",\"breadcrumb\":{\"@id\":\"https:\/\/www.group-indigo.com\/es\/informacion-sobre-datos-publicados\/#breadcrumb\"},\"inLanguage\":\"es\",\"potentialAction\":[{\"@type\":\"ReadAction\",\"target\":[\"https:\/\/www.group-indigo.com\/es\/informacion-sobre-datos-publicados\/\"]}]},{\"@type\":\"BreadcrumbList\",\"@id\":\"https:\/\/www.group-indigo.com\/es\/informacion-sobre-datos-publicados\/#breadcrumb\",\"itemListElement\":[{\"@type\":\"ListItem\",\"position\":1,\"name\":\"Home\",\"item\":\"https:\/\/www.group-indigo.com\/es\/\"},{\"@type\":\"ListItem\",\"position\":2,\"name\":\"Informaci\u00f3n sobre datos publicados\"}]},{\"@type\":\"WebSite\",\"@id\":\"https:\/\/www.group-indigo.com\/es\/#website\",\"url\":\"https:\/\/www.group-indigo.com\/es\/\",\"name\":\"Groupe INDIGO\",\"description\":\"\",\"publisher\":{\"@id\":\"https:\/\/www.group-indigo.com\/es\/#organization\"},\"potentialAction\":[{\"@type\":\"SearchAction\",\"target\":{\"@type\":\"EntryPoint\",\"urlTemplate\":\"https:\/\/www.group-indigo.com\/es\/?s={search_term_string}\"},\"query-input\":{\"@type\":\"PropertyValueSpecification\",\"valueRequired\":true,\"valueName\":\"search_term_string\"}}],\"inLanguage\":\"es\"},{\"@type\":\"Organization\",\"@id\":\"https:\/\/www.group-indigo.com\/es\/#organization\",\"name\":\"Groupe INDIGO\",\"url\":\"https:\/\/www.group-indigo.com\/es\/\",\"logo\":{\"@type\":\"ImageObject\",\"inLanguage\":\"es\",\"@id\":\"https:\/\/www.group-indigo.com\/es\/#\/schema\/logo\/image\/\",\"url\":\"https:\/\/www.group-indigo.com\/wp-content\/uploads\/2026\/03\/login-logo.svg\",\"contentUrl\":\"https:\/\/www.group-indigo.com\/wp-content\/uploads\/2026\/03\/login-logo.svg\",\"width\":223,\"height\":49,\"caption\":\"Groupe INDIGO\"},\"image\":{\"@id\":\"https:\/\/www.group-indigo.com\/es\/#\/schema\/logo\/image\/\"}}]}<\/script>\n<!-- \/ Yoast SEO plugin. -->","yoast_head_json":{"title":"Informaci\u00f3n sobre datos publicados - Groupe INDIGO","robots":{"index":"index","follow":"follow","max-snippet":"max-snippet:-1","max-image-preview":"max-image-preview:large","max-video-preview":"max-video-preview:-1"},"canonical":"https:\/\/www.group-indigo.com\/es\/informacion-sobre-datos-publicados\/","og_locale":"es_ES","og_type":"article","og_title":"Informaci\u00f3n sobre datos publicados - Groupe INDIGO","og_url":"https:\/\/www.group-indigo.com\/es\/informacion-sobre-datos-publicados\/","og_site_name":"Groupe INDIGO","article_modified_time":"2025-06-23T08:17:10+00:00","twitter_card":"summary_large_image","schema":{"@context":"https:\/\/schema.org","@graph":[{"@type":"WebPage","@id":"https:\/\/www.group-indigo.com\/es\/informacion-sobre-datos-publicados\/","url":"https:\/\/www.group-indigo.com\/es\/informacion-sobre-datos-publicados\/","name":"Informaci\u00f3n sobre datos publicados - Groupe INDIGO","isPartOf":{"@id":"https:\/\/www.group-indigo.com\/es\/#website"},"datePublished":"2025-03-12T16:04:30+00:00","dateModified":"2025-06-23T08:17:10+00:00","breadcrumb":{"@id":"https:\/\/www.group-indigo.com\/es\/informacion-sobre-datos-publicados\/#breadcrumb"},"inLanguage":"es","potentialAction":[{"@type":"ReadAction","target":["https:\/\/www.group-indigo.com\/es\/informacion-sobre-datos-publicados\/"]}]},{"@type":"BreadcrumbList","@id":"https:\/\/www.group-indigo.com\/es\/informacion-sobre-datos-publicados\/#breadcrumb","itemListElement":[{"@type":"ListItem","position":1,"name":"Home","item":"https:\/\/www.group-indigo.com\/es\/"},{"@type":"ListItem","position":2,"name":"Informaci\u00f3n sobre datos publicados"}]},{"@type":"WebSite","@id":"https:\/\/www.group-indigo.com\/es\/#website","url":"https:\/\/www.group-indigo.com\/es\/","name":"Groupe INDIGO","description":"","publisher":{"@id":"https:\/\/www.group-indigo.com\/es\/#organization"},"potentialAction":[{"@type":"SearchAction","target":{"@type":"EntryPoint","urlTemplate":"https:\/\/www.group-indigo.com\/es\/?s={search_term_string}"},"query-input":{"@type":"PropertyValueSpecification","valueRequired":true,"valueName":"search_term_string"}}],"inLanguage":"es"},{"@type":"Organization","@id":"https:\/\/www.group-indigo.com\/es\/#organization","name":"Groupe INDIGO","url":"https:\/\/www.group-indigo.com\/es\/","logo":{"@type":"ImageObject","inLanguage":"es","@id":"https:\/\/www.group-indigo.com\/es\/#\/schema\/logo\/image\/","url":"https:\/\/www.group-indigo.com\/wp-content\/uploads\/2026\/03\/login-logo.svg","contentUrl":"https:\/\/www.group-indigo.com\/wp-content\/uploads\/2026\/03\/login-logo.svg","width":223,"height":49,"caption":"Groupe INDIGO"},"image":{"@id":"https:\/\/www.group-indigo.com\/es\/#\/schema\/logo\/image\/"}}]}},"_links":{"self":[{"href":"https:\/\/www.group-indigo.com\/es\/wp-json\/wp\/v2\/pages\/1100082109","targetHints":{"allow":["GET"]}}],"collection":[{"href":"https:\/\/www.group-indigo.com\/es\/wp-json\/wp\/v2\/pages"}],"about":[{"href":"https:\/\/www.group-indigo.com\/es\/wp-json\/wp\/v2\/types\/page"}],"author":[{"embeddable":true,"href":"https:\/\/www.group-indigo.com\/es\/wp-json\/wp\/v2\/users\/5"}],"replies":[{"embeddable":true,"href":"https:\/\/www.group-indigo.com\/es\/wp-json\/wp\/v2\/comments?post=1100082109"}],"version-history":[{"count":1,"href":"https:\/\/www.group-indigo.com\/es\/wp-json\/wp\/v2\/pages\/1100082109\/revisions"}],"predecessor-version":[{"id":1100082110,"href":"https:\/\/www.group-indigo.com\/es\/wp-json\/wp\/v2\/pages\/1100082109\/revisions\/1100082110"}],"wp:attachment":[{"href":"https:\/\/www.group-indigo.com\/es\/wp-json\/wp\/v2\/media?parent=1100082109"}],"curies":[{"name":"wp","href":"https:\/\/api.w.org\/{rel}","templated":true}]}}