{"id":1100082113,"date":"2025-03-06T17:10:30","date_gmt":"2025-03-06T16:10:30","guid":{"rendered":"https:\/\/www.group-indigo.com\/alerta-de-fraude\/"},"modified":"2025-06-23T10:17:38","modified_gmt":"2025-06-23T08:17:38","slug":"alerta-de-fraude","status":"publish","type":"page","link":"https:\/\/www.group-indigo.com\/es\/alerta-de-fraude\/","title":{"rendered":"Alerta de fraude"},"content":{"rendered":"\r\n<section class=\"gut-block gut-hero-simple type-classique\" >\r\n\t<div class=\"bg\">\r\n\t\t<div class=\"wrap\"><\/div>\r\n\t<\/div>\r\n\r\n\t<div class=\"wrap\">\r\n\t\t\r\n\t\t\t\t\t<div class=\"grid-container\">\r\n\t\t\t\t<div class=\"grid-el-tb-12\">\r\n\t\t\t\t\t<nav class=\"breadcrumb\" role=\"navigation\" aria-label=\"Rastro de migas de pan :\">\r\n\t<ul class=\"breadcrumb-list\">\r\n\t\t<li class=\"breadcrumb-item\">\r\n\t\t\t<a href=\"https:\/\/www.group-indigo.com\/es\/\">Inicio<\/a>\r\n\t\t<\/li>\r\n\r\n\t\t\t\t\t\t\t\t\t\t\t<li class=\"breadcrumb-item\" aria-current=\"page\">\r\n\t\t\t\t\t\tAlerta de fraude\t\t\t\t\t<\/li>\r\n\t\t\t\t\t\t\t\t\t\t<\/ul>\r\n<\/nav>\t\t\t\t<\/div>\r\n\r\n\t\t\t\t<div class=\"content-part grid-container\">\r\n\t\t\t\t\t<div class=\"grid-el-tb-6\">\r\n\t\t\t\t\t\t\r\n\t\t\t\t\t\t\t\t\t\t\t\t\t<h1 class=\"block-title titre-h2\">Alerta de fraude<\/h1>\r\n\t\t\t\t\t\t\t\t\t\t\t<\/div>\r\n\r\n\t\t\t\t\t<div class=\"textes grid-el-tb-5 grid-el-md-4\">\r\n\t\t\t\t\t\t\t\t\t\t\t\t\t<div class=\"texte wysiwyg-content\">\r\n\t\t\t\t\t\t\t\t<p>Nos gustar\u00eda llamar tu atenci\u00f3n sobre la existencia de estafas por parte de personas que usurpan la marca INDIGO o los nombres de nuestros empleados. Te pedimos que est\u00e9s muy atento.   <\/p>\r\n\t\t\t\t\t\t\t<\/div>\r\n\t\t\t\t\t\t\r\n\t\t\t\t\t\t\r\n\t\t\t\t\t\t\t\t\t\t\t<\/div>\r\n\t\t\t\t<\/div>\r\n\t\t\t<\/div>\r\n\t\t\t<\/div>\r\n<\/section>\n\n<section class=\"gut-block gut-texte bg-color-blanc\" >\n\t<div class=\"wrap\">\n\t\t<div class=\"texte wysiwyg-content\">\n\t\t\t<p>El Grupo INDIGO ha tenido conocimiento de que su nombre est\u00e1 siendo utilizado con fines fraudulentos por personas f\u00edsicas o jur\u00eddicas que ofrecen invertir en inmuebles de aparcamientos en los que INDIGO es \u201csocio\u201d, o que se hacen pasar por sus empleados.<\/p>\n<p>El Grupo INDIGO nunca ha contratado con ellos ni los ha solicitado; se trata de actividades y hechos fraudulentos.<\/p>\n<p>Es necesario extremar la vigilancia, ya que pueden utilizar direcciones postales, correos electr\u00f3nicos o documentos muy similares a los del grupo INDIGO.<\/p>\n<p>Te invitamos a presentar una denuncia, como ya hemos hecho nosotros, si has sido v\u00edctima de sus acciones, y a denunciar cualquier elemento fraudulento en el portal oficial de denuncia de contenidos ilegales en Internet: <a href=\"https:\/\/www.internet-signalement.gouv.fr\/PharosS1\/\" target=\"_blank\" rel=\"noopener\">internet-signalement.gouv.fr.<\/a><\/p>\n<p>Para m\u00e1s informaci\u00f3n, consulta la advertencia de la AMF en <a href=\"https:\/\/www.amf-france.org\/fr\/actualites-publications\/communiques\/communiques-de-lamf\/lamf-appelle-les-epargnants-la-plus-grande-vigilance-face-aux-propositions-dinvestissement-dans-les\" target=\"_blank\" rel=\"noopener\">su comunicado de prensa del 16 de junio de 2020<\/a> y de nuevo en <a href=\"https:\/\/www.amf-france.org\/fr\/actualites-publications\/communiques\/communiques-de-lamf\/lamf-met-en-garde-le-public-lencontre-doffres-frauduleuses-dinvestissement-dans-la-transition\" target=\"_blank\" rel=\"noopener\">su comunicado de prensa del 2 de noviembre de 2022<\/a>, as\u00ed como la <a href=\"https:\/\/www.abe-infoservice.fr\/liste-noire\/listes-noires-et-alertes-des-autorites\" target=\"_blank\" rel=\"noopener\">lista negra elaborada por la ACPR, la Banque de France y la AMF<\/a>.<\/p>\n\t\t<\/div>\n\t<\/div>\n<\/section>","protected":false},"excerpt":{"rendered":"","protected":false},"author":10,"featured_media":0,"parent":0,"menu_order":0,"comment_status":"closed","ping_status":"closed","template":"","meta":{"_acf_changed":false,"inline_featured_image":false,"footnotes":""},"class_list":["post-1100082113","page","type-page","status-publish","hentry"],"acf":[],"yoast_head":"<!-- This site is optimized with the Yoast SEO plugin v27.2 - https:\/\/yoast.com\/product\/yoast-seo-wordpress\/ -->\n<title>Alerta de fraude - Groupe INDIGO<\/title>\n<meta name=\"robots\" content=\"index, follow, max-snippet:-1, max-image-preview:large, max-video-preview:-1\" \/>\n<link rel=\"canonical\" href=\"https:\/\/www.group-indigo.com\/es\/alerta-de-fraude\/\" \/>\n<meta property=\"og:locale\" content=\"es_ES\" \/>\n<meta property=\"og:type\" content=\"article\" \/>\n<meta property=\"og:title\" content=\"Alerta de fraude - Groupe INDIGO\" \/>\n<meta property=\"og:url\" content=\"https:\/\/www.group-indigo.com\/es\/alerta-de-fraude\/\" \/>\n<meta property=\"og:site_name\" content=\"Groupe INDIGO\" \/>\n<meta property=\"article:modified_time\" content=\"2025-06-23T08:17:38+00:00\" \/>\n<meta name=\"twitter:card\" content=\"summary_large_image\" \/>\n<script type=\"application\/ld+json\" class=\"yoast-schema-graph\">{\"@context\":\"https:\/\/schema.org\",\"@graph\":[{\"@type\":\"WebPage\",\"@id\":\"https:\/\/www.group-indigo.com\/es\/alerta-de-fraude\/\",\"url\":\"https:\/\/www.group-indigo.com\/es\/alerta-de-fraude\/\",\"name\":\"Alerta de fraude - Groupe INDIGO\",\"isPartOf\":{\"@id\":\"https:\/\/www.group-indigo.com\/es\/#website\"},\"datePublished\":\"2025-03-06T16:10:30+00:00\",\"dateModified\":\"2025-06-23T08:17:38+00:00\",\"breadcrumb\":{\"@id\":\"https:\/\/www.group-indigo.com\/es\/alerta-de-fraude\/#breadcrumb\"},\"inLanguage\":\"es\",\"potentialAction\":[{\"@type\":\"ReadAction\",\"target\":[\"https:\/\/www.group-indigo.com\/es\/alerta-de-fraude\/\"]}]},{\"@type\":\"BreadcrumbList\",\"@id\":\"https:\/\/www.group-indigo.com\/es\/alerta-de-fraude\/#breadcrumb\",\"itemListElement\":[{\"@type\":\"ListItem\",\"position\":1,\"name\":\"Home\",\"item\":\"https:\/\/www.group-indigo.com\/es\/\"},{\"@type\":\"ListItem\",\"position\":2,\"name\":\"Alerta de fraude\"}]},{\"@type\":\"WebSite\",\"@id\":\"https:\/\/www.group-indigo.com\/es\/#website\",\"url\":\"https:\/\/www.group-indigo.com\/es\/\",\"name\":\"Groupe INDIGO\",\"description\":\"\",\"publisher\":{\"@id\":\"https:\/\/www.group-indigo.com\/es\/#organization\"},\"potentialAction\":[{\"@type\":\"SearchAction\",\"target\":{\"@type\":\"EntryPoint\",\"urlTemplate\":\"https:\/\/www.group-indigo.com\/es\/?s={search_term_string}\"},\"query-input\":{\"@type\":\"PropertyValueSpecification\",\"valueRequired\":true,\"valueName\":\"search_term_string\"}}],\"inLanguage\":\"es\"},{\"@type\":\"Organization\",\"@id\":\"https:\/\/www.group-indigo.com\/es\/#organization\",\"name\":\"Groupe INDIGO\",\"url\":\"https:\/\/www.group-indigo.com\/es\/\",\"logo\":{\"@type\":\"ImageObject\",\"inLanguage\":\"es\",\"@id\":\"https:\/\/www.group-indigo.com\/es\/#\/schema\/logo\/image\/\",\"url\":\"https:\/\/www.group-indigo.com\/wp-content\/uploads\/2026\/03\/login-logo.svg\",\"contentUrl\":\"https:\/\/www.group-indigo.com\/wp-content\/uploads\/2026\/03\/login-logo.svg\",\"width\":223,\"height\":49,\"caption\":\"Groupe INDIGO\"},\"image\":{\"@id\":\"https:\/\/www.group-indigo.com\/es\/#\/schema\/logo\/image\/\"}}]}<\/script>\n<!-- \/ Yoast SEO plugin. -->","yoast_head_json":{"title":"Alerta de fraude - Groupe INDIGO","robots":{"index":"index","follow":"follow","max-snippet":"max-snippet:-1","max-image-preview":"max-image-preview:large","max-video-preview":"max-video-preview:-1"},"canonical":"https:\/\/www.group-indigo.com\/es\/alerta-de-fraude\/","og_locale":"es_ES","og_type":"article","og_title":"Alerta de fraude - Groupe INDIGO","og_url":"https:\/\/www.group-indigo.com\/es\/alerta-de-fraude\/","og_site_name":"Groupe INDIGO","article_modified_time":"2025-06-23T08:17:38+00:00","twitter_card":"summary_large_image","schema":{"@context":"https:\/\/schema.org","@graph":[{"@type":"WebPage","@id":"https:\/\/www.group-indigo.com\/es\/alerta-de-fraude\/","url":"https:\/\/www.group-indigo.com\/es\/alerta-de-fraude\/","name":"Alerta de fraude - Groupe INDIGO","isPartOf":{"@id":"https:\/\/www.group-indigo.com\/es\/#website"},"datePublished":"2025-03-06T16:10:30+00:00","dateModified":"2025-06-23T08:17:38+00:00","breadcrumb":{"@id":"https:\/\/www.group-indigo.com\/es\/alerta-de-fraude\/#breadcrumb"},"inLanguage":"es","potentialAction":[{"@type":"ReadAction","target":["https:\/\/www.group-indigo.com\/es\/alerta-de-fraude\/"]}]},{"@type":"BreadcrumbList","@id":"https:\/\/www.group-indigo.com\/es\/alerta-de-fraude\/#breadcrumb","itemListElement":[{"@type":"ListItem","position":1,"name":"Home","item":"https:\/\/www.group-indigo.com\/es\/"},{"@type":"ListItem","position":2,"name":"Alerta de fraude"}]},{"@type":"WebSite","@id":"https:\/\/www.group-indigo.com\/es\/#website","url":"https:\/\/www.group-indigo.com\/es\/","name":"Groupe INDIGO","description":"","publisher":{"@id":"https:\/\/www.group-indigo.com\/es\/#organization"},"potentialAction":[{"@type":"SearchAction","target":{"@type":"EntryPoint","urlTemplate":"https:\/\/www.group-indigo.com\/es\/?s={search_term_string}"},"query-input":{"@type":"PropertyValueSpecification","valueRequired":true,"valueName":"search_term_string"}}],"inLanguage":"es"},{"@type":"Organization","@id":"https:\/\/www.group-indigo.com\/es\/#organization","name":"Groupe INDIGO","url":"https:\/\/www.group-indigo.com\/es\/","logo":{"@type":"ImageObject","inLanguage":"es","@id":"https:\/\/www.group-indigo.com\/es\/#\/schema\/logo\/image\/","url":"https:\/\/www.group-indigo.com\/wp-content\/uploads\/2026\/03\/login-logo.svg","contentUrl":"https:\/\/www.group-indigo.com\/wp-content\/uploads\/2026\/03\/login-logo.svg","width":223,"height":49,"caption":"Groupe INDIGO"},"image":{"@id":"https:\/\/www.group-indigo.com\/es\/#\/schema\/logo\/image\/"}}]}},"_links":{"self":[{"href":"https:\/\/www.group-indigo.com\/es\/wp-json\/wp\/v2\/pages\/1100082113","targetHints":{"allow":["GET"]}}],"collection":[{"href":"https:\/\/www.group-indigo.com\/es\/wp-json\/wp\/v2\/pages"}],"about":[{"href":"https:\/\/www.group-indigo.com\/es\/wp-json\/wp\/v2\/types\/page"}],"author":[{"embeddable":true,"href":"https:\/\/www.group-indigo.com\/es\/wp-json\/wp\/v2\/users\/10"}],"replies":[{"embeddable":true,"href":"https:\/\/www.group-indigo.com\/es\/wp-json\/wp\/v2\/comments?post=1100082113"}],"version-history":[{"count":1,"href":"https:\/\/www.group-indigo.com\/es\/wp-json\/wp\/v2\/pages\/1100082113\/revisions"}],"predecessor-version":[{"id":1100082114,"href":"https:\/\/www.group-indigo.com\/es\/wp-json\/wp\/v2\/pages\/1100082113\/revisions\/1100082114"}],"wp:attachment":[{"href":"https:\/\/www.group-indigo.com\/es\/wp-json\/wp\/v2\/media?parent=1100082113"}],"curies":[{"name":"wp","href":"https:\/\/api.w.org\/{rel}","templated":true}]}}