{"id":1100082118,"date":"2025-02-26T16:04:23","date_gmt":"2025-02-26T15:04:23","guid":{"rendered":"https:\/\/www.group-indigo.com\/politica-de-privacidad\/"},"modified":"2025-06-23T10:18:07","modified_gmt":"2025-06-23T08:18:07","slug":"politica-de-privacidad","status":"publish","type":"page","link":"https:\/\/www.group-indigo.com\/es\/politica-de-privacidad\/","title":{"rendered":"Pol\u00edtica de privacidad"},"content":{"rendered":"\r\n<section class=\"gut-block gut-hero-simple type-classique\" >\r\n\t<div class=\"bg\">\r\n\t\t<div class=\"wrap\"><\/div>\r\n\t<\/div>\r\n\r\n\t<div class=\"wrap\">\r\n\t\t\r\n\t\t\t\t\t<div class=\"grid-container\">\r\n\t\t\t\t<div class=\"grid-el-tb-12\">\r\n\t\t\t\t\t<nav class=\"breadcrumb\" role=\"navigation\" aria-label=\"Rastro de migas de pan :\">\r\n\t<ul class=\"breadcrumb-list\">\r\n\t\t<li class=\"breadcrumb-item\">\r\n\t\t\t<a href=\"https:\/\/www.group-indigo.com\/es\/\">Inicio<\/a>\r\n\t\t<\/li>\r\n\r\n\t\t\t\t\t\t\t\t\t\t\t<li class=\"breadcrumb-item\" aria-current=\"page\">\r\n\t\t\t\t\t\tPol\u00edtica de privacidad\t\t\t\t\t<\/li>\r\n\t\t\t\t\t\t\t\t\t\t<\/ul>\r\n<\/nav>\t\t\t\t<\/div>\r\n\r\n\t\t\t\t<div class=\"content-part grid-container\">\r\n\t\t\t\t\t<div class=\"grid-el-tb-6\">\r\n\t\t\t\t\t\t\r\n\t\t\t\t\t\t\t\t\t\t\t\t\t<h1 class=\"block-title titre-h2\">Pol\u00edtica de privacidad<\/h1>\r\n\t\t\t\t\t\t\t\t\t\t\t<\/div>\r\n\r\n\t\t\t\t\t<div class=\"textes grid-el-tb-5 grid-el-md-4\">\r\n\t\t\t\t\t\t\r\n\t\t\t\t\t\t\r\n\t\t\t\t\t\t\t\t\t\t\t<\/div>\r\n\t\t\t\t<\/div>\r\n\t\t\t<\/div>\r\n\t\t\t<\/div>\r\n<\/section>\n\n<section class=\"gut-block gut-texte bg-color-blanc\" >\n\t<div class=\"wrap\">\n\t\t<div class=\"texte wysiwyg-content\">\n\t\t\t<h2><strong>Introducci\u00f3n<\/strong><\/h2>\n<p>El Grupo Indigo tiene varias filiales en Europa, cada una de las cuales tiene su propia pol\u00edtica de privacidad. Encontrar\u00e1s informaci\u00f3n detallada sobre las actividades de tratamiento de cada una de estas pol\u00edticas de privacidad en los distintos enlaces que aparecen a continuaci\u00f3n:<\/p>\n<ul>\n<li><a href=\"https:\/\/www.group-indigo.com\/politique-de-confidentialite-groupe\/\" target=\"_blank\" rel=\"noopener\">Pol\u00edtica de privacidad del sitio web del Grupo (en franc\u00e9s)<\/a><\/li>\n<li><a href=\"https:\/\/www.group-indigo.com\/politique-de-confidentialite-groupe\/\" target=\"_blank\" rel=\"noopener\">Pol\u00edtica de privacidad del sitio web del Grupo<\/a><\/li>\n<li><a href=\"https:\/\/www.park-indigo.fr\/politique-de-confidentialite\/\" target=\"_blank\" rel=\"noopener\">Pol\u00edtica de privacidad en franc\u00e9s (en franc\u00e9s)<\/a><\/li>\n<li><a href=\"https:\/\/www.park-indigo.be\/politique-de-confidentialite\/\" target=\"_blank\" rel=\"noopener\">Pol\u00edtica de privacidad belga (en franc\u00e9s)<\/a><\/li>\n<li><a href=\"https:\/\/www.park-indigo.be\/nl\/privacybeleid\/\" target=\"_blank\" rel=\"noopener\">Pol\u00edtica de privacidad belga (en neerland\u00e9s)<\/a><\/li>\n<li><a href=\"https:\/\/www.group-indigo.com\/en\/privacy-policy-belgium\/\" target=\"_blank\" rel=\"noopener\">Pol\u00edtica de privacidad belga<\/a><\/li>\n<li><a href=\"https:\/\/www.park-indigo.lu\/politique-de-confidentialite\/\" target=\"_blank\" rel=\"noopener\">Pol\u00edtica de privacidad de Luxemburgo (en franc\u00e9s)<\/a><\/li>\n<li><a href=\"https:\/\/www.park-indigo.es\/politica-de-privacidad\/\" target=\"_blank\" rel=\"noopener\">Pol\u00edtica de privacidad en espa\u00f1ol<\/a><\/li>\n<li><a href=\"https:\/\/www.park-indigo.pl\/oswiadczenie-o-ochronie-prywatnosci\/\" target=\"_blank\" rel=\"noopener\">Pol\u00edtica de privacidad polaca (en polaco)<\/a><\/li>\n<li><a href=\"https:\/\/www.park-indigo.ch\/politique-de-confidentialite\/\">Pol\u00edtica de privacidad suiza (en franc\u00e9s)<\/a><\/li>\n<li><a href=\"https:\/\/www.park-indigo.ch\/de\/politique-de-confidentialite\/\" target=\"_blank\" rel=\"noopener\">Pol\u00edtica de privacidad suiza (en alem\u00e1n)<\/a><\/li>\n<li><a href=\"https:\/\/www.group-indigo.com\/privacy-policy-switzerland\/\">Pol\u00edtica de privacidad suiza<\/a><\/li>\n<\/ul>\n\t\t<\/div>\n\t<\/div>\n<\/section>","protected":false},"excerpt":{"rendered":"","protected":false},"author":6,"featured_media":0,"parent":0,"menu_order":0,"comment_status":"closed","ping_status":"closed","template":"","meta":{"_acf_changed":false,"inline_featured_image":false,"footnotes":""},"class_list":["post-1100082118","page","type-page","status-publish","hentry"],"acf":[],"yoast_head":"<!-- This site is optimized with the Yoast SEO plugin v27.2 - https:\/\/yoast.com\/product\/yoast-seo-wordpress\/ -->\n<title>Pol\u00edtica de privacidad - Groupe INDIGO<\/title>\n<meta name=\"robots\" content=\"index, follow, max-snippet:-1, max-image-preview:large, max-video-preview:-1\" \/>\n<link rel=\"canonical\" href=\"https:\/\/www.group-indigo.com\/es\/politica-de-privacidad\/\" \/>\n<meta property=\"og:locale\" content=\"es_ES\" \/>\n<meta property=\"og:type\" content=\"article\" \/>\n<meta property=\"og:title\" content=\"Pol\u00edtica de privacidad - Groupe INDIGO\" \/>\n<meta property=\"og:url\" content=\"https:\/\/www.group-indigo.com\/es\/politica-de-privacidad\/\" \/>\n<meta property=\"og:site_name\" content=\"Groupe INDIGO\" \/>\n<meta property=\"article:modified_time\" content=\"2025-06-23T08:18:07+00:00\" \/>\n<meta name=\"twitter:card\" content=\"summary_large_image\" \/>\n<script type=\"application\/ld+json\" class=\"yoast-schema-graph\">{\"@context\":\"https:\/\/schema.org\",\"@graph\":[{\"@type\":\"WebPage\",\"@id\":\"https:\/\/www.group-indigo.com\/es\/politica-de-privacidad\/\",\"url\":\"https:\/\/www.group-indigo.com\/es\/politica-de-privacidad\/\",\"name\":\"Pol\u00edtica de privacidad - Groupe INDIGO\",\"isPartOf\":{\"@id\":\"https:\/\/www.group-indigo.com\/es\/#website\"},\"datePublished\":\"2025-02-26T15:04:23+00:00\",\"dateModified\":\"2025-06-23T08:18:07+00:00\",\"breadcrumb\":{\"@id\":\"https:\/\/www.group-indigo.com\/es\/politica-de-privacidad\/#breadcrumb\"},\"inLanguage\":\"es\",\"potentialAction\":[{\"@type\":\"ReadAction\",\"target\":[\"https:\/\/www.group-indigo.com\/es\/politica-de-privacidad\/\"]}]},{\"@type\":\"BreadcrumbList\",\"@id\":\"https:\/\/www.group-indigo.com\/es\/politica-de-privacidad\/#breadcrumb\",\"itemListElement\":[{\"@type\":\"ListItem\",\"position\":1,\"name\":\"Home\",\"item\":\"https:\/\/www.group-indigo.com\/es\/\"},{\"@type\":\"ListItem\",\"position\":2,\"name\":\"Pol\u00edtica de privacidad\"}]},{\"@type\":\"WebSite\",\"@id\":\"https:\/\/www.group-indigo.com\/es\/#website\",\"url\":\"https:\/\/www.group-indigo.com\/es\/\",\"name\":\"Groupe INDIGO\",\"description\":\"\",\"publisher\":{\"@id\":\"https:\/\/www.group-indigo.com\/es\/#organization\"},\"potentialAction\":[{\"@type\":\"SearchAction\",\"target\":{\"@type\":\"EntryPoint\",\"urlTemplate\":\"https:\/\/www.group-indigo.com\/es\/?s={search_term_string}\"},\"query-input\":{\"@type\":\"PropertyValueSpecification\",\"valueRequired\":true,\"valueName\":\"search_term_string\"}}],\"inLanguage\":\"es\"},{\"@type\":\"Organization\",\"@id\":\"https:\/\/www.group-indigo.com\/es\/#organization\",\"name\":\"Groupe INDIGO\",\"url\":\"https:\/\/www.group-indigo.com\/es\/\",\"logo\":{\"@type\":\"ImageObject\",\"inLanguage\":\"es\",\"@id\":\"https:\/\/www.group-indigo.com\/es\/#\/schema\/logo\/image\/\",\"url\":\"https:\/\/www.group-indigo.com\/wp-content\/uploads\/2026\/03\/login-logo.svg\",\"contentUrl\":\"https:\/\/www.group-indigo.com\/wp-content\/uploads\/2026\/03\/login-logo.svg\",\"width\":223,\"height\":49,\"caption\":\"Groupe INDIGO\"},\"image\":{\"@id\":\"https:\/\/www.group-indigo.com\/es\/#\/schema\/logo\/image\/\"}}]}<\/script>\n<!-- \/ Yoast SEO plugin. -->","yoast_head_json":{"title":"Pol\u00edtica de privacidad - Groupe INDIGO","robots":{"index":"index","follow":"follow","max-snippet":"max-snippet:-1","max-image-preview":"max-image-preview:large","max-video-preview":"max-video-preview:-1"},"canonical":"https:\/\/www.group-indigo.com\/es\/politica-de-privacidad\/","og_locale":"es_ES","og_type":"article","og_title":"Pol\u00edtica de privacidad - Groupe INDIGO","og_url":"https:\/\/www.group-indigo.com\/es\/politica-de-privacidad\/","og_site_name":"Groupe INDIGO","article_modified_time":"2025-06-23T08:18:07+00:00","twitter_card":"summary_large_image","schema":{"@context":"https:\/\/schema.org","@graph":[{"@type":"WebPage","@id":"https:\/\/www.group-indigo.com\/es\/politica-de-privacidad\/","url":"https:\/\/www.group-indigo.com\/es\/politica-de-privacidad\/","name":"Pol\u00edtica de privacidad - Groupe INDIGO","isPartOf":{"@id":"https:\/\/www.group-indigo.com\/es\/#website"},"datePublished":"2025-02-26T15:04:23+00:00","dateModified":"2025-06-23T08:18:07+00:00","breadcrumb":{"@id":"https:\/\/www.group-indigo.com\/es\/politica-de-privacidad\/#breadcrumb"},"inLanguage":"es","potentialAction":[{"@type":"ReadAction","target":["https:\/\/www.group-indigo.com\/es\/politica-de-privacidad\/"]}]},{"@type":"BreadcrumbList","@id":"https:\/\/www.group-indigo.com\/es\/politica-de-privacidad\/#breadcrumb","itemListElement":[{"@type":"ListItem","position":1,"name":"Home","item":"https:\/\/www.group-indigo.com\/es\/"},{"@type":"ListItem","position":2,"name":"Pol\u00edtica de privacidad"}]},{"@type":"WebSite","@id":"https:\/\/www.group-indigo.com\/es\/#website","url":"https:\/\/www.group-indigo.com\/es\/","name":"Groupe INDIGO","description":"","publisher":{"@id":"https:\/\/www.group-indigo.com\/es\/#organization"},"potentialAction":[{"@type":"SearchAction","target":{"@type":"EntryPoint","urlTemplate":"https:\/\/www.group-indigo.com\/es\/?s={search_term_string}"},"query-input":{"@type":"PropertyValueSpecification","valueRequired":true,"valueName":"search_term_string"}}],"inLanguage":"es"},{"@type":"Organization","@id":"https:\/\/www.group-indigo.com\/es\/#organization","name":"Groupe INDIGO","url":"https:\/\/www.group-indigo.com\/es\/","logo":{"@type":"ImageObject","inLanguage":"es","@id":"https:\/\/www.group-indigo.com\/es\/#\/schema\/logo\/image\/","url":"https:\/\/www.group-indigo.com\/wp-content\/uploads\/2026\/03\/login-logo.svg","contentUrl":"https:\/\/www.group-indigo.com\/wp-content\/uploads\/2026\/03\/login-logo.svg","width":223,"height":49,"caption":"Groupe INDIGO"},"image":{"@id":"https:\/\/www.group-indigo.com\/es\/#\/schema\/logo\/image\/"}}]}},"_links":{"self":[{"href":"https:\/\/www.group-indigo.com\/es\/wp-json\/wp\/v2\/pages\/1100082118","targetHints":{"allow":["GET"]}}],"collection":[{"href":"https:\/\/www.group-indigo.com\/es\/wp-json\/wp\/v2\/pages"}],"about":[{"href":"https:\/\/www.group-indigo.com\/es\/wp-json\/wp\/v2\/types\/page"}],"author":[{"embeddable":true,"href":"https:\/\/www.group-indigo.com\/es\/wp-json\/wp\/v2\/users\/6"}],"replies":[{"embeddable":true,"href":"https:\/\/www.group-indigo.com\/es\/wp-json\/wp\/v2\/comments?post=1100082118"}],"version-history":[{"count":2,"href":"https:\/\/www.group-indigo.com\/es\/wp-json\/wp\/v2\/pages\/1100082118\/revisions"}],"predecessor-version":[{"id":1100091977,"href":"https:\/\/www.group-indigo.com\/es\/wp-json\/wp\/v2\/pages\/1100082118\/revisions\/1100091977"}],"wp:attachment":[{"href":"https:\/\/www.group-indigo.com\/es\/wp-json\/wp\/v2\/media?parent=1100082118"}],"curies":[{"name":"wp","href":"https:\/\/api.w.org\/{rel}","templated":true}]}}