{"id":1100082126,"date":"2025-02-17T15:21:13","date_gmt":"2025-02-17T14:21:13","guid":{"rendered":"https:\/\/www.group-indigo.com\/diseno-y-funcionamiento\/"},"modified":"2025-07-04T12:12:40","modified_gmt":"2025-07-04T10:12:40","slug":"diseno-y-funcionamiento","status":"publish","type":"page","link":"https:\/\/www.group-indigo.com\/es\/diseno-y-funcionamiento\/","title":{"rendered":"Dise\u00f1o y funcionamiento"},"content":{"rendered":"\r\n<section class=\"gut-block gut-hero-simple type-image\" >\r\n\t<div class=\"bg\">\r\n\t\t<div class=\"wrap\"><\/div>\r\n\t<\/div>\r\n\r\n\t<div class=\"wrap\">\r\n\t\t\t\t\t<div class=\"grid-container\">\r\n\t\t\t\t<div class=\"grid-el-md-5 contents\">\r\n\t\t\t\t\t<nav class=\"breadcrumb\" role=\"navigation\" aria-label=\"Rastro de migas de pan :\">\r\n\t<ul class=\"breadcrumb-list\">\r\n\t\t<li class=\"breadcrumb-item\">\r\n\t\t\t<a href=\"https:\/\/www.group-indigo.com\/es\/\">Inicio<\/a>\r\n\t\t<\/li>\r\n\r\n\t\t\t\t\t\t\t\t\t\t\t<li class=\"breadcrumb-item\" aria-current=\"page\">\r\n\t\t\t\t\t\tDise\u00f1o y funcionamiento\t\t\t\t\t<\/li>\r\n\t\t\t\t\t\t\t\t\t\t<\/ul>\r\n<\/nav>\r\n\t\t\t\t\t<div class=\"content-part\">\r\n\t\t\t\t\t\t\r\n\t\t\t\t\t\t\t\t\t\t\t\t\t<h1 class=\"block-title titre-h2\">Dise\u00f1o y funcionamiento<\/h1>\r\n\t\t\t\t\t\t\r\n\t\t\t\t\t\t<div class=\"textes\">\r\n\t\t\t\t\t\t\t\t\t\t\t\t\t\t\t<div class=\"texte wysiwyg-content\">\r\n\t\t\t\t\t\t\t\t\t<p>Dise\u00f1o, construcci\u00f3n y gesti\u00f3n de infraestructuras: INDIGO est\u00e1 tomando medidas para reducir su huella medioambiental.  <\/p>\r\n\t\t\t\t\t\t\t\t<\/div>\r\n\t\t\t\t\t\t\t\r\n\t\t\t\t\t\t\t\t\t\t\t\t\t<\/div>\r\n\r\n\t\t\t\t\t\t\t\t\t\t\t<\/div>\r\n\t\t\t\t<\/div>\r\n\r\n\t\t\t\t\t\t\t\t\t<div class=\"img-part grid-el-md-6\">\r\n\t\t\t\t\t\t<figure class=\"img\">\r\n\t\t\t\t\t\t\t<img decoding=\"async\" width=\"1\" height=\"1\" src=\"https:\/\/www.group-indigo.com\/wp-content\/uploads\/2025\/03\/france_-_bordeaux_-_jardin_de_lars_-_toit_2020-10-15_14-15-23_679-e1741103856398.jpg\" class=\"attachment-banner size-banner\" alt=\"\" \/>\t\t\t\t\t\t<\/figure>\r\n\t\t\t\t\t<\/div>\r\n\t\t\t\t\r\n\t\t\t\t\t\t\t<\/div>\r\n\t\t\r\n\t\t\t<\/div>\r\n<\/section>\r\n\n\n<section class=\"gut-block gut-texte bg-color-blanc\" >\n\t<div class=\"wrap\">\n\t\t<div class=\"texte wysiwyg-content\">\n\t\t\t<p>Se da prioridad a las soluciones naturales durante la fase de dise\u00f1o, a una pol\u00edtica de compras responsable, a la reducci\u00f3n del consumo de energ\u00eda, etc. Ante los retos del cambio clim\u00e1tico, INDIGO se compromete a limitar el impacto medioambiental del dise\u00f1o, la construcci\u00f3n, la renovaci\u00f3n y el funcionamiento de sus instalaciones. <\/p>\n\t\t<\/div>\n\t<\/div>\n<\/section>\r\n\n\n<section class=\"gut-block gut-fifty-fifty position-left bg-color-blanc\" >\n\t<div class=\"wrap grid-container\">\n\t\t\t\t\t<div class=\"img-part grid-el-tb-4 grid-el-md-5\">\n\t\t\t\t<figure class=\"img \">\n\t\t\t\t\t<img decoding=\"async\" width=\"1620\" height=\"1080\" src=\"https:\/\/www.group-indigo.com\/wp-content\/uploads\/2025\/02\/Corpo-144-1620x1080.jpg\" class=\"attachment-banner size-banner\" alt=\"\" srcset=\"https:\/\/www.group-indigo.com\/wp-content\/uploads\/2025\/02\/Corpo-144-1620x1080.jpg 1620w, https:\/\/www.group-indigo.com\/wp-content\/uploads\/2025\/02\/Corpo-144-300x200.jpg 300w, https:\/\/www.group-indigo.com\/wp-content\/uploads\/2025\/02\/Corpo-144-1024x683.jpg 1024w, https:\/\/www.group-indigo.com\/wp-content\/uploads\/2025\/02\/Corpo-144-768x512.jpg 768w, https:\/\/www.group-indigo.com\/wp-content\/uploads\/2025\/02\/Corpo-144-1536x1024.jpg 1536w, https:\/\/www.group-indigo.com\/wp-content\/uploads\/2025\/02\/Corpo-144-scaled.jpg 2048w\" sizes=\"(max-width: 1620px) 100vw, 1620px\" \/>\t\t\t\t<\/figure>\n\t\t\t<\/div>\n\t\t\n\t\t<div class=\"content-part grid-el-tb-7 grid-el-md-5\">\n\t\t\t\t\t\t\t<h2 class=\"block-title titre-h2\">Dise\u00f1ar y construir para reducir nuestra huella<\/h2>\n\t\t\t\n\t\t\t\t\t\t\t<div class=\"texte wysiwyg-content\">\n\t\t\t\t\t<p>Desde la fase de dise\u00f1o, los equipos t\u00e9cnicos y de desarrollo de INDIGO se comprometen a reducir al m\u00e1ximo el uso de recursos, y favorecen un enfoque de baja tecnolog\u00eda. Dise\u00f1an estructuras lo m\u00e1s cercanas posible a lo que se necesita, incorporando soluciones sencillas y eficaces, como aparcamientos ampliamente ventilados para minimizar el uso de ventilaci\u00f3n mec\u00e1nica y el uso de materiales que reducen la huella ecol\u00f3gica de los edificios: hormig\u00f3n bajo en carbono, estructuras met\u00e1licas, prefabricaci\u00f3n en f\u00e1brica, etc. <\/p>\n\t\t\t\t<\/div>\n\t\t\t\n\t\t\t\n\t\t\t\n\t\t\t\t\t<\/div>\n\t<\/div>\n<\/section>\r\n\n\n<section class=\"gut-block gut-fifty-fifty position-right bg-color-blanc\" >\n\t<div class=\"wrap grid-container\">\n\t\t\t\t\t<div class=\"img-part grid-el-tb-4 grid-el-md-5\">\n\t\t\t\t<figure class=\"img parking\">\n\t\t\t\t\t<img decoding=\"async\" width=\"750\" height=\"1000\" src=\"https:\/\/www.group-indigo.com\/wp-content\/uploads\/2025\/03\/IMG-7093-Personnalise-rotated-e1754981575420.jpg\" class=\"attachment-banner size-banner\" alt=\"\" \/>\t\t\t\t<\/figure>\n\t\t\t<\/div>\n\t\t\n\t\t<div class=\"content-part grid-el-tb-7 grid-el-md-5\">\n\t\t\t\t\t\t\t<h2 class=\"block-title titre-h2\">Medio ambiente y biodiversidad<\/h2>\n\t\t\t\n\t\t\t\t\t\t\t<div class=\"texte wysiwyg-content\">\n\t\t\t\t\t<p>Antes de construir un nuevo aparcamiento, INDIGO obtiene la licencia urban\u00edstica necesaria y cumple todos los requisitos medioambientales (estudio de impacto, ley de aguas, desarenado, energ\u00edas renovables, etc.). Se realiza sistem\u00e1ticamente una auditor\u00eda para analizar la posible contaminaci\u00f3n del terreno que se va a excavar. <\/p>\n<p>Tambi\u00e9n tenemos en cuenta la conservaci\u00f3n de la flora y la fauna. Los jefes de proyecto de los departamentos t\u00e9cnico y jur\u00eddico han recibido formaci\u00f3n en cuestiones de biodiversidad. Plantar \u00e1rboles y arbustos, respetar los periodos de nidificaci\u00f3n y las especies protegidas, instalar colmenas&#8230; INDIGO encuentra soluciones para preservar el ecosistema en funci\u00f3n de la configuraci\u00f3n del emplazamiento.   <\/p>\n\t\t\t\t<\/div>\n\t\t\t\n\t\t\t\n\t\t\t\n\t\t\t\t\t<\/div>\n\t<\/div>\n<\/section>\r\n\n\n<section class=\"gut-block gut-fifty-fifty position-left bg-color-blanc\" >\n\t<div class=\"wrap grid-container\">\n\t\t\t\t\t<div class=\"img-part grid-el-tb-4 grid-el-md-5\">\n\t\t\t\t<figure class=\"img \">\n\t\t\t\t\t<img decoding=\"async\" width=\"800\" height=\"533\" src=\"https:\/\/www.group-indigo.com\/wp-content\/uploads\/2025\/03\/image-5-e1741085603994.jpg\" class=\"attachment-banner size-banner\" alt=\"\" \/>\t\t\t\t<\/figure>\n\t\t\t<\/div>\n\t\t\n\t\t<div class=\"content-part grid-el-tb-7 grid-el-md-5\">\n\t\t\t\t\t\t\t<h2 class=\"block-title titre-h2\">Soluciones naturales<\/h2>\n\t\t\t\n\t\t\t\t\t\t\t<div class=\"texte wysiwyg-content\">\n\t\t\t\t\t<p>El departamento t\u00e9cnico y de grandes proyectos de INDIGO y su oficina interna de dise\u00f1o incorporan criterios medioambientales como la luz natural, el paisajismo, la vegetaci\u00f3n, la permeabilidad del suelo y la conservaci\u00f3n de la biodiversidad desde la fase de dise\u00f1o.<br \/>\nLa vegetaci\u00f3n en tejados, fachadas y zonas circundantes ayuda a regular el calor, mejorar la calidad del aire y proteger el suelo. Adem\u00e1s, las aberturas al exterior, como las claraboyas y las fachadas muy abiertas, optimizan la iluminaci\u00f3n y la ventilaci\u00f3n naturales sin recurrir a la mecanizaci\u00f3n, y se favorecen sistem\u00e1ticamente cuando la arquitectura lo permite. Un ejemplo perfecto de dise\u00f1o ecol\u00f3gico es el <a href=\"https:\/\/www.group-indigo.com\/es\/reference\/aparcamiento-jardin-de-lars\/\">aparcamiento Ars-Belcier de Burdeos<\/a> (Francia), que compensa parte de sus emisiones de gases de efecto invernadero con un tejado verde y un sistema de recuperaci\u00f3n de aguas pluviales.<\/p>\n\t\t\t\t<\/div>\n\t\t\t\n\t\t\t\n\t\t\t\n\t\t\t\t\t<\/div>\n\t<\/div>\n<\/section>\r\n\n\n<section class=\"gut-block gut-fifty-fifty position-right bg-color-blanc\" >\n\t<div class=\"wrap grid-container\">\n\t\t\t\t\t<div class=\"img-part grid-el-tb-4 grid-el-md-5\">\n\t\t\t\t<figure class=\"img \">\n\t\t\t\t\t<img decoding=\"async\" width=\"1620\" height=\"1080\" src=\"https:\/\/www.group-indigo.com\/wp-content\/uploads\/2025\/03\/Marseille-Republique-008-1620x1080.jpg\" class=\"attachment-banner size-banner\" alt=\"\" srcset=\"https:\/\/www.group-indigo.com\/wp-content\/uploads\/2025\/03\/Marseille-Republique-008-1620x1080.jpg 1620w, https:\/\/www.group-indigo.com\/wp-content\/uploads\/2025\/03\/Marseille-Republique-008-300x200.jpg 300w, https:\/\/www.group-indigo.com\/wp-content\/uploads\/2025\/03\/Marseille-Republique-008-1024x683.jpg 1024w, https:\/\/www.group-indigo.com\/wp-content\/uploads\/2025\/03\/Marseille-Republique-008-768x512.jpg 768w, https:\/\/www.group-indigo.com\/wp-content\/uploads\/2025\/03\/Marseille-Republique-008-1536x1024.jpg 1536w, https:\/\/www.group-indigo.com\/wp-content\/uploads\/2025\/03\/Marseille-Republique-008-scaled.jpg 2048w\" sizes=\"(max-width: 1620px) 100vw, 1620px\" \/>\t\t\t\t<\/figure>\n\t\t\t<\/div>\n\t\t\n\t\t<div class=\"content-part grid-el-tb-7 grid-el-md-5\">\n\t\t\t\t\t\t\t<h2 class=\"block-title titre-h2\">Gestionar nuestros aparcamientos de forma sostenible<\/h2>\n\t\t\t\n\t\t\t\t\t\t\t<div class=\"texte wysiwyg-content\">\n\t\t\t\t\t<p>Nuestro consumo energ\u00e9tico -principalmente de electricidad- se debe sobre todo a la iluminaci\u00f3n de nuestros aparcamientos. Instalaci\u00f3n de iluminaci\u00f3n de bajo consumo, iluminaci\u00f3n LED, detectores de presencia, control directo del consumo por parte del personal de explotaci\u00f3n, etc. INDIGO ha puesto en marcha una serie de medidas para minimizar su consumo el\u00e9ctrico sin degradar la experiencia del usuario.  <\/p>\n<p>Parte de nuestro consumo el\u00e9ctrico tambi\u00e9n se genera a partir de energ\u00edas renovables (m\u00e1s del 20% a finales de 2023), certificadas mediante garant\u00edas de origen. En la fase de dise\u00f1o, INDIGO tambi\u00e9n considera la viabilidad t\u00e9cnica de instalar sistemas de sombreado o paneles fotovoltaicos, seg\u00fan el tipo de estructura. <\/p>\n\t\t\t\t<\/div>\n\t\t\t\n\t\t\t\n\t\t\t\n\t\t\t\t\t<\/div>\n\t<\/div>\n<\/section>\r\n\n\n<section class=\"gut-block gut-texte bg-color-blanc\" >\n\t<div class=\"wrap\">\n\t\t<div class=\"texte wysiwyg-content\">\n\t\t\t<h3>Valores compartidos<\/h3>\n<p>Bouygues B\u00e2timent Ouvrages Publics, VINCI Construction, Briand, Gagne Park&#8230; Trabajamos con constructores l\u00edderes que comparten nuestros valores. Sus pol\u00edticas de RSC se ajustan a nuestros criterios de selecci\u00f3n.   \u00bfNuestro objetivo? Limitar el impacto de nuestras actividades en el medio ambiente a lo largo de toda la cadena de valor: preservar el ecosistema, utilizar materiales menos contaminantes, gestionar y reutilizar los residuos, ahorrar recursos y limitar las molestias&#8230; <\/p>\n<h3>Una pol\u00edtica de compras responsable<\/h3>\n<p>Durante muchos a\u00f1os, INDIGO ha establecido relaciones justas, rentables y responsables con sus proveedores y prestadores de servicios. Todos se comprometen a respetar nuestra carta de compra responsable, que incluye la \u00e9tica empresarial, el respeto al medio ambiente y el cumplimiento de los convenios internacionales sobre derecho laboral y derechos humanos. Revisada en 2021, pretende incorporar nuestro enfoque del desarrollo sostenible a las pol\u00edticas de RSC de nuestros proveedores y a la medici\u00f3n de la consecuci\u00f3n de estos criterios de RSC, con la ambici\u00f3n de co-construir soluciones cada vez m\u00e1s eficaces y responsables, reduciendo al mismo tiempo nuestra huella de carbono.  <\/p>\n<p><a class=\"btn-primary\" href=\"https:\/\/www.group-indigo.com\/wp-content\/uploads\/2025\/02\/Charte-Achats-Responsables-2023.pdf\">Carta de Compra Responsable<\/a><\/p>\n\t\t<\/div>\n\t<\/div>\n<\/section>\r\n\n\n<section class=\"gut-block gut-fifty-fifty position-left bg-color-blanc\" >\n\t<div class=\"wrap grid-container\">\n\t\t\t\t\t<div class=\"img-part grid-el-tb-4 grid-el-md-5\">\n\t\t\t\t<figure class=\"img parking\">\n\t\t\t\t\t<img decoding=\"async\" width=\"720\" height=\"1080\" src=\"https:\/\/www.group-indigo.com\/wp-content\/uploads\/2025\/03\/Bordeaux-100-720x1080.jpg\" class=\"attachment-banner size-banner\" alt=\"\" srcset=\"https:\/\/www.group-indigo.com\/wp-content\/uploads\/2025\/03\/Bordeaux-100-720x1080.jpg 720w, https:\/\/www.group-indigo.com\/wp-content\/uploads\/2025\/03\/Bordeaux-100-200x300.jpg 200w, https:\/\/www.group-indigo.com\/wp-content\/uploads\/2025\/03\/Bordeaux-100-683x1024.jpg 683w, https:\/\/www.group-indigo.com\/wp-content\/uploads\/2025\/03\/Bordeaux-100-768x1152.jpg 768w, https:\/\/www.group-indigo.com\/wp-content\/uploads\/2025\/03\/Bordeaux-100-1024x1536.jpg 1024w, https:\/\/www.group-indigo.com\/wp-content\/uploads\/2025\/03\/Bordeaux-100-scaled.jpg 1366w\" sizes=\"(max-width: 720px) 100vw, 720px\" \/>\t\t\t\t<\/figure>\n\t\t\t<\/div>\n\t\t\n\t\t<div class=\"content-part grid-el-tb-7 grid-el-md-5\">\n\t\t\t\t\t\t\t<h2 class=\"block-title titre-h2\">La huella del cliente usuario<\/h2>\n\t\t\t\n\t\t\t\t\t\t\t<div class=\"texte wysiwyg-content\">\n\t\t\t\t\t<p>Adem\u00e1s de reducir sus propias emisiones, INDIGO trabaja para reducir la huella de carbono de los usuarios de los aparcamientos. Sistemas de guiado din\u00e1mico para limitar el n\u00famero de veh\u00edculos que pasan por zonas congestionadas, lectores de matr\u00edculas para agilizar los tiempos de entrada y salida&#8230; Integramos tecnolog\u00edas para limitar la congesti\u00f3n y optimizar los desplazamientos de los usuarios.<\/p>\n<p>Como parte de este impulso, nuestros aparcamientos se est\u00e1n abriendo a la movilidad con bajas emisiones de carbono. Estamos instalando estaciones de carga para veh\u00edculos el\u00e9ctricos y habilitando zonas cerradas para bicicletas (Cyclopark).<\/p>\n<p><a class=\"btn-primary\" href=\"https:\/\/www.group-indigo.com\/es\/movilidad-sostenible\/\">M\u00e1s informaci\u00f3n<\/a><\/p>\n\t\t\t\t<\/div>\n\t\t\t\n\t\t\t\n\t\t\t\n\t\t\t\t\t<\/div>\n\t<\/div>\n<\/section>\r\n\n\n<section class=\"gut-block gut-rebond bg-color-blanc\" >\n\t<div class=\"container\">\n\t\t<div class=\"wrap grid-container\">\n\t\t\t<figure class=\"img\">\n\t\t\t\t<img decoding=\"async\" width=\"1372\" height=\"915\" src=\"https:\/\/www.group-indigo.com\/wp-content\/uploads\/2025\/03\/conception-construction.png\" class=\"attachment-banner size-banner\" alt=\"\" srcset=\"https:\/\/www.group-indigo.com\/wp-content\/uploads\/2025\/03\/conception-construction.png 1372w, https:\/\/www.group-indigo.com\/wp-content\/uploads\/2025\/03\/conception-construction-300x200.png 300w, https:\/\/www.group-indigo.com\/wp-content\/uploads\/2025\/03\/conception-construction-1024x683.png 1024w, https:\/\/www.group-indigo.com\/wp-content\/uploads\/2025\/03\/conception-construction-768x512.png 768w\" sizes=\"(max-width: 1372px) 100vw, 1372px\" \/>\t\t\t<\/figure>\n\n\t\t\t\t\t\t\t<h2 class=\"block-title titre-h2 grid-el-tb-8 grid-el-md-6\">Dise\u00f1o, Construcci\u00f3n, Renovaci\u00f3n<\/h2>\n\t\t\t\n\t\t\t\t\t\t\t<div class=\"texte wysiwyg-content grid-el-tb-7 grid-el-md-5 grid-el-lg-4\">\n\t\t\t\t\t<p>Gracias a su experiencia t\u00e9cnica, su departamento especializado y su amplia red de colaboradores, INDIGO dise\u00f1a, construye y renueva estructuras en toda Francia, incluso en entornos con limitaciones.<\/p>\n\t\t\t\t<\/div>\n\t\t\t\n\t\t\t\t\t\t\t<div class=\"btn-container grid-el-tb-6 grid-el-md-4\">\n\t\t\t\t\t<a href=\"https:\/\/www.group-indigo.com\/es\/savoir-faire\/diseno-construccion-renovacion\/\" target=\"_self\" class=\"btn-primary\">M\u00e1s informaci\u00f3n<\/a>\n\t\t\t\t<\/div>\n\t\t\t\n\t\t\t\t\t<\/div>\n\t<\/div>\n<\/section>","protected":false},"excerpt":{"rendered":"","protected":false},"author":5,"featured_media":0,"parent":0,"menu_order":0,"comment_status":"closed","ping_status":"closed","template":"","meta":{"_acf_changed":false,"inline_featured_image":false,"footnotes":""},"class_list":["post-1100082126","page","type-page","status-publish","hentry"],"acf":[],"yoast_head":"<!-- This site is optimized with the Yoast SEO plugin v27.2 - https:\/\/yoast.com\/product\/yoast-seo-wordpress\/ -->\n<title>Dise\u00f1o y funcionamiento - Groupe INDIGO<\/title>\n<meta name=\"description\" content=\"Dise\u00f1o, construcci\u00f3n y funcionamiento de las instalaciones: INDIGO se compromete a limitar su impacto medioambiental.\" \/>\n<meta name=\"robots\" content=\"index, follow, max-snippet:-1, max-image-preview:large, max-video-preview:-1\" \/>\n<link rel=\"canonical\" href=\"https:\/\/www.group-indigo.com\/es\/diseno-y-funcionamiento\/\" \/>\n<meta property=\"og:locale\" content=\"es_ES\" \/>\n<meta property=\"og:type\" content=\"article\" \/>\n<meta property=\"og:title\" content=\"Dise\u00f1o y funcionamiento - Groupe INDIGO\" \/>\n<meta property=\"og:description\" content=\"Dise\u00f1o, construcci\u00f3n y funcionamiento de las instalaciones: INDIGO se compromete a limitar su impacto medioambiental.\" \/>\n<meta property=\"og:url\" content=\"https:\/\/www.group-indigo.com\/es\/diseno-y-funcionamiento\/\" \/>\n<meta property=\"og:site_name\" content=\"Groupe INDIGO\" \/>\n<meta property=\"article:modified_time\" content=\"2025-07-04T10:12:40+00:00\" \/>\n<meta name=\"twitter:card\" content=\"summary_large_image\" \/>\n<script type=\"application\/ld+json\" class=\"yoast-schema-graph\">{\"@context\":\"https:\/\/schema.org\",\"@graph\":[{\"@type\":\"WebPage\",\"@id\":\"https:\/\/www.group-indigo.com\/es\/diseno-y-funcionamiento\/\",\"url\":\"https:\/\/www.group-indigo.com\/es\/diseno-y-funcionamiento\/\",\"name\":\"Dise\u00f1o y funcionamiento - Groupe INDIGO\",\"isPartOf\":{\"@id\":\"https:\/\/www.group-indigo.com\/es\/#website\"},\"datePublished\":\"2025-02-17T14:21:13+00:00\",\"dateModified\":\"2025-07-04T10:12:40+00:00\",\"description\":\"Dise\u00f1o, construcci\u00f3n y funcionamiento de las instalaciones: INDIGO se compromete a limitar su impacto medioambiental.\",\"breadcrumb\":{\"@id\":\"https:\/\/www.group-indigo.com\/es\/diseno-y-funcionamiento\/#breadcrumb\"},\"inLanguage\":\"es\",\"potentialAction\":[{\"@type\":\"ReadAction\",\"target\":[\"https:\/\/www.group-indigo.com\/es\/diseno-y-funcionamiento\/\"]}]},{\"@type\":\"BreadcrumbList\",\"@id\":\"https:\/\/www.group-indigo.com\/es\/diseno-y-funcionamiento\/#breadcrumb\",\"itemListElement\":[{\"@type\":\"ListItem\",\"position\":1,\"name\":\"Home\",\"item\":\"https:\/\/www.group-indigo.com\/es\/\"},{\"@type\":\"ListItem\",\"position\":2,\"name\":\"Dise\u00f1o y funcionamiento\"}]},{\"@type\":\"WebSite\",\"@id\":\"https:\/\/www.group-indigo.com\/es\/#website\",\"url\":\"https:\/\/www.group-indigo.com\/es\/\",\"name\":\"Groupe INDIGO\",\"description\":\"\",\"publisher\":{\"@id\":\"https:\/\/www.group-indigo.com\/es\/#organization\"},\"potentialAction\":[{\"@type\":\"SearchAction\",\"target\":{\"@type\":\"EntryPoint\",\"urlTemplate\":\"https:\/\/www.group-indigo.com\/es\/?s={search_term_string}\"},\"query-input\":{\"@type\":\"PropertyValueSpecification\",\"valueRequired\":true,\"valueName\":\"search_term_string\"}}],\"inLanguage\":\"es\"},{\"@type\":\"Organization\",\"@id\":\"https:\/\/www.group-indigo.com\/es\/#organization\",\"name\":\"Groupe INDIGO\",\"url\":\"https:\/\/www.group-indigo.com\/es\/\",\"logo\":{\"@type\":\"ImageObject\",\"inLanguage\":\"es\",\"@id\":\"https:\/\/www.group-indigo.com\/es\/#\/schema\/logo\/image\/\",\"url\":\"https:\/\/www.group-indigo.com\/wp-content\/uploads\/2026\/03\/login-logo.svg\",\"contentUrl\":\"https:\/\/www.group-indigo.com\/wp-content\/uploads\/2026\/03\/login-logo.svg\",\"width\":223,\"height\":49,\"caption\":\"Groupe INDIGO\"},\"image\":{\"@id\":\"https:\/\/www.group-indigo.com\/es\/#\/schema\/logo\/image\/\"}}]}<\/script>\n<!-- \/ Yoast SEO plugin. -->","yoast_head_json":{"title":"Dise\u00f1o y funcionamiento - Groupe INDIGO","description":"Dise\u00f1o, construcci\u00f3n y funcionamiento de las instalaciones: INDIGO se compromete a limitar su impacto medioambiental.","robots":{"index":"index","follow":"follow","max-snippet":"max-snippet:-1","max-image-preview":"max-image-preview:large","max-video-preview":"max-video-preview:-1"},"canonical":"https:\/\/www.group-indigo.com\/es\/diseno-y-funcionamiento\/","og_locale":"es_ES","og_type":"article","og_title":"Dise\u00f1o y funcionamiento - Groupe INDIGO","og_description":"Dise\u00f1o, construcci\u00f3n y funcionamiento de las instalaciones: INDIGO se compromete a limitar su impacto medioambiental.","og_url":"https:\/\/www.group-indigo.com\/es\/diseno-y-funcionamiento\/","og_site_name":"Groupe INDIGO","article_modified_time":"2025-07-04T10:12:40+00:00","twitter_card":"summary_large_image","schema":{"@context":"https:\/\/schema.org","@graph":[{"@type":"WebPage","@id":"https:\/\/www.group-indigo.com\/es\/diseno-y-funcionamiento\/","url":"https:\/\/www.group-indigo.com\/es\/diseno-y-funcionamiento\/","name":"Dise\u00f1o y funcionamiento - Groupe INDIGO","isPartOf":{"@id":"https:\/\/www.group-indigo.com\/es\/#website"},"datePublished":"2025-02-17T14:21:13+00:00","dateModified":"2025-07-04T10:12:40+00:00","description":"Dise\u00f1o, construcci\u00f3n y funcionamiento de las instalaciones: INDIGO se compromete a limitar su impacto medioambiental.","breadcrumb":{"@id":"https:\/\/www.group-indigo.com\/es\/diseno-y-funcionamiento\/#breadcrumb"},"inLanguage":"es","potentialAction":[{"@type":"ReadAction","target":["https:\/\/www.group-indigo.com\/es\/diseno-y-funcionamiento\/"]}]},{"@type":"BreadcrumbList","@id":"https:\/\/www.group-indigo.com\/es\/diseno-y-funcionamiento\/#breadcrumb","itemListElement":[{"@type":"ListItem","position":1,"name":"Home","item":"https:\/\/www.group-indigo.com\/es\/"},{"@type":"ListItem","position":2,"name":"Dise\u00f1o y funcionamiento"}]},{"@type":"WebSite","@id":"https:\/\/www.group-indigo.com\/es\/#website","url":"https:\/\/www.group-indigo.com\/es\/","name":"Groupe INDIGO","description":"","publisher":{"@id":"https:\/\/www.group-indigo.com\/es\/#organization"},"potentialAction":[{"@type":"SearchAction","target":{"@type":"EntryPoint","urlTemplate":"https:\/\/www.group-indigo.com\/es\/?s={search_term_string}"},"query-input":{"@type":"PropertyValueSpecification","valueRequired":true,"valueName":"search_term_string"}}],"inLanguage":"es"},{"@type":"Organization","@id":"https:\/\/www.group-indigo.com\/es\/#organization","name":"Groupe INDIGO","url":"https:\/\/www.group-indigo.com\/es\/","logo":{"@type":"ImageObject","inLanguage":"es","@id":"https:\/\/www.group-indigo.com\/es\/#\/schema\/logo\/image\/","url":"https:\/\/www.group-indigo.com\/wp-content\/uploads\/2026\/03\/login-logo.svg","contentUrl":"https:\/\/www.group-indigo.com\/wp-content\/uploads\/2026\/03\/login-logo.svg","width":223,"height":49,"caption":"Groupe INDIGO"},"image":{"@id":"https:\/\/www.group-indigo.com\/es\/#\/schema\/logo\/image\/"}}]}},"_links":{"self":[{"href":"https:\/\/www.group-indigo.com\/es\/wp-json\/wp\/v2\/pages\/1100082126","targetHints":{"allow":["GET"]}}],"collection":[{"href":"https:\/\/www.group-indigo.com\/es\/wp-json\/wp\/v2\/pages"}],"about":[{"href":"https:\/\/www.group-indigo.com\/es\/wp-json\/wp\/v2\/types\/page"}],"author":[{"embeddable":true,"href":"https:\/\/www.group-indigo.com\/es\/wp-json\/wp\/v2\/users\/5"}],"replies":[{"embeddable":true,"href":"https:\/\/www.group-indigo.com\/es\/wp-json\/wp\/v2\/comments?post=1100082126"}],"version-history":[{"count":2,"href":"https:\/\/www.group-indigo.com\/es\/wp-json\/wp\/v2\/pages\/1100082126\/revisions"}],"predecessor-version":[{"id":1100091926,"href":"https:\/\/www.group-indigo.com\/es\/wp-json\/wp\/v2\/pages\/1100082126\/revisions\/1100091926"}],"wp:attachment":[{"href":"https:\/\/www.group-indigo.com\/es\/wp-json\/wp\/v2\/media?parent=1100082126"}],"curies":[{"name":"wp","href":"https:\/\/api.w.org\/{rel}","templated":true}]}}