{"id":1100082129,"date":"2025-02-13T16:47:06","date_gmt":"2025-02-13T15:47:06","guid":{"rendered":"https:\/\/www.group-indigo.com\/formacion-y-campus-indigo\/"},"modified":"2025-07-04T12:23:37","modified_gmt":"2025-07-04T10:23:37","slug":"formacion-y-campus-indigo","status":"publish","type":"page","link":"https:\/\/www.group-indigo.com\/es\/formacion-y-campus-indigo\/","title":{"rendered":"Formaci\u00f3n y campus INDIGO"},"content":{"rendered":"\r\n<section class=\"gut-block gut-hero-simple type-image\" >\r\n\t<div class=\"bg\">\r\n\t\t<div class=\"wrap\"><\/div>\r\n\t<\/div>\r\n\r\n\t<div class=\"wrap\">\r\n\t\t\t\t\t<div class=\"grid-container\">\r\n\t\t\t\t<div class=\"grid-el-md-5 contents\">\r\n\t\t\t\t\t<nav class=\"breadcrumb\" role=\"navigation\" aria-label=\"Rastro de migas de pan :\">\r\n\t<ul class=\"breadcrumb-list\">\r\n\t\t<li class=\"breadcrumb-item\">\r\n\t\t\t<a href=\"https:\/\/www.group-indigo.com\/es\/\">Inicio<\/a>\r\n\t\t<\/li>\r\n\r\n\t\t\t\t\t\t\t\t\t\t\t<li class=\"breadcrumb-item\" aria-current=\"page\">\r\n\t\t\t\t\t\tFormaci\u00f3n y campus INDIGO\t\t\t\t\t<\/li>\r\n\t\t\t\t\t\t\t\t\t\t<\/ul>\r\n<\/nav>\r\n\t\t\t\t\t<div class=\"content-part\">\r\n\t\t\t\t\t\t\r\n\t\t\t\t\t\t\t\t\t\t\t\t\t<h1 class=\"block-title titre-h2\">Formaci\u00f3n y campus INDIGO<\/h1>\r\n\t\t\t\t\t\t\r\n\t\t\t\t\t\t<div class=\"textes\">\r\n\t\t\t\t\t\t\t\t\t\t\t\t\t\t\t<div class=\"texte wysiwyg-content\">\r\n\t\t\t\t\t\t\t\t\t<p>Gracias a nuestra oferta de cursos de formaci\u00f3n y al Campus INDIGO, garantizamos el desarrollo profesional de nuestros empleados.  <\/p>\r\n\t\t\t\t\t\t\t\t<\/div>\r\n\t\t\t\t\t\t\t\r\n\t\t\t\t\t\t\t\t\t\t\t\t\t<\/div>\r\n\r\n\t\t\t\t\t\t\t\t\t\t\t<\/div>\r\n\t\t\t\t<\/div>\r\n\r\n\t\t\t\t\t\t\t\t\t<div class=\"img-part grid-el-md-6\">\r\n\t\t\t\t\t\t<figure class=\"img\">\r\n\t\t\t\t\t\t\t\t\t\t\t\t\t<\/figure>\r\n\t\t\t\t\t<\/div>\r\n\t\t\t\t\r\n\t\t\t\t\t\t\t<\/div>\r\n\t\t\r\n\t\t\t<\/div>\r\n<\/section>\r\n\n\n\t<section class=\"gut-block gut-chiffres-cles bg-color-blanc\" >\n\t\t<div class=\"wrap\">\n\t\t\t<div class=\"chiffres-cles\">\n\t\t\t\t\t\t\t\t\t<div class=\"item\">\n\t\t\t\t\t\t\t\t\t\t\t\t\t<p class=\"chiffre\">140.467<\/p>\n\t\t\t\t\t\t\n\t\t\t\t\t\t\t\t\t\t\t\t\t<p class=\"description\">horas de formaci\u00f3n (2024)<\/p>\n\t\t\t\t\t\t\t\t\t\t\t<\/div>\n\t\t\t\t\t\t\t\t\t<div class=\"item\">\n\t\t\t\t\t\t\t\t\t\t\t\t\t<p class=\"chiffre\">14 h<\/p>\n\t\t\t\t\t\t\n\t\t\t\t\t\t\t\t\t\t\t\t\t<p class=\"description\">formaci\u00f3n por empleado y a\u00f1o (2024)<\/p>\n\t\t\t\t\t\t\t\t\t\t\t<\/div>\n\t\t\t\t\t\t\t<\/div>\n\n\t\t\t\t\t<\/div>\n\t<\/section>\n\r\n\n\n<section class=\"gut-block gut-texte bg-color-blanc\" >\n\t<div class=\"wrap\">\n\t\t<div class=\"texte wysiwyg-content\">\n\t\t\t<p>La transici\u00f3n a los coches el\u00e9ctricos, el despliegue de la movilidad suave, las restricciones al uso del coche en ciudad, los cambios de uso ligados al comercio electr\u00f3nico&#8230; La forma en que nos desplazamos est\u00e1 cambiando, y con ella la forma en que utilizamos el aparcamiento. <\/p>\n<p>Es a trav\u00e9s del desarrollo profesional de nuestros empleados como podemos adaptarnos a los cambios organizativos y tecnol\u00f3gicos que est\u00e1n transformando nuestros negocios y nuestra organizaci\u00f3n. Explotaci\u00f3n y mantenimiento de aparcamientos y parqu\u00edmetros, control del aparcamiento en la v\u00eda p\u00fablica, servicios de bicicletas&#8230; Las personas est\u00e1n en el centro de todas las actividades de INDIGO.  <\/p>\n\t\t<\/div>\n\t<\/div>\n<\/section>\r\n\n\n<section class=\"gut-block gut-fifty-fifty position-left bg-color-blanc\" >\n\t<div class=\"wrap grid-container\">\n\t\t\t\t\t<div class=\"img-part grid-el-tb-4 grid-el-md-5\">\n\t\t\t\t<figure class=\"img parking\">\n\t\t\t\t\t<img decoding=\"async\" width=\"1372\" height=\"915\" src=\"https:\/\/www.group-indigo.com\/wp-content\/uploads\/2025\/03\/Template-bloc-de-Rebond-Indigo.com-17-e1742302236115.png\" class=\"attachment-banner size-banner\" alt=\"\" \/>\t\t\t\t<\/figure>\n\t\t\t<\/div>\n\t\t\n\t\t<div class=\"content-part grid-el-tb-7 grid-el-md-5\">\n\t\t\t\t\t\t\t<h2 class=\"block-title titre-h2\">Formaci\u00f3n para todos<\/h2>\n\t\t\t\n\t\t\t\t\t\t\t<div class=\"texte wysiwyg-content\">\n\t\t\t\t\t<p><span class=\"TextRun SCXW4166429 BCX0\" lang=\"FR-FR\" data-contrast=\"auto\" xml:lang=\"FR-FR\"><span class=\"NormalTextRun SCXW4166429 BCX0\">De acuerdo con  <\/span><span class=\"NormalTextRun SCXW4166429 BCX0\">nuestra<\/span><span class=\"NormalTextRun SCXW4166429 BCX0\">  compromiso con  <\/span><span class=\"NormalTextRun SCXW4166429 BCX0\">\u00ab<\/span> <span class=\"NormalTextRun SCXW4166429 BCX0\">promover la diversidad de g\u00e9nero, la no discriminaci\u00f3n y el acceso al desarrollo de competencias, la empleabilidad y la promoci\u00f3n de todos los empleados, sin distinci\u00f3n<\/span><span class=\"NormalTextRun SCXW4166429 BCX0\">\u00ab<\/span><span class=\"NormalTextRun SCXW4166429 BCX0\">,<\/span> <span class=\"NormalTextRun SCXW4166429 BCX0\">nosotros<\/span><span class=\"NormalTextRun SCXW4166429 BCX0\">  assur<\/span><span class=\"NormalTextRun SCXW4166429 BCX0\">ons<\/span><span class=\"NormalTextRun SCXW4166429 BCX0\">  el desarrollo profesional de  <\/span><span class=\"NormalTextRun SCXW4166429 BCX0\">todos y cada uno de nuestros empleados<\/span><span class=\"NormalTextRun SCXW4166429 BCX0\">, q<\/span><span class=\"NormalTextRun SCXW4166429 BCX0\">ndependientemente de su posici\u00f3n<\/span><span class=\"NormalTextRun SCXW4166429 BCX0\">.  <\/span><span class=\"NormalTextRun SCXW4166429 BCX0\">T<\/span><span class=\"NormalTextRun SCXW4166429 BCX0\">o<\/span> <span class=\"NormalTextRun SCXW4166429 BCX0\">tienen  <\/span><span class=\"NormalTextRun SCXW4166429 BCX0\">acceso a formaci\u00f3n empresarial (t\u00e9cnica, administrativa y herramientas) o de RSE (salud y seguridad, medio ambiente y diversidad), presencial o a trav\u00e9s de e-learning.<\/span><\/span><span class=\"EOP SCXW4166429 BCX0\" data-ccp-props=\"{}\"> <\/span><\/p>\n\t\t\t\t<\/div>\n\t\t\t\n\t\t\t\n\t\t\t\n\t\t\t\t\t<\/div>\n\t<\/div>\n<\/section>\r\n\n\n<section class=\"gut-block gut-texte bg-color-gris\" >\n\t<div class=\"wrap\">\n\t\t<div class=\"texte wysiwyg-content\">\n\t\t\t<h2>El campus INDIGO<\/h2>\n<p>La formaci\u00f3n siempre ha sido una cuesti\u00f3n clave para INDIGO, ya que pocas escuelas y universidades ofrecen cursos dedicados al sector de los aparcamientos.<\/p>\n<p>Creado en 2005 para llenar este vac\u00edo, el Campus INDIGO es un departamento interno de formaci\u00f3n y un pilar de nuestra estrategia de desarrollo de competencias. Dise\u00f1a e imparte cursos de formaci\u00f3n adaptados a las necesidades espec\u00edficas de los profesionales del aparcamiento y la movilidad. Su objetivo es reforzar sus conocimientos y ofrecerles trayectorias profesionales y acceso a cursos de formaci\u00f3n que conduzcan a la obtenci\u00f3n de cualificaciones.  <\/p>\n<p>\u00danico en su g\u00e9nero en el sector de los aparcamientos, el Campus INDIGO ofrece dos tipos de formaci\u00f3n:<\/p>\n<ul>\n<li>Cursos de formaci\u00f3n profesional cualificante basados en normas industriales francesas, como los Certificados de Cualificaci\u00f3n Profesional (CQP),<\/li>\n<li>Formaci\u00f3n dedicada a herramientas, prevenci\u00f3n y procesos empresariales.<\/li>\n<\/ul>\n<p>El Campus INDIGO ha obtenido la certificaci\u00f3n francesa QUALIOPI, otorgada a las organizaciones de formaci\u00f3n profesional continua que cumplen las normas nacionales. El objetivo de esta certificaci\u00f3n es aplicar un enfoque de mejora continua a los servicios prestados. Tambi\u00e9n incluye requisitos en cuanto al respeto de los valores \u00e9ticos y la responsabilidad social corporativa.  <\/p>\n<p>Para garantizar la cualificaci\u00f3n de todos sus empleados y ofrecer un servicio uniforme en todo el mundo, INDIGO extendi\u00f3 este principio de campus a nivel internacional en 2015.<\/p>\n\t\t<\/div>\n\t<\/div>\n<\/section>\r\n\n\n<section class=\"gut-block gut-fifty-fifty position-left bg-color-blanc\" >\n\t<div class=\"wrap grid-container\">\n\t\t\t\t\t<div class=\"img-part grid-el-tb-4 grid-el-md-5\">\n\t\t\t\t<figure class=\"img \">\n\t\t\t\t\t<img decoding=\"async\" width=\"1620\" height=\"1080\" src=\"https:\/\/www.group-indigo.com\/wp-content\/uploads\/2025\/03\/Marseille-Republique-182-1620x1080.jpg\" class=\"attachment-banner size-banner\" alt=\"\" srcset=\"https:\/\/www.group-indigo.com\/wp-content\/uploads\/2025\/03\/Marseille-Republique-182-1620x1080.jpg 1620w, https:\/\/www.group-indigo.com\/wp-content\/uploads\/2025\/03\/Marseille-Republique-182-300x200.jpg 300w, https:\/\/www.group-indigo.com\/wp-content\/uploads\/2025\/03\/Marseille-Republique-182-1024x683.jpg 1024w, https:\/\/www.group-indigo.com\/wp-content\/uploads\/2025\/03\/Marseille-Republique-182-768x512.jpg 768w, https:\/\/www.group-indigo.com\/wp-content\/uploads\/2025\/03\/Marseille-Republique-182-1536x1024.jpg 1536w, https:\/\/www.group-indigo.com\/wp-content\/uploads\/2025\/03\/Marseille-Republique-182-scaled.jpg 2048w\" sizes=\"(max-width: 1620px) 100vw, 1620px\" \/>\t\t\t\t<\/figure>\n\t\t\t<\/div>\n\t\t\n\t\t<div class=\"content-part grid-el-tb-7 grid-el-md-5\">\n\t\t\t\t\t\t\t<h2 class=\"block-title titre-h2\">Retener el talento<\/h2>\n\t\t\t\n\t\t\t\t\t\t\t<div class=\"texte wysiwyg-content\">\n\t\t\t\t\t<p>Atraer, desarrollar y retener el talento son retos clave para el Grupo. Teniendo esto en cuenta, hemos puesto en marcha una serie de iniciativas en materia de contrataci\u00f3n, gesti\u00f3n de la carrera profesional y medici\u00f3n peri\u00f3dica del compromiso de nuestros empleados. <\/p>\n\t\t\t\t<\/div>\n\t\t\t\n\t\t\t\n\t\t\t\n\t\t\t\t\t<\/div>\n\t<\/div>\n<\/section>\r\n\n\n<section class=\"gut-block gut-fifty-fifty position-right bg-color-gris\" >\n\t<div class=\"wrap grid-container\">\n\t\t\t\t\t<div class=\"img-part grid-el-tb-4 grid-el-md-5\">\n\t\t\t\t<figure class=\"img parking\">\n\t\t\t\t\t<img decoding=\"async\" width=\"720\" height=\"1080\" src=\"https:\/\/www.group-indigo.com\/wp-content\/uploads\/2025\/03\/Caen-050-720x1080.jpg\" class=\"attachment-banner size-banner\" alt=\"\" srcset=\"https:\/\/www.group-indigo.com\/wp-content\/uploads\/2025\/03\/Caen-050-720x1080.jpg 720w, https:\/\/www.group-indigo.com\/wp-content\/uploads\/2025\/03\/Caen-050-200x300.jpg 200w, https:\/\/www.group-indigo.com\/wp-content\/uploads\/2025\/03\/Caen-050-683x1024.jpg 683w, https:\/\/www.group-indigo.com\/wp-content\/uploads\/2025\/03\/Caen-050-768x1152.jpg 768w, https:\/\/www.group-indigo.com\/wp-content\/uploads\/2025\/03\/Caen-050-1024x1536.jpg 1024w, https:\/\/www.group-indigo.com\/wp-content\/uploads\/2025\/03\/Caen-050-scaled.jpg 1365w\" sizes=\"(max-width: 720px) 100vw, 720px\" \/>\t\t\t\t<\/figure>\n\t\t\t<\/div>\n\t\t\n\t\t<div class=\"content-part grid-el-tb-7 grid-el-md-5\">\n\t\t\t\t\t\t\t<h2 class=\"block-title titre-h2\">Diversidad, bienestar y seguridad<\/h2>\n\t\t\t\n\t\t\t\t\t\t\t<div class=\"texte wysiwyg-content\">\n\t\t\t\t\t<p><span class=\"TextRun SCXW235868611 BCX0\" lang=\"FR-FR\" data-contrast=\"auto\" xml:lang=\"FR-FR\"><span class=\"NormalTextRun SCXW235868611 BCX0\">La salud, la seguridad y el bienestar de nuestros empleados es una prioridad para INDIGO. Fomentamos la diversidad y la mezcla y prestamos mucha atenci\u00f3n a las condiciones de trabajo. <\/span><span class=\"NormalTextRun SCXW235868611 BCX0\">, <\/span><span class=\"NormalTextRun SCXW235868611 BCX0\">calidad de vida<\/span><span class=\"NormalTextRun SCXW235868611 BCX0\"> en el trabajo<\/span><span class=\"NormalTextRun SCXW235868611 BCX0\"> y prevenci\u00f3n de riesgos laborales.<\/span><\/span><span class=\"EOP SCXW235868611 BCX0\" data-ccp-props=\"{}\"> <\/span><\/p>\n\t\t\t\t<\/div>\n\t\t\t\n\t\t\t\n\t\t\t\n\t\t\t\t\t\t\t\t\t\t\t\t\t\t\t\t\t<div class=\"btn-container\">\n\t\t\t\t\t\t<a href=\"https:\/\/www.group-indigo.com\/es\/empresario-responsable\/\" target=\"_self\" class=\"btn-primary\">M\u00e1s informaci\u00f3n<\/a>\n\t\t\t\t\t<\/div>\n\t\t\t\t\n\t\t\t\t\t\t\t\t\t<\/div>\n\t<\/div>\n<\/section>\r\n\n\n<section class=\"gut-block gut-rebond bg-color-blanc\" >\n\t<div class=\"container\">\n\t\t<div class=\"wrap grid-container\">\n\t\t\t<figure class=\"img\">\n\t\t\t\t<img decoding=\"async\" width=\"1520\" height=\"915\" src=\"https:\/\/www.group-indigo.com\/wp-content\/uploads\/2025\/01\/Modules-Image-8.jpg\" class=\"attachment-banner size-banner\" alt=\"\" srcset=\"https:\/\/www.group-indigo.com\/wp-content\/uploads\/2025\/01\/Modules-Image-8.jpg 1520w, https:\/\/www.group-indigo.com\/wp-content\/uploads\/2025\/01\/Modules-Image-8-300x181.jpg 300w, https:\/\/www.group-indigo.com\/wp-content\/uploads\/2025\/01\/Modules-Image-8-1024x616.jpg 1024w, https:\/\/www.group-indigo.com\/wp-content\/uploads\/2025\/01\/Modules-Image-8-768x462.jpg 768w\" sizes=\"(max-width: 1520px) 100vw, 1520px\" \/>\t\t\t<\/figure>\n\n\t\t\t\t\t\t\t<h2 class=\"block-title titre-h2 grid-el-tb-8 grid-el-md-6\">Nuestras contribuciones ESG<\/h2>\n\t\t\t\n\t\t\t\t\t\t\t<div class=\"texte wysiwyg-content grid-el-tb-7 grid-el-md-5 grid-el-lg-4\">\n\t\t\t\t\t<p><span class=\"TextRun SCXW126712308 BCX0\" lang=\"FR-FR\" data-contrast=\"auto\" xml:lang=\"FR-FR\"><span class=\"NormalTextRun SCXW126712308 BCX0\">Como l\u00edder mundial en aparcamientos, movilidad individual y servicios urbanos, INDIGO se compromete a desarrollar sus actividades de forma sostenible y responsable.<\/span><\/span><span class=\"EOP SCXW126712308 BCX0\" data-ccp-props=\"{}\"> <\/span><\/p>\n\t\t\t\t<\/div>\n\t\t\t\n\t\t\t\t\t\t\t<div class=\"btn-container grid-el-tb-6 grid-el-md-4\">\n\t\t\t\t\t<a href=\"https:\/\/www.group-indigo.com\/es\/nuestras-contribuciones-esg\/\" target=\"_self\" class=\"btn-primary\">M\u00e1s informaci\u00f3n<\/a>\n\t\t\t\t<\/div>\n\t\t\t\n\t\t\t\t\t<\/div>\n\t<\/div>\n<\/section>","protected":false},"excerpt":{"rendered":"","protected":false},"author":5,"featured_media":0,"parent":0,"menu_order":0,"comment_status":"closed","ping_status":"closed","template":"","meta":{"_acf_changed":false,"inline_featured_image":false,"footnotes":""},"class_list":["post-1100082129","page","type-page","status-publish","hentry"],"acf":[],"yoast_head":"<!-- This site is optimized with the Yoast SEO plugin v27.2 - https:\/\/yoast.com\/product\/yoast-seo-wordpress\/ -->\n<title>Formaci\u00f3n y campus INDIGO - Groupe INDIGO<\/title>\n<meta name=\"description\" content=\"INDIGO garantiza el desarrollo profesional de sus empleados a trav\u00e9s de su oferta de cursos de formaci\u00f3n y del Campus INDIGO.\" \/>\n<meta name=\"robots\" content=\"index, follow, max-snippet:-1, max-image-preview:large, max-video-preview:-1\" \/>\n<link rel=\"canonical\" href=\"https:\/\/www.group-indigo.com\/es\/formacion-y-campus-indigo\/\" \/>\n<meta property=\"og:locale\" content=\"es_ES\" \/>\n<meta property=\"og:type\" content=\"article\" \/>\n<meta property=\"og:title\" content=\"Formaci\u00f3n y campus INDIGO - Groupe INDIGO\" \/>\n<meta property=\"og:description\" content=\"INDIGO garantiza el desarrollo profesional de sus empleados a trav\u00e9s de su oferta de cursos de formaci\u00f3n y del Campus INDIGO.\" \/>\n<meta property=\"og:url\" content=\"https:\/\/www.group-indigo.com\/es\/formacion-y-campus-indigo\/\" \/>\n<meta property=\"og:site_name\" content=\"Groupe INDIGO\" \/>\n<meta property=\"article:modified_time\" content=\"2025-07-04T10:23:37+00:00\" \/>\n<meta name=\"twitter:card\" content=\"summary_large_image\" \/>\n<script type=\"application\/ld+json\" class=\"yoast-schema-graph\">{\"@context\":\"https:\/\/schema.org\",\"@graph\":[{\"@type\":\"WebPage\",\"@id\":\"https:\/\/www.group-indigo.com\/es\/formacion-y-campus-indigo\/\",\"url\":\"https:\/\/www.group-indigo.com\/es\/formacion-y-campus-indigo\/\",\"name\":\"Formaci\u00f3n y campus INDIGO - Groupe INDIGO\",\"isPartOf\":{\"@id\":\"https:\/\/www.group-indigo.com\/es\/#website\"},\"datePublished\":\"2025-02-13T15:47:06+00:00\",\"dateModified\":\"2025-07-04T10:23:37+00:00\",\"description\":\"INDIGO garantiza el desarrollo profesional de sus empleados a trav\u00e9s de su oferta de cursos de formaci\u00f3n y del Campus INDIGO.\",\"breadcrumb\":{\"@id\":\"https:\/\/www.group-indigo.com\/es\/formacion-y-campus-indigo\/#breadcrumb\"},\"inLanguage\":\"es\",\"potentialAction\":[{\"@type\":\"ReadAction\",\"target\":[\"https:\/\/www.group-indigo.com\/es\/formacion-y-campus-indigo\/\"]}]},{\"@type\":\"BreadcrumbList\",\"@id\":\"https:\/\/www.group-indigo.com\/es\/formacion-y-campus-indigo\/#breadcrumb\",\"itemListElement\":[{\"@type\":\"ListItem\",\"position\":1,\"name\":\"Home\",\"item\":\"https:\/\/www.group-indigo.com\/es\/\"},{\"@type\":\"ListItem\",\"position\":2,\"name\":\"Formaci\u00f3n y campus INDIGO\"}]},{\"@type\":\"WebSite\",\"@id\":\"https:\/\/www.group-indigo.com\/es\/#website\",\"url\":\"https:\/\/www.group-indigo.com\/es\/\",\"name\":\"Groupe INDIGO\",\"description\":\"\",\"publisher\":{\"@id\":\"https:\/\/www.group-indigo.com\/es\/#organization\"},\"potentialAction\":[{\"@type\":\"SearchAction\",\"target\":{\"@type\":\"EntryPoint\",\"urlTemplate\":\"https:\/\/www.group-indigo.com\/es\/?s={search_term_string}\"},\"query-input\":{\"@type\":\"PropertyValueSpecification\",\"valueRequired\":true,\"valueName\":\"search_term_string\"}}],\"inLanguage\":\"es\"},{\"@type\":\"Organization\",\"@id\":\"https:\/\/www.group-indigo.com\/es\/#organization\",\"name\":\"Groupe INDIGO\",\"url\":\"https:\/\/www.group-indigo.com\/es\/\",\"logo\":{\"@type\":\"ImageObject\",\"inLanguage\":\"es\",\"@id\":\"https:\/\/www.group-indigo.com\/es\/#\/schema\/logo\/image\/\",\"url\":\"https:\/\/www.group-indigo.com\/wp-content\/uploads\/2026\/03\/login-logo.svg\",\"contentUrl\":\"https:\/\/www.group-indigo.com\/wp-content\/uploads\/2026\/03\/login-logo.svg\",\"width\":223,\"height\":49,\"caption\":\"Groupe INDIGO\"},\"image\":{\"@id\":\"https:\/\/www.group-indigo.com\/es\/#\/schema\/logo\/image\/\"}}]}<\/script>\n<!-- \/ Yoast SEO plugin. -->","yoast_head_json":{"title":"Formaci\u00f3n y campus INDIGO - Groupe INDIGO","description":"INDIGO garantiza el desarrollo profesional de sus empleados a trav\u00e9s de su oferta de cursos de formaci\u00f3n y del Campus INDIGO.","robots":{"index":"index","follow":"follow","max-snippet":"max-snippet:-1","max-image-preview":"max-image-preview:large","max-video-preview":"max-video-preview:-1"},"canonical":"https:\/\/www.group-indigo.com\/es\/formacion-y-campus-indigo\/","og_locale":"es_ES","og_type":"article","og_title":"Formaci\u00f3n y campus INDIGO - Groupe INDIGO","og_description":"INDIGO garantiza el desarrollo profesional de sus empleados a trav\u00e9s de su oferta de cursos de formaci\u00f3n y del Campus INDIGO.","og_url":"https:\/\/www.group-indigo.com\/es\/formacion-y-campus-indigo\/","og_site_name":"Groupe INDIGO","article_modified_time":"2025-07-04T10:23:37+00:00","twitter_card":"summary_large_image","schema":{"@context":"https:\/\/schema.org","@graph":[{"@type":"WebPage","@id":"https:\/\/www.group-indigo.com\/es\/formacion-y-campus-indigo\/","url":"https:\/\/www.group-indigo.com\/es\/formacion-y-campus-indigo\/","name":"Formaci\u00f3n y campus INDIGO - Groupe INDIGO","isPartOf":{"@id":"https:\/\/www.group-indigo.com\/es\/#website"},"datePublished":"2025-02-13T15:47:06+00:00","dateModified":"2025-07-04T10:23:37+00:00","description":"INDIGO garantiza el desarrollo profesional de sus empleados a trav\u00e9s de su oferta de cursos de formaci\u00f3n y del Campus INDIGO.","breadcrumb":{"@id":"https:\/\/www.group-indigo.com\/es\/formacion-y-campus-indigo\/#breadcrumb"},"inLanguage":"es","potentialAction":[{"@type":"ReadAction","target":["https:\/\/www.group-indigo.com\/es\/formacion-y-campus-indigo\/"]}]},{"@type":"BreadcrumbList","@id":"https:\/\/www.group-indigo.com\/es\/formacion-y-campus-indigo\/#breadcrumb","itemListElement":[{"@type":"ListItem","position":1,"name":"Home","item":"https:\/\/www.group-indigo.com\/es\/"},{"@type":"ListItem","position":2,"name":"Formaci\u00f3n y campus INDIGO"}]},{"@type":"WebSite","@id":"https:\/\/www.group-indigo.com\/es\/#website","url":"https:\/\/www.group-indigo.com\/es\/","name":"Groupe INDIGO","description":"","publisher":{"@id":"https:\/\/www.group-indigo.com\/es\/#organization"},"potentialAction":[{"@type":"SearchAction","target":{"@type":"EntryPoint","urlTemplate":"https:\/\/www.group-indigo.com\/es\/?s={search_term_string}"},"query-input":{"@type":"PropertyValueSpecification","valueRequired":true,"valueName":"search_term_string"}}],"inLanguage":"es"},{"@type":"Organization","@id":"https:\/\/www.group-indigo.com\/es\/#organization","name":"Groupe INDIGO","url":"https:\/\/www.group-indigo.com\/es\/","logo":{"@type":"ImageObject","inLanguage":"es","@id":"https:\/\/www.group-indigo.com\/es\/#\/schema\/logo\/image\/","url":"https:\/\/www.group-indigo.com\/wp-content\/uploads\/2026\/03\/login-logo.svg","contentUrl":"https:\/\/www.group-indigo.com\/wp-content\/uploads\/2026\/03\/login-logo.svg","width":223,"height":49,"caption":"Groupe INDIGO"},"image":{"@id":"https:\/\/www.group-indigo.com\/es\/#\/schema\/logo\/image\/"}}]}},"_links":{"self":[{"href":"https:\/\/www.group-indigo.com\/es\/wp-json\/wp\/v2\/pages\/1100082129","targetHints":{"allow":["GET"]}}],"collection":[{"href":"https:\/\/www.group-indigo.com\/es\/wp-json\/wp\/v2\/pages"}],"about":[{"href":"https:\/\/www.group-indigo.com\/es\/wp-json\/wp\/v2\/types\/page"}],"author":[{"embeddable":true,"href":"https:\/\/www.group-indigo.com\/es\/wp-json\/wp\/v2\/users\/5"}],"replies":[{"embeddable":true,"href":"https:\/\/www.group-indigo.com\/es\/wp-json\/wp\/v2\/comments?post=1100082129"}],"version-history":[{"count":2,"href":"https:\/\/www.group-indigo.com\/es\/wp-json\/wp\/v2\/pages\/1100082129\/revisions"}],"predecessor-version":[{"id":1100091944,"href":"https:\/\/www.group-indigo.com\/es\/wp-json\/wp\/v2\/pages\/1100082129\/revisions\/1100091944"}],"wp:attachment":[{"href":"https:\/\/www.group-indigo.com\/es\/wp-json\/wp\/v2\/media?parent=1100082129"}],"curies":[{"name":"wp","href":"https:\/\/api.w.org\/{rel}","templated":true}]}}