{"id":1100082132,"date":"2025-02-13T10:30:05","date_gmt":"2025-02-13T09:30:05","guid":{"rendered":"https:\/\/www.group-indigo.com\/movilidad-sostenible\/"},"modified":"2025-07-04T12:33:53","modified_gmt":"2025-07-04T10:33:53","slug":"movilidad-sostenible","status":"publish","type":"page","link":"https:\/\/www.group-indigo.com\/es\/movilidad-sostenible\/","title":{"rendered":"Movilidad sostenible"},"content":{"rendered":"\r\n<section class=\"gut-block gut-hero-simple type-image\" >\r\n\t<div class=\"bg\">\r\n\t\t<div class=\"wrap\"><\/div>\r\n\t<\/div>\r\n\r\n\t<div class=\"wrap\">\r\n\t\t\t\t\t<div class=\"grid-container\">\r\n\t\t\t\t<div class=\"grid-el-md-5 contents\">\r\n\t\t\t\t\t<nav class=\"breadcrumb\" role=\"navigation\" aria-label=\"Rastro de migas de pan :\">\r\n\t<ul class=\"breadcrumb-list\">\r\n\t\t<li class=\"breadcrumb-item\">\r\n\t\t\t<a href=\"https:\/\/www.group-indigo.com\/es\/\">Inicio<\/a>\r\n\t\t<\/li>\r\n\r\n\t\t\t\t\t\t\t\t\t\t\t<li class=\"breadcrumb-item\" aria-current=\"page\">\r\n\t\t\t\t\t\tMovilidad sostenible\t\t\t\t\t<\/li>\r\n\t\t\t\t\t\t\t\t\t\t<\/ul>\r\n<\/nav>\r\n\t\t\t\t\t<div class=\"content-part\">\r\n\t\t\t\t\t\t\r\n\t\t\t\t\t\t\t\t\t\t\t\t\t<h1 class=\"block-title titre-h2\">Apoyar la movilidad sostenible<\/h1>\r\n\t\t\t\t\t\t\r\n\t\t\t\t\t\t<div class=\"textes\">\r\n\t\t\t\t\t\t\t\t\t\t\t\t\t\t\t<div class=\"texte wysiwyg-content\">\r\n\t\t\t\t\t\t\t\t\t<p>Instalaci\u00f3n de puntos de recarga el\u00e9ctrica, despliegue de soluciones espec\u00edficas para bicicletas&#8230; INDIGO apoya el desarrollo de la movilidad baja en carbono mediante la mejora de los aparcamientos.   <\/p>\r\n\t\t\t\t\t\t\t\t<\/div>\r\n\t\t\t\t\t\t\t\r\n\t\t\t\t\t\t\t\t\t\t\t\t\t<\/div>\r\n\r\n\t\t\t\t\t\t\t\t\t\t\t<\/div>\r\n\t\t\t\t<\/div>\r\n\r\n\t\t\t\t\t\t\t\t\t<div class=\"img-part grid-el-md-6\">\r\n\t\t\t\t\t\t<figure class=\"img\">\r\n\t\t\t\t\t\t\t<img decoding=\"async\" width=\"1520\" height=\"844\" src=\"https:\/\/www.group-indigo.com\/wp-content\/uploads\/2025\/01\/hero-home.jpg\" class=\"attachment-banner size-banner\" alt=\"\" \/>\t\t\t\t\t\t<\/figure>\r\n\t\t\t\t\t<\/div>\r\n\t\t\t\t\r\n\t\t\t\t\t\t\t<\/div>\r\n\t\t\r\n\t\t\t<\/div>\r\n<\/section>\r\n\n\n<section class=\"gut-block gut-texte bg-color-blanc\" >\n\t<div class=\"wrap\">\n\t\t<div class=\"texte wysiwyg-content\">\n\t\t\t<p>Las ciudades est\u00e1n adoptando pol\u00edticas activas para mejorar la calidad del aire. Las restricciones al uso del coche en las ciudades, el auge de los veh\u00edculos el\u00e9ctricos y la movilidad blanda&#8230; INDIGO acompa\u00f1a estas transiciones y pone su experiencia al servicio de la sostenibilidad regional.  <\/p>\n<p>Como protagonistas de la ciudad del ma\u00f1ana, estamos transformando los aparcamientos para servir mejor a las autoridades locales. Estos cambios hacen que los desplazamientos sean m\u00e1s fluidos y contribuyen a una ciudad m\u00e1s tranquila. <\/p>\n\t\t<\/div>\n\t<\/div>\n<\/section>\r\n\n\n\t<section class=\"gut-block gut-chiffres-cles bg-color-blanc\" >\n\t\t<div class=\"wrap\">\n\t\t\t<div class=\"chiffres-cles\">\n\t\t\t\t\t\t\t\t\t<div class=\"item\">\n\t\t\t\t\t\t\t\t\t\t\t\t\t<p class=\"chiffre\">10.400<\/p>\n\t\t\t\t\t\t\n\t\t\t\t\t\t\t\t\t\t\t\t\t<p class=\"description\">puntos de recarga disponibles en los aparcamientos INDIGO  <\/p>\n\t\t\t\t\t\t\t\t\t\t\t<\/div>\n\t\t\t\t\t\t\t\t\t<div class=\"item\">\n\t\t\t\t\t\t\t\t\t\t\t\t\t<p class=\"chiffre\">6.800<\/p>\n\t\t\t\t\t\t\n\t\t\t\t\t\t\t\t\t\t\t\t\t<p class=\"description\">plazas de aparcamiento para bicicletas en m\u00e1s de 100 centros Cyclopark en Europa<\/p>\n\t\t\t\t\t\t\t\t\t\t\t<\/div>\n\t\t\t\t\t\t\t<\/div>\n\n\t\t\t\t\t<\/div>\n\t<\/section>\n\r\n\n\n<section class=\"gut-block gut-fifty-fifty position-left bg-color-blanc\" >\n\t<div class=\"wrap grid-container\">\n\t\t\t\t\t<div class=\"img-part grid-el-tb-4 grid-el-md-5\">\n\t\t\t\t<figure class=\"img \">\n\t\t\t\t\t<img decoding=\"async\" width=\"519\" height=\"496\" src=\"https:\/\/www.group-indigo.com\/wp-content\/uploads\/2025\/02\/Leader-de-la-recharge-en-milieu-urbain-edited.png\" class=\"attachment-banner size-banner\" alt=\"\" srcset=\"https:\/\/www.group-indigo.com\/wp-content\/uploads\/2025\/02\/Leader-de-la-recharge-en-milieu-urbain-edited.png 519w, https:\/\/www.group-indigo.com\/wp-content\/uploads\/2025\/02\/Leader-de-la-recharge-en-milieu-urbain-edited-300x287.png 300w\" sizes=\"(max-width: 519px) 100vw, 519px\" \/>\t\t\t\t<\/figure>\n\t\t\t<\/div>\n\t\t\n\t\t<div class=\"content-part grid-el-tb-7 grid-el-md-5\">\n\t\t\t\t\t\t\t<h2 class=\"block-title titre-h2\">N\u00ba 1 en estaciones de carga para veh\u00edculos el\u00e9ctricos<\/h2>\n\t\t\t\n\t\t\t\t\t\t\t<div class=\"texte wysiwyg-content\">\n\t\t\t\t\t<p><span data-contrast=\"auto\">Los aparcamientos INDIGO ofrecen espacios estrat\u00e9gicos para afrontar el reto de la transici\u00f3n energ\u00e9tica. Con 10.400 puntos de recarga, ya somos la primera red privada de recarga el\u00e9ctrica en zonas urbanas. <\/span><\/p>\n<p><span data-contrast=\"auto\">El Grupo tambi\u00e9n se ha comprometido a integrar cada vez m\u00e1s veh\u00edculos el\u00e9ctricos (coches y veh\u00edculos de dos ruedas) en su flota de servicios.<\/span><span data-ccp-props=\"{\"> <\/span><\/p>\n\t\t\t\t<\/div>\n\t\t\t\n\t\t\t\n\t\t\t\n\t\t\t\t\t\t\t\t\t\t\t\t\t\t\t\t\t<div class=\"btn-container\">\n\t\t\t\t\t\t<a href=\"https:\/\/www.group-indigo.com\/es\/metier\/lider-en-recarga-electrica-urbana\/\" target=\"_self\" class=\"btn-primary\">M\u00e1s informaci\u00f3n<\/a>\n\t\t\t\t\t<\/div>\n\t\t\t\t\n\t\t\t\t\t\t\t\t\t<\/div>\n\t<\/div>\n<\/section>\r\n\n\n<section class=\"gut-block gut-fifty-fifty position-right bg-color-blanc\" >\n\t<div class=\"wrap grid-container\">\n\t\t\t\t\t<div class=\"img-part grid-el-tb-4 grid-el-md-5\">\n\t\t\t\t<figure class=\"img \">\n\t\t\t\t\t<img decoding=\"async\" width=\"1920\" height=\"1080\" src=\"https:\/\/www.group-indigo.com\/wp-content\/uploads\/2025\/03\/1000073827-1920x1080.jpg\" class=\"attachment-banner size-banner\" alt=\"\" srcset=\"https:\/\/www.group-indigo.com\/wp-content\/uploads\/2025\/03\/1000073827-1920x1080.jpg 1920w, https:\/\/www.group-indigo.com\/wp-content\/uploads\/2025\/03\/1000073827-300x169.jpg 300w, https:\/\/www.group-indigo.com\/wp-content\/uploads\/2025\/03\/1000073827-1024x576.jpg 1024w, https:\/\/www.group-indigo.com\/wp-content\/uploads\/2025\/03\/1000073827-768x432.jpg 768w, https:\/\/www.group-indigo.com\/wp-content\/uploads\/2025\/03\/1000073827-1536x864.jpg 1536w, https:\/\/www.group-indigo.com\/wp-content\/uploads\/2025\/03\/1000073827-scaled.jpg 2048w\" sizes=\"(max-width: 1920px) 100vw, 1920px\" \/>\t\t\t\t<\/figure>\n\t\t\t<\/div>\n\t\t\n\t\t<div class=\"content-part grid-el-tb-7 grid-el-md-5\">\n\t\t\t\t\t\t\t<h2 class=\"block-title titre-h2\">Estaciones de carga r\u00e1pida<\/h2>\n\t\t\t\n\t\t\t\t\t\t\t<div class=\"texte wysiwyg-content\">\n\t\t\t\t\t<p><span class=\"TextRun SCXW72310801 BCX0\" lang=\"FR-FR\" data-contrast=\"auto\" xml:lang=\"FR-FR\"><span class=\"NormalTextRun SCXW72310801 BCX0\">Adem\u00e1s de la carga est\u00e1ndar, los aparcamientos INDIGO ofrecen estaciones de carga ultrarr\u00e1pida dise\u00f1adas para alimentar <\/span><span class=\"NormalTextRun SCXW72310801 BCX0\">a <\/span> <span class=\"NormalTextRun SCXW72310801 BCX0\">veh\u00edculo en el menor tiempo posible. Est\u00e1ndar o ultrarr\u00e1pidas, soluciones adaptadas a los profesionales&#8230; Satisfacemos las necesidades de distintos perfiles de usuario. <\/span><\/span><span class=\"EOP SCXW72310801 BCX0\" data-ccp-props=\"{\"> <\/span><\/p>\n\t\t\t\t<\/div>\n\t\t\t\n\t\t\t\n\t\t\t\n\t\t\t\t\t\t\t\t\t\t\t\t\t\t\t\t\t<div class=\"btn-container\">\n\t\t\t\t\t\t<a href=\"https:\/\/www.group-indigo.com\/es\/metier\/estaciones-de-carga-rapida\/\" target=\"_self\" class=\"btn-primary\">M\u00e1s informaci\u00f3n<\/a>\n\t\t\t\t\t<\/div>\n\t\t\t\t\n\t\t\t\t\t\t\t\t\t<\/div>\n\t<\/div>\n<\/section>\r\n\n\n<section class=\"gut-block gut-cards bg-color-blanc\" >\n\t<div class=\"wrap\">\n\t\t\t<div class=\"block-intro grid-container\">\n\t\t\t\t\t<h2 class=\"block-title titre-h2 grid-el-tb-8 grid-el-md-6 \">Fomentar el uso de la bicicleta<\/h2>\n\t\t\n\t\t\t\t\t<div class=\"right grid-el-tb-8 grid-el-md-4\">\n\t\t\t\t\t\t\t\t\t<div class=\"texte wysiwyg-content\">\n\t\t\t\t\t\t<p><span class=\"TextRun SCXW121484666 BCX0\" lang=\"FR-FR\" data-contrast=\"auto\" xml:lang=\"FR-FR\"><span class=\"NormalTextRun SCXW121484666 BCX0\">Fomentado por muchas autoridades locales, el uso de la bicicleta en las ciudades ha puesto de manifiesto necesidades espec\u00edficas. <\/span><span class=\"NormalTextRun SCXW121484666 BCX0\">Para fomentar el uso de la bicicleta <\/span><span class=\"NormalTextRun SCXW121484666 BCX0\">ciclismo<\/span><span class=\"NormalTextRun SCXW121484666 BCX0\">INDIGO <\/span><span class=\"NormalTextRun SCXW121484666 BCX0\">est\u00e1 desarrollando infraestructuras y servicios espec\u00edficos.<\/span><\/span><span class=\"EOP SCXW121484666 BCX0\" data-ccp-props=\"{\"> <\/span><\/p>\n\t\t\t\t\t<\/div>\n\t\t\t\t\n\t\t\t\t\n\t\t\t\t\t\t\t<\/div>\n\t\t\t<\/div>\n\n\t\t<div class=\"slider-container\">\n\t\t\t<div class=\"swiper\">\n\t\t\t\t<div class=\"swiper-wrapper\">\n\t\t\t\t\t\t\t\t\t\t\t<div class=\"swiper-slide\">\n\t\t\t\t\t\t\t\t\t\t\t\t\t\t\t<a href=\"https:\/\/www.group-indigo.com\/es\/metier\/cicloparque-aparcamiento-exclusivo-para-bicicletas\/\" target=\"_self\" class=\"card color-violet\">\n\t\t\t\t\t\t\t\n\t\t\t\t\t\t\t\t\t\t\t\t\t\t\t\t\t<h3 class=\"titre\">Cicloparque, aparcamiento vigilado para bicicletas<\/h3>\n\t\t\t\t\t\t\t\t\n\t\t\t\t\t\t\t\t\t\t\t\t\t\t\t\t\t<div class=\"description wysiwyg-content\">\n\t\t\t\t\t\t\t\t\t\t<p><span class=\"TextRun SCXW243162494 BCX0\" lang=\"FR-FR\" data-contrast=\"auto\" xml:lang=\"FR-FR\"><span class=\"NormalTextRun SCXW243162494 BCX0\">Como socio de larga data de las ciudades en el despliegue de la movilidad baja en carbono, INDIGO ha creado <\/span><span class=\"NormalTextRun SpellingErrorV2Themed SCXW243162494 BCX0\">Cicloparque<\/span><span class=\"NormalTextRun SCXW243162494 BCX0\">una oferta que abarca el dise\u00f1o, la instalaci\u00f3n y el funcionamiento de estaciones seguras para bicicletas en <\/span><span class=\"NormalTextRun SCXW243162494 BCX0\">l<\/span><span class=\"NormalTextRun SCXW243162494 BCX0\">aparcamientos.<\/span><\/span><span class=\"EOP SCXW243162494 BCX0\" data-ccp-props=\"{}\"> <\/span><\/p>\n\t\t\t\t\t\t\t\t\t<\/div>\n\t\t\t\t\t\t\t\t\n\t\t\t\t\t\t\t\t\t\t\t\t\t\t\t\t\t<div class=\"btn-container\">\n\t\t\t\t\t\t\t\t\t\t<span class=\"cta btn-primary-alt\">M\u00e1s informaci\u00f3n<\/span>\n\t\t\t\t\t\t\t\t\t<\/div>\n\t\t\t\t\t\t\t\t\n\t\t\t\t\t\t\t\t\t\t\t\t\t\t\t\t\t<figure class=\"img\">\n\t\t\t\t\t\t\t\t\t\t<img decoding=\"async\" width=\"1024\" height=\"683\" src=\"https:\/\/www.group-indigo.com\/wp-content\/uploads\/2025\/02\/63I0177-1024x683.jpg\" class=\"attachment-large size-large\" alt=\"\" srcset=\"https:\/\/www.group-indigo.com\/wp-content\/uploads\/2025\/02\/63I0177-1024x683.jpg 1024w, https:\/\/www.group-indigo.com\/wp-content\/uploads\/2025\/02\/63I0177-300x200.jpg 300w, https:\/\/www.group-indigo.com\/wp-content\/uploads\/2025\/02\/63I0177-768x512.jpg 768w, https:\/\/www.group-indigo.com\/wp-content\/uploads\/2025\/02\/63I0177-1536x1024.jpg 1536w, https:\/\/www.group-indigo.com\/wp-content\/uploads\/2025\/02\/63I0177-scaled.jpg 2048w, https:\/\/www.group-indigo.com\/wp-content\/uploads\/2025\/02\/63I0177-1620x1080.jpg 1620w\" sizes=\"(max-width: 1024px) 100vw, 1024px\" \/>\t\t\t\t\t\t\t\t\t<\/figure>\n\t\t\t\t\t\t\t\t\n\t\t\t\t\t\t\t\t\t\t\t\t\t\t\t<\/a>\n\t\t\t\t\t\t\t\t\t\t\t\t\t<\/div>\n\t\t\t\t\t\t\t\t\t\t\t<div class=\"swiper-slide\">\n\t\t\t\t\t\t\t\t\t\t\t\t\t\t\t<a href=\"https:\/\/www.group-indigo.com\/es\/metier\/smovengo\/\" target=\"_self\" class=\"card color-violet\">\n\t\t\t\t\t\t\t\n\t\t\t\t\t\t\t\t\t\t\t\t\t\t\t\t\t<h3 class=\"titre\">Smovengo, un socio al servicio de la movilidad blanda<\/h3>\n\t\t\t\t\t\t\t\t\n\t\t\t\t\t\t\t\t\t\t\t\t\t\t\t\t\t<div class=\"description wysiwyg-content\">\n\t\t\t\t\t\t\t\t\t\t<p><span class=\"TextRun SCXW260291800 BCX0\" lang=\"FR-FR\" data-contrast=\"auto\" xml:lang=\"FR-FR\"><span class=\"NormalTextRun SCXW260291800 BCX0\">Filial al 100% de INDIGO<\/span><span class=\"NormalTextRun SCXW260291800 BCX0\">,<\/span><span class=\"NormalTextRun SCXW260291800 BCX0\"> <span class=\"NormalTextRun SpellingErrorV2Themed SCXW260291800 BCX0\">Smovengo <\/span>es el operador de<\/span><span class=\"NormalTextRun SCXW260291800 BCX0\">una de las<\/span><span class=\"NormalTextRun SCXW260291800 BCX0\"> mayores<\/span><span class=\"NormalTextRun SCXW260291800 BCX0\">s<\/span><span class=\"NormalTextRun SCXW260291800 BCX0\"> red<\/span><span class=\"NormalTextRun SCXW260291800 BCX0\">x<\/span><span class=\"NormalTextRun SCXW260291800 BCX0\"> del mundo: V\u00e9lib&#8217; M\u00e9tropole. <\/span><span class=\"NormalTextRun SCXW260291800 BCX0\">Un socio de elecci\u00f3n para el despliegue de la movilidad baja en carbono en la ciudad.<\/span><\/span><span class=\"EOP SCXW260291800 BCX0\" data-ccp-props=\"{}\"> <\/span><\/p>\n\t\t\t\t\t\t\t\t\t<\/div>\n\t\t\t\t\t\t\t\t\n\t\t\t\t\t\t\t\t\t\t\t\t\t\t\t\t\t<div class=\"btn-container\">\n\t\t\t\t\t\t\t\t\t\t<span class=\"cta btn-primary-alt\">M\u00e1s informaci\u00f3n<\/span>\n\t\t\t\t\t\t\t\t\t<\/div>\n\t\t\t\t\t\t\t\t\n\t\t\t\t\t\t\t\t\t\t\t\t\t\t\t\t\t<figure class=\"img\">\n\t\t\t\t\t\t\t\t\t\t<img decoding=\"async\" width=\"1024\" height=\"683\" src=\"https:\/\/www.group-indigo.com\/wp-content\/uploads\/2025\/03\/Utilisateurs-1-Personnalise-1024x683.jpg\" class=\"attachment-large size-large\" alt=\"\" srcset=\"https:\/\/www.group-indigo.com\/wp-content\/uploads\/2025\/03\/Utilisateurs-1-Personnalise-1024x683.jpg 1024w, https:\/\/www.group-indigo.com\/wp-content\/uploads\/2025\/03\/Utilisateurs-1-Personnalise-300x200.jpg 300w, https:\/\/www.group-indigo.com\/wp-content\/uploads\/2025\/03\/Utilisateurs-1-Personnalise-768x512.jpg 768w, https:\/\/www.group-indigo.com\/wp-content\/uploads\/2025\/03\/Utilisateurs-1-Personnalise-1536x1024.jpg 1536w, https:\/\/www.group-indigo.com\/wp-content\/uploads\/2025\/03\/Utilisateurs-1-Personnalise-scaled.jpg 2048w, https:\/\/www.group-indigo.com\/wp-content\/uploads\/2025\/03\/Utilisateurs-1-Personnalise-1620x1080.jpg 1620w\" sizes=\"(max-width: 1024px) 100vw, 1024px\" \/>\t\t\t\t\t\t\t\t\t<\/figure>\n\t\t\t\t\t\t\t\t\n\t\t\t\t\t\t\t\t\t\t\t\t\t\t\t<\/a>\n\t\t\t\t\t\t\t\t\t\t\t\t\t<\/div>\n\t\t\t\t\t\t\t\t\t<\/div>\n\t\t\t<\/div>\n\t\t<\/div>\n\t<\/div>\n<\/section>\r\n\n\n<section class=\"gut-block gut-rebond bg-color-blanc\" >\n\t<div class=\"container\">\n\t\t<div class=\"wrap grid-container\">\n\t\t\t<figure class=\"img\">\n\t\t\t\t<img decoding=\"async\" width=\"1372\" height=\"915\" src=\"https:\/\/www.group-indigo.com\/wp-content\/uploads\/2025\/03\/Logistique-urbaine-2.png\" class=\"attachment-banner size-banner\" alt=\"\" srcset=\"https:\/\/www.group-indigo.com\/wp-content\/uploads\/2025\/03\/Logistique-urbaine-2.png 1372w, https:\/\/www.group-indigo.com\/wp-content\/uploads\/2025\/03\/Logistique-urbaine-2-300x200.png 300w, https:\/\/www.group-indigo.com\/wp-content\/uploads\/2025\/03\/Logistique-urbaine-2-1024x683.png 1024w, https:\/\/www.group-indigo.com\/wp-content\/uploads\/2025\/03\/Logistique-urbaine-2-768x512.png 768w\" sizes=\"(max-width: 1372px) 100vw, 1372px\" \/>\t\t\t<\/figure>\n\n\t\t\t\t\t\t\t<h2 class=\"block-title titre-h2 grid-el-tb-8 grid-el-md-6\">Espacios log\u00edsticos urbanos para una ciudad m\u00e1s sostenible<\/h2>\n\t\t\t\n\t\t\t\t\t\t\t<div class=\"texte wysiwyg-content grid-el-tb-7 grid-el-md-5 grid-el-lg-4\">\n\t\t\t\t\t<p><span data-contrast=\"auto\">Reducir la congesti\u00f3n en el centro de las ciudades, mejorar la calidad del aire, compartir el espacio p\u00fablico&#8230; los aparcamientos de varias plantas se est\u00e1n convirtiendo en elementos clave del ecosistema urbano. Se est\u00e1n transformando para acoger espacios log\u00edsticos urbanos, convirti\u00e9ndose en aut\u00e9nticos centros de movilidad. <\/span><span data-ccp-props=\"{}\"> <\/span><\/p>\n\t\t\t\t<\/div>\n\t\t\t\n\t\t\t\t\t\t\t<div class=\"btn-container grid-el-tb-6 grid-el-md-4\">\n\t\t\t\t\t<a href=\"https:\/\/www.group-indigo.com\/es\/metier\/logistica-y-servicios-urbanos\/\" target=\"_self\" class=\"btn-primary\">M\u00e1s informaci\u00f3n<\/a>\n\t\t\t\t<\/div>\n\t\t\t\n\t\t\t\t\t<\/div>\n\t<\/div>\n<\/section>","protected":false},"excerpt":{"rendered":"","protected":false},"author":5,"featured_media":0,"parent":0,"menu_order":0,"comment_status":"closed","ping_status":"closed","template":"","meta":{"_acf_changed":false,"inline_featured_image":false,"footnotes":""},"class_list":["post-1100082132","page","type-page","status-publish","hentry"],"acf":[],"yoast_head":"<!-- This site is optimized with the Yoast SEO plugin v27.2 - https:\/\/yoast.com\/product\/yoast-seo-wordpress\/ -->\n<title>Movilidad sostenible - Groupe INDIGO<\/title>\n<meta name=\"description\" content=\"INDIGO apoya el desarrollo de la movilidad con bajas emisiones de carbono mediante infraestructuras y servicios espec\u00edficos.\" \/>\n<meta name=\"robots\" content=\"index, follow, max-snippet:-1, max-image-preview:large, max-video-preview:-1\" \/>\n<link rel=\"canonical\" href=\"https:\/\/www.group-indigo.com\/es\/movilidad-sostenible\/\" \/>\n<meta property=\"og:locale\" content=\"es_ES\" \/>\n<meta property=\"og:type\" content=\"article\" \/>\n<meta property=\"og:title\" content=\"Movilidad sostenible - Groupe INDIGO\" \/>\n<meta property=\"og:description\" content=\"INDIGO apoya el desarrollo de la movilidad con bajas emisiones de carbono mediante infraestructuras y servicios espec\u00edficos.\" \/>\n<meta property=\"og:url\" content=\"https:\/\/www.group-indigo.com\/es\/movilidad-sostenible\/\" \/>\n<meta property=\"og:site_name\" content=\"Groupe INDIGO\" \/>\n<meta property=\"article:modified_time\" content=\"2025-07-04T10:33:53+00:00\" \/>\n<meta name=\"twitter:card\" content=\"summary_large_image\" \/>\n<script type=\"application\/ld+json\" class=\"yoast-schema-graph\">{\"@context\":\"https:\/\/schema.org\",\"@graph\":[{\"@type\":\"WebPage\",\"@id\":\"https:\/\/www.group-indigo.com\/es\/movilidad-sostenible\/\",\"url\":\"https:\/\/www.group-indigo.com\/es\/movilidad-sostenible\/\",\"name\":\"Movilidad sostenible - Groupe INDIGO\",\"isPartOf\":{\"@id\":\"https:\/\/www.group-indigo.com\/es\/#website\"},\"datePublished\":\"2025-02-13T09:30:05+00:00\",\"dateModified\":\"2025-07-04T10:33:53+00:00\",\"description\":\"INDIGO apoya el desarrollo de la movilidad con bajas emisiones de carbono mediante infraestructuras y servicios espec\u00edficos.\",\"breadcrumb\":{\"@id\":\"https:\/\/www.group-indigo.com\/es\/movilidad-sostenible\/#breadcrumb\"},\"inLanguage\":\"es\",\"potentialAction\":[{\"@type\":\"ReadAction\",\"target\":[\"https:\/\/www.group-indigo.com\/es\/movilidad-sostenible\/\"]}]},{\"@type\":\"BreadcrumbList\",\"@id\":\"https:\/\/www.group-indigo.com\/es\/movilidad-sostenible\/#breadcrumb\",\"itemListElement\":[{\"@type\":\"ListItem\",\"position\":1,\"name\":\"Home\",\"item\":\"https:\/\/www.group-indigo.com\/es\/\"},{\"@type\":\"ListItem\",\"position\":2,\"name\":\"Movilidad sostenible\"}]},{\"@type\":\"WebSite\",\"@id\":\"https:\/\/www.group-indigo.com\/es\/#website\",\"url\":\"https:\/\/www.group-indigo.com\/es\/\",\"name\":\"Groupe INDIGO\",\"description\":\"\",\"publisher\":{\"@id\":\"https:\/\/www.group-indigo.com\/es\/#organization\"},\"potentialAction\":[{\"@type\":\"SearchAction\",\"target\":{\"@type\":\"EntryPoint\",\"urlTemplate\":\"https:\/\/www.group-indigo.com\/es\/?s={search_term_string}\"},\"query-input\":{\"@type\":\"PropertyValueSpecification\",\"valueRequired\":true,\"valueName\":\"search_term_string\"}}],\"inLanguage\":\"es\"},{\"@type\":\"Organization\",\"@id\":\"https:\/\/www.group-indigo.com\/es\/#organization\",\"name\":\"Groupe INDIGO\",\"url\":\"https:\/\/www.group-indigo.com\/es\/\",\"logo\":{\"@type\":\"ImageObject\",\"inLanguage\":\"es\",\"@id\":\"https:\/\/www.group-indigo.com\/es\/#\/schema\/logo\/image\/\",\"url\":\"https:\/\/www.group-indigo.com\/wp-content\/uploads\/2026\/03\/login-logo.svg\",\"contentUrl\":\"https:\/\/www.group-indigo.com\/wp-content\/uploads\/2026\/03\/login-logo.svg\",\"width\":223,\"height\":49,\"caption\":\"Groupe INDIGO\"},\"image\":{\"@id\":\"https:\/\/www.group-indigo.com\/es\/#\/schema\/logo\/image\/\"}}]}<\/script>\n<!-- \/ Yoast SEO plugin. -->","yoast_head_json":{"title":"Movilidad sostenible - Groupe INDIGO","description":"INDIGO apoya el desarrollo de la movilidad con bajas emisiones de carbono mediante infraestructuras y servicios espec\u00edficos.","robots":{"index":"index","follow":"follow","max-snippet":"max-snippet:-1","max-image-preview":"max-image-preview:large","max-video-preview":"max-video-preview:-1"},"canonical":"https:\/\/www.group-indigo.com\/es\/movilidad-sostenible\/","og_locale":"es_ES","og_type":"article","og_title":"Movilidad sostenible - Groupe INDIGO","og_description":"INDIGO apoya el desarrollo de la movilidad con bajas emisiones de carbono mediante infraestructuras y servicios espec\u00edficos.","og_url":"https:\/\/www.group-indigo.com\/es\/movilidad-sostenible\/","og_site_name":"Groupe INDIGO","article_modified_time":"2025-07-04T10:33:53+00:00","twitter_card":"summary_large_image","schema":{"@context":"https:\/\/schema.org","@graph":[{"@type":"WebPage","@id":"https:\/\/www.group-indigo.com\/es\/movilidad-sostenible\/","url":"https:\/\/www.group-indigo.com\/es\/movilidad-sostenible\/","name":"Movilidad sostenible - Groupe INDIGO","isPartOf":{"@id":"https:\/\/www.group-indigo.com\/es\/#website"},"datePublished":"2025-02-13T09:30:05+00:00","dateModified":"2025-07-04T10:33:53+00:00","description":"INDIGO apoya el desarrollo de la movilidad con bajas emisiones de carbono mediante infraestructuras y servicios espec\u00edficos.","breadcrumb":{"@id":"https:\/\/www.group-indigo.com\/es\/movilidad-sostenible\/#breadcrumb"},"inLanguage":"es","potentialAction":[{"@type":"ReadAction","target":["https:\/\/www.group-indigo.com\/es\/movilidad-sostenible\/"]}]},{"@type":"BreadcrumbList","@id":"https:\/\/www.group-indigo.com\/es\/movilidad-sostenible\/#breadcrumb","itemListElement":[{"@type":"ListItem","position":1,"name":"Home","item":"https:\/\/www.group-indigo.com\/es\/"},{"@type":"ListItem","position":2,"name":"Movilidad sostenible"}]},{"@type":"WebSite","@id":"https:\/\/www.group-indigo.com\/es\/#website","url":"https:\/\/www.group-indigo.com\/es\/","name":"Groupe INDIGO","description":"","publisher":{"@id":"https:\/\/www.group-indigo.com\/es\/#organization"},"potentialAction":[{"@type":"SearchAction","target":{"@type":"EntryPoint","urlTemplate":"https:\/\/www.group-indigo.com\/es\/?s={search_term_string}"},"query-input":{"@type":"PropertyValueSpecification","valueRequired":true,"valueName":"search_term_string"}}],"inLanguage":"es"},{"@type":"Organization","@id":"https:\/\/www.group-indigo.com\/es\/#organization","name":"Groupe INDIGO","url":"https:\/\/www.group-indigo.com\/es\/","logo":{"@type":"ImageObject","inLanguage":"es","@id":"https:\/\/www.group-indigo.com\/es\/#\/schema\/logo\/image\/","url":"https:\/\/www.group-indigo.com\/wp-content\/uploads\/2026\/03\/login-logo.svg","contentUrl":"https:\/\/www.group-indigo.com\/wp-content\/uploads\/2026\/03\/login-logo.svg","width":223,"height":49,"caption":"Groupe INDIGO"},"image":{"@id":"https:\/\/www.group-indigo.com\/es\/#\/schema\/logo\/image\/"}}]}},"_links":{"self":[{"href":"https:\/\/www.group-indigo.com\/es\/wp-json\/wp\/v2\/pages\/1100082132","targetHints":{"allow":["GET"]}}],"collection":[{"href":"https:\/\/www.group-indigo.com\/es\/wp-json\/wp\/v2\/pages"}],"about":[{"href":"https:\/\/www.group-indigo.com\/es\/wp-json\/wp\/v2\/types\/page"}],"author":[{"embeddable":true,"href":"https:\/\/www.group-indigo.com\/es\/wp-json\/wp\/v2\/users\/5"}],"replies":[{"embeddable":true,"href":"https:\/\/www.group-indigo.com\/es\/wp-json\/wp\/v2\/comments?post=1100082132"}],"version-history":[{"count":2,"href":"https:\/\/www.group-indigo.com\/es\/wp-json\/wp\/v2\/pages\/1100082132\/revisions"}],"predecessor-version":[{"id":1100091959,"href":"https:\/\/www.group-indigo.com\/es\/wp-json\/wp\/v2\/pages\/1100082132\/revisions\/1100091959"}],"wp:attachment":[{"href":"https:\/\/www.group-indigo.com\/es\/wp-json\/wp\/v2\/media?parent=1100082132"}],"curies":[{"name":"wp","href":"https:\/\/api.w.org\/{rel}","templated":true}]}}