{"id":1100082134,"date":"2025-02-14T16:42:38","date_gmt":"2025-02-14T15:42:38","guid":{"rendered":"https:\/\/www.group-indigo.com\/nuestras-actividades-transversales-y-de-apoyo\/"},"modified":"2025-07-04T12:53:58","modified_gmt":"2025-07-04T10:53:58","slug":"nuestras-actividades-transversales-y-de-apoyo","status":"publish","type":"page","link":"https:\/\/www.group-indigo.com\/es\/nuestras-actividades-transversales-y-de-apoyo\/","title":{"rendered":"Nuestras actividades transversales y de apoyo"},"content":{"rendered":"\r\n<section class=\"gut-block gut-hero-simple type-image\" >\r\n\t<div class=\"bg\">\r\n\t\t<div class=\"wrap\"><\/div>\r\n\t<\/div>\r\n\r\n\t<div class=\"wrap\">\r\n\t\t\t\t\t<div class=\"grid-container\">\r\n\t\t\t\t<div class=\"grid-el-md-5 contents\">\r\n\t\t\t\t\t<nav class=\"breadcrumb\" role=\"navigation\" aria-label=\"Rastro de migas de pan :\">\r\n\t<ul class=\"breadcrumb-list\">\r\n\t\t<li class=\"breadcrumb-item\">\r\n\t\t\t<a href=\"https:\/\/www.group-indigo.com\/es\/\">Inicio<\/a>\r\n\t\t<\/li>\r\n\r\n\t\t\t\t\t\t\t\t\t\t\t<li class=\"breadcrumb-item\" aria-current=\"page\">\r\n\t\t\t\t\t\tNuestras actividades transversales y de apoyo\t\t\t\t\t<\/li>\r\n\t\t\t\t\t\t\t\t\t\t<\/ul>\r\n<\/nav>\r\n\t\t\t\t\t<div class=\"content-part\">\r\n\t\t\t\t\t\t\r\n\t\t\t\t\t\t\t\t\t\t\t\t\t<h1 class=\"block-title titre-h2\">Nuestras actividades transversales y de apoyo<\/h1>\r\n\t\t\t\t\t\t\r\n\t\t\t\t\t\t<div class=\"textes\">\r\n\t\t\t\t\t\t\t\t\t\t\t\t\t\t\t<div class=\"texte wysiwyg-content\">\r\n\t\t\t\t\t\t\t\t\t<p>Digital, datos, sistemas de informaci\u00f3n, finanzas, recursos humanos, comunicaciones, jur\u00eddico&#8230; INDIGO contrata en todo el mundo para apoyar las funciones operativas, desarrollar nuestro servicio digital y gestionar nuestras infraestructuras t\u00e9cnicas y herramientas empresariales. M\u00e1s informaci\u00f3n sobre algunos de nuestros puestos de trabajo. <\/p>\r\n\t\t\t\t\t\t\t\t<\/div>\r\n\t\t\t\t\t\t\t\r\n\t\t\t\t\t\t\t\t\t\t\t\t\t<\/div>\r\n\r\n\t\t\t\t\t\t\t\t\t\t\t<\/div>\r\n\t\t\t\t<\/div>\r\n\r\n\t\t\t\t\t\t\t\t\t<div class=\"img-part grid-el-md-6\">\r\n\t\t\t\t\t\t<figure class=\"img\">\r\n\t\t\t\t\t\t\t<img decoding=\"async\" width=\"855\" height=\"1080\" src=\"https:\/\/www.group-indigo.com\/wp-content\/uploads\/2025\/02\/Corpo-068-scaled-e1739802312924-855x1080.jpg\" class=\"attachment-banner size-banner\" alt=\"\" srcset=\"https:\/\/www.group-indigo.com\/wp-content\/uploads\/2025\/02\/Corpo-068-scaled-e1739802312924-855x1080.jpg 855w, https:\/\/www.group-indigo.com\/wp-content\/uploads\/2025\/02\/Corpo-068-scaled-e1739802312924-237x300.jpg 237w, https:\/\/www.group-indigo.com\/wp-content\/uploads\/2025\/02\/Corpo-068-scaled-e1739802312924-810x1024.jpg 810w, https:\/\/www.group-indigo.com\/wp-content\/uploads\/2025\/02\/Corpo-068-scaled-e1739802312924-768x971.jpg 768w, https:\/\/www.group-indigo.com\/wp-content\/uploads\/2025\/02\/Corpo-068-scaled-e1739802312924.jpg 1080w\" sizes=\"(max-width: 855px) 100vw, 855px\" \/>\t\t\t\t\t\t<\/figure>\r\n\t\t\t\t\t<\/div>\r\n\t\t\t\t\r\n\t\t\t\t\t\t\t<\/div>\r\n\t\t\r\n\t\t\t<\/div>\r\n<\/section>\r\n\n\n<section class=\"gut-block gut-texte bg-color-blanc\" >\n\t<div class=\"wrap\">\n\t\t<div class=\"texte wysiwyg-content\">\n\t\t\t<h2>DISE\u00d1ADOR DE PRODUCTOS DIGITALES<\/h2>\n<p>Como desarrollador de la F\u00e1brica Digital del Grupo INDIGO, dise\u00f1a un recorrido del cliente que es sencillo, intuitivo y atractivo. Encuentra soluciones UX\/UI innovadoras para resolver los problemas de nuestros clientes y trabaja para que nuestra aplicaci\u00f3n Indigo Neo sea l\u00edder del mercado. <\/p>\n<p>\u00a0<\/p>\n<h2>EL ANALISTA EMPRESARIAL<\/h2>\n<p>Como parte del equipo de Inteligencia Empresarial, analiza los ingresos y formula recomendaciones de precios para todos los productos y canales. Este an\u00e1lisis de datos se utiliza para optimizar los ingresos y mejorar la eficacia de las ofertas comerciales, contribuyendo as\u00ed al \u00e9xito financiero de la empresa. <\/p>\n<p>\u00a0<\/p>\n<h2>DELINEANTE DE DISE\u00d1O<\/h2>\n<p>Como parte de nuestro Departamento T\u00e9cnico y de Grandes Proyectos, son una pieza clave en el dise\u00f1o de nuestras estructuras. A partir de los bocetos del arquitecto, elaboran y desarrollan expedientes t\u00e9cnicos y planos que sirven de base para todas las fases de dise\u00f1o y para la ejecuci\u00f3n de las obras: construcci\u00f3n, conformidad, renovaci\u00f3n y remodelaci\u00f3n de aparcamientos, por ejemplo. <\/p>\n\t\t<\/div>\n\t<\/div>\n<\/section>\r\n\n\n<section class=\"gut-block gut-slider-images bg-color-blanc\" >\n\t<div class=\"wrap\">\n\t\t\n\t\t<div class=\"slider-container\">\n\t\t\t<div class=\"swiper\">\n\t\t\t\t<div class=\"swiper-wrapper\">\n\t\t\t\t\t\t\t\t\t\t\t<div class=\"swiper-slide\">\n\t\t\t\t\t\t\t<a href=\"https:\/\/www.group-indigo.com\/wp-content\/uploads\/2025\/02\/Corpo-121-1620x1080.jpg\" class=\"img-container\" >\n\t\t\t\t\t\t\t\t<figure>\n\t\t\t\t\t\t\t\t\t<div class=\"img\">\n\t\t\t\t\t\t\t\t\t\t<img decoding=\"async\" width=\"1024\" height=\"683\" src=\"https:\/\/www.group-indigo.com\/wp-content\/uploads\/2025\/02\/Corpo-121-1024x683.jpg\" class=\"attachment-large size-large\" alt=\"\" srcset=\"https:\/\/www.group-indigo.com\/wp-content\/uploads\/2025\/02\/Corpo-121-1024x683.jpg 1024w, https:\/\/www.group-indigo.com\/wp-content\/uploads\/2025\/02\/Corpo-121-300x200.jpg 300w, https:\/\/www.group-indigo.com\/wp-content\/uploads\/2025\/02\/Corpo-121-768x512.jpg 768w, https:\/\/www.group-indigo.com\/wp-content\/uploads\/2025\/02\/Corpo-121-1536x1024.jpg 1536w, https:\/\/www.group-indigo.com\/wp-content\/uploads\/2025\/02\/Corpo-121-scaled.jpg 2048w, https:\/\/www.group-indigo.com\/wp-content\/uploads\/2025\/02\/Corpo-121-1620x1080.jpg 1620w\" sizes=\"(max-width: 1024px) 100vw, 1024px\" \/>\t\t\t\t\t\t\t\t\t<\/div>\n\n\t\t\t\t\t\t\t\t\t\t\t\t\t\t\t\t\t<\/figure>\n\t\t\t\t\t\t\t<\/a>\n\t\t\t\t\t\t<\/div>\n\t\t\t\t\t\t\t\t\t\t\t<div class=\"swiper-slide\">\n\t\t\t\t\t\t\t<a href=\"https:\/\/www.group-indigo.com\/wp-content\/uploads\/2025\/02\/Corpo-144-1620x1080.jpg\" class=\"img-container\" >\n\t\t\t\t\t\t\t\t<figure>\n\t\t\t\t\t\t\t\t\t<div class=\"img\">\n\t\t\t\t\t\t\t\t\t\t<img decoding=\"async\" width=\"1024\" height=\"683\" src=\"https:\/\/www.group-indigo.com\/wp-content\/uploads\/2025\/02\/Corpo-144-1024x683.jpg\" class=\"attachment-large size-large\" alt=\"\" srcset=\"https:\/\/www.group-indigo.com\/wp-content\/uploads\/2025\/02\/Corpo-144-1024x683.jpg 1024w, https:\/\/www.group-indigo.com\/wp-content\/uploads\/2025\/02\/Corpo-144-300x200.jpg 300w, https:\/\/www.group-indigo.com\/wp-content\/uploads\/2025\/02\/Corpo-144-768x512.jpg 768w, https:\/\/www.group-indigo.com\/wp-content\/uploads\/2025\/02\/Corpo-144-1536x1024.jpg 1536w, https:\/\/www.group-indigo.com\/wp-content\/uploads\/2025\/02\/Corpo-144-scaled.jpg 2048w, https:\/\/www.group-indigo.com\/wp-content\/uploads\/2025\/02\/Corpo-144-1620x1080.jpg 1620w\" sizes=\"(max-width: 1024px) 100vw, 1024px\" \/>\t\t\t\t\t\t\t\t\t<\/div>\n\n\t\t\t\t\t\t\t\t\t\t\t\t\t\t\t\t\t<\/figure>\n\t\t\t\t\t\t\t<\/a>\n\t\t\t\t\t\t<\/div>\n\t\t\t\t\t\t\t\t\t\t\t<div class=\"swiper-slide\">\n\t\t\t\t\t\t\t<a href=\"https:\/\/www.group-indigo.com\/wp-content\/uploads\/2025\/02\/Corpo-167-1620x1080.jpg\" class=\"img-container\" >\n\t\t\t\t\t\t\t\t<figure>\n\t\t\t\t\t\t\t\t\t<div class=\"img\">\n\t\t\t\t\t\t\t\t\t\t<img decoding=\"async\" width=\"1024\" height=\"683\" src=\"https:\/\/www.group-indigo.com\/wp-content\/uploads\/2025\/02\/Corpo-167-1024x683.jpg\" class=\"attachment-large size-large\" alt=\"\" srcset=\"https:\/\/www.group-indigo.com\/wp-content\/uploads\/2025\/02\/Corpo-167-1024x683.jpg 1024w, https:\/\/www.group-indigo.com\/wp-content\/uploads\/2025\/02\/Corpo-167-300x200.jpg 300w, https:\/\/www.group-indigo.com\/wp-content\/uploads\/2025\/02\/Corpo-167-768x512.jpg 768w, https:\/\/www.group-indigo.com\/wp-content\/uploads\/2025\/02\/Corpo-167-1536x1024.jpg 1536w, https:\/\/www.group-indigo.com\/wp-content\/uploads\/2025\/02\/Corpo-167-scaled.jpg 2048w, https:\/\/www.group-indigo.com\/wp-content\/uploads\/2025\/02\/Corpo-167-1620x1080.jpg 1620w\" sizes=\"(max-width: 1024px) 100vw, 1024px\" \/>\t\t\t\t\t\t\t\t\t<\/div>\n\n\t\t\t\t\t\t\t\t\t\t\t\t\t\t\t\t\t<\/figure>\n\t\t\t\t\t\t\t<\/a>\n\t\t\t\t\t\t<\/div>\n\t\t\t\t\t\t\t\t\t<\/div>\n\t\t\t<\/div>\n\n\t\t\t<div class=\"swiper-nav\">\n\t\t\t\t<button type=\"button\" class=\"swiper-btn swiper-btn-prev\" aria-label=\"Anterior\"><span class=\"icon icon-arrow-left\" aria-hidden=\"true\"><\/span><\/button>\n\t\t\t\t<button type=\"button\" class=\"swiper-btn swiper-btn-next\" aria-label=\"Siguiente\"><span class=\"icon icon-arrow-right\" aria-hidden=\"true\"><\/span><\/button>\n\t\t\t<\/div>\n\t\t<\/div>\n\t<\/div>\n<\/section>\r\n\n\n<section class=\"gut-block gut-texte bg-color-blanc\" >\n\t<div class=\"wrap\">\n\t\t<div class=\"texte wysiwyg-content\">\n\t\t\t<h2>EL ABOGADO DE DERECHO P\u00daBLICO<\/h2>\n<p>Participa en los concursos de concesiones de explotaci\u00f3n convocados por ayuntamientos o aglomeraciones urbanas en todos los aspectos jur\u00eddicos, como el proyecto de estatutos o el contrato de mandato, que aclaran la colaboraci\u00f3n entre los clientes ascendentes e INDIGO.<\/p>\n<p>\u00a0<\/p>\n<h2>INGENIERO DE REDES<\/h2>\n<p>Ayudan a instalar la fibra y las redes en los aparcamientos para garantizar la calidad de transmisi\u00f3n de los flujos de informaci\u00f3n. Tambi\u00e9n garantiza la instalaci\u00f3n y supervisi\u00f3n de cortafuegos para proteger los datos que se procesan. Est\u00e1 en el centro de la continuidad del servicio para nuestros clientes.  <\/p>\n<p>\u00a0<\/p>\n\t\t<\/div>\n\t<\/div>\n<\/section>\r\n\n\n<section class=\"gut-block gut-rebond bg-color-blanc\" >\n\t<div class=\"container\">\n\t\t<div class=\"wrap grid-container\">\n\t\t\t<figure class=\"img\">\n\t\t\t\t<img decoding=\"async\" width=\"1520\" height=\"915\" src=\"https:\/\/www.group-indigo.com\/wp-content\/uploads\/2025\/01\/Modules-Image-8.jpg\" class=\"attachment-banner size-banner\" alt=\"\" srcset=\"https:\/\/www.group-indigo.com\/wp-content\/uploads\/2025\/01\/Modules-Image-8.jpg 1520w, https:\/\/www.group-indigo.com\/wp-content\/uploads\/2025\/01\/Modules-Image-8-300x181.jpg 300w, https:\/\/www.group-indigo.com\/wp-content\/uploads\/2025\/01\/Modules-Image-8-1024x616.jpg 1024w, https:\/\/www.group-indigo.com\/wp-content\/uploads\/2025\/01\/Modules-Image-8-768x462.jpg 768w\" sizes=\"(max-width: 1520px) 100vw, 1520px\" \/>\t\t\t<\/figure>\n\n\t\t\t\t\t\t\t<h2 class=\"block-title titre-h2 grid-el-tb-8 grid-el-md-6\">Nuestros trabajos en el campo<\/h2>\n\t\t\t\n\t\t\t\t\t\t\t<div class=\"texte wysiwyg-content grid-el-tb-7 grid-el-md-5 grid-el-lg-4\">\n\t\t\t\t\t<p>Agentes, t\u00e9cnicos, jefes de obra, jefes de mantenimiento, comerciales y administrativos&#8230; INDIGO ofrece una gran variedad de puestos de trabajo en todo el mundo para garantizar el buen funcionamiento de sus operaciones, mejorar sus instalaciones y acoger a sus clientes.<\/p>\n\t\t\t\t<\/div>\n\t\t\t\n\t\t\t\t\t\t\t<div class=\"btn-container grid-el-tb-6 grid-el-md-4\">\n\t\t\t\t\t<a href=\"https:\/\/www.group-indigo.com\/es\/nuestras-actividades-sobre-el-terreno\/\" target=\"_self\" class=\"btn-primary\">M\u00e1s informaci\u00f3n<\/a>\n\t\t\t\t<\/div>\n\t\t\t\n\t\t\t\t\t<\/div>\n\t<\/div>\n<\/section>","protected":false},"excerpt":{"rendered":"","protected":false},"author":6,"featured_media":0,"parent":0,"menu_order":0,"comment_status":"closed","ping_status":"closed","template":"","meta":{"_acf_changed":false,"inline_featured_image":false,"footnotes":""},"class_list":["post-1100082134","page","type-page","status-publish","hentry"],"acf":[],"yoast_head":"<!-- This site is optimized with the Yoast SEO plugin v27.2 - https:\/\/yoast.com\/product\/yoast-seo-wordpress\/ -->\n<title>Nuestras actividades transversales y de apoyo - Groupe INDIGO<\/title>\n<meta name=\"robots\" content=\"index, follow, max-snippet:-1, max-image-preview:large, max-video-preview:-1\" \/>\n<link rel=\"canonical\" href=\"https:\/\/www.group-indigo.com\/es\/nuestras-actividades-transversales-y-de-apoyo\/\" \/>\n<meta property=\"og:locale\" content=\"es_ES\" \/>\n<meta property=\"og:type\" content=\"article\" \/>\n<meta property=\"og:title\" content=\"Nuestras actividades transversales y de apoyo - Groupe INDIGO\" \/>\n<meta property=\"og:url\" content=\"https:\/\/www.group-indigo.com\/es\/nuestras-actividades-transversales-y-de-apoyo\/\" \/>\n<meta property=\"og:site_name\" content=\"Groupe INDIGO\" \/>\n<meta property=\"article:modified_time\" content=\"2025-07-04T10:53:58+00:00\" \/>\n<meta name=\"twitter:card\" content=\"summary_large_image\" \/>\n<script type=\"application\/ld+json\" class=\"yoast-schema-graph\">{\"@context\":\"https:\/\/schema.org\",\"@graph\":[{\"@type\":\"WebPage\",\"@id\":\"https:\/\/www.group-indigo.com\/es\/nuestras-actividades-transversales-y-de-apoyo\/\",\"url\":\"https:\/\/www.group-indigo.com\/es\/nuestras-actividades-transversales-y-de-apoyo\/\",\"name\":\"Nuestras actividades transversales y de apoyo - Groupe INDIGO\",\"isPartOf\":{\"@id\":\"https:\/\/www.group-indigo.com\/es\/#website\"},\"datePublished\":\"2025-02-14T15:42:38+00:00\",\"dateModified\":\"2025-07-04T10:53:58+00:00\",\"breadcrumb\":{\"@id\":\"https:\/\/www.group-indigo.com\/es\/nuestras-actividades-transversales-y-de-apoyo\/#breadcrumb\"},\"inLanguage\":\"es\",\"potentialAction\":[{\"@type\":\"ReadAction\",\"target\":[\"https:\/\/www.group-indigo.com\/es\/nuestras-actividades-transversales-y-de-apoyo\/\"]}]},{\"@type\":\"BreadcrumbList\",\"@id\":\"https:\/\/www.group-indigo.com\/es\/nuestras-actividades-transversales-y-de-apoyo\/#breadcrumb\",\"itemListElement\":[{\"@type\":\"ListItem\",\"position\":1,\"name\":\"Home\",\"item\":\"https:\/\/www.group-indigo.com\/es\/\"},{\"@type\":\"ListItem\",\"position\":2,\"name\":\"Nuestras actividades transversales y de apoyo\"}]},{\"@type\":\"WebSite\",\"@id\":\"https:\/\/www.group-indigo.com\/es\/#website\",\"url\":\"https:\/\/www.group-indigo.com\/es\/\",\"name\":\"Groupe INDIGO\",\"description\":\"\",\"publisher\":{\"@id\":\"https:\/\/www.group-indigo.com\/es\/#organization\"},\"potentialAction\":[{\"@type\":\"SearchAction\",\"target\":{\"@type\":\"EntryPoint\",\"urlTemplate\":\"https:\/\/www.group-indigo.com\/es\/?s={search_term_string}\"},\"query-input\":{\"@type\":\"PropertyValueSpecification\",\"valueRequired\":true,\"valueName\":\"search_term_string\"}}],\"inLanguage\":\"es\"},{\"@type\":\"Organization\",\"@id\":\"https:\/\/www.group-indigo.com\/es\/#organization\",\"name\":\"Groupe INDIGO\",\"url\":\"https:\/\/www.group-indigo.com\/es\/\",\"logo\":{\"@type\":\"ImageObject\",\"inLanguage\":\"es\",\"@id\":\"https:\/\/www.group-indigo.com\/es\/#\/schema\/logo\/image\/\",\"url\":\"https:\/\/www.group-indigo.com\/wp-content\/uploads\/2026\/03\/login-logo.svg\",\"contentUrl\":\"https:\/\/www.group-indigo.com\/wp-content\/uploads\/2026\/03\/login-logo.svg\",\"width\":223,\"height\":49,\"caption\":\"Groupe INDIGO\"},\"image\":{\"@id\":\"https:\/\/www.group-indigo.com\/es\/#\/schema\/logo\/image\/\"}}]}<\/script>\n<!-- \/ Yoast SEO plugin. -->","yoast_head_json":{"title":"Nuestras actividades transversales y de apoyo - Groupe INDIGO","robots":{"index":"index","follow":"follow","max-snippet":"max-snippet:-1","max-image-preview":"max-image-preview:large","max-video-preview":"max-video-preview:-1"},"canonical":"https:\/\/www.group-indigo.com\/es\/nuestras-actividades-transversales-y-de-apoyo\/","og_locale":"es_ES","og_type":"article","og_title":"Nuestras actividades transversales y de apoyo - Groupe INDIGO","og_url":"https:\/\/www.group-indigo.com\/es\/nuestras-actividades-transversales-y-de-apoyo\/","og_site_name":"Groupe INDIGO","article_modified_time":"2025-07-04T10:53:58+00:00","twitter_card":"summary_large_image","schema":{"@context":"https:\/\/schema.org","@graph":[{"@type":"WebPage","@id":"https:\/\/www.group-indigo.com\/es\/nuestras-actividades-transversales-y-de-apoyo\/","url":"https:\/\/www.group-indigo.com\/es\/nuestras-actividades-transversales-y-de-apoyo\/","name":"Nuestras actividades transversales y de apoyo - Groupe INDIGO","isPartOf":{"@id":"https:\/\/www.group-indigo.com\/es\/#website"},"datePublished":"2025-02-14T15:42:38+00:00","dateModified":"2025-07-04T10:53:58+00:00","breadcrumb":{"@id":"https:\/\/www.group-indigo.com\/es\/nuestras-actividades-transversales-y-de-apoyo\/#breadcrumb"},"inLanguage":"es","potentialAction":[{"@type":"ReadAction","target":["https:\/\/www.group-indigo.com\/es\/nuestras-actividades-transversales-y-de-apoyo\/"]}]},{"@type":"BreadcrumbList","@id":"https:\/\/www.group-indigo.com\/es\/nuestras-actividades-transversales-y-de-apoyo\/#breadcrumb","itemListElement":[{"@type":"ListItem","position":1,"name":"Home","item":"https:\/\/www.group-indigo.com\/es\/"},{"@type":"ListItem","position":2,"name":"Nuestras actividades transversales y de apoyo"}]},{"@type":"WebSite","@id":"https:\/\/www.group-indigo.com\/es\/#website","url":"https:\/\/www.group-indigo.com\/es\/","name":"Groupe INDIGO","description":"","publisher":{"@id":"https:\/\/www.group-indigo.com\/es\/#organization"},"potentialAction":[{"@type":"SearchAction","target":{"@type":"EntryPoint","urlTemplate":"https:\/\/www.group-indigo.com\/es\/?s={search_term_string}"},"query-input":{"@type":"PropertyValueSpecification","valueRequired":true,"valueName":"search_term_string"}}],"inLanguage":"es"},{"@type":"Organization","@id":"https:\/\/www.group-indigo.com\/es\/#organization","name":"Groupe INDIGO","url":"https:\/\/www.group-indigo.com\/es\/","logo":{"@type":"ImageObject","inLanguage":"es","@id":"https:\/\/www.group-indigo.com\/es\/#\/schema\/logo\/image\/","url":"https:\/\/www.group-indigo.com\/wp-content\/uploads\/2026\/03\/login-logo.svg","contentUrl":"https:\/\/www.group-indigo.com\/wp-content\/uploads\/2026\/03\/login-logo.svg","width":223,"height":49,"caption":"Groupe INDIGO"},"image":{"@id":"https:\/\/www.group-indigo.com\/es\/#\/schema\/logo\/image\/"}}]}},"_links":{"self":[{"href":"https:\/\/www.group-indigo.com\/es\/wp-json\/wp\/v2\/pages\/1100082134","targetHints":{"allow":["GET"]}}],"collection":[{"href":"https:\/\/www.group-indigo.com\/es\/wp-json\/wp\/v2\/pages"}],"about":[{"href":"https:\/\/www.group-indigo.com\/es\/wp-json\/wp\/v2\/types\/page"}],"author":[{"embeddable":true,"href":"https:\/\/www.group-indigo.com\/es\/wp-json\/wp\/v2\/users\/6"}],"replies":[{"embeddable":true,"href":"https:\/\/www.group-indigo.com\/es\/wp-json\/wp\/v2\/comments?post=1100082134"}],"version-history":[{"count":2,"href":"https:\/\/www.group-indigo.com\/es\/wp-json\/wp\/v2\/pages\/1100082134\/revisions"}],"predecessor-version":[{"id":1100091974,"href":"https:\/\/www.group-indigo.com\/es\/wp-json\/wp\/v2\/pages\/1100082134\/revisions\/1100091974"}],"wp:attachment":[{"href":"https:\/\/www.group-indigo.com\/es\/wp-json\/wp\/v2\/media?parent=1100082134"}],"curies":[{"name":"wp","href":"https:\/\/api.w.org\/{rel}","templated":true}]}}