{"id":1100082155,"date":"2025-02-08T20:04:44","date_gmt":"2025-02-08T19:04:44","guid":{"rendered":"https:\/\/www.group-indigo.com\/actuar-por-el-medio-ambiente\/"},"modified":"2025-07-04T12:04:00","modified_gmt":"2025-07-04T10:04:00","slug":"actuar-por-el-medio-ambiente","status":"publish","type":"page","link":"https:\/\/www.group-indigo.com\/es\/actuar-por-el-medio-ambiente\/","title":{"rendered":"Actuar por el medio ambiente"},"content":{"rendered":"\r\n<section class=\"gut-block gut-hero-simple type-image\" >\r\n\t<div class=\"bg\">\r\n\t\t<div class=\"wrap\"><\/div>\r\n\t<\/div>\r\n\r\n\t<div class=\"wrap\">\r\n\t\t\t\t\t<div class=\"grid-container\">\r\n\t\t\t\t<div class=\"grid-el-md-5 contents\">\r\n\t\t\t\t\t<nav class=\"breadcrumb\" role=\"navigation\" aria-label=\"Rastro de migas de pan :\">\r\n\t<ul class=\"breadcrumb-list\">\r\n\t\t<li class=\"breadcrumb-item\">\r\n\t\t\t<a href=\"https:\/\/www.group-indigo.com\/es\/\">Inicio<\/a>\r\n\t\t<\/li>\r\n\r\n\t\t\t\t\t\t\t\t\t\t\t<li class=\"breadcrumb-item\" aria-current=\"page\">\r\n\t\t\t\t\t\tActuar por el medio ambiente\t\t\t\t\t<\/li>\r\n\t\t\t\t\t\t\t\t\t\t<\/ul>\r\n<\/nav>\r\n\t\t\t\t\t<div class=\"content-part\">\r\n\t\t\t\t\t\t\r\n\t\t\t\t\t\t\t\t\t\t\t\t\t<h1 class=\"block-title titre-h2\">Actuar por el medio ambiente<\/h1>\r\n\t\t\t\t\t\t\r\n\t\t\t\t\t\t<div class=\"textes\">\r\n\t\t\t\t\t\t\t\t\t\t\t\t\t\t\t<div class=\"texte wysiwyg-content\">\r\n\t\t\t\t\t\t\t\t\t<p>Como operador de aparcamientos y movilidad urbana, el Grupo invierte en la transformaci\u00f3n de sus infraestructuras y el desarrollo de sus servicios, para ofrecer soluciones de movilidad m\u00e1s sostenibles tanto a las autoridades locales como a los usuarios finales.\n<\/p>\r\n\t\t\t\t\t\t\t\t<\/div>\r\n\t\t\t\t\t\t\t\r\n\t\t\t\t\t\t\t\t\t\t\t\t\t<\/div>\r\n\r\n\t\t\t\t\t\t\t\t\t\t\t<\/div>\r\n\t\t\t\t<\/div>\r\n\r\n\t\t\t\t\t\t\t\t\t<div class=\"img-part grid-el-md-6\">\r\n\t\t\t\t\t\t<figure class=\"img\">\r\n\t\t\t\t\t\t\t<img decoding=\"async\" width=\"1372\" height=\"915\" src=\"https:\/\/www.group-indigo.com\/wp-content\/uploads\/2025\/03\/deux-personnes-a-velos.png\" class=\"attachment-banner size-banner\" alt=\"\" srcset=\"https:\/\/www.group-indigo.com\/wp-content\/uploads\/2025\/03\/deux-personnes-a-velos.png 1372w, https:\/\/www.group-indigo.com\/wp-content\/uploads\/2025\/03\/deux-personnes-a-velos-300x200.png 300w, https:\/\/www.group-indigo.com\/wp-content\/uploads\/2025\/03\/deux-personnes-a-velos-1024x683.png 1024w, https:\/\/www.group-indigo.com\/wp-content\/uploads\/2025\/03\/deux-personnes-a-velos-768x512.png 768w\" sizes=\"(max-width: 1372px) 100vw, 1372px\" \/>\t\t\t\t\t\t<\/figure>\r\n\t\t\t\t\t<\/div>\r\n\t\t\t\t\r\n\t\t\t\t\t\t\t<\/div>\r\n\t\t\r\n\t\t\t<\/div>\r\n<\/section>\r\n\n\n<section class=\"gut-block gut-fifty-fifty position-left bg-color-blanc\" >\n\t<div class=\"wrap grid-container\">\n\t\t\t\t\t<div class=\"img-part grid-el-tb-4 grid-el-md-5\">\n\t\t\t\t<figure class=\"img parking\">\n\t\t\t\t\t<img decoding=\"async\" width=\"1620\" height=\"1080\" src=\"https:\/\/www.group-indigo.com\/wp-content\/uploads\/2025\/02\/Marseille-Republique-009-1620x1080.jpg\" class=\"attachment-banner size-banner\" alt=\"\" srcset=\"https:\/\/www.group-indigo.com\/wp-content\/uploads\/2025\/02\/Marseille-Republique-009-1620x1080.jpg 1620w, https:\/\/www.group-indigo.com\/wp-content\/uploads\/2025\/02\/Marseille-Republique-009-300x200.jpg 300w, https:\/\/www.group-indigo.com\/wp-content\/uploads\/2025\/02\/Marseille-Republique-009-1024x683.jpg 1024w, https:\/\/www.group-indigo.com\/wp-content\/uploads\/2025\/02\/Marseille-Republique-009-768x512.jpg 768w, https:\/\/www.group-indigo.com\/wp-content\/uploads\/2025\/02\/Marseille-Republique-009-1536x1024.jpg 1536w, https:\/\/www.group-indigo.com\/wp-content\/uploads\/2025\/02\/Marseille-Republique-009-scaled.jpg 2048w\" sizes=\"(max-width: 1620px) 100vw, 1620px\" \/>\t\t\t\t<\/figure>\n\t\t\t<\/div>\n\t\t\n\t\t<div class=\"content-part grid-el-tb-7 grid-el-md-5\">\n\t\t\t\t\t\t\t<h2 class=\"block-title titre-h2\">Estrategia de descarbonizaci\u00f3n y optimizaci\u00f3n de la eficiencia energ\u00e9tica de las infraestructuras<\/h2>\n\t\t\t\n\t\t\t\t\t\t\t<div class=\"texte wysiwyg-content\">\n\t\t\t\t\t<p>El Grupo INDIGO calcula su huella de carbono desde 2018 y desde hace varios a\u00f1os aplica una serie de medidas para reducir el consumo energ\u00e9tico de sus aparcamientos:<\/p>\n<ul>\n<li>La instalaci\u00f3n de alumbrado de bajo consumo (LED) en los aparcamientos explotados, para lograr un \u00edndice de cobertura cercano al 100%,<\/li>\n<li>Instalar sistemas para regular los niveles de iluminaci\u00f3n en funci\u00f3n de la presencia de personas, de modo que los aparcamientos s\u00f3lo est\u00e9n totalmente iluminados cuando los sensores detecten el paso de un veh\u00edculo o un peat\u00f3n,<\/li>\n<li>La introducci\u00f3n de herramientas para controlar el consumo el\u00e9ctrico en tiempo real en los aparcamientos del Grupo que m\u00e1s energ\u00eda consumen.<\/li>\n<\/ul>\n\t\t\t\t<\/div>\n\t\t\t\n\t\t\t\n\t\t\t\n\t\t\t\t\t<\/div>\n\t<\/div>\n<\/section>\r\n\n\n<section class=\"gut-block gut-fifty-fifty position-right bg-color-gris\" >\n\t<div class=\"wrap grid-container\">\n\t\t\t\t\t<div class=\"img-part grid-el-tb-4 grid-el-md-5\">\n\t\t\t\t<figure class=\"img parking\">\n\t\t\t\t\t<img decoding=\"async\" width=\"810\" height=\"1080\" src=\"https:\/\/www.group-indigo.com\/wp-content\/uploads\/2025\/03\/IMG-1916-810x1080.jpg\" class=\"attachment-banner size-banner\" alt=\"\" srcset=\"https:\/\/www.group-indigo.com\/wp-content\/uploads\/2025\/03\/IMG-1916-810x1080.jpg 810w, https:\/\/www.group-indigo.com\/wp-content\/uploads\/2025\/03\/IMG-1916-225x300.jpg 225w, https:\/\/www.group-indigo.com\/wp-content\/uploads\/2025\/03\/IMG-1916-768x1024.jpg 768w, https:\/\/www.group-indigo.com\/wp-content\/uploads\/2025\/03\/IMG-1916-1152x1536.jpg 1152w, https:\/\/www.group-indigo.com\/wp-content\/uploads\/2025\/03\/IMG-1916-scaled.jpg 1536w\" sizes=\"(max-width: 810px) 100vw, 810px\" \/>\t\t\t\t<\/figure>\n\t\t\t<\/div>\n\t\t\n\t\t<div class=\"content-part grid-el-tb-7 grid-el-md-5\">\n\t\t\t\n\t\t\t\t\t\t\t<div class=\"texte wysiwyg-content\">\n\t\t\t\t\t<p>El Grupo INDIGO tambi\u00e9n favorece la iluminaci\u00f3n natural y la ventilaci\u00f3n pasiva, cuando el concepto arquitect\u00f3nico lo permite, para limitar el uso de equipos que consumen mucha energ\u00eda.<\/p>\n<p>Para reforzar su compromiso, INDIGO est\u00e1 realizando actualmente un estudio en profundidad sobre la posibilidad de una trayectoria de descarbonizaci\u00f3n, definiendo objetivos cuantificados y un plan de acci\u00f3n a partir de 2025.<\/p>\n<p>Para saber m\u00e1s, consulta nuestro <a href=\"https:\/\/www.group-indigo.com\/wp-content\/uploads\/2025\/03\/INDIGO-GROUP-Rapport-de-durabilite-2024-1.pdf\">informe de sostenibilidad 2024<\/a>.<\/p>\n\t\t\t\t<\/div>\n\t\t\t\n\t\t\t\n\t\t\t\n\t\t\t\t\t<\/div>\n\t<\/div>\n<\/section>\r\n\n\n<section class=\"gut-block gut-fifty-fifty position-left bg-color-blanc\" >\n\t<div class=\"wrap grid-container\">\n\t\t\t\t\t<div class=\"img-part grid-el-tb-4 grid-el-md-5\">\n\t\t\t\t<figure class=\"img \">\n\t\t\t\t\t<img decoding=\"async\" width=\"1440\" height=\"1080\" src=\"https:\/\/www.group-indigo.com\/wp-content\/uploads\/2025\/02\/20240515_150221-1440x1080.jpg\" class=\"attachment-banner size-banner\" alt=\"\" srcset=\"https:\/\/www.group-indigo.com\/wp-content\/uploads\/2025\/02\/20240515_150221-1440x1080.jpg 1440w, https:\/\/www.group-indigo.com\/wp-content\/uploads\/2025\/02\/20240515_150221-300x225.jpg 300w, https:\/\/www.group-indigo.com\/wp-content\/uploads\/2025\/02\/20240515_150221-1024x768.jpg 1024w, https:\/\/www.group-indigo.com\/wp-content\/uploads\/2025\/02\/20240515_150221-768x576.jpg 768w, https:\/\/www.group-indigo.com\/wp-content\/uploads\/2025\/02\/20240515_150221-1536x1152.jpg 1536w, https:\/\/www.group-indigo.com\/wp-content\/uploads\/2025\/02\/20240515_150221-scaled.jpg 2048w\" sizes=\"(max-width: 1440px) 100vw, 1440px\" \/>\t\t\t\t<\/figure>\n\t\t\t<\/div>\n\t\t\n\t\t<div class=\"content-part grid-el-tb-7 grid-el-md-5\">\n\t\t\t\t\t\t\t<h2 class=\"block-title titre-h2\">Dise\u00f1o y funcionamiento  <\/h2>\n\t\t\t\n\t\t\t\t\t\t\t<div class=\"texte wysiwyg-content\">\n\t\t\t\t\t<p>Frente al cambio clim\u00e1tico, INDIGO se compromete a limitar el impacto medioambiental del dise\u00f1o, la construcci\u00f3n, la renovaci\u00f3n y el funcionamiento de sus instalaciones, favoreciendo las soluciones naturales durante la fase de dise\u00f1o, adoptando una pol\u00edtica de compras responsable y reduciendo el consumo de energ\u00eda.<\/p>\n<p>\u00a0<\/p>\n\t\t\t\t<\/div>\n\t\t\t\n\t\t\t\t\t\t\t<ul class=\"liens \">\n\t\t\t\t\t\t\t\t\t\t\t\t\t\t\t\t\t<li>\n\t\t\t\t\t\t\t<a href=\"https:\/\/www.group-indigo.com\/es\/diseno-y-funcionamiento\/\" target=\"_self\">M\u00e1s informaci\u00f3n<\/a>\n\t\t\t\t\t\t<\/li>\n\t\t\t\t\t\t\t\t\t<\/ul>\n\t\t\t\n\t\t\t\n\t\t\t\t\t<\/div>\n\t<\/div>\n<\/section>\r\n\n\n<section class=\"gut-block gut-fifty-fifty position-right bg-color-gris\" >\n\t<div class=\"wrap grid-container\">\n\t\t\t\t\t<div class=\"img-part grid-el-tb-4 grid-el-md-5\">\n\t\t\t\t<figure class=\"img \">\n\t\t\t\t\t<img decoding=\"async\" width=\"720\" height=\"1080\" src=\"https:\/\/www.group-indigo.com\/wp-content\/uploads\/2025\/02\/IMG_5229_01w-720x1080.jpg\" class=\"attachment-banner size-banner\" alt=\"\" srcset=\"https:\/\/www.group-indigo.com\/wp-content\/uploads\/2025\/02\/IMG_5229_01w-720x1080.jpg 720w, https:\/\/www.group-indigo.com\/wp-content\/uploads\/2025\/02\/IMG_5229_01w-200x300.jpg 200w, https:\/\/www.group-indigo.com\/wp-content\/uploads\/2025\/02\/IMG_5229_01w-683x1024.jpg 683w, https:\/\/www.group-indigo.com\/wp-content\/uploads\/2025\/02\/IMG_5229_01w-768x1152.jpg 768w, https:\/\/www.group-indigo.com\/wp-content\/uploads\/2025\/02\/IMG_5229_01w.jpg 816w\" sizes=\"(max-width: 720px) 100vw, 720px\" \/>\t\t\t\t<\/figure>\n\t\t\t<\/div>\n\t\t\n\t\t<div class=\"content-part grid-el-tb-7 grid-el-md-5\">\n\t\t\t\t\t\t\t<h2 class=\"block-title titre-h2\">Movilidad sostenible<\/h2>\n\t\t\t\n\t\t\t\t\t\t\t<div class=\"texte wysiwyg-content\">\n\t\t\t\t\t<p>El Grupo INDIGO est\u00e1 convencido de que el desarrollo de su modelo de negocio debe responder a los retos y expectativas asociados a los cambios en la movilidad en el marco de la transici\u00f3n ecol\u00f3gica y energ\u00e9tica, especialmente por parte de los usuarios y las ciudades.<\/p>\n<p>Ha introducido una serie de medidas para apoyar la transici\u00f3n de sus clientes hacia una movilidad baja en carbono:<\/p>\n<ul>\n<li>Despliegue de soluciones de aparcamiento seguro para bicicletas (Cyclopark),<\/li>\n<li>Desarrollo de un servicio de alquiler de bicicletas en autoservicio con Smovengo, operador de V\u00e9lib&#8217; en Par\u00eds, adquirido al 100% el 30 de diciembre de 2024,<\/li>\n<li>Soluciones de alquiler de bicicletas el\u00e9ctricas y mec\u00e1nicas,<\/li>\n<li>Instalaci\u00f3n masiva de puntos de recarga de veh\u00edculos el\u00e9ctricos (BRVE).<\/li>\n<\/ul>\n\t\t\t\t<\/div>\n\t\t\t\n\t\t\t\t\t\t\t<ul class=\"liens \">\n\t\t\t\t\t\t\t\t\t\t\t\t\t\t\t\t\t<li>\n\t\t\t\t\t\t\t<a href=\"https:\/\/www.group-indigo.com\/es\/movilidad-sostenible\/\" target=\"_self\">M\u00e1s informaci\u00f3n<\/a>\n\t\t\t\t\t\t<\/li>\n\t\t\t\t\t\t\t\t\t<\/ul>\n\t\t\t\n\t\t\t\n\t\t\t\t\t<\/div>\n\t<\/div>\n<\/section>\r\n\n\n<section class=\"gut-block gut-rebond bg-color-blanc\" >\n\t<div class=\"container\">\n\t\t<div class=\"wrap grid-container\">\n\t\t\t<figure class=\"img\">\n\t\t\t\t<img decoding=\"async\" width=\"1520\" height=\"915\" src=\"https:\/\/www.group-indigo.com\/wp-content\/uploads\/2025\/02\/Modules-Image-3-1.png\" class=\"attachment-banner size-banner\" alt=\"\" srcset=\"https:\/\/www.group-indigo.com\/wp-content\/uploads\/2025\/02\/Modules-Image-3-1.png 1520w, https:\/\/www.group-indigo.com\/wp-content\/uploads\/2025\/02\/Modules-Image-3-1-300x181.png 300w, https:\/\/www.group-indigo.com\/wp-content\/uploads\/2025\/02\/Modules-Image-3-1-1024x616.png 1024w, https:\/\/www.group-indigo.com\/wp-content\/uploads\/2025\/02\/Modules-Image-3-1-768x462.png 768w\" sizes=\"(max-width: 1520px) 100vw, 1520px\" \/>\t\t\t<\/figure>\n\n\t\t\t\t\t\t\t<h2 class=\"block-title titre-h2 grid-el-tb-8 grid-el-md-6\">Empresario responsable<\/h2>\n\t\t\t\n\t\t\t\t\t\t\t<div class=\"texte wysiwyg-content grid-el-tb-7 grid-el-md-5 grid-el-lg-4\">\n\t\t\t\t\t<p>En INDIGO, la salud, la seguridad y el bienestar de nuestros empleados son nuestra prioridad. Como empleador responsable, nos comprometemos a promover la diversidad y el equilibrio de g\u00e9nero, garantizando al mismo tiempo la calidad de vida en el trabajo. <\/p>\n\t\t\t\t<\/div>\n\t\t\t\n\t\t\t\t\t\t\t<div class=\"btn-container grid-el-tb-6 grid-el-md-4\">\n\t\t\t\t\t<a href=\"https:\/\/www.group-indigo.com\/es\/empresario-responsable\/\" target=\"_self\" class=\"btn-primary\">M\u00e1s informaci\u00f3n<\/a>\n\t\t\t\t<\/div>\n\t\t\t\n\t\t\t\t\t<\/div>\n\t<\/div>\n<\/section>","protected":false},"excerpt":{"rendered":"","protected":false},"author":6,"featured_media":0,"parent":0,"menu_order":0,"comment_status":"closed","ping_status":"closed","template":"","meta":{"_acf_changed":false,"inline_featured_image":false,"footnotes":""},"class_list":["post-1100082155","page","type-page","status-publish","hentry"],"acf":[],"yoast_head":"<!-- This site is optimized with the Yoast SEO plugin v27.2 - https:\/\/yoast.com\/product\/yoast-seo-wordpress\/ -->\n<title>Actuar por el medio ambiente - Groupe INDIGO<\/title>\n<meta name=\"robots\" content=\"index, follow, max-snippet:-1, max-image-preview:large, max-video-preview:-1\" \/>\n<link rel=\"canonical\" href=\"https:\/\/www.group-indigo.com\/es\/actuar-por-el-medio-ambiente\/\" \/>\n<meta property=\"og:locale\" content=\"es_ES\" \/>\n<meta property=\"og:type\" content=\"article\" \/>\n<meta property=\"og:title\" content=\"Actuar por el medio ambiente - Groupe INDIGO\" \/>\n<meta property=\"og:url\" content=\"https:\/\/www.group-indigo.com\/es\/actuar-por-el-medio-ambiente\/\" \/>\n<meta property=\"og:site_name\" content=\"Groupe INDIGO\" \/>\n<meta property=\"article:modified_time\" content=\"2025-07-04T10:04:00+00:00\" \/>\n<meta name=\"twitter:card\" content=\"summary_large_image\" \/>\n<script type=\"application\/ld+json\" class=\"yoast-schema-graph\">{\"@context\":\"https:\/\/schema.org\",\"@graph\":[{\"@type\":\"WebPage\",\"@id\":\"https:\/\/www.group-indigo.com\/es\/actuar-por-el-medio-ambiente\/\",\"url\":\"https:\/\/www.group-indigo.com\/es\/actuar-por-el-medio-ambiente\/\",\"name\":\"Actuar por el medio ambiente - Groupe INDIGO\",\"isPartOf\":{\"@id\":\"https:\/\/www.group-indigo.com\/es\/#website\"},\"datePublished\":\"2025-02-08T19:04:44+00:00\",\"dateModified\":\"2025-07-04T10:04:00+00:00\",\"breadcrumb\":{\"@id\":\"https:\/\/www.group-indigo.com\/es\/actuar-por-el-medio-ambiente\/#breadcrumb\"},\"inLanguage\":\"es\",\"potentialAction\":[{\"@type\":\"ReadAction\",\"target\":[\"https:\/\/www.group-indigo.com\/es\/actuar-por-el-medio-ambiente\/\"]}]},{\"@type\":\"BreadcrumbList\",\"@id\":\"https:\/\/www.group-indigo.com\/es\/actuar-por-el-medio-ambiente\/#breadcrumb\",\"itemListElement\":[{\"@type\":\"ListItem\",\"position\":1,\"name\":\"Home\",\"item\":\"https:\/\/www.group-indigo.com\/es\/\"},{\"@type\":\"ListItem\",\"position\":2,\"name\":\"Actuar por el medio ambiente\"}]},{\"@type\":\"WebSite\",\"@id\":\"https:\/\/www.group-indigo.com\/es\/#website\",\"url\":\"https:\/\/www.group-indigo.com\/es\/\",\"name\":\"Groupe INDIGO\",\"description\":\"\",\"publisher\":{\"@id\":\"https:\/\/www.group-indigo.com\/es\/#organization\"},\"potentialAction\":[{\"@type\":\"SearchAction\",\"target\":{\"@type\":\"EntryPoint\",\"urlTemplate\":\"https:\/\/www.group-indigo.com\/es\/?s={search_term_string}\"},\"query-input\":{\"@type\":\"PropertyValueSpecification\",\"valueRequired\":true,\"valueName\":\"search_term_string\"}}],\"inLanguage\":\"es\"},{\"@type\":\"Organization\",\"@id\":\"https:\/\/www.group-indigo.com\/es\/#organization\",\"name\":\"Groupe INDIGO\",\"url\":\"https:\/\/www.group-indigo.com\/es\/\",\"logo\":{\"@type\":\"ImageObject\",\"inLanguage\":\"es\",\"@id\":\"https:\/\/www.group-indigo.com\/es\/#\/schema\/logo\/image\/\",\"url\":\"https:\/\/www.group-indigo.com\/wp-content\/uploads\/2026\/03\/login-logo.svg\",\"contentUrl\":\"https:\/\/www.group-indigo.com\/wp-content\/uploads\/2026\/03\/login-logo.svg\",\"width\":223,\"height\":49,\"caption\":\"Groupe INDIGO\"},\"image\":{\"@id\":\"https:\/\/www.group-indigo.com\/es\/#\/schema\/logo\/image\/\"}}]}<\/script>\n<!-- \/ Yoast SEO plugin. -->","yoast_head_json":{"title":"Actuar por el medio ambiente - Groupe INDIGO","robots":{"index":"index","follow":"follow","max-snippet":"max-snippet:-1","max-image-preview":"max-image-preview:large","max-video-preview":"max-video-preview:-1"},"canonical":"https:\/\/www.group-indigo.com\/es\/actuar-por-el-medio-ambiente\/","og_locale":"es_ES","og_type":"article","og_title":"Actuar por el medio ambiente - Groupe INDIGO","og_url":"https:\/\/www.group-indigo.com\/es\/actuar-por-el-medio-ambiente\/","og_site_name":"Groupe INDIGO","article_modified_time":"2025-07-04T10:04:00+00:00","twitter_card":"summary_large_image","schema":{"@context":"https:\/\/schema.org","@graph":[{"@type":"WebPage","@id":"https:\/\/www.group-indigo.com\/es\/actuar-por-el-medio-ambiente\/","url":"https:\/\/www.group-indigo.com\/es\/actuar-por-el-medio-ambiente\/","name":"Actuar por el medio ambiente - Groupe INDIGO","isPartOf":{"@id":"https:\/\/www.group-indigo.com\/es\/#website"},"datePublished":"2025-02-08T19:04:44+00:00","dateModified":"2025-07-04T10:04:00+00:00","breadcrumb":{"@id":"https:\/\/www.group-indigo.com\/es\/actuar-por-el-medio-ambiente\/#breadcrumb"},"inLanguage":"es","potentialAction":[{"@type":"ReadAction","target":["https:\/\/www.group-indigo.com\/es\/actuar-por-el-medio-ambiente\/"]}]},{"@type":"BreadcrumbList","@id":"https:\/\/www.group-indigo.com\/es\/actuar-por-el-medio-ambiente\/#breadcrumb","itemListElement":[{"@type":"ListItem","position":1,"name":"Home","item":"https:\/\/www.group-indigo.com\/es\/"},{"@type":"ListItem","position":2,"name":"Actuar por el medio ambiente"}]},{"@type":"WebSite","@id":"https:\/\/www.group-indigo.com\/es\/#website","url":"https:\/\/www.group-indigo.com\/es\/","name":"Groupe INDIGO","description":"","publisher":{"@id":"https:\/\/www.group-indigo.com\/es\/#organization"},"potentialAction":[{"@type":"SearchAction","target":{"@type":"EntryPoint","urlTemplate":"https:\/\/www.group-indigo.com\/es\/?s={search_term_string}"},"query-input":{"@type":"PropertyValueSpecification","valueRequired":true,"valueName":"search_term_string"}}],"inLanguage":"es"},{"@type":"Organization","@id":"https:\/\/www.group-indigo.com\/es\/#organization","name":"Groupe INDIGO","url":"https:\/\/www.group-indigo.com\/es\/","logo":{"@type":"ImageObject","inLanguage":"es","@id":"https:\/\/www.group-indigo.com\/es\/#\/schema\/logo\/image\/","url":"https:\/\/www.group-indigo.com\/wp-content\/uploads\/2026\/03\/login-logo.svg","contentUrl":"https:\/\/www.group-indigo.com\/wp-content\/uploads\/2026\/03\/login-logo.svg","width":223,"height":49,"caption":"Groupe INDIGO"},"image":{"@id":"https:\/\/www.group-indigo.com\/es\/#\/schema\/logo\/image\/"}}]}},"_links":{"self":[{"href":"https:\/\/www.group-indigo.com\/es\/wp-json\/wp\/v2\/pages\/1100082155","targetHints":{"allow":["GET"]}}],"collection":[{"href":"https:\/\/www.group-indigo.com\/es\/wp-json\/wp\/v2\/pages"}],"about":[{"href":"https:\/\/www.group-indigo.com\/es\/wp-json\/wp\/v2\/types\/page"}],"author":[{"embeddable":true,"href":"https:\/\/www.group-indigo.com\/es\/wp-json\/wp\/v2\/users\/6"}],"replies":[{"embeddable":true,"href":"https:\/\/www.group-indigo.com\/es\/wp-json\/wp\/v2\/comments?post=1100082155"}],"version-history":[{"count":2,"href":"https:\/\/www.group-indigo.com\/es\/wp-json\/wp\/v2\/pages\/1100082155\/revisions"}],"predecessor-version":[{"id":1100091919,"href":"https:\/\/www.group-indigo.com\/es\/wp-json\/wp\/v2\/pages\/1100082155\/revisions\/1100091919"}],"wp:attachment":[{"href":"https:\/\/www.group-indigo.com\/es\/wp-json\/wp\/v2\/media?parent=1100082155"}],"curies":[{"name":"wp","href":"https:\/\/api.w.org\/{rel}","templated":true}]}}