{"id":1100082169,"date":"2025-02-14T16:39:58","date_gmt":"2025-02-14T15:39:58","guid":{"rendered":"https:\/\/www.group-indigo.com\/nuestras-actividades-sobre-el-terreno\/"},"modified":"2025-06-23T10:23:45","modified_gmt":"2025-06-23T08:23:45","slug":"nuestras-actividades-sobre-el-terreno","status":"publish","type":"page","link":"https:\/\/www.group-indigo.com\/es\/nuestras-actividades-sobre-el-terreno\/","title":{"rendered":"Nuestras actividades sobre el terreno"},"content":{"rendered":"\r\n<section class=\"gut-block gut-hero-simple type-image\" >\r\n\t<div class=\"bg\">\r\n\t\t<div class=\"wrap\"><\/div>\r\n\t<\/div>\r\n\r\n\t<div class=\"wrap\">\r\n\t\t\t\t\t<div class=\"grid-container\">\r\n\t\t\t\t<div class=\"grid-el-md-5 contents\">\r\n\t\t\t\t\t<nav class=\"breadcrumb\" role=\"navigation\" aria-label=\"Rastro de migas de pan :\">\r\n\t<ul class=\"breadcrumb-list\">\r\n\t\t<li class=\"breadcrumb-item\">\r\n\t\t\t<a href=\"https:\/\/www.group-indigo.com\/es\/\">Inicio<\/a>\r\n\t\t<\/li>\r\n\r\n\t\t\t\t\t\t\t\t\t\t\t<li class=\"breadcrumb-item\" aria-current=\"page\">\r\n\t\t\t\t\t\tNuestras actividades sobre el terreno\t\t\t\t\t<\/li>\r\n\t\t\t\t\t\t\t\t\t\t<\/ul>\r\n<\/nav>\r\n\t\t\t\t\t<div class=\"content-part\">\r\n\t\t\t\t\t\t\r\n\t\t\t\t\t\t\t\t\t\t\t\t\t<h1 class=\"block-title titre-h2\">NUESTROS TRABAJOS SOBRE EL TERRENO<\/h1>\r\n\t\t\t\t\t\t\r\n\t\t\t\t\t\t<div class=\"textes\">\r\n\t\t\t\t\t\t\t\t\t\t\t\t\t\t\t<div class=\"texte wysiwyg-content\">\r\n\t\t\t\t\t\t\t\t\t<p>Vigilantes de aparcamientos, t\u00e9cnicos, jefes de obra, jefes de mantenimiento, comerciales y administrativos&#8230; Descubre nuestras distintas profesiones, que garantizan el buen funcionamiento de nuestros equipos y operaciones, mejoran la experiencia del aparcamiento y dan la bienvenida a nuestros clientes.<\/p>\r\n\t\t\t\t\t\t\t\t<\/div>\r\n\t\t\t\t\t\t\t\r\n\t\t\t\t\t\t\t\t\t\t\t\t\t<\/div>\r\n\r\n\t\t\t\t\t\t\t\t\t\t\t<\/div>\r\n\t\t\t\t<\/div>\r\n\r\n\t\t\t\t\t\t\t\t\t<div class=\"img-part grid-el-md-6\">\r\n\t\t\t\t\t\t<figure class=\"img\">\r\n\t\t\t\t\t\t\t<img decoding=\"async\" width=\"584\" height=\"688\" src=\"https:\/\/www.group-indigo.com\/wp-content\/uploads\/2025\/02\/Img-small-p-e1740735014902.jpg\" class=\"attachment-banner size-banner\" alt=\"\" srcset=\"https:\/\/www.group-indigo.com\/wp-content\/uploads\/2025\/02\/Img-small-p-e1740735014902.jpg 584w, https:\/\/www.group-indigo.com\/wp-content\/uploads\/2025\/02\/Img-small-p-e1740735014902-255x300.jpg 255w\" sizes=\"(max-width: 584px) 100vw, 584px\" \/>\t\t\t\t\t\t<\/figure>\r\n\t\t\t\t\t<\/div>\r\n\t\t\t\t\r\n\t\t\t\t\t\t\t<\/div>\r\n\t\t\r\n\t\t\t<\/div>\r\n<\/section>\n\n<section class=\"gut-block gut-texte bg-color-blanc\" >\n\t<div class=\"wrap\">\n\t\t<div class=\"texte wysiwyg-content\">\n\t\t\t<h2>AGENTE OPERATIVO<\/h2>\n<p>Son responsables de diversas tareas. En el d\u00eda a d\u00eda, participan en el buen funcionamiento y mantenimiento de los aparcamientos y sus equipos (cobro de peaje, pago y equipos de seguridad). Orientados al cliente, acogen e informan a las personas que aparcan en nuestros aparcamientos. Trabajan en estrecha colaboraci\u00f3n con el jefe de obra y los t\u00e9cnicos de mantenimiento, formando parte de un equipo con competencias complementarias.   <\/p>\n<h2>EL OFICIAL DE CONTROL<\/h2>\n<p>Controlan el aparcamiento de pago en la calle e informan a los clientes de los distintos m\u00e9todos de pago disponibles (smartphone, m\u00e1quinas de pago y visualizaci\u00f3n, etc.) y de los procedimientos de aparcamiento. Dependiendo de la ciudad, pueden actuar a pie, en bicicleta o incluso conduciendo un veh\u00edculo especializado. <\/p>\n<h2>EL GESTOR DE LA BASE DE INTERVENCI\u00d3N LOCAL<\/h2>\n<p>Ser\u00e1s responsable de un equipo, velando por el buen funcionamiento de varios aparcamientos (limpieza, recepci\u00f3n, mantenimiento, infraestructura y seguridad). Tendr\u00e1s una visi\u00f3n muy amplia de las operaciones, que abarcar\u00e1 aspectos presupuestarios, comerciales, log\u00edsticos, t\u00e9cnicos y organizativos, y trabajar\u00e1s en equipo con diversas funciones de apoyo. <\/p>\n\t\t<\/div>\n\t<\/div>\n<\/section>\n\n<section class=\"gut-block gut-slider-images bg-color-blanc\" >\n\t<div class=\"wrap\">\n\t\t\n\t\t<div class=\"slider-container\">\n\t\t\t<div class=\"swiper\">\n\t\t\t\t<div class=\"swiper-wrapper\">\n\t\t\t\t\t\t\t\t\t\t\t<div class=\"swiper-slide\">\n\t\t\t\t\t\t\t<a href=\"https:\/\/www.group-indigo.com\/wp-content\/uploads\/2025\/02\/Bordeaux-011-1620x1080.jpg\" class=\"img-container\" >\n\t\t\t\t\t\t\t\t<figure>\n\t\t\t\t\t\t\t\t\t<div class=\"img\">\n\t\t\t\t\t\t\t\t\t\t<img decoding=\"async\" width=\"1024\" height=\"683\" src=\"https:\/\/www.group-indigo.com\/wp-content\/uploads\/2025\/02\/Bordeaux-011-1024x683.jpg\" class=\"attachment-large size-large\" alt=\"\" srcset=\"https:\/\/www.group-indigo.com\/wp-content\/uploads\/2025\/02\/Bordeaux-011-1024x683.jpg 1024w, https:\/\/www.group-indigo.com\/wp-content\/uploads\/2025\/02\/Bordeaux-011-300x200.jpg 300w, https:\/\/www.group-indigo.com\/wp-content\/uploads\/2025\/02\/Bordeaux-011-768x512.jpg 768w, https:\/\/www.group-indigo.com\/wp-content\/uploads\/2025\/02\/Bordeaux-011-1536x1024.jpg 1536w, https:\/\/www.group-indigo.com\/wp-content\/uploads\/2025\/02\/Bordeaux-011-scaled.jpg 2048w, https:\/\/www.group-indigo.com\/wp-content\/uploads\/2025\/02\/Bordeaux-011-1620x1080.jpg 1620w\" sizes=\"(max-width: 1024px) 100vw, 1024px\" \/>\t\t\t\t\t\t\t\t\t<\/div>\n\n\t\t\t\t\t\t\t\t\t\t\t\t\t\t\t\t\t<\/figure>\n\t\t\t\t\t\t\t<\/a>\n\t\t\t\t\t\t<\/div>\n\t\t\t\t\t\t\t\t\t\t\t<div class=\"swiper-slide\">\n\t\t\t\t\t\t\t<a href=\"https:\/\/www.group-indigo.com\/wp-content\/uploads\/2025\/02\/Caen-012-1620x1080.jpg\" class=\"img-container\" >\n\t\t\t\t\t\t\t\t<figure>\n\t\t\t\t\t\t\t\t\t<div class=\"img\">\n\t\t\t\t\t\t\t\t\t\t<img decoding=\"async\" width=\"1024\" height=\"683\" src=\"https:\/\/www.group-indigo.com\/wp-content\/uploads\/2025\/02\/Caen-012-1024x683.jpg\" class=\"attachment-large size-large\" alt=\"\" srcset=\"https:\/\/www.group-indigo.com\/wp-content\/uploads\/2025\/02\/Caen-012-1024x683.jpg 1024w, https:\/\/www.group-indigo.com\/wp-content\/uploads\/2025\/02\/Caen-012-300x200.jpg 300w, https:\/\/www.group-indigo.com\/wp-content\/uploads\/2025\/02\/Caen-012-768x512.jpg 768w, https:\/\/www.group-indigo.com\/wp-content\/uploads\/2025\/02\/Caen-012-1536x1024.jpg 1536w, https:\/\/www.group-indigo.com\/wp-content\/uploads\/2025\/02\/Caen-012-scaled.jpg 2048w, https:\/\/www.group-indigo.com\/wp-content\/uploads\/2025\/02\/Caen-012-1620x1080.jpg 1620w\" sizes=\"(max-width: 1024px) 100vw, 1024px\" \/>\t\t\t\t\t\t\t\t\t<\/div>\n\n\t\t\t\t\t\t\t\t\t\t\t\t\t\t\t\t\t<\/figure>\n\t\t\t\t\t\t\t<\/a>\n\t\t\t\t\t\t<\/div>\n\t\t\t\t\t\t\t\t\t\t\t<div class=\"swiper-slide\">\n\t\t\t\t\t\t\t<a href=\"https:\/\/www.group-indigo.com\/wp-content\/uploads\/2025\/02\/Bordeaux-292-1620x1080.jpg\" class=\"img-container\" >\n\t\t\t\t\t\t\t\t<figure>\n\t\t\t\t\t\t\t\t\t<div class=\"img\">\n\t\t\t\t\t\t\t\t\t\t<img decoding=\"async\" width=\"1024\" height=\"683\" src=\"https:\/\/www.group-indigo.com\/wp-content\/uploads\/2025\/02\/Bordeaux-292-1024x683.jpg\" class=\"attachment-large size-large\" alt=\"\" srcset=\"https:\/\/www.group-indigo.com\/wp-content\/uploads\/2025\/02\/Bordeaux-292-1024x683.jpg 1024w, https:\/\/www.group-indigo.com\/wp-content\/uploads\/2025\/02\/Bordeaux-292-300x200.jpg 300w, https:\/\/www.group-indigo.com\/wp-content\/uploads\/2025\/02\/Bordeaux-292-768x512.jpg 768w, https:\/\/www.group-indigo.com\/wp-content\/uploads\/2025\/02\/Bordeaux-292-1536x1024.jpg 1536w, https:\/\/www.group-indigo.com\/wp-content\/uploads\/2025\/02\/Bordeaux-292-scaled.jpg 2048w, https:\/\/www.group-indigo.com\/wp-content\/uploads\/2025\/02\/Bordeaux-292-1620x1080.jpg 1620w\" sizes=\"(max-width: 1024px) 100vw, 1024px\" \/>\t\t\t\t\t\t\t\t\t<\/div>\n\n\t\t\t\t\t\t\t\t\t\t\t\t\t\t\t\t\t<\/figure>\n\t\t\t\t\t\t\t<\/a>\n\t\t\t\t\t\t<\/div>\n\t\t\t\t\t\t\t\t\t\t\t<div class=\"swiper-slide\">\n\t\t\t\t\t\t\t<a href=\"https:\/\/www.group-indigo.com\/wp-content\/uploads\/2025\/02\/Bordeaux-327-1620x1080.jpg\" class=\"img-container\" >\n\t\t\t\t\t\t\t\t<figure>\n\t\t\t\t\t\t\t\t\t<div class=\"img\">\n\t\t\t\t\t\t\t\t\t\t<img decoding=\"async\" width=\"1024\" height=\"683\" src=\"https:\/\/www.group-indigo.com\/wp-content\/uploads\/2025\/02\/Bordeaux-327-1024x683.jpg\" class=\"attachment-large size-large\" alt=\"\" srcset=\"https:\/\/www.group-indigo.com\/wp-content\/uploads\/2025\/02\/Bordeaux-327-1024x683.jpg 1024w, https:\/\/www.group-indigo.com\/wp-content\/uploads\/2025\/02\/Bordeaux-327-300x200.jpg 300w, https:\/\/www.group-indigo.com\/wp-content\/uploads\/2025\/02\/Bordeaux-327-768x512.jpg 768w, https:\/\/www.group-indigo.com\/wp-content\/uploads\/2025\/02\/Bordeaux-327-1536x1024.jpg 1536w, https:\/\/www.group-indigo.com\/wp-content\/uploads\/2025\/02\/Bordeaux-327-scaled.jpg 2048w, https:\/\/www.group-indigo.com\/wp-content\/uploads\/2025\/02\/Bordeaux-327-1620x1080.jpg 1620w\" sizes=\"(max-width: 1024px) 100vw, 1024px\" \/>\t\t\t\t\t\t\t\t\t<\/div>\n\n\t\t\t\t\t\t\t\t\t\t\t\t\t\t\t\t\t<\/figure>\n\t\t\t\t\t\t\t<\/a>\n\t\t\t\t\t\t<\/div>\n\t\t\t\t\t\t\t\t\t\t\t<div class=\"swiper-slide\">\n\t\t\t\t\t\t\t<a href=\"https:\/\/www.group-indigo.com\/wp-content\/uploads\/2025\/02\/Caen-081-1620x1080.jpg\" class=\"img-container\" >\n\t\t\t\t\t\t\t\t<figure>\n\t\t\t\t\t\t\t\t\t<div class=\"img\">\n\t\t\t\t\t\t\t\t\t\t<img decoding=\"async\" width=\"1024\" height=\"683\" src=\"https:\/\/www.group-indigo.com\/wp-content\/uploads\/2025\/02\/Caen-081-1024x683.jpg\" class=\"attachment-large size-large\" alt=\"\" srcset=\"https:\/\/www.group-indigo.com\/wp-content\/uploads\/2025\/02\/Caen-081-1024x683.jpg 1024w, https:\/\/www.group-indigo.com\/wp-content\/uploads\/2025\/02\/Caen-081-300x200.jpg 300w, https:\/\/www.group-indigo.com\/wp-content\/uploads\/2025\/02\/Caen-081-768x512.jpg 768w, https:\/\/www.group-indigo.com\/wp-content\/uploads\/2025\/02\/Caen-081-1536x1024.jpg 1536w, https:\/\/www.group-indigo.com\/wp-content\/uploads\/2025\/02\/Caen-081-scaled.jpg 2048w, https:\/\/www.group-indigo.com\/wp-content\/uploads\/2025\/02\/Caen-081-1620x1080.jpg 1620w\" sizes=\"(max-width: 1024px) 100vw, 1024px\" \/>\t\t\t\t\t\t\t\t\t<\/div>\n\n\t\t\t\t\t\t\t\t\t\t\t\t\t\t\t\t\t<\/figure>\n\t\t\t\t\t\t\t<\/a>\n\t\t\t\t\t\t<\/div>\n\t\t\t\t\t\t\t\t\t<\/div>\n\t\t\t<\/div>\n\n\t\t\t<div class=\"swiper-nav\">\n\t\t\t\t<button type=\"button\" class=\"swiper-btn swiper-btn-prev\" aria-label=\"Anterior\"><span class=\"icon icon-arrow-left\" aria-hidden=\"true\"><\/span><\/button>\n\t\t\t\t<button type=\"button\" class=\"swiper-btn swiper-btn-next\" aria-label=\"Siguiente\"><span class=\"icon icon-arrow-right\" aria-hidden=\"true\"><\/span><\/button>\n\t\t\t<\/div>\n\t\t<\/div>\n\t<\/div>\n<\/section>\n\n<section class=\"gut-block gut-texte bg-color-blanc\" >\n\t<div class=\"wrap\">\n\t\t<div class=\"texte wysiwyg-content\">\n\t\t\t<h2>EL T\u00c9CNICO DE MANTENIMIENTO<\/h2>\n<p>Realizan el mantenimiento preventivo y correctivo de todos los equipos de los aparcamientos (peajes, v\u00eddeo, megafon\u00eda, puntos de recarga de veh\u00edculos el\u00e9ctricos). Tambi\u00e9n pueden actuar en las v\u00edas p\u00fablicas (puesta en servicio y parametrizaci\u00f3n de los parqu\u00edmetros). Diagnostican fallos e informan de aver\u00edas, contribuyendo directamente a que la experiencia del cliente sea fluida.  <\/p>\n<h2>EL TELEOPERADOR<\/h2>\n<p>Como agentes a distancia, asisten, informan y responden a las peticiones de los clientes a trav\u00e9s de nuestros sistemas de interfon\u00eda. Tambi\u00e9n supervisan a distancia las instalaciones, sobre todo en materia de seguridad contra incendios, y en caso necesario alertan a los servicios competentes. Como primer punto de entrada en el recorrido del cliente, contribuyen a una relaci\u00f3n de calidad con los clientes, al buen funcionamiento de los parques y sus equipamientos, y a la seguridad de las personas y las instalaciones.  <\/p>\n\t\t<\/div>\n\t<\/div>\n<\/section>\n\n<section class=\"gut-block gut-slider-images bg-color-blanc\" >\n\t<div class=\"wrap\">\n\t\t\n\t\t<div class=\"slider-container\">\n\t\t\t<div class=\"swiper\">\n\t\t\t\t<div class=\"swiper-wrapper\">\n\t\t\t\t\t\t\t\t\t\t\t<div class=\"swiper-slide\">\n\t\t\t\t\t\t\t<a href=\"https:\/\/www.group-indigo.com\/wp-content\/uploads\/2025\/02\/Bordeaux-066-1620x1080.jpg\" class=\"img-container\" >\n\t\t\t\t\t\t\t\t<figure>\n\t\t\t\t\t\t\t\t\t<div class=\"img\">\n\t\t\t\t\t\t\t\t\t\t<img decoding=\"async\" width=\"1024\" height=\"683\" src=\"https:\/\/www.group-indigo.com\/wp-content\/uploads\/2025\/02\/Bordeaux-066-1024x683.jpg\" class=\"attachment-large size-large\" alt=\"\" srcset=\"https:\/\/www.group-indigo.com\/wp-content\/uploads\/2025\/02\/Bordeaux-066-1024x683.jpg 1024w, https:\/\/www.group-indigo.com\/wp-content\/uploads\/2025\/02\/Bordeaux-066-300x200.jpg 300w, https:\/\/www.group-indigo.com\/wp-content\/uploads\/2025\/02\/Bordeaux-066-768x512.jpg 768w, https:\/\/www.group-indigo.com\/wp-content\/uploads\/2025\/02\/Bordeaux-066-1536x1024.jpg 1536w, https:\/\/www.group-indigo.com\/wp-content\/uploads\/2025\/02\/Bordeaux-066-scaled.jpg 2048w, https:\/\/www.group-indigo.com\/wp-content\/uploads\/2025\/02\/Bordeaux-066-1620x1080.jpg 1620w\" sizes=\"(max-width: 1024px) 100vw, 1024px\" \/>\t\t\t\t\t\t\t\t\t<\/div>\n\n\t\t\t\t\t\t\t\t\t\t\t\t\t\t\t\t\t<\/figure>\n\t\t\t\t\t\t\t<\/a>\n\t\t\t\t\t\t<\/div>\n\t\t\t\t\t\t\t\t\t\t\t<div class=\"swiper-slide\">\n\t\t\t\t\t\t\t<a href=\"https:\/\/www.group-indigo.com\/wp-content\/uploads\/2025\/02\/Caen-179-720x1080.jpg\" class=\"img-container\" >\n\t\t\t\t\t\t\t\t<figure>\n\t\t\t\t\t\t\t\t\t<div class=\"img\">\n\t\t\t\t\t\t\t\t\t\t<img decoding=\"async\" width=\"1024\" height=\"743\" src=\"https:\/\/www.group-indigo.com\/wp-content\/uploads\/2025\/02\/Caen-179-scaled-e1739974333295-1024x743.jpg\" class=\"attachment-large size-large\" alt=\"\" srcset=\"https:\/\/www.group-indigo.com\/wp-content\/uploads\/2025\/02\/Caen-179-scaled-e1739974333295-1024x743.jpg 1024w, https:\/\/www.group-indigo.com\/wp-content\/uploads\/2025\/02\/Caen-179-scaled-e1739974333295-300x218.jpg 300w, https:\/\/www.group-indigo.com\/wp-content\/uploads\/2025\/02\/Caen-179-scaled-e1739974333295-768x557.jpg 768w, https:\/\/www.group-indigo.com\/wp-content\/uploads\/2025\/02\/Caen-179-scaled-e1739974333295.jpg 1365w\" sizes=\"(max-width: 1024px) 100vw, 1024px\" \/>\t\t\t\t\t\t\t\t\t<\/div>\n\n\t\t\t\t\t\t\t\t\t\t\t\t\t\t\t\t\t<\/figure>\n\t\t\t\t\t\t\t<\/a>\n\t\t\t\t\t\t<\/div>\n\t\t\t\t\t\t\t\t\t\t\t<div class=\"swiper-slide\">\n\t\t\t\t\t\t\t<a href=\"https:\/\/www.group-indigo.com\/wp-content\/uploads\/2025\/04\/Bordeaux-054-1620x1080.jpg\" class=\"img-container\" >\n\t\t\t\t\t\t\t\t<figure>\n\t\t\t\t\t\t\t\t\t<div class=\"img\">\n\t\t\t\t\t\t\t\t\t\t<img decoding=\"async\" width=\"1024\" height=\"683\" src=\"https:\/\/www.group-indigo.com\/wp-content\/uploads\/2025\/04\/Bordeaux-054-1024x683.jpg\" class=\"attachment-large size-large\" alt=\"\" srcset=\"https:\/\/www.group-indigo.com\/wp-content\/uploads\/2025\/04\/Bordeaux-054-1024x683.jpg 1024w, https:\/\/www.group-indigo.com\/wp-content\/uploads\/2025\/04\/Bordeaux-054-300x200.jpg 300w, https:\/\/www.group-indigo.com\/wp-content\/uploads\/2025\/04\/Bordeaux-054-768x512.jpg 768w, https:\/\/www.group-indigo.com\/wp-content\/uploads\/2025\/04\/Bordeaux-054-1536x1024.jpg 1536w, https:\/\/www.group-indigo.com\/wp-content\/uploads\/2025\/04\/Bordeaux-054-scaled.jpg 2048w, https:\/\/www.group-indigo.com\/wp-content\/uploads\/2025\/04\/Bordeaux-054-1620x1080.jpg 1620w\" sizes=\"(max-width: 1024px) 100vw, 1024px\" \/>\t\t\t\t\t\t\t\t\t<\/div>\n\n\t\t\t\t\t\t\t\t\t\t\t\t\t\t\t\t\t<\/figure>\n\t\t\t\t\t\t\t<\/a>\n\t\t\t\t\t\t<\/div>\n\t\t\t\t\t\t\t\t\t\t\t<div class=\"swiper-slide\">\n\t\t\t\t\t\t\t<a href=\"https:\/\/www.group-indigo.com\/wp-content\/uploads\/2025\/02\/Caen-188-720x1080.jpg\" class=\"img-container\" >\n\t\t\t\t\t\t\t\t<figure>\n\t\t\t\t\t\t\t\t\t<div class=\"img\">\n\t\t\t\t\t\t\t\t\t\t<img decoding=\"async\" width=\"1024\" height=\"797\" src=\"https:\/\/www.group-indigo.com\/wp-content\/uploads\/2025\/02\/Caen-188-scaled-e1739974358662-1024x797.jpg\" class=\"attachment-large size-large\" alt=\"\" srcset=\"https:\/\/www.group-indigo.com\/wp-content\/uploads\/2025\/02\/Caen-188-scaled-e1739974358662-1024x797.jpg 1024w, https:\/\/www.group-indigo.com\/wp-content\/uploads\/2025\/02\/Caen-188-scaled-e1739974358662-300x233.jpg 300w, https:\/\/www.group-indigo.com\/wp-content\/uploads\/2025\/02\/Caen-188-scaled-e1739974358662-768x598.jpg 768w, https:\/\/www.group-indigo.com\/wp-content\/uploads\/2025\/02\/Caen-188-scaled-e1739974358662.jpg 1365w\" sizes=\"(max-width: 1024px) 100vw, 1024px\" \/>\t\t\t\t\t\t\t\t\t<\/div>\n\n\t\t\t\t\t\t\t\t\t\t\t\t\t\t\t\t\t<\/figure>\n\t\t\t\t\t\t\t<\/a>\n\t\t\t\t\t\t<\/div>\n\t\t\t\t\t\t\t\t\t\t\t<div class=\"swiper-slide\">\n\t\t\t\t\t\t\t<a href=\"https:\/\/www.group-indigo.com\/wp-content\/uploads\/2025\/02\/Caen-039-1620x1080.jpg\" class=\"img-container\" >\n\t\t\t\t\t\t\t\t<figure>\n\t\t\t\t\t\t\t\t\t<div class=\"img\">\n\t\t\t\t\t\t\t\t\t\t<img decoding=\"async\" width=\"1024\" height=\"683\" src=\"https:\/\/www.group-indigo.com\/wp-content\/uploads\/2025\/02\/Caen-039-1024x683.jpg\" class=\"attachment-large size-large\" alt=\"\" srcset=\"https:\/\/www.group-indigo.com\/wp-content\/uploads\/2025\/02\/Caen-039-1024x683.jpg 1024w, https:\/\/www.group-indigo.com\/wp-content\/uploads\/2025\/02\/Caen-039-300x200.jpg 300w, https:\/\/www.group-indigo.com\/wp-content\/uploads\/2025\/02\/Caen-039-768x512.jpg 768w, https:\/\/www.group-indigo.com\/wp-content\/uploads\/2025\/02\/Caen-039-1536x1024.jpg 1536w, https:\/\/www.group-indigo.com\/wp-content\/uploads\/2025\/02\/Caen-039-scaled.jpg 2048w, https:\/\/www.group-indigo.com\/wp-content\/uploads\/2025\/02\/Caen-039-1620x1080.jpg 1620w\" sizes=\"(max-width: 1024px) 100vw, 1024px\" \/>\t\t\t\t\t\t\t\t\t<\/div>\n\n\t\t\t\t\t\t\t\t\t\t\t\t\t\t\t\t\t<\/figure>\n\t\t\t\t\t\t\t<\/a>\n\t\t\t\t\t\t<\/div>\n\t\t\t\t\t\t\t\t\t<\/div>\n\t\t\t<\/div>\n\n\t\t\t<div class=\"swiper-nav\">\n\t\t\t\t<button type=\"button\" class=\"swiper-btn swiper-btn-prev\" aria-label=\"Anterior\"><span class=\"icon icon-arrow-left\" aria-hidden=\"true\"><\/span><\/button>\n\t\t\t\t<button type=\"button\" class=\"swiper-btn swiper-btn-next\" aria-label=\"Siguiente\"><span class=\"icon icon-arrow-right\" aria-hidden=\"true\"><\/span><\/button>\n\t\t\t<\/div>\n\t\t<\/div>\n\t<\/div>\n<\/section>","protected":false},"excerpt":{"rendered":"","protected":false},"author":6,"featured_media":0,"parent":0,"menu_order":0,"comment_status":"closed","ping_status":"closed","template":"","meta":{"_acf_changed":false,"inline_featured_image":false,"footnotes":""},"class_list":["post-1100082169","page","type-page","status-publish","hentry"],"acf":[],"yoast_head":"<!-- This site is optimized with the Yoast SEO plugin v27.2 - https:\/\/yoast.com\/product\/yoast-seo-wordpress\/ -->\n<title>Nuestras actividades sobre el terreno - Groupe INDIGO<\/title>\n<meta name=\"robots\" content=\"index, follow, max-snippet:-1, max-image-preview:large, max-video-preview:-1\" \/>\n<link rel=\"canonical\" href=\"https:\/\/www.group-indigo.com\/es\/nuestras-actividades-sobre-el-terreno\/\" \/>\n<meta property=\"og:locale\" content=\"es_ES\" \/>\n<meta property=\"og:type\" content=\"article\" \/>\n<meta property=\"og:title\" content=\"Nuestras actividades sobre el terreno - Groupe INDIGO\" \/>\n<meta property=\"og:url\" content=\"https:\/\/www.group-indigo.com\/es\/nuestras-actividades-sobre-el-terreno\/\" \/>\n<meta property=\"og:site_name\" content=\"Groupe INDIGO\" \/>\n<meta property=\"article:modified_time\" content=\"2025-06-23T08:23:45+00:00\" \/>\n<meta name=\"twitter:card\" content=\"summary_large_image\" \/>\n<script type=\"application\/ld+json\" class=\"yoast-schema-graph\">{\"@context\":\"https:\/\/schema.org\",\"@graph\":[{\"@type\":\"WebPage\",\"@id\":\"https:\/\/www.group-indigo.com\/es\/nuestras-actividades-sobre-el-terreno\/\",\"url\":\"https:\/\/www.group-indigo.com\/es\/nuestras-actividades-sobre-el-terreno\/\",\"name\":\"Nuestras actividades sobre el terreno - Groupe INDIGO\",\"isPartOf\":{\"@id\":\"https:\/\/www.group-indigo.com\/es\/#website\"},\"datePublished\":\"2025-02-14T15:39:58+00:00\",\"dateModified\":\"2025-06-23T08:23:45+00:00\",\"breadcrumb\":{\"@id\":\"https:\/\/www.group-indigo.com\/es\/nuestras-actividades-sobre-el-terreno\/#breadcrumb\"},\"inLanguage\":\"es\",\"potentialAction\":[{\"@type\":\"ReadAction\",\"target\":[\"https:\/\/www.group-indigo.com\/es\/nuestras-actividades-sobre-el-terreno\/\"]}]},{\"@type\":\"BreadcrumbList\",\"@id\":\"https:\/\/www.group-indigo.com\/es\/nuestras-actividades-sobre-el-terreno\/#breadcrumb\",\"itemListElement\":[{\"@type\":\"ListItem\",\"position\":1,\"name\":\"Home\",\"item\":\"https:\/\/www.group-indigo.com\/es\/\"},{\"@type\":\"ListItem\",\"position\":2,\"name\":\"Nuestras actividades sobre el terreno\"}]},{\"@type\":\"WebSite\",\"@id\":\"https:\/\/www.group-indigo.com\/es\/#website\",\"url\":\"https:\/\/www.group-indigo.com\/es\/\",\"name\":\"Groupe INDIGO\",\"description\":\"\",\"publisher\":{\"@id\":\"https:\/\/www.group-indigo.com\/es\/#organization\"},\"potentialAction\":[{\"@type\":\"SearchAction\",\"target\":{\"@type\":\"EntryPoint\",\"urlTemplate\":\"https:\/\/www.group-indigo.com\/es\/?s={search_term_string}\"},\"query-input\":{\"@type\":\"PropertyValueSpecification\",\"valueRequired\":true,\"valueName\":\"search_term_string\"}}],\"inLanguage\":\"es\"},{\"@type\":\"Organization\",\"@id\":\"https:\/\/www.group-indigo.com\/es\/#organization\",\"name\":\"Groupe INDIGO\",\"url\":\"https:\/\/www.group-indigo.com\/es\/\",\"logo\":{\"@type\":\"ImageObject\",\"inLanguage\":\"es\",\"@id\":\"https:\/\/www.group-indigo.com\/es\/#\/schema\/logo\/image\/\",\"url\":\"https:\/\/www.group-indigo.com\/wp-content\/uploads\/2026\/03\/login-logo.svg\",\"contentUrl\":\"https:\/\/www.group-indigo.com\/wp-content\/uploads\/2026\/03\/login-logo.svg\",\"width\":223,\"height\":49,\"caption\":\"Groupe INDIGO\"},\"image\":{\"@id\":\"https:\/\/www.group-indigo.com\/es\/#\/schema\/logo\/image\/\"}}]}<\/script>\n<!-- \/ Yoast SEO plugin. -->","yoast_head_json":{"title":"Nuestras actividades sobre el terreno - Groupe INDIGO","robots":{"index":"index","follow":"follow","max-snippet":"max-snippet:-1","max-image-preview":"max-image-preview:large","max-video-preview":"max-video-preview:-1"},"canonical":"https:\/\/www.group-indigo.com\/es\/nuestras-actividades-sobre-el-terreno\/","og_locale":"es_ES","og_type":"article","og_title":"Nuestras actividades sobre el terreno - Groupe INDIGO","og_url":"https:\/\/www.group-indigo.com\/es\/nuestras-actividades-sobre-el-terreno\/","og_site_name":"Groupe INDIGO","article_modified_time":"2025-06-23T08:23:45+00:00","twitter_card":"summary_large_image","schema":{"@context":"https:\/\/schema.org","@graph":[{"@type":"WebPage","@id":"https:\/\/www.group-indigo.com\/es\/nuestras-actividades-sobre-el-terreno\/","url":"https:\/\/www.group-indigo.com\/es\/nuestras-actividades-sobre-el-terreno\/","name":"Nuestras actividades sobre el terreno - Groupe INDIGO","isPartOf":{"@id":"https:\/\/www.group-indigo.com\/es\/#website"},"datePublished":"2025-02-14T15:39:58+00:00","dateModified":"2025-06-23T08:23:45+00:00","breadcrumb":{"@id":"https:\/\/www.group-indigo.com\/es\/nuestras-actividades-sobre-el-terreno\/#breadcrumb"},"inLanguage":"es","potentialAction":[{"@type":"ReadAction","target":["https:\/\/www.group-indigo.com\/es\/nuestras-actividades-sobre-el-terreno\/"]}]},{"@type":"BreadcrumbList","@id":"https:\/\/www.group-indigo.com\/es\/nuestras-actividades-sobre-el-terreno\/#breadcrumb","itemListElement":[{"@type":"ListItem","position":1,"name":"Home","item":"https:\/\/www.group-indigo.com\/es\/"},{"@type":"ListItem","position":2,"name":"Nuestras actividades sobre el terreno"}]},{"@type":"WebSite","@id":"https:\/\/www.group-indigo.com\/es\/#website","url":"https:\/\/www.group-indigo.com\/es\/","name":"Groupe INDIGO","description":"","publisher":{"@id":"https:\/\/www.group-indigo.com\/es\/#organization"},"potentialAction":[{"@type":"SearchAction","target":{"@type":"EntryPoint","urlTemplate":"https:\/\/www.group-indigo.com\/es\/?s={search_term_string}"},"query-input":{"@type":"PropertyValueSpecification","valueRequired":true,"valueName":"search_term_string"}}],"inLanguage":"es"},{"@type":"Organization","@id":"https:\/\/www.group-indigo.com\/es\/#organization","name":"Groupe INDIGO","url":"https:\/\/www.group-indigo.com\/es\/","logo":{"@type":"ImageObject","inLanguage":"es","@id":"https:\/\/www.group-indigo.com\/es\/#\/schema\/logo\/image\/","url":"https:\/\/www.group-indigo.com\/wp-content\/uploads\/2026\/03\/login-logo.svg","contentUrl":"https:\/\/www.group-indigo.com\/wp-content\/uploads\/2026\/03\/login-logo.svg","width":223,"height":49,"caption":"Groupe INDIGO"},"image":{"@id":"https:\/\/www.group-indigo.com\/es\/#\/schema\/logo\/image\/"}}]}},"_links":{"self":[{"href":"https:\/\/www.group-indigo.com\/es\/wp-json\/wp\/v2\/pages\/1100082169","targetHints":{"allow":["GET"]}}],"collection":[{"href":"https:\/\/www.group-indigo.com\/es\/wp-json\/wp\/v2\/pages"}],"about":[{"href":"https:\/\/www.group-indigo.com\/es\/wp-json\/wp\/v2\/types\/page"}],"author":[{"embeddable":true,"href":"https:\/\/www.group-indigo.com\/es\/wp-json\/wp\/v2\/users\/6"}],"replies":[{"embeddable":true,"href":"https:\/\/www.group-indigo.com\/es\/wp-json\/wp\/v2\/comments?post=1100082169"}],"version-history":[{"count":1,"href":"https:\/\/www.group-indigo.com\/es\/wp-json\/wp\/v2\/pages\/1100082169\/revisions"}],"predecessor-version":[{"id":1100082178,"href":"https:\/\/www.group-indigo.com\/es\/wp-json\/wp\/v2\/pages\/1100082169\/revisions\/1100082178"}],"wp:attachment":[{"href":"https:\/\/www.group-indigo.com\/es\/wp-json\/wp\/v2\/media?parent=1100082169"}],"curies":[{"name":"wp","href":"https:\/\/api.w.org\/{rel}","templated":true}]}}