{"id":1100084822,"date":"2025-01-08T10:48:33","date_gmt":"2025-01-08T09:48:33","guid":{"rendered":"https:\/\/www.group-indigo.com\/fundacion-indigo\/"},"modified":"2025-07-04T12:21:43","modified_gmt":"2025-07-04T10:21:43","slug":"fundacion-indigo","status":"publish","type":"page","link":"https:\/\/www.group-indigo.com\/es\/fundacion-indigo\/","title":{"rendered":"Fundaci\u00f3n INDIGO"},"content":{"rendered":"\r\n<section class=\"gut-block gut-hero-simple type-image\" >\r\n\t<div class=\"bg\">\r\n\t\t<div class=\"wrap\"><\/div>\r\n\t<\/div>\r\n\r\n\t<div class=\"wrap\">\r\n\t\t\t\t\t<div class=\"grid-container\">\r\n\t\t\t\t<div class=\"grid-el-md-5 contents\">\r\n\t\t\t\t\t<nav class=\"breadcrumb\" role=\"navigation\" aria-label=\"Rastro de migas de pan :\">\r\n\t<ul class=\"breadcrumb-list\">\r\n\t\t<li class=\"breadcrumb-item\">\r\n\t\t\t<a href=\"https:\/\/www.group-indigo.com\/es\/\">Inicio<\/a>\r\n\t\t<\/li>\r\n\r\n\t\t\t\t\t\t\t\t\t\t\t<li class=\"breadcrumb-item\" aria-current=\"page\">\r\n\t\t\t\t\t\tFundaci\u00f3n INDIGO\t\t\t\t\t<\/li>\r\n\t\t\t\t\t\t\t\t\t\t<\/ul>\r\n<\/nav>\r\n\t\t\t\t\t<div class=\"content-part\">\r\n\t\t\t\t\t\t\r\n\t\t\t\t\t\t\t\t\t\t\t\t\t<h1 class=\"block-title titre-h2\">La Fundaci\u00f3n \u00cdndigo, trabajando por una ciudad m\u00e1s sostenible<\/h1>\r\n\t\t\t\t\t\t\r\n\t\t\t\t\t\t<div class=\"textes\">\r\n\t\t\t\t\t\t\t\t\t\t\t\t\t\t\t<div class=\"texte wysiwyg-content\">\r\n\t\t\t\t\t\t\t\t\t<p>Comprometida tanto con la ciudad como con sus habitantes, la Fundaci\u00f3n INDIGO apoya proyectos de inter\u00e9s general que fomenten iniciativas para mejorar la convivencia y la calidad de vida de todos.<\/p>\r\n\t\t\t\t\t\t\t\t<\/div>\r\n\t\t\t\t\t\t\t\r\n\t\t\t\t\t\t\t\t\t\t\t\t\t\t\t<div class=\"btn-container\">\r\n\t\t\t\t\t\t\t\t\t<a href=\"https:\/\/fondation.group-indigo.com\/\" target=\"_blank\" class=\"cta btn-primary-alt\">Ir a la p\u00e1gina web de la Fundaci\u00f3n INDIGO<\/a>\r\n\t\t\t\t\t\t\t\t<\/div>\r\n\t\t\t\t\t\t\t\t\t\t\t\t\t<\/div>\r\n\r\n\t\t\t\t\t\t\t\t\t\t\t<\/div>\r\n\t\t\t\t<\/div>\r\n\r\n\t\t\t\t\t\t\t\t\t<div class=\"img-part grid-el-md-6\">\r\n\t\t\t\t\t\t<figure class=\"img\">\r\n\t\t\t\t\t\t\t<img decoding=\"async\" width=\"704\" height=\"672\" src=\"https:\/\/www.group-indigo.com\/wp-content\/uploads\/2025\/02\/Vide\u0301o.jpg\" class=\"attachment-banner size-banner\" alt=\"\" srcset=\"https:\/\/www.group-indigo.com\/wp-content\/uploads\/2025\/02\/Vide\u0301o.jpg 704w, https:\/\/www.group-indigo.com\/wp-content\/uploads\/2025\/02\/Vide\u0301o-300x286.jpg 300w\" sizes=\"(max-width: 704px) 100vw, 704px\" \/>\t\t\t\t\t\t<\/figure>\r\n\t\t\t\t\t<\/div>\r\n\t\t\t\t\r\n\t\t\t\t\t\t\t<\/div>\r\n\t\t\r\n\t\t\t<\/div>\r\n<\/section>\r\n\r\n<section class=\"gut-block gut-contenu-cle bg-color-blanc\" >\r\n\t<div class=\"wrap grid-container\">\r\n\t\t<div class=\"intro-part grid-el-tb-6 grid-el-md-5\">\r\n\t\t\t\t\t\t\t<h2 class=\"block-title titre-h2\">NUESTRAS \u00c1REAS DE ESPECIALIZACI\u00d3N<\/h2>\r\n\t\t\t\r\n\t\t\t\t\t\t\t<div class=\"texte wysiwyg-content\">\r\n\t\t\t\t\t<p>La Fundaci\u00f3n INDIGO interviene en varios \u00e1mbitos, como el deporte y la solidaridad, la cultura y el patrimonio. Apoya proyectos que refuerzan la solidaridad local, que utilizan la pr\u00e1ctica y los valores del deporte para promover el desarrollo personal, la integraci\u00f3n y la creaci\u00f3n de v\u00ednculos sociales, o que pretenden que la cultura sea accesible a todos. <\/p>\n\t\t\t\t<\/div>\r\n\t\t\t\r\n\t\t\t\r\n\t\t\t\t\t<\/div>\r\n\r\n\t\t<div class=\"content-part grid-el-tb-5 grid-el-md-6\">\r\n\t\t\t\t\t\t\t\t\t\t\t\t<div class=\"contenu-item\">\r\n\t\t\t\t\t\t\t\t\t\t\t\t\t<figure class=\"picto\">\r\n\t\t\t\t\t\t\t\t<img decoding=\"async\" width=\"77\" height=\"67\" src=\"https:\/\/www.group-indigo.com\/wp-content\/uploads\/2025\/02\/maison-icon.png\" class=\"attachment-medium size-medium\" alt=\"\" \/>\t\t\t\t\t\t\t<\/figure>\r\n\t\t\t\t\t\t\r\n\t\t\t\t\t\t<div class=\"item-content\">\r\n\t\t\t\t\t\t\t<p class=\"titre\">Actuar para la ciudad  <\/p>\r\n\r\n\t\t\t\t\t\t\t\t\t\t\t\t\t\t\t<p class=\"sous-titre\">Cultura y Patrimonio  <\/p>\r\n\t\t\t\t\t\t\t\t\t\t\t\t\t<\/div>\r\n\t\t\t\t\t<\/div>\r\n\t\t\t\t\t\t\t\t\t<div class=\"contenu-item\">\r\n\t\t\t\t\t\t\t\t\t\t\t\t\t<figure class=\"picto\">\r\n\t\t\t\t\t\t\t\t<img decoding=\"async\" width=\"76\" height=\"58\" src=\"https:\/\/www.group-indigo.com\/wp-content\/uploads\/2025\/02\/bonhomme-icon.png\" class=\"attachment-medium size-medium\" alt=\"\" \/>\t\t\t\t\t\t\t<\/figure>\r\n\t\t\t\t\t\t\r\n\t\t\t\t\t\t<div class=\"item-content\">\r\n\t\t\t\t\t\t\t<p class=\"titre\">Actuar en favor de los residentes locales<\/p>\r\n\r\n\t\t\t\t\t\t\t\t\t\t\t\t\t\t\t<p class=\"sous-titre\">Deporte y solidaridad<\/p>\r\n\t\t\t\t\t\t\t\t\t\t\t\t\t<\/div>\r\n\t\t\t\t\t<\/div>\r\n\t\t\t\t\t\t\t\t\t<\/div>\r\n\t<\/div>\r\n<\/section>\r\n\r\n\n\n<section class=\"gut-block gut-video bg-color-blanc\" >\n\t\t\t<div class=\"wrap\">\n\t\t\t\t<div class=\"block-intro grid-container\">\n\t\t\t\t\t<h2 class=\"block-title titre-h2 grid-el-tb-8 grid-el-md-6 \">Presentaci\u00f3n en v\u00eddeo<\/h2>\n\t\t\n\t\t\t\t\t<div class=\"right grid-el-tb-8 grid-el-md-4\">\n\t\t\t\t\t\t\t\t\t<div class=\"texte wysiwyg-content\">\n\t\t\t\t\t\t<p>Inf\u00f3rmate sobre la Fundaci\u00f3n INDIGO y sobre c\u00f3mo trabaja para construir una ciudad m\u00e1s solidaria, agradable y sostenible.<\/p>\n\t\t\t\t\t<\/div>\n\t\t\t\t\n\t\t\t\t\n\t\t\t\t\t\t\t<\/div>\n\t\t\t<\/div>\n\n\t\t\t<div class=\"video-plyr\">\n\t\t\t\t<div class=\"player\" data-plyr-provider=\"vimeo\" data-plyr-embed-id=\"886390806\"  data-poster=\"https:\/\/www.group-indigo.com\/wp-content\/uploads\/2025\/02\/vignette-video-fondationindigo.jpg\" ><\/div>\n\t\t\t<\/div>\n\t\t<\/div>\n\t<\/section>\r\n\n\n<section class=\"gut-block gut-cards bg-color-blanc\" >\n\t<div class=\"wrap\">\n\t\t\t<div class=\"block-intro grid-container\">\n\t\t\t\t\t<h2 class=\"block-title titre-h2 grid-el-tb-8 grid-el-md-6 \">Proyectos subvencionados<\/h2>\n\t\t\n\t\t\t\t\t<div class=\"right grid-el-tb-8 grid-el-md-4\">\n\t\t\t\t\t\t\t\t\t<div class=\"texte wysiwyg-content\">\n\t\t\t\t\t\t<p>La Fundaci\u00f3n INDIGO dispone de un presupuesto anual que le permite contribuir a proyectos de inter\u00e9s general, llevados a cabo por empleados del Grupo INDIGO.<\/p>\n\t\t\t\t\t<\/div>\n\t\t\t\t\n\t\t\t\t\t\t\t\t\t\t\t\t\t\t<div class=\"btn-container\">\n\t\t\t\t\t\t<a href=\"https:\/\/fondation.group-indigo.com\/actualites\/\" target=\"_blank\" class=\"btn-tertiary\">Ver noticias del proyecto<\/a>\n\t\t\t\t\t<\/div>\n\t\t\t\t\n\t\t\t\t\t\t\t<\/div>\n\t\t\t<\/div>\n\n\t\t<div class=\"slider-container\">\n\t\t\t<div class=\"swiper\">\n\t\t\t\t<div class=\"swiper-wrapper\">\n\t\t\t\t\t\t\t\t\t\t\t<div class=\"swiper-slide\">\n\t\t\t\t\t\t\t\t\t\t\t\t\t\t\t<a href=\"https:\/\/fondation.group-indigo.com\/projet\/septieme-projet\/\" target=\"_blank\" class=\"card color-violet\">\n\t\t\t\t\t\t\t\n\t\t\t\t\t\t\t\t\t\t\t\t\t\t\t\t\t<h3 class=\"titre\">Le Livre sur la Place<\/h3>\n\t\t\t\t\t\t\t\t\n\t\t\t\t\t\t\t\t\n\t\t\t\t\t\t\t\t\t\t\t\t\t\t\t\t\t<div class=\"btn-container\">\n\t\t\t\t\t\t\t\t\t\t<span class=\"cta btn-primary-alt\">Descubre<\/span>\n\t\t\t\t\t\t\t\t\t<\/div>\n\t\t\t\t\t\t\t\t\n\t\t\t\t\t\t\t\t\t\t\t\t\t\t\t\t\t<figure class=\"img\">\n\t\t\t\t\t\t\t\t\t\t<img decoding=\"async\" width=\"1024\" height=\"683\" src=\"https:\/\/www.group-indigo.com\/wp-content\/uploads\/2025\/02\/Ambiance-exterieure-LSP-2024-82-1024x683.jpg\" class=\"attachment-large size-large\" alt=\"\" srcset=\"https:\/\/www.group-indigo.com\/wp-content\/uploads\/2025\/02\/Ambiance-exterieure-LSP-2024-82-1024x683.jpg 1024w, https:\/\/www.group-indigo.com\/wp-content\/uploads\/2025\/02\/Ambiance-exterieure-LSP-2024-82-300x200.jpg 300w, https:\/\/www.group-indigo.com\/wp-content\/uploads\/2025\/02\/Ambiance-exterieure-LSP-2024-82-768x512.jpg 768w, https:\/\/www.group-indigo.com\/wp-content\/uploads\/2025\/02\/Ambiance-exterieure-LSP-2024-82-1536x1024.jpg 1536w, https:\/\/www.group-indigo.com\/wp-content\/uploads\/2025\/02\/Ambiance-exterieure-LSP-2024-82-scaled.jpg 2048w, https:\/\/www.group-indigo.com\/wp-content\/uploads\/2025\/02\/Ambiance-exterieure-LSP-2024-82-1620x1080.jpg 1620w\" sizes=\"(max-width: 1024px) 100vw, 1024px\" \/>\t\t\t\t\t\t\t\t\t<\/figure>\n\t\t\t\t\t\t\t\t\n\t\t\t\t\t\t\t\t\t\t\t\t\t\t\t<\/a>\n\t\t\t\t\t\t\t\t\t\t\t\t\t<\/div>\n\t\t\t\t\t\t\t\t\t\t\t<div class=\"swiper-slide\">\n\t\t\t\t\t\t\t\t\t\t\t\t\t\t\t<a href=\"https:\/\/fondation.group-indigo.com\/projet\/journees-parasports\/\" target=\"_blank\" class=\"card color-violet\">\n\t\t\t\t\t\t\t\n\t\t\t\t\t\t\t\t\t\t\t\t\t\t\t\t\t<h3 class=\"titre\">Handisport en F\u00eate<\/h3>\n\t\t\t\t\t\t\t\t\n\t\t\t\t\t\t\t\t\n\t\t\t\t\t\t\t\t\t\t\t\t\t\t\t\t\t<div class=\"btn-container\">\n\t\t\t\t\t\t\t\t\t\t<span class=\"cta btn-primary-alt\">Descubre<\/span>\n\t\t\t\t\t\t\t\t\t<\/div>\n\t\t\t\t\t\t\t\t\n\t\t\t\t\t\t\t\t\t\t\t\t\t\t\t\t\t<figure class=\"img\">\n\t\t\t\t\t\t\t\t\t\t<img decoding=\"async\" width=\"627\" height=\"1024\" src=\"https:\/\/www.group-indigo.com\/wp-content\/uploads\/2025\/02\/Capture-de\u0301cran-2024-10-23-a\u0300-16.14.42-627x1024.png\" class=\"attachment-large size-large\" alt=\"\" srcset=\"https:\/\/www.group-indigo.com\/wp-content\/uploads\/2025\/02\/Capture-de\u0301cran-2024-10-23-a\u0300-16.14.42-627x1024.png 627w, https:\/\/www.group-indigo.com\/wp-content\/uploads\/2025\/02\/Capture-de\u0301cran-2024-10-23-a\u0300-16.14.42-184x300.png 184w, https:\/\/www.group-indigo.com\/wp-content\/uploads\/2025\/02\/Capture-de\u0301cran-2024-10-23-a\u0300-16.14.42-661x1080.png 661w, https:\/\/www.group-indigo.com\/wp-content\/uploads\/2025\/02\/Capture-de\u0301cran-2024-10-23-a\u0300-16.14.42.png 759w\" sizes=\"(max-width: 627px) 100vw, 627px\" \/>\t\t\t\t\t\t\t\t\t<\/figure>\n\t\t\t\t\t\t\t\t\n\t\t\t\t\t\t\t\t\t\t\t\t\t\t\t<\/a>\n\t\t\t\t\t\t\t\t\t\t\t\t\t<\/div>\n\t\t\t\t\t\t\t\t\t\t\t<div class=\"swiper-slide\">\n\t\t\t\t\t\t\t\t\t\t\t\t\t\t\t<a href=\"https:\/\/fondation.group-indigo.com\/projet\/le-festival-international-de-musique-de-chambre\/\" target=\"_blank\" class=\"card color-violet\">\n\t\t\t\t\t\t\t\n\t\t\t\t\t\t\t\t\t\t\t\t\t\t\t\t\t<h3 class=\"titre\">Festival Internacional de M\u00fasica de C\u00e1mara<\/h3>\n\t\t\t\t\t\t\t\t\n\t\t\t\t\t\t\t\t\n\t\t\t\t\t\t\t\t\t\t\t\t\t\t\t\t\t<div class=\"btn-container\">\n\t\t\t\t\t\t\t\t\t\t<span class=\"cta btn-primary-alt\">Descubre<\/span>\n\t\t\t\t\t\t\t\t\t<\/div>\n\t\t\t\t\t\t\t\t\n\t\t\t\t\t\t\t\t\t\t\t\t\t\t\t\t\t<figure class=\"img\">\n\t\t\t\t\t\t\t\t\t\t<img decoding=\"async\" width=\"1024\" height=\"768\" src=\"https:\/\/www.group-indigo.com\/wp-content\/uploads\/2025\/02\/296980507_7856915304379613_5496258821654043884_n-1024x768.jpg\" class=\"attachment-large size-large\" alt=\"\" srcset=\"https:\/\/www.group-indigo.com\/wp-content\/uploads\/2025\/02\/296980507_7856915304379613_5496258821654043884_n-1024x768.jpg 1024w, https:\/\/www.group-indigo.com\/wp-content\/uploads\/2025\/02\/296980507_7856915304379613_5496258821654043884_n-300x225.jpg 300w, https:\/\/www.group-indigo.com\/wp-content\/uploads\/2025\/02\/296980507_7856915304379613_5496258821654043884_n-768x576.jpg 768w, https:\/\/www.group-indigo.com\/wp-content\/uploads\/2025\/02\/296980507_7856915304379613_5496258821654043884_n-1536x1152.jpg 1536w, https:\/\/www.group-indigo.com\/wp-content\/uploads\/2025\/02\/296980507_7856915304379613_5496258821654043884_n-1440x1080.jpg 1440w, https:\/\/www.group-indigo.com\/wp-content\/uploads\/2025\/02\/296980507_7856915304379613_5496258821654043884_n.jpg 2048w\" sizes=\"(max-width: 1024px) 100vw, 1024px\" \/>\t\t\t\t\t\t\t\t\t<\/figure>\n\t\t\t\t\t\t\t\t\n\t\t\t\t\t\t\t\t\t\t\t\t\t\t\t<\/a>\n\t\t\t\t\t\t\t\t\t\t\t\t\t<\/div>\n\t\t\t\t\t\t\t\t\t<\/div>\n\t\t\t<\/div>\n\t\t<\/div>\n\t<\/div>\n<\/section>\r\n\n\n<section class=\"gut-block gut-rebond bg-color-blanc\" >\n\t<div class=\"container\">\n\t\t<div class=\"wrap grid-container\">\n\t\t\t<figure class=\"img\">\n\t\t\t\t<img decoding=\"async\" width=\"1520\" height=\"915\" src=\"https:\/\/www.group-indigo.com\/wp-content\/uploads\/2025\/01\/Modules-Image-7.jpg\" class=\"attachment-banner size-banner\" alt=\"\" srcset=\"https:\/\/www.group-indigo.com\/wp-content\/uploads\/2025\/01\/Modules-Image-7.jpg 1520w, https:\/\/www.group-indigo.com\/wp-content\/uploads\/2025\/01\/Modules-Image-7-300x181.jpg 300w, https:\/\/www.group-indigo.com\/wp-content\/uploads\/2025\/01\/Modules-Image-7-1024x616.jpg 1024w, https:\/\/www.group-indigo.com\/wp-content\/uploads\/2025\/01\/Modules-Image-7-768x462.jpg 768w\" sizes=\"(max-width: 1520px) 100vw, 1520px\" \/>\t\t\t<\/figure>\n\n\t\t\t\t\t\t\t<h2 class=\"block-title titre-h2 grid-el-tb-8 grid-el-md-6\">Los compromisos ESG del Grupo<\/h2>\n\t\t\t\n\t\t\t\t\t\t\t<div class=\"texte wysiwyg-content grid-el-tb-7 grid-el-md-5 grid-el-lg-4\">\n\t\t\t\t\t<p>La log\u00edstica urbana es una cuesti\u00f3n importante en la movilidad urbana, que genera un impacto significativo en el tr\u00e1fico, el ruido y la contaminaci\u00f3n. Para hacer frente a estos retos, INDIGO sigue una estrategia de desarrollo de servicios y Espacios Log\u00edsticos Urbanos (ELU) dentro de sus aparcamientos. <\/p>\n\t\t\t\t<\/div>\n\t\t\t\n\t\t\t\t\t\t\t<div class=\"btn-container grid-el-tb-6 grid-el-md-4\">\n\t\t\t\t\t<a href=\"https:\/\/www.group-indigo.com\/es\/estrategia-medioambiental-social-y-de-gobernanza-esg\/\" target=\"_self\" class=\"btn-primary\">Nuestra estrategia y pol\u00edtica ESG<\/a>\n\t\t\t\t<\/div>\n\t\t\t\n\t\t\t\t\t<\/div>\n\t<\/div>\n<\/section>","protected":false},"excerpt":{"rendered":"","protected":false},"author":1,"featured_media":0,"parent":0,"menu_order":0,"comment_status":"closed","ping_status":"closed","template":"","meta":{"_acf_changed":false,"inline_featured_image":false,"footnotes":""},"class_list":["post-1100084822","page","type-page","status-publish","hentry"],"acf":[],"yoast_head":"<!-- This site is optimized with the Yoast SEO plugin v27.2 - https:\/\/yoast.com\/product\/yoast-seo-wordpress\/ -->\n<title>Fundaci\u00f3n INDIGO - Groupe INDIGO<\/title>\n<meta name=\"robots\" content=\"index, follow, max-snippet:-1, max-image-preview:large, max-video-preview:-1\" \/>\n<link rel=\"canonical\" href=\"https:\/\/www.group-indigo.com\/es\/fundacion-indigo\/\" \/>\n<meta property=\"og:locale\" content=\"es_ES\" \/>\n<meta property=\"og:type\" content=\"article\" \/>\n<meta property=\"og:title\" content=\"Fundaci\u00f3n INDIGO - Groupe INDIGO\" \/>\n<meta property=\"og:url\" content=\"https:\/\/www.group-indigo.com\/es\/fundacion-indigo\/\" \/>\n<meta property=\"og:site_name\" content=\"Groupe INDIGO\" \/>\n<meta property=\"article:modified_time\" content=\"2025-07-04T10:21:43+00:00\" \/>\n<meta name=\"twitter:card\" content=\"summary_large_image\" \/>\n<script type=\"application\/ld+json\" class=\"yoast-schema-graph\">{\"@context\":\"https:\/\/schema.org\",\"@graph\":[{\"@type\":\"WebPage\",\"@id\":\"https:\/\/www.group-indigo.com\/es\/fundacion-indigo\/\",\"url\":\"https:\/\/www.group-indigo.com\/es\/fundacion-indigo\/\",\"name\":\"Fundaci\u00f3n INDIGO - Groupe INDIGO\",\"isPartOf\":{\"@id\":\"https:\/\/www.group-indigo.com\/es\/#website\"},\"datePublished\":\"2025-01-08T09:48:33+00:00\",\"dateModified\":\"2025-07-04T10:21:43+00:00\",\"breadcrumb\":{\"@id\":\"https:\/\/www.group-indigo.com\/es\/fundacion-indigo\/#breadcrumb\"},\"inLanguage\":\"es\",\"potentialAction\":[{\"@type\":\"ReadAction\",\"target\":[\"https:\/\/www.group-indigo.com\/es\/fundacion-indigo\/\"]}]},{\"@type\":\"BreadcrumbList\",\"@id\":\"https:\/\/www.group-indigo.com\/es\/fundacion-indigo\/#breadcrumb\",\"itemListElement\":[{\"@type\":\"ListItem\",\"position\":1,\"name\":\"Home\",\"item\":\"https:\/\/www.group-indigo.com\/es\/\"},{\"@type\":\"ListItem\",\"position\":2,\"name\":\"Fundaci\u00f3n INDIGO\"}]},{\"@type\":\"WebSite\",\"@id\":\"https:\/\/www.group-indigo.com\/es\/#website\",\"url\":\"https:\/\/www.group-indigo.com\/es\/\",\"name\":\"Groupe INDIGO\",\"description\":\"\",\"publisher\":{\"@id\":\"https:\/\/www.group-indigo.com\/es\/#organization\"},\"potentialAction\":[{\"@type\":\"SearchAction\",\"target\":{\"@type\":\"EntryPoint\",\"urlTemplate\":\"https:\/\/www.group-indigo.com\/es\/?s={search_term_string}\"},\"query-input\":{\"@type\":\"PropertyValueSpecification\",\"valueRequired\":true,\"valueName\":\"search_term_string\"}}],\"inLanguage\":\"es\"},{\"@type\":\"Organization\",\"@id\":\"https:\/\/www.group-indigo.com\/es\/#organization\",\"name\":\"Groupe INDIGO\",\"url\":\"https:\/\/www.group-indigo.com\/es\/\",\"logo\":{\"@type\":\"ImageObject\",\"inLanguage\":\"es\",\"@id\":\"https:\/\/www.group-indigo.com\/es\/#\/schema\/logo\/image\/\",\"url\":\"https:\/\/www.group-indigo.com\/wp-content\/uploads\/2026\/03\/login-logo.svg\",\"contentUrl\":\"https:\/\/www.group-indigo.com\/wp-content\/uploads\/2026\/03\/login-logo.svg\",\"width\":223,\"height\":49,\"caption\":\"Groupe INDIGO\"},\"image\":{\"@id\":\"https:\/\/www.group-indigo.com\/es\/#\/schema\/logo\/image\/\"}}]}<\/script>\n<!-- \/ Yoast SEO plugin. -->","yoast_head_json":{"title":"Fundaci\u00f3n INDIGO - Groupe INDIGO","robots":{"index":"index","follow":"follow","max-snippet":"max-snippet:-1","max-image-preview":"max-image-preview:large","max-video-preview":"max-video-preview:-1"},"canonical":"https:\/\/www.group-indigo.com\/es\/fundacion-indigo\/","og_locale":"es_ES","og_type":"article","og_title":"Fundaci\u00f3n INDIGO - Groupe INDIGO","og_url":"https:\/\/www.group-indigo.com\/es\/fundacion-indigo\/","og_site_name":"Groupe INDIGO","article_modified_time":"2025-07-04T10:21:43+00:00","twitter_card":"summary_large_image","schema":{"@context":"https:\/\/schema.org","@graph":[{"@type":"WebPage","@id":"https:\/\/www.group-indigo.com\/es\/fundacion-indigo\/","url":"https:\/\/www.group-indigo.com\/es\/fundacion-indigo\/","name":"Fundaci\u00f3n INDIGO - Groupe INDIGO","isPartOf":{"@id":"https:\/\/www.group-indigo.com\/es\/#website"},"datePublished":"2025-01-08T09:48:33+00:00","dateModified":"2025-07-04T10:21:43+00:00","breadcrumb":{"@id":"https:\/\/www.group-indigo.com\/es\/fundacion-indigo\/#breadcrumb"},"inLanguage":"es","potentialAction":[{"@type":"ReadAction","target":["https:\/\/www.group-indigo.com\/es\/fundacion-indigo\/"]}]},{"@type":"BreadcrumbList","@id":"https:\/\/www.group-indigo.com\/es\/fundacion-indigo\/#breadcrumb","itemListElement":[{"@type":"ListItem","position":1,"name":"Home","item":"https:\/\/www.group-indigo.com\/es\/"},{"@type":"ListItem","position":2,"name":"Fundaci\u00f3n INDIGO"}]},{"@type":"WebSite","@id":"https:\/\/www.group-indigo.com\/es\/#website","url":"https:\/\/www.group-indigo.com\/es\/","name":"Groupe INDIGO","description":"","publisher":{"@id":"https:\/\/www.group-indigo.com\/es\/#organization"},"potentialAction":[{"@type":"SearchAction","target":{"@type":"EntryPoint","urlTemplate":"https:\/\/www.group-indigo.com\/es\/?s={search_term_string}"},"query-input":{"@type":"PropertyValueSpecification","valueRequired":true,"valueName":"search_term_string"}}],"inLanguage":"es"},{"@type":"Organization","@id":"https:\/\/www.group-indigo.com\/es\/#organization","name":"Groupe INDIGO","url":"https:\/\/www.group-indigo.com\/es\/","logo":{"@type":"ImageObject","inLanguage":"es","@id":"https:\/\/www.group-indigo.com\/es\/#\/schema\/logo\/image\/","url":"https:\/\/www.group-indigo.com\/wp-content\/uploads\/2026\/03\/login-logo.svg","contentUrl":"https:\/\/www.group-indigo.com\/wp-content\/uploads\/2026\/03\/login-logo.svg","width":223,"height":49,"caption":"Groupe INDIGO"},"image":{"@id":"https:\/\/www.group-indigo.com\/es\/#\/schema\/logo\/image\/"}}]}},"_links":{"self":[{"href":"https:\/\/www.group-indigo.com\/es\/wp-json\/wp\/v2\/pages\/1100084822","targetHints":{"allow":["GET"]}}],"collection":[{"href":"https:\/\/www.group-indigo.com\/es\/wp-json\/wp\/v2\/pages"}],"about":[{"href":"https:\/\/www.group-indigo.com\/es\/wp-json\/wp\/v2\/types\/page"}],"author":[{"embeddable":true,"href":"https:\/\/www.group-indigo.com\/es\/wp-json\/wp\/v2\/users\/1"}],"replies":[{"embeddable":true,"href":"https:\/\/www.group-indigo.com\/es\/wp-json\/wp\/v2\/comments?post=1100084822"}],"version-history":[{"count":3,"href":"https:\/\/www.group-indigo.com\/es\/wp-json\/wp\/v2\/pages\/1100084822\/revisions"}],"predecessor-version":[{"id":1100091942,"href":"https:\/\/www.group-indigo.com\/es\/wp-json\/wp\/v2\/pages\/1100084822\/revisions\/1100091942"}],"wp:attachment":[{"href":"https:\/\/www.group-indigo.com\/es\/wp-json\/wp\/v2\/media?parent=1100084822"}],"curies":[{"name":"wp","href":"https:\/\/api.w.org\/{rel}","templated":true}]}}