{"id":1100084846,"date":"2025-01-08T10:49:08","date_gmt":"2025-01-08T09:49:08","guid":{"rendered":"https:\/\/www.group-indigo.com\/estrategia-medioambiental-social-y-de-gobernanza-esg\/"},"modified":"2025-07-04T13:38:12","modified_gmt":"2025-07-04T11:38:12","slug":"estrategia-medioambiental-social-y-de-gobernanza-esg","status":"publish","type":"page","link":"https:\/\/www.group-indigo.com\/es\/estrategia-medioambiental-social-y-de-gobernanza-esg\/","title":{"rendered":"Estrategia Medioambiental, Social y de Gobernanza (ESG)"},"content":{"rendered":"\r\n<section class=\"gut-block gut-hero-simple type-image\" >\r\n\t<div class=\"bg\">\r\n\t\t<div class=\"wrap\"><\/div>\r\n\t<\/div>\r\n\r\n\t<div class=\"wrap\">\r\n\t\t\t\t\t<div class=\"grid-container\">\r\n\t\t\t\t<div class=\"grid-el-md-5 contents\">\r\n\t\t\t\t\t<nav class=\"breadcrumb\" role=\"navigation\" aria-label=\"Rastro de migas de pan :\">\r\n\t<ul class=\"breadcrumb-list\">\r\n\t\t<li class=\"breadcrumb-item\">\r\n\t\t\t<a href=\"https:\/\/www.group-indigo.com\/es\/\">Inicio<\/a>\r\n\t\t<\/li>\r\n\r\n\t\t\t\t\t\t\t\t\t\t\t<li class=\"breadcrumb-item\" aria-current=\"page\">\r\n\t\t\t\t\t\tEstrategia Medioambiental, Social y de Gobernanza (ESG)\t\t\t\t\t<\/li>\r\n\t\t\t\t\t\t\t\t\t\t<\/ul>\r\n<\/nav>\r\n\t\t\t\t\t<div class=\"content-part\">\r\n\t\t\t\t\t\t\r\n\t\t\t\t\t\t\t\t\t\t\t\t\t<h1 class=\"block-title titre-h2\">Estrategia Medioambiental, Social y de Gobernanza (ESG)<\/h1>\r\n\t\t\t\t\t\t\r\n\t\t\t\t\t\t<div class=\"textes\">\r\n\t\t\t\t\t\t\t\r\n\t\t\t\t\t\t\t\t\t\t\t\t\t<\/div>\r\n\r\n\t\t\t\t\t\t\t\t\t\t\t<\/div>\r\n\t\t\t\t<\/div>\r\n\r\n\t\t\t\t\t\t\t\t\t<div class=\"img-part grid-el-md-6\">\r\n\t\t\t\t\t\t<figure class=\"img\">\r\n\t\t\t\t\t\t\t<img decoding=\"async\" width=\"979\" height=\"656\" src=\"https:\/\/www.group-indigo.com\/wp-content\/uploads\/2018\/10\/Capture-d-----cran-2022-09-22-163525.png\" class=\"attachment-banner size-banner\" alt=\"\" srcset=\"https:\/\/www.group-indigo.com\/wp-content\/uploads\/2018\/10\/Capture-d-----cran-2022-09-22-163525.png 979w, https:\/\/www.group-indigo.com\/wp-content\/uploads\/2018\/10\/Capture-d-----cran-2022-09-22-163525-300x201.png 300w, https:\/\/www.group-indigo.com\/wp-content\/uploads\/2018\/10\/Capture-d-----cran-2022-09-22-163525-768x515.png 768w\" sizes=\"(max-width: 979px) 100vw, 979px\" \/>\t\t\t\t\t\t<\/figure>\r\n\t\t\t\t\t<\/div>\r\n\t\t\t\t\r\n\t\t\t\t\t\t\t<\/div>\r\n\t\t\r\n\t\t\t<\/div>\r\n<\/section>\r\n\n\n<section class=\"gut-block gut-texte bg-color-blanc\" >\n\t<div class=\"wrap\">\n\t\t<div class=\"texte wysiwyg-content\">\n\t\t\t<p><strong>Adem\u00e1s del crecimiento org\u00e1nico sostenido en todos nuestros negocios, invertimos cada a\u00f1o para acelerar el desarrollo del Grupo.  <\/strong><strong>En esta era de digitalizaci\u00f3n y de conciencia colectiva de la importancia de nuestro planeta, el Grupo INDIGO y sus filiales tienen el deber de ser audaces, pioneros, responsables y conscientes de los retos del ma\u00f1ana.<\/strong><\/p>\n<p>La movilidad individual se est\u00e1 diversificando, e INDIGO est\u00e1 apoyando el desarrollo de la movilidad blanda, como la bicicleta, la movilidad el\u00e9ctrica y el coche compartido, para complementar sus actividades de aparcamiento en la calle y fuera de ella. La tecnolog\u00eda digital tambi\u00e9n desempe\u00f1a un papel clave, situando al cliente en el centro de nuestra estrategia. <\/p>\n<p>Esta capacidad de innovaci\u00f3n y adaptaci\u00f3n no puede lograrse sin capitalizar a los hombres y mujeres del Grupo, respetando la \u00e9tica y minimizando nuestro impacto medioambiental. Presentes en m\u00e1s de 500 ciudades francesas y extranjeras, tambi\u00e9n prestamos especial atenci\u00f3n al respeto de los derechos humanos, y contribuimos al desarrollo de las comunidades locales con nuestra presencia y nuestra participaci\u00f3n en iniciativas locales. <\/p>\n<p><span style=\"color: #b80e80\"><strong>\u00ab<\/strong><\/span><em><strong>Para garantizar que nuestro desarrollo global sea sostenible, me comprometo con el Grupo INDIGO\u00a0: <\/strong><\/em> <\/p>\n<ul>\n<li><em><strong>Cumple o supera, siempre que sea posible, la normativa internacional y local aplicable en materia de salud, seguridad y medio ambiente;<\/strong><\/em><\/li>\n<li><em><strong>Identificar y prevenir cualquier riesgo potencial para sus empleados;<\/strong><\/em><\/li>\n<li><em><strong>Proporcionar a sus equipos lugares de trabajo seguros y el equipo y la formaci\u00f3n que necesitan para evitar accidentes;<\/strong><\/em><\/li>\n<li><em><strong>Promueve la diversidad de g\u00e9nero, la no discriminaci\u00f3n y el acceso al desarrollo de competencias, la empleabilidad y la promoci\u00f3n de todos sus empleados, sin distinci\u00f3n;<\/strong><\/em><\/li>\n<li><em><strong>Implica a sus empleados y partes interesadas en el respeto de las normas de buena conducta;<\/strong><\/em><\/li>\n<li><em><strong>  Minimizar su impacto medioambiental reduciendo su consumo de energ\u00eda, sobre todo en sus estructuras, y aplicar tecnolog\u00edas y soluciones para reducir las emisiones de sus clientes, facilit\u00e1ndoles al mismo tiempo el acceso a una movilidad individual que no consuma combustibles f\u00f3siles.<\/strong><\/em><\/li>\n<\/ul>\n<p><em><strong>Se han definido responsabilidades claras dentro del Grupo para gestionar sus compromisos\u00bb.<\/strong><\/em><\/p>\n<p>S\u00e9bastien FRAISSE, Presidente del Consejo de Administraci\u00f3n del Grupo INDIGO<\/p>\n\t\t<\/div>\n\t<\/div>\n<\/section>\r\n\n\n<section class=\"gut-block gut-fifty-fifty position-right bg-color-blanc\" >\n\t<div class=\"wrap grid-container\">\n\t\t\t\t\t<div class=\"img-part grid-el-tb-4 grid-el-md-5\">\n\t\t\t\t<figure class=\"img parking\">\n\t\t\t\t\t<img decoding=\"async\" width=\"756\" height=\"945\" src=\"https:\/\/www.group-indigo.com\/wp-content\/uploads\/2025\/02\/we-support-global-compact.jpg\" class=\"attachment-banner size-banner\" alt=\"\" srcset=\"https:\/\/www.group-indigo.com\/wp-content\/uploads\/2025\/02\/we-support-global-compact.jpg 756w, https:\/\/www.group-indigo.com\/wp-content\/uploads\/2025\/02\/we-support-global-compact-240x300.jpg 240w\" sizes=\"(max-width: 756px) 100vw, 756px\" \/>\t\t\t\t<\/figure>\n\t\t\t<\/div>\n\t\t\n\t\t<div class=\"content-part grid-el-tb-7 grid-el-md-5\">\n\t\t\t\t\t\t\t<h2 class=\"block-title titre-h2\">Apoyo al Pacto Mundial de las Naciones Unidas<\/h2>\n\t\t\t\n\t\t\t\t\t\t\t<div class=\"texte wysiwyg-content\">\n\t\t\t\t\t<p>El Pacto Mundial es una iniciativa de las Naciones Unidas concebida para implicar a las empresas multinacionales en la promoci\u00f3n del desarrollo sostenible de forma voluntaria. Las empresas firmantes se comprometen a integrar y promover 10 grandes principios divididos en las cuatro \u00e1reas siguientes: derechos humanos, normas laborales internacionales, medio ambiente y lucha contra la corrupci\u00f3n. <\/p>\n<p>Reconociendo que los principios han sido durante mucho tiempo valores fuertes dentro de la empresa, el Grupo INDIGO decidi\u00f3 formalizar su compromiso a largo plazo con el desarrollo sostenible.<\/p>\n<p>Desde 2022, el Grupo INDIGO est\u00e1 comprometido con la iniciativa de Responsabilidad Social Corporativa del Pacto Mundial de las Naciones Unidas y sus Diez Principios sobre derechos humanos, normas laborales, medio ambiente y lucha contra la corrupci\u00f3n.<\/p>\n\t\t\t\t<\/div>\n\t\t\t\n\t\t\t\n\t\t\t\n\t\t\t\t\t<\/div>\n\t<\/div>\n<\/section>\r\n\n\n<section class=\"gut-block gut-rebond bg-color-blanc\" >\n\t<div class=\"container\">\n\t\t<div class=\"wrap grid-container\">\n\t\t\t<figure class=\"img\">\n\t\t\t\t<img decoding=\"async\" width=\"1372\" height=\"915\" src=\"https:\/\/www.group-indigo.com\/wp-content\/uploads\/2025\/03\/fondation-2.png\" class=\"attachment-banner size-banner\" alt=\"\" srcset=\"https:\/\/www.group-indigo.com\/wp-content\/uploads\/2025\/03\/fondation-2.png 1372w, https:\/\/www.group-indigo.com\/wp-content\/uploads\/2025\/03\/fondation-2-300x200.png 300w, https:\/\/www.group-indigo.com\/wp-content\/uploads\/2025\/03\/fondation-2-1024x683.png 1024w, https:\/\/www.group-indigo.com\/wp-content\/uploads\/2025\/03\/fondation-2-768x512.png 768w\" sizes=\"(max-width: 1372px) 100vw, 1372px\" \/>\t\t\t<\/figure>\n\n\t\t\t\t\t\t\t<h2 class=\"block-title titre-h2 grid-el-tb-8 grid-el-md-6\">La Fundaci\u00f3n INDIGO<\/h2>\n\t\t\t\n\t\t\t\t\t\t\t<div class=\"texte wysiwyg-content grid-el-tb-7 grid-el-md-5 grid-el-lg-4\">\n\t\t\t\t\t<p>Comprometida tanto con la ciudad como con sus habitantes, la Fundaci\u00f3n INDIGO apoya proyectos de inter\u00e9s general que fomenten iniciativas para mejorar la convivencia y la calidad de vida de todos.<\/p>\n\t\t\t\t<\/div>\n\t\t\t\n\t\t\t\t\t\t\t<div class=\"btn-container grid-el-tb-6 grid-el-md-4\">\n\t\t\t\t\t<a href=\"https:\/\/www.group-indigo.com\/es\/fundacion-indigo\/\" target=\"_self\" class=\"btn-primary\">M\u00e1s informaci\u00f3n<\/a>\n\t\t\t\t<\/div>\n\t\t\t\n\t\t\t\t\t<\/div>\n\t<\/div>\n<\/section>","protected":false},"excerpt":{"rendered":"","protected":false},"author":1,"featured_media":0,"parent":0,"menu_order":0,"comment_status":"closed","ping_status":"closed","template":"","meta":{"_acf_changed":false,"inline_featured_image":false,"footnotes":""},"class_list":["post-1100084846","page","type-page","status-publish","hentry"],"acf":[],"yoast_head":"<!-- This site is optimized with the Yoast SEO plugin v27.2 - https:\/\/yoast.com\/product\/yoast-seo-wordpress\/ -->\n<title>Estrategia Medioambiental, Social y de Gobernanza (ESG) - Groupe INDIGO<\/title>\n<meta name=\"robots\" content=\"index, follow, max-snippet:-1, max-image-preview:large, max-video-preview:-1\" \/>\n<link rel=\"canonical\" href=\"https:\/\/www.group-indigo.com\/es\/estrategia-medioambiental-social-y-de-gobernanza-esg\/\" \/>\n<meta property=\"og:locale\" content=\"es_ES\" \/>\n<meta property=\"og:type\" content=\"article\" \/>\n<meta property=\"og:title\" content=\"Estrategia Medioambiental, Social y de Gobernanza (ESG) - Groupe INDIGO\" \/>\n<meta property=\"og:url\" content=\"https:\/\/www.group-indigo.com\/es\/estrategia-medioambiental-social-y-de-gobernanza-esg\/\" \/>\n<meta property=\"og:site_name\" content=\"Groupe INDIGO\" \/>\n<meta property=\"article:modified_time\" content=\"2025-07-04T11:38:12+00:00\" \/>\n<meta name=\"twitter:card\" content=\"summary_large_image\" \/>\n<script type=\"application\/ld+json\" class=\"yoast-schema-graph\">{\"@context\":\"https:\/\/schema.org\",\"@graph\":[{\"@type\":\"WebPage\",\"@id\":\"https:\/\/www.group-indigo.com\/es\/estrategia-medioambiental-social-y-de-gobernanza-esg\/\",\"url\":\"https:\/\/www.group-indigo.com\/es\/estrategia-medioambiental-social-y-de-gobernanza-esg\/\",\"name\":\"Estrategia Medioambiental, Social y de Gobernanza (ESG) - Groupe INDIGO\",\"isPartOf\":{\"@id\":\"https:\/\/www.group-indigo.com\/es\/#website\"},\"datePublished\":\"2025-01-08T09:49:08+00:00\",\"dateModified\":\"2025-07-04T11:38:12+00:00\",\"breadcrumb\":{\"@id\":\"https:\/\/www.group-indigo.com\/es\/estrategia-medioambiental-social-y-de-gobernanza-esg\/#breadcrumb\"},\"inLanguage\":\"es\",\"potentialAction\":[{\"@type\":\"ReadAction\",\"target\":[\"https:\/\/www.group-indigo.com\/es\/estrategia-medioambiental-social-y-de-gobernanza-esg\/\"]}]},{\"@type\":\"BreadcrumbList\",\"@id\":\"https:\/\/www.group-indigo.com\/es\/estrategia-medioambiental-social-y-de-gobernanza-esg\/#breadcrumb\",\"itemListElement\":[{\"@type\":\"ListItem\",\"position\":1,\"name\":\"Home\",\"item\":\"https:\/\/www.group-indigo.com\/es\/\"},{\"@type\":\"ListItem\",\"position\":2,\"name\":\"Estrategia Medioambiental, Social y de Gobernanza (ESG)\"}]},{\"@type\":\"WebSite\",\"@id\":\"https:\/\/www.group-indigo.com\/es\/#website\",\"url\":\"https:\/\/www.group-indigo.com\/es\/\",\"name\":\"Groupe INDIGO\",\"description\":\"\",\"publisher\":{\"@id\":\"https:\/\/www.group-indigo.com\/es\/#organization\"},\"potentialAction\":[{\"@type\":\"SearchAction\",\"target\":{\"@type\":\"EntryPoint\",\"urlTemplate\":\"https:\/\/www.group-indigo.com\/es\/?s={search_term_string}\"},\"query-input\":{\"@type\":\"PropertyValueSpecification\",\"valueRequired\":true,\"valueName\":\"search_term_string\"}}],\"inLanguage\":\"es\"},{\"@type\":\"Organization\",\"@id\":\"https:\/\/www.group-indigo.com\/es\/#organization\",\"name\":\"Groupe INDIGO\",\"url\":\"https:\/\/www.group-indigo.com\/es\/\",\"logo\":{\"@type\":\"ImageObject\",\"inLanguage\":\"es\",\"@id\":\"https:\/\/www.group-indigo.com\/es\/#\/schema\/logo\/image\/\",\"url\":\"https:\/\/www.group-indigo.com\/wp-content\/uploads\/2026\/03\/login-logo.svg\",\"contentUrl\":\"https:\/\/www.group-indigo.com\/wp-content\/uploads\/2026\/03\/login-logo.svg\",\"width\":223,\"height\":49,\"caption\":\"Groupe INDIGO\"},\"image\":{\"@id\":\"https:\/\/www.group-indigo.com\/es\/#\/schema\/logo\/image\/\"}}]}<\/script>\n<!-- \/ Yoast SEO plugin. -->","yoast_head_json":{"title":"Estrategia Medioambiental, Social y de Gobernanza (ESG) - Groupe INDIGO","robots":{"index":"index","follow":"follow","max-snippet":"max-snippet:-1","max-image-preview":"max-image-preview:large","max-video-preview":"max-video-preview:-1"},"canonical":"https:\/\/www.group-indigo.com\/es\/estrategia-medioambiental-social-y-de-gobernanza-esg\/","og_locale":"es_ES","og_type":"article","og_title":"Estrategia Medioambiental, Social y de Gobernanza (ESG) - Groupe INDIGO","og_url":"https:\/\/www.group-indigo.com\/es\/estrategia-medioambiental-social-y-de-gobernanza-esg\/","og_site_name":"Groupe INDIGO","article_modified_time":"2025-07-04T11:38:12+00:00","twitter_card":"summary_large_image","schema":{"@context":"https:\/\/schema.org","@graph":[{"@type":"WebPage","@id":"https:\/\/www.group-indigo.com\/es\/estrategia-medioambiental-social-y-de-gobernanza-esg\/","url":"https:\/\/www.group-indigo.com\/es\/estrategia-medioambiental-social-y-de-gobernanza-esg\/","name":"Estrategia Medioambiental, Social y de Gobernanza (ESG) - Groupe INDIGO","isPartOf":{"@id":"https:\/\/www.group-indigo.com\/es\/#website"},"datePublished":"2025-01-08T09:49:08+00:00","dateModified":"2025-07-04T11:38:12+00:00","breadcrumb":{"@id":"https:\/\/www.group-indigo.com\/es\/estrategia-medioambiental-social-y-de-gobernanza-esg\/#breadcrumb"},"inLanguage":"es","potentialAction":[{"@type":"ReadAction","target":["https:\/\/www.group-indigo.com\/es\/estrategia-medioambiental-social-y-de-gobernanza-esg\/"]}]},{"@type":"BreadcrumbList","@id":"https:\/\/www.group-indigo.com\/es\/estrategia-medioambiental-social-y-de-gobernanza-esg\/#breadcrumb","itemListElement":[{"@type":"ListItem","position":1,"name":"Home","item":"https:\/\/www.group-indigo.com\/es\/"},{"@type":"ListItem","position":2,"name":"Estrategia Medioambiental, Social y de Gobernanza (ESG)"}]},{"@type":"WebSite","@id":"https:\/\/www.group-indigo.com\/es\/#website","url":"https:\/\/www.group-indigo.com\/es\/","name":"Groupe INDIGO","description":"","publisher":{"@id":"https:\/\/www.group-indigo.com\/es\/#organization"},"potentialAction":[{"@type":"SearchAction","target":{"@type":"EntryPoint","urlTemplate":"https:\/\/www.group-indigo.com\/es\/?s={search_term_string}"},"query-input":{"@type":"PropertyValueSpecification","valueRequired":true,"valueName":"search_term_string"}}],"inLanguage":"es"},{"@type":"Organization","@id":"https:\/\/www.group-indigo.com\/es\/#organization","name":"Groupe INDIGO","url":"https:\/\/www.group-indigo.com\/es\/","logo":{"@type":"ImageObject","inLanguage":"es","@id":"https:\/\/www.group-indigo.com\/es\/#\/schema\/logo\/image\/","url":"https:\/\/www.group-indigo.com\/wp-content\/uploads\/2026\/03\/login-logo.svg","contentUrl":"https:\/\/www.group-indigo.com\/wp-content\/uploads\/2026\/03\/login-logo.svg","width":223,"height":49,"caption":"Groupe INDIGO"},"image":{"@id":"https:\/\/www.group-indigo.com\/es\/#\/schema\/logo\/image\/"}}]}},"_links":{"self":[{"href":"https:\/\/www.group-indigo.com\/es\/wp-json\/wp\/v2\/pages\/1100084846","targetHints":{"allow":["GET"]}}],"collection":[{"href":"https:\/\/www.group-indigo.com\/es\/wp-json\/wp\/v2\/pages"}],"about":[{"href":"https:\/\/www.group-indigo.com\/es\/wp-json\/wp\/v2\/types\/page"}],"author":[{"embeddable":true,"href":"https:\/\/www.group-indigo.com\/es\/wp-json\/wp\/v2\/users\/1"}],"replies":[{"embeddable":true,"href":"https:\/\/www.group-indigo.com\/es\/wp-json\/wp\/v2\/comments?post=1100084846"}],"version-history":[{"count":2,"href":"https:\/\/www.group-indigo.com\/es\/wp-json\/wp\/v2\/pages\/1100084846\/revisions"}],"predecessor-version":[{"id":1100092025,"href":"https:\/\/www.group-indigo.com\/es\/wp-json\/wp\/v2\/pages\/1100084846\/revisions\/1100092025"}],"wp:attachment":[{"href":"https:\/\/www.group-indigo.com\/es\/wp-json\/wp\/v2\/media?parent=1100084846"}],"curies":[{"name":"wp","href":"https:\/\/api.w.org\/{rel}","templated":true}]}}